{"id":22340,"date":"2023-08-03T12:22:08","date_gmt":"2023-08-03T10:22:08","guid":{"rendered":"http:\/\/www.friseur-hopmann.de\/?post_type=product&#038;p=22340"},"modified":"2025-12-13T08:28:32","modified_gmt":"2025-12-13T06:28:32","slug":"neu-kerastase-nutritive-masquintense-riche-200-ml-pflege-maske","status":"publish","type":"product","link":"https:\/\/www.friseur-hopmann.de\/?product=neu-kerastase-nutritive-masquintense-riche-200-ml-pflege-maske","title":{"rendered":"K\u00e9rastase Nutritive Masquintense Riche 200 ml (Pflege-Maske)"},"content":{"rendered":"<h3>Produktbeschreibung:<\/h3>\n<div class=\"std col-lg-8 col-lg-offset-2 col-md-10 col-md-offset-1\">\n<h2>K\u00e9rastase Nutritive Masquintense Riche 200 ml<\/h2>\n<\/div>\n<h3 data-sanitized-data-mce-fragment=\"1\">Produktbeschreibung:<\/h3>\n<div id=\"description\" class=\"data item content\" data-sanitized-data-role=\"content\" data-role=\"content\" data-sanitized-aria-labelledby=\"tab-label-description-title\" aria-labelledby=\"tab-label-description-title\">\n<div class=\"data item main\">\n<div class=\"product attribute description\">\n<div class=\"value\">\n<div data-sanitized-data-decoded=\"true\" data-decoded=\"true\" data-sanitized-data-element=\"main\" data-element=\"main\" data-sanitized-data-appearance=\"default\" data-appearance=\"default\" data-sanitized-data-content-type=\"html\" data-content-type=\"html\">\n<p>Die\u00a0<strong>K\u00e9rastase Nutritive Masquintense Riche<\/strong>\u00a0ist eine hochkonzentrierte feuchtigkeitsspendende Haarmaske f\u00fcr sehr trockenes Haar. Sie hat eine Formel f\u00fcr sehr trockenes, mittleres bis dickes Haar, die das Haar intensiv mit Feuchtigkeit versorgt und ihm sofortige Geschmeidigkeit und Glanz verleiht.<\/p>\n<h3>Eigenschaften der\u00a0K\u00e9rastase Nutritive Masquintense Riche<\/h3>\n<ul>\n<li>Tiefe Feuchtigkeit, indem es tief in die Haarfaser eindringt<\/li>\n<li>Eine ausgleichende Pflege f\u00fcr devitalisiertes Haar<\/li>\n<li>Haarfaser wird extrem weich und gl\u00e4nzend<\/li>\n<li>St\u00e4rkend<\/li>\n<li>Pflegend<\/li>\n<\/ul>\n<h3>Anwendung der\u00a0K\u00e9rastase Nutritive Masquintense Riche<\/h3>\n<p>Die\u00a0<strong>K\u00e9rastase Nutritive Masquintense Riche\u00a0<\/strong>auf das gewaschene und handtuchtrockene Haar auftragen. In die Haarl\u00e4ngen und Spitzen einarbeiten. 5-10 Minuten einwirken lassen, einmassieren und aussp\u00fclen. Bei Kontakt mit den Augen diese sofort gr\u00fcndlich aussp\u00fclen.<\/p>\n<\/div>\n<\/div>\n<\/div>\n<\/div>\n<\/div>\n<div id=\"tab-label-additional\" class=\"data item title\" data-sanitized-data-role=\"collapsible\" data-role=\"collapsible\"><span id=\"tab-label-additional-title\" class=\"data switch\" tabindex=\"-1\" data-sanitized-data-toggle=\"trigger\" data-toggle=\"trigger\"><strong class=\"colon\">Produktdetails:<\/strong><\/span><\/div>\n<div id=\"additional\" class=\"data item content\" data-sanitized-data-role=\"content\" data-role=\"content\" data-sanitized-aria-labelledby=\"tab-label-additional-title\" aria-labelledby=\"tab-label-additional-title\">\n<div class=\"data item main\">\n<div class=\"additional-attributes-wrapper table-wrapper\">\n<table id=\"product-attribute-specs-table\" class=\"data table additional-attributes\">\n<caption class=\"table-caption\">Mehr Informationen<\/caption>\n<tbody>\n<tr>\n<th class=\"col label\" scope=\"row\">Menge<\/th>\n<td class=\"col data\" data-sanitized-data-th=\"Menge\" data-th=\"Menge\">200 ml<\/td>\n<\/tr>\n<tr>\n<th class=\"col label\" scope=\"row\">Marke<\/th>\n<td class=\"col data\" data-sanitized-data-th=\"Marke\" data-th=\"Marke\">Kerastase<\/td>\n<\/tr>\n<tr>\n<th class=\"col label\" scope=\"row\">Produkttyp<\/th>\n<td class=\"col data\" data-sanitized-data-th=\"Produkttyp\" data-th=\"Produkttyp\">Haarkur<\/td>\n<\/tr>\n<tr>\n<th class=\"col label\" scope=\"row\">Haartyp<\/th>\n<td class=\"col data\" data-sanitized-data-th=\"Haartyp\" data-th=\"Haartyp\">trockenes Haar<\/td>\n<\/tr>\n<tr>\n<th class=\"col label\" scope=\"row\">Wirkung<\/th>\n<td class=\"col data\" data-sanitized-data-th=\"Wirkung\" data-th=\"Wirkung\">Ausgleichend, Feuchtigkeitsspendend, Geschmeidigkeit, Glanz, Pflegend, Revitalisierend, St\u00e4rkend, Vitalisierend<\/td>\n<\/tr>\n<tr>\n<th class=\"col label\" scope=\"row\">Inhaltsstoffe<\/th>\n<td class=\"col data\" data-sanitized-data-th=\"Inhaltsstoffe\" data-th=\"Inhaltsstoffe\">Niacinamide (B3), Proteine<\/td>\n<\/tr>\n<tr>\n<th class=\"col label\" scope=\"row\">Inhaltsstoffe<\/th>\n<td class=\"col data\" data-sanitized-data-th=\"Inhaltsstoffe\" data-th=\"Inhaltsstoffe\">AQUA \/ WATER \/ EAU \u25cfNIACINAMIDE \u25cfPOLYQUATERNIUM-37 \u25cfPROPYLENE GLYCOL DICAPRYLATE\/DICAPRATE \u25cfCITRIC ACID \u25cfPOLYSORBATE 20 \u25cfQUATERNIUM-87 \u25cf STEARYL ALCOHOL \u25cfGLYCINE SOJA OIL \/ SOYBEAN OIL \u25cfSODIUM BENZOATE \u25cfCAPRYLYL GLYCOL \u25cfBEHENTRIMONIUM CHLORIDE \u25cfPPG-1 TRIDECETH-6 \u25cfPANTHENOL \u25cfASCORBYL GLUCOSIDE \u25cfBUTYLENE GLYCOL \u25cfCANDELILLA CERA \/ CANDELILLA WAX \/ CIRE DE CANDELILLA \u25cfPROPYLENE GLYCOL \u25cfLINALOOL \u25cfHYDROXYCITRONELLAL \u25cfISOPROPYL ALCOHOL \u25cfSORBITAN OLEATE \u25cfBENZYL SALICYLATE \u25cfBENZYL ALCOHOL \u25cfHEXYL CINNAMAL \u25cfPOLYQUATERNIUM-11 \u25cfCITRONELLOL \u25cfHYDROLYZED WHEAT PROTEIN \u25cfALPHA-ISOMETHYL IONONE \u25cfCOUMARIN \u25cfHYDROLYZED CORN PROTEIN \u25cfHYDROLYZED SOY PROTEIN \u25cfLIMONENE \u25cfIRIS FLORENTINA ROOT EXTRACT \u25cfPHENOXYETHANOL \u25cfPARFUM \/ FRAGRANCE \u25cf<\/td>\n<\/tr>\n<\/tbody>\n<\/table>\n<\/div>\n<\/div>\n<\/div>\n<h4 class=\"std col-lg-8 col-lg-offset-2 col-md-10 col-md-offset-1\" data-sanitized-data-mce-fragment=\"1\"><\/h4>\n<h3 data-sanitized-data-mce-fragment=\"1\">Erg\u00e4nzungsprodukte:<\/h3>\n<p data-sanitized-data-mce-fragment=\"1\">Nutritive Bain Satin Riche (Shampoo)<\/p>\n<p data-sanitized-data-mce-fragment=\"1\">Nutritive Lait Vital (Conditioner)<\/p>\n<p data-sanitized-data-mce-fragment=\"1\">Nutritive Nectar Thermique (Hitzeschutz)<\/p>\n<p>&nbsp;<\/p>\n","protected":false},"excerpt":{"rendered":"<h4><em><strong>\u00a0<\/strong><\/em><\/h4>\n<p><strong>\u00a0hochkonzentrierte feuchtigkeitsspendende Haarmaske f\u00fcr sehr trockenes Haar.<\/strong><\/p>\n","protected":false},"featured_media":21707,"comment_status":"open","ping_status":"closed","template":"","meta":{"_exactmetrics_skip_tracking":false,"_exactmetrics_sitenote_active":false,"_exactmetrics_sitenote_note":"","_exactmetrics_sitenote_category":0,"_monsterinsights_skip_tracking":false,"_monsterinsights_sitenote_active":false,"_monsterinsights_sitenote_note":"","_monsterinsights_sitenote_category":0},"pwb-brand":[],"product_brand":[],"product_cat":[491,544,489],"product_tag":[749,830,664,808,843,713],"class_list":{"0":"post-22340","1":"product","2":"type-product","3":"status-publish","4":"has-post-thumbnail","6":"product_cat-kerastase","7":"product_cat-kerastase-haarpflege","8":"product_cat-nutritive","9":"product_tag-glanz","10":"product_tag-glanzloses-haar","11":"product_tag-haarmaske","12":"product_tag-intensiv-feuchtigkeitshaarkur","13":"product_tag-intensiv-pflege-bei-trockenem","14":"product_tag-trockenes-haar","15":"pa_inhalt-623","17":"first","18":"instock","19":"taxable","20":"shipping-taxable","21":"purchasable","22":"product-type-simple"},"yoast_head":"<!-- This site is optimized with the Yoast SEO plugin v24.6 - https:\/\/yoast.com\/wordpress\/plugins\/seo\/ -->\n<title>NUTRITIVE MASQUINTENSE - f\u00fcr kr\u00e4ftiges Haar (Pflege-Maske) 500 ml<\/title>\n<meta name=\"robots\" content=\"index, follow, max-snippet:-1, max-image-preview:large, max-video-preview:-1\" \/>\n<link rel=\"canonical\" href=\"https:\/\/www.friseur-hopmann.de\/?product=neu-kerastase-nutritive-masquintense-riche-200-ml-pflege-maske\" \/>\n<meta property=\"og:locale\" content=\"de_DE\" \/>\n<meta property=\"og:type\" content=\"article\" \/>\n<meta property=\"og:title\" content=\"NUTRITIVE MASQUINTENSE - f\u00fcr kr\u00e4ftiges Haar (Pflege-Maske) 500 ml\" \/>\n<meta property=\"og:description\" content=\"\u00a0 \u00a0hochkonzentrierte feuchtigkeitsspendende Haarmaske f\u00fcr sehr trockenes Haar.\" \/>\n<meta property=\"og:url\" content=\"https:\/\/www.friseur-hopmann.de\/?product=neu-kerastase-nutritive-masquintense-riche-200-ml-pflege-maske\" \/>\n<meta property=\"og:site_name\" content=\"Friseur Hopmann Hairstyling\" \/>\n<meta property=\"article:modified_time\" content=\"2025-12-13T06:28:32+00:00\" \/>\n<meta property=\"og:image\" content=\"http:\/\/www.friseur-hopmann.de\/wp-content\/uploads\/2006\/09\/Masque-int-riche-500-ml.jpg\" \/>\n\t<meta property=\"og:image:width\" content=\"500\" \/>\n\t<meta property=\"og:image:height\" content=\"500\" \/>\n\t<meta property=\"og:image:type\" content=\"image\/jpeg\" \/>\n<meta name=\"twitter:card\" content=\"summary_large_image\" \/>\n<meta name=\"twitter:label1\" content=\"Gesch\u00e4tzte Lesezeit\" \/>\n\t<meta name=\"twitter:data1\" content=\"1\u00a0Minute\" \/>\n<script type=\"application\/ld+json\" class=\"yoast-schema-graph\">{\"@context\":\"https:\/\/schema.org\",\"@graph\":[{\"@type\":\"WebPage\",\"@id\":\"https:\/\/www.friseur-hopmann.de\/?product=neu-kerastase-nutritive-masquintense-riche-200-ml-pflege-maske\",\"url\":\"https:\/\/www.friseur-hopmann.de\/?product=neu-kerastase-nutritive-masquintense-riche-200-ml-pflege-maske\",\"name\":\"NUTRITIVE MASQUINTENSE - f\u00fcr kr\u00e4ftiges Haar (Pflege-Maske) 500 ml\",\"isPartOf\":{\"@id\":\"https:\/\/www.friseur-hopmann.de\/#website\"},\"primaryImageOfPage\":{\"@id\":\"https:\/\/www.friseur-hopmann.de\/?product=neu-kerastase-nutritive-masquintense-riche-200-ml-pflege-maske#primaryimage\"},\"image\":{\"@id\":\"https:\/\/www.friseur-hopmann.de\/?product=neu-kerastase-nutritive-masquintense-riche-200-ml-pflege-maske#primaryimage\"},\"thumbnailUrl\":\"https:\/\/www.friseur-hopmann.de\/wp-content\/uploads\/2006\/09\/Masque-int-riche-500-ml.jpg\",\"datePublished\":\"2023-08-03T10:22:08+00:00\",\"dateModified\":\"2025-12-13T06:28:32+00:00\",\"breadcrumb\":{\"@id\":\"https:\/\/www.friseur-hopmann.de\/?product=neu-kerastase-nutritive-masquintense-riche-200-ml-pflege-maske#breadcrumb\"},\"inLanguage\":\"de\",\"potentialAction\":[{\"@type\":\"ReadAction\",\"target\":[\"https:\/\/www.friseur-hopmann.de\/?product=neu-kerastase-nutritive-masquintense-riche-200-ml-pflege-maske\"]}]},{\"@type\":\"ImageObject\",\"inLanguage\":\"de\",\"@id\":\"https:\/\/www.friseur-hopmann.de\/?product=neu-kerastase-nutritive-masquintense-riche-200-ml-pflege-maske#primaryimage\",\"url\":\"https:\/\/www.friseur-hopmann.de\/wp-content\/uploads\/2006\/09\/Masque-int-riche-500-ml.jpg\",\"contentUrl\":\"https:\/\/www.friseur-hopmann.de\/wp-content\/uploads\/2006\/09\/Masque-int-riche-500-ml.jpg\",\"width\":500,\"height\":500},{\"@type\":\"BreadcrumbList\",\"@id\":\"https:\/\/www.friseur-hopmann.de\/?product=neu-kerastase-nutritive-masquintense-riche-200-ml-pflege-maske#breadcrumb\",\"itemListElement\":[{\"@type\":\"ListItem\",\"position\":1,\"name\":\"Startseite\",\"item\":\"https:\/\/www.friseur-hopmann.de\/\"},{\"@type\":\"ListItem\",\"position\":2,\"name\":\"Produkte\",\"item\":\"https:\/\/www.friseur-hopmann.de\/?post_type=product\"},{\"@type\":\"ListItem\",\"position\":3,\"name\":\"K\u00e9rastase Nutritive Masquintense Riche 200 ml (Pflege-Maske)\"}]},{\"@type\":\"WebSite\",\"@id\":\"https:\/\/www.friseur-hopmann.de\/#website\",\"url\":\"https:\/\/www.friseur-hopmann.de\/\",\"name\":\"Friseur Hopmann Hairstyling\",\"description\":\"Ihr Friseur in Nordhorn\",\"potentialAction\":[{\"@type\":\"SearchAction\",\"target\":{\"@type\":\"EntryPoint\",\"urlTemplate\":\"https:\/\/www.friseur-hopmann.de\/?s={search_term_string}\"},\"query-input\":{\"@type\":\"PropertyValueSpecification\",\"valueRequired\":true,\"valueName\":\"search_term_string\"}}],\"inLanguage\":\"de\"}]}<\/script>\n<!-- \/ Yoast SEO plugin. -->","yoast_head_json":{"title":"NUTRITIVE MASQUINTENSE - f\u00fcr kr\u00e4ftiges Haar (Pflege-Maske) 500 ml","robots":{"index":"index","follow":"follow","max-snippet":"max-snippet:-1","max-image-preview":"max-image-preview:large","max-video-preview":"max-video-preview:-1"},"canonical":"https:\/\/www.friseur-hopmann.de\/?product=neu-kerastase-nutritive-masquintense-riche-200-ml-pflege-maske","og_locale":"de_DE","og_type":"article","og_title":"NUTRITIVE MASQUINTENSE - f\u00fcr kr\u00e4ftiges Haar (Pflege-Maske) 500 ml","og_description":"\u00a0 \u00a0hochkonzentrierte feuchtigkeitsspendende Haarmaske f\u00fcr sehr trockenes Haar.","og_url":"https:\/\/www.friseur-hopmann.de\/?product=neu-kerastase-nutritive-masquintense-riche-200-ml-pflege-maske","og_site_name":"Friseur Hopmann Hairstyling","article_modified_time":"2025-12-13T06:28:32+00:00","og_image":[{"width":500,"height":500,"url":"http:\/\/www.friseur-hopmann.de\/wp-content\/uploads\/2006\/09\/Masque-int-riche-500-ml.jpg","type":"image\/jpeg"}],"twitter_card":"summary_large_image","twitter_misc":{"Gesch\u00e4tzte Lesezeit":"1\u00a0Minute"},"schema":{"@context":"https:\/\/schema.org","@graph":[{"@type":"WebPage","@id":"https:\/\/www.friseur-hopmann.de\/?product=neu-kerastase-nutritive-masquintense-riche-200-ml-pflege-maske","url":"https:\/\/www.friseur-hopmann.de\/?product=neu-kerastase-nutritive-masquintense-riche-200-ml-pflege-maske","name":"NUTRITIVE MASQUINTENSE - f\u00fcr kr\u00e4ftiges Haar (Pflege-Maske) 500 ml","isPartOf":{"@id":"https:\/\/www.friseur-hopmann.de\/#website"},"primaryImageOfPage":{"@id":"https:\/\/www.friseur-hopmann.de\/?product=neu-kerastase-nutritive-masquintense-riche-200-ml-pflege-maske#primaryimage"},"image":{"@id":"https:\/\/www.friseur-hopmann.de\/?product=neu-kerastase-nutritive-masquintense-riche-200-ml-pflege-maske#primaryimage"},"thumbnailUrl":"https:\/\/www.friseur-hopmann.de\/wp-content\/uploads\/2006\/09\/Masque-int-riche-500-ml.jpg","datePublished":"2023-08-03T10:22:08+00:00","dateModified":"2025-12-13T06:28:32+00:00","breadcrumb":{"@id":"https:\/\/www.friseur-hopmann.de\/?product=neu-kerastase-nutritive-masquintense-riche-200-ml-pflege-maske#breadcrumb"},"inLanguage":"de","potentialAction":[{"@type":"ReadAction","target":["https:\/\/www.friseur-hopmann.de\/?product=neu-kerastase-nutritive-masquintense-riche-200-ml-pflege-maske"]}]},{"@type":"ImageObject","inLanguage":"de","@id":"https:\/\/www.friseur-hopmann.de\/?product=neu-kerastase-nutritive-masquintense-riche-200-ml-pflege-maske#primaryimage","url":"https:\/\/www.friseur-hopmann.de\/wp-content\/uploads\/2006\/09\/Masque-int-riche-500-ml.jpg","contentUrl":"https:\/\/www.friseur-hopmann.de\/wp-content\/uploads\/2006\/09\/Masque-int-riche-500-ml.jpg","width":500,"height":500},{"@type":"BreadcrumbList","@id":"https:\/\/www.friseur-hopmann.de\/?product=neu-kerastase-nutritive-masquintense-riche-200-ml-pflege-maske#breadcrumb","itemListElement":[{"@type":"ListItem","position":1,"name":"Startseite","item":"https:\/\/www.friseur-hopmann.de\/"},{"@type":"ListItem","position":2,"name":"Produkte","item":"https:\/\/www.friseur-hopmann.de\/?post_type=product"},{"@type":"ListItem","position":3,"name":"K\u00e9rastase Nutritive Masquintense Riche 200 ml (Pflege-Maske)"}]},{"@type":"WebSite","@id":"https:\/\/www.friseur-hopmann.de\/#website","url":"https:\/\/www.friseur-hopmann.de\/","name":"Friseur Hopmann Hairstyling","description":"Ihr Friseur in Nordhorn","potentialAction":[{"@type":"SearchAction","target":{"@type":"EntryPoint","urlTemplate":"https:\/\/www.friseur-hopmann.de\/?s={search_term_string}"},"query-input":{"@type":"PropertyValueSpecification","valueRequired":true,"valueName":"search_term_string"}}],"inLanguage":"de"}]}},"brands":[],"_links":{"self":[{"href":"https:\/\/www.friseur-hopmann.de\/index.php?rest_route=\/wp\/v2\/product\/22340","targetHints":{"allow":["GET"]}}],"collection":[{"href":"https:\/\/www.friseur-hopmann.de\/index.php?rest_route=\/wp\/v2\/product"}],"about":[{"href":"https:\/\/www.friseur-hopmann.de\/index.php?rest_route=\/wp\/v2\/types\/product"}],"replies":[{"embeddable":true,"href":"https:\/\/www.friseur-hopmann.de\/index.php?rest_route=%2Fwp%2Fv2%2Fcomments&post=22340"}],"wp:featuredmedia":[{"embeddable":true,"href":"https:\/\/www.friseur-hopmann.de\/index.php?rest_route=\/wp\/v2\/media\/21707"}],"wp:attachment":[{"href":"https:\/\/www.friseur-hopmann.de\/index.php?rest_route=%2Fwp%2Fv2%2Fmedia&parent=22340"}],"wp:term":[{"taxonomy":"pwb-brand","embeddable":true,"href":"https:\/\/www.friseur-hopmann.de\/index.php?rest_route=%2Fwp%2Fv2%2Fpwb-brand&post=22340"},{"taxonomy":"product_brand","embeddable":true,"href":"https:\/\/www.friseur-hopmann.de\/index.php?rest_route=%2Fwp%2Fv2%2Fproduct_brand&post=22340"},{"taxonomy":"product_cat","embeddable":true,"href":"https:\/\/www.friseur-hopmann.de\/index.php?rest_route=%2Fwp%2Fv2%2Fproduct_cat&post=22340"},{"taxonomy":"product_tag","embeddable":true,"href":"https:\/\/www.friseur-hopmann.de\/index.php?rest_route=%2Fwp%2Fv2%2Fproduct_tag&post=22340"}],"curies":[{"name":"wp","href":"https:\/\/api.w.org\/{rel}","templated":true}]}}