{"id":22326,"date":"2023-08-02T10:19:44","date_gmt":"2023-08-02T08:19:44","guid":{"rendered":"http:\/\/www.friseur-hopmann.de\/?post_type=product&#038;p=22326"},"modified":"2026-02-07T21:21:31","modified_gmt":"2026-02-07T19:21:31","slug":"kerastase-bain-discipline-shampoo-fluidealiste-500ml","status":"publish","type":"product","link":"https:\/\/www.friseur-hopmann.de\/?product=kerastase-bain-discipline-shampoo-fluidealiste-500ml","title":{"rendered":"K\u00c9RASTASE Bain Discipline Fluidealiste Gentle  500ml (Shampoo) (Sulfatfrei!)"},"content":{"rendered":"<div id=\"tab-label-description\" class=\"data item title\" data-role=\"collapsible\"><span id=\"tab-label-description-title\" class=\"data switch\" tabindex=\"-1\" data-toggle=\"trigger\"> <strong class=\"colon\">Beschreibung<\/strong> K\u00e9rastase Discipline Bain Fluidealiste 500 ml <\/span><\/div>\n<div id=\"description\" class=\"data item content \" aria-labelledby=\"tab-label-description-title\" data-role=\"content\"><\/div>\n<div id=\"description\" class=\"data item content \" aria-labelledby=\"tab-label-description-title\" data-role=\"content\">\n<div class=\"data item main\">\n<div class=\"product attribute description\">\n<div class=\"value\">\n<p>Das\u00a0<strong>K\u00e9rastase Discipline Bain Fluidealiste Sulfatfrei<\/strong>\u00a0ist ein Shampoo ohne Sulfate zur Optimierung der fliessenden Bewegung von glattem, widerspenstigem Haar. Ideal f\u00fcr strapaziertes oder chemischen Behandlungen ausgesetzes Haar. Das Haarbad reinigt das Haar sanft, erleichtert die K\u00e4mmbarkeit und displiziniert das Haar. Es baut die Haarfaser wieder auf und sch\u00fctzt sie. Macht das Haar weich und geschmeidig.<\/p>\n<h2>Eigenschaften des\u00a0K\u00e9rastase Discipline Bain Fluidealiste Sulfatfrei<\/h2>\n<ul>\n<li>Ohne Sulfate zur Optimierung der fliessenden Bewegung von glattem, widerspenstigem Haar<\/li>\n<li>Wirkt feuchtigkeitsspendend<\/li>\n<li>F\u00fcr widerspenstiges Haar geeignet<\/li>\n<li>Anti-Frizz,\u00a0Geschmeidigkeit,\u00a0Glanz<\/li>\n<\/ul>\n<h2>Hauptwirkstoffe des\u00a0K\u00e9rastase Discipline Bain Fluidealiste Sulfatfrei<\/h2>\n<ul>\n<li>Seidenproteine<\/li>\n<li>Polymere<\/li>\n<li>Ceramid<\/li>\n<\/ul>\n<h3>Anwendung des\u00a0K\u00e9rastase Discipline Bain Fluidealiste Sulfatfrei<\/h3>\n<p>Eine kleine Menge auf das feuchtes Haar\u00a0auftragen. Die l\u00e4ngen und die Kopfhaut sanft massieren und gut aufsch\u00e4umen. Zum Aufemulgieren von Hand nach und nach Wasser hinzuf\u00fcgen, um die Reinigungsbasis allm\u00e4hlich bis zu den Spitzen freizusetzen und anschliessend auszusp\u00fclen. Bei Augenkontakt\u00a0sofort gr\u00fcndlich aussp\u00fclen.<\/p>\n<\/div>\n<\/div>\n<\/div>\n<\/div>\n<div id=\"tab-label-additional\" class=\"data item title\" data-role=\"collapsible\"><span id=\"tab-label-additional-title\" class=\"data switch\" tabindex=\"-1\" data-toggle=\"trigger\"> <strong class=\"colon\">Eigenschaften<\/strong> K\u00e9rastase Discipline Bain Fluidealiste 500 ml <\/span><\/div>\n<div id=\"additional\" class=\"data item content \" aria-labelledby=\"tab-label-additional-title\" data-role=\"content\"><\/div>\n<div class=\"data item main\">\n<div class=\"additional-attributes-wrapper table-wrapper\">\n<table id=\"product-attribute-specs-table\" class=\"data table additional-attributes\">\n<caption class=\"table-caption\">Mehr Informationen<\/caption>\n<tbody>\n<tr>\n<th class=\"col label\" scope=\"row\">Menge<\/th>\n<td class=\"col data\" data-th=\"Menge\">500 ml<\/td>\n<\/tr>\n<tr>\n<th class=\"col label\" scope=\"row\">Marke<\/th>\n<td class=\"col data\" data-th=\"Marke\">Kerastase<\/td>\n<\/tr>\n<tr>\n<th class=\"col label\" scope=\"row\">Produkttyp<\/th>\n<td class=\"col data\" data-th=\"Produkttyp\">Shampoo<\/td>\n<\/tr>\n<tr>\n<th class=\"col label\" scope=\"row\">Haartyp<\/th>\n<td class=\"col data\" data-th=\"Haartyp\">krauses Haar, widerspenstiges Haar<\/td>\n<\/tr>\n<tr>\n<th class=\"col label\" scope=\"row\">Wirkung<\/th>\n<td class=\"col data\" data-th=\"Wirkung\">B\u00e4ndigend, Geschmeidigkeit, Glanz, Pflegend, Reinigend<\/td>\n<\/tr>\n<tr>\n<th class=\"col label\" scope=\"row\">Inhaltsstoffe<\/th>\n<td class=\"col data\" data-th=\"Inhaltsstoffe\">1110794 B &#8211; INGREDIENTS: AQUA \/ WATER \u2022 SODIUM COCOYL ISETHIONATE \u2022 SODIUM LAURYL SULFOACETATE \u2022 DISODIUM LAURETH SULFOSUCCINATE \u2022 SODIUM LAUROYL SARCOSINATE \u2022 GLYCOL DISTEARATE \u2022 COCAMIDOPROPYL BETAINE \u2022 GLYCERETH-26 \u2022 DECYL GLUCOSIDE \u2022 HYDROGENATED COCONUT ACID \u2022 COCO-BETAINE \u2022 PPG-5-CETETH-20 \u2022 SODIUM BENZOATE \u2022 DIVINYLDIMETHICONE\/DIMETHICONE COPOLYMER \u2022 SODIUM CHLORIDE \u2022 POLYQUATERNIUM-7 \u2022 AMODIMETHICONE \u2022 POLYQUATERNIUM-10 \u2022 SODIUM ISETHIONATE \u2022 SALICYLIC ACID \u2022 PEG-55 PROPYLENE GLYCOL OLEATE \u2022 PROPYLENE GLYCOL \u2022 CARBOMER \u2022 C11-15 PARETH-7 \u2022 BENZOIC ACID \u2022 ARGININE \u2022 GLUTAMIC ACID \u2022 BENZYL SALICYLATE \u2022 LAURETH-9 \u2022 BENZYL ALCOHOL \u2022 GLYCERIN \u2022 SERINE \u2022 HYDROXYPROPYLTRIMONIUM HYDROLYZED WHEAT PROTEIN \u2022 TRIDECETH-12 \u2022 C12-13 PARETH-23 \u2022 2-OLEAMIDO-1,3-OCTADECANEDIOL \u2022 LINALOOL \u2022 ALPHA-ISOMETHYL IONONE \u2022 C12-13 PARETH-3 \u2022 SODIUM HYDROXIDE \u2022 CITRIC ACID \u2022 PARFUM \/ FRAGRANCE (F.I.L. C164894\/2).<\/td>\n<\/tr>\n<tr>\n<th class=\"col label\" scope=\"row\">EAN<\/th>\n<td class=\"col data\" data-th=\"EAN\">3474636295463<\/td>\n<\/tr>\n<\/tbody>\n<\/table>\n<\/div>\n<\/div>\n<p><strong>Inhalt:<\/strong> 500 ml<\/p>\n<h3>Erg\u00e4nzungsprodukte<\/h3>\n<p>Discipline Maskeratine<\/p>\n<p>Discipline Fluidissime<\/p>\n","protected":false},"excerpt":{"rendered":"<h3>Bain Discipline Fluidealiste Gentle (Shampoo)<\/h3>\n<p><strong>NEU- SULFATFREI!<\/strong><\/p>\n<p>&#8222;disziplinierendes Pflege-Haarbad.&#8220;<\/p>\n<p>&#8222;Haarbad f\u00fcr flie\u00dfendes, krauses u. unruhiges Haar.&#8220;<\/p>\n<p>&nbsp;<\/p>\n","protected":false},"featured_media":22327,"comment_status":"open","ping_status":"closed","template":"","meta":{"_exactmetrics_skip_tracking":false,"_exactmetrics_sitenote_active":false,"_exactmetrics_sitenote_note":"","_exactmetrics_sitenote_category":0,"_monsterinsights_skip_tracking":false,"_monsterinsights_sitenote_active":false,"_monsterinsights_sitenote_note":"","_monsterinsights_sitenote_category":0},"pwb-brand":[],"product_brand":[615],"product_cat":[584,491,544,548,927,973],"product_tag":[748,861,650,982],"class_list":{"0":"post-22326","1":"product","2":"type-product","3":"status-publish","4":"has-post-thumbnail","6":"product_brand-kerastase-2","7":"product_cat-discipline-fluidealiste","8":"product_cat-kerastase","9":"product_cat-kerastase-haarpflege","10":"product_cat-kerastase-shampoo","11":"product_cat-500ml","12":"product_cat-sondergroesse-500ml","13":"product_tag-discipliniert-unruhiges-haar","14":"product_tag-pfegeshampoo","15":"product_tag-shampoo-fuer-unruhiges-haar","16":"product_tag-sulfatfrei","17":"pa_inhalt-622","19":"first","20":"instock","21":"taxable","22":"shipping-taxable","23":"purchasable","24":"product-type-simple"},"yoast_head":"<!-- This site is optimized with the Yoast SEO plugin v24.6 - https:\/\/yoast.com\/wordpress\/plugins\/seo\/ -->\n<title>Discipline Bain Fluidealiste 250 ml<\/title>\n<meta name=\"robots\" content=\"index, follow, max-snippet:-1, max-image-preview:large, max-video-preview:-1\" \/>\n<link rel=\"canonical\" href=\"https:\/\/www.friseur-hopmann.de\/?product=kerastase-bain-discipline-shampoo-fluidealiste-500ml\" \/>\n<meta property=\"og:locale\" content=\"de_DE\" \/>\n<meta property=\"og:type\" content=\"article\" \/>\n<meta property=\"og:title\" content=\"Discipline Bain Fluidealiste 250 ml\" \/>\n<meta property=\"og:description\" content=\"Bain Discipline Fluidealiste Gentle (Shampoo) NEU- SULFATFREI!  &quot;disziplinierendes Pflege-Haarbad.&quot;  &quot;Haarbad f\u00fcr flie\u00dfendes, krauses u. unruhiges Haar.&quot;  &nbsp;\" \/>\n<meta property=\"og:url\" content=\"https:\/\/www.friseur-hopmann.de\/?product=kerastase-bain-discipline-shampoo-fluidealiste-500ml\" \/>\n<meta property=\"og:site_name\" content=\"Friseur Hopmann Hairstyling\" \/>\n<meta property=\"article:modified_time\" content=\"2026-02-07T19:21:31+00:00\" \/>\n<meta property=\"og:image\" content=\"http:\/\/www.friseur-hopmann.de\/wp-content\/uploads\/2023\/08\/Bain-displin-500ml.jpg\" \/>\n\t<meta property=\"og:image:width\" content=\"992\" \/>\n\t<meta property=\"og:image:height\" content=\"756\" \/>\n\t<meta property=\"og:image:type\" content=\"image\/jpeg\" \/>\n<meta name=\"twitter:card\" content=\"summary_large_image\" \/>\n<meta name=\"twitter:label1\" content=\"Gesch\u00e4tzte Lesezeit\" \/>\n\t<meta name=\"twitter:data1\" content=\"2\u00a0Minuten\" \/>\n<script type=\"application\/ld+json\" class=\"yoast-schema-graph\">{\"@context\":\"https:\/\/schema.org\",\"@graph\":[{\"@type\":\"WebPage\",\"@id\":\"https:\/\/www.friseur-hopmann.de\/?product=kerastase-bain-discipline-shampoo-fluidealiste-500ml\",\"url\":\"https:\/\/www.friseur-hopmann.de\/?product=kerastase-bain-discipline-shampoo-fluidealiste-500ml\",\"name\":\"Discipline Bain Fluidealiste 250 ml\",\"isPartOf\":{\"@id\":\"https:\/\/www.friseur-hopmann.de\/#website\"},\"primaryImageOfPage\":{\"@id\":\"https:\/\/www.friseur-hopmann.de\/?product=kerastase-bain-discipline-shampoo-fluidealiste-500ml#primaryimage\"},\"image\":{\"@id\":\"https:\/\/www.friseur-hopmann.de\/?product=kerastase-bain-discipline-shampoo-fluidealiste-500ml#primaryimage\"},\"thumbnailUrl\":\"https:\/\/www.friseur-hopmann.de\/wp-content\/uploads\/2023\/08\/Bain-displin-500ml.jpg\",\"datePublished\":\"2023-08-02T08:19:44+00:00\",\"dateModified\":\"2026-02-07T19:21:31+00:00\",\"breadcrumb\":{\"@id\":\"https:\/\/www.friseur-hopmann.de\/?product=kerastase-bain-discipline-shampoo-fluidealiste-500ml#breadcrumb\"},\"inLanguage\":\"de\",\"potentialAction\":[{\"@type\":\"ReadAction\",\"target\":[\"https:\/\/www.friseur-hopmann.de\/?product=kerastase-bain-discipline-shampoo-fluidealiste-500ml\"]}]},{\"@type\":\"ImageObject\",\"inLanguage\":\"de\",\"@id\":\"https:\/\/www.friseur-hopmann.de\/?product=kerastase-bain-discipline-shampoo-fluidealiste-500ml#primaryimage\",\"url\":\"https:\/\/www.friseur-hopmann.de\/wp-content\/uploads\/2023\/08\/Bain-displin-500ml.jpg\",\"contentUrl\":\"https:\/\/www.friseur-hopmann.de\/wp-content\/uploads\/2023\/08\/Bain-displin-500ml.jpg\",\"width\":992,\"height\":756},{\"@type\":\"BreadcrumbList\",\"@id\":\"https:\/\/www.friseur-hopmann.de\/?product=kerastase-bain-discipline-shampoo-fluidealiste-500ml#breadcrumb\",\"itemListElement\":[{\"@type\":\"ListItem\",\"position\":1,\"name\":\"Startseite\",\"item\":\"https:\/\/www.friseur-hopmann.de\/\"},{\"@type\":\"ListItem\",\"position\":2,\"name\":\"Produkte\",\"item\":\"https:\/\/www.friseur-hopmann.de\/?post_type=product\"},{\"@type\":\"ListItem\",\"position\":3,\"name\":\"K\u00c9RASTASE Bain Discipline Fluidealiste Gentle 500ml (Shampoo) (Sulfatfrei!)\"}]},{\"@type\":\"WebSite\",\"@id\":\"https:\/\/www.friseur-hopmann.de\/#website\",\"url\":\"https:\/\/www.friseur-hopmann.de\/\",\"name\":\"Friseur Hopmann Hairstyling\",\"description\":\"Ihr Friseur in Nordhorn\",\"potentialAction\":[{\"@type\":\"SearchAction\",\"target\":{\"@type\":\"EntryPoint\",\"urlTemplate\":\"https:\/\/www.friseur-hopmann.de\/?s={search_term_string}\"},\"query-input\":{\"@type\":\"PropertyValueSpecification\",\"valueRequired\":true,\"valueName\":\"search_term_string\"}}],\"inLanguage\":\"de\"}]}<\/script>\n<!-- \/ Yoast SEO plugin. -->","yoast_head_json":{"title":"Discipline Bain Fluidealiste 250 ml","robots":{"index":"index","follow":"follow","max-snippet":"max-snippet:-1","max-image-preview":"max-image-preview:large","max-video-preview":"max-video-preview:-1"},"canonical":"https:\/\/www.friseur-hopmann.de\/?product=kerastase-bain-discipline-shampoo-fluidealiste-500ml","og_locale":"de_DE","og_type":"article","og_title":"Discipline Bain Fluidealiste 250 ml","og_description":"Bain Discipline Fluidealiste Gentle (Shampoo) NEU- SULFATFREI!  \"disziplinierendes Pflege-Haarbad.\"  \"Haarbad f\u00fcr flie\u00dfendes, krauses u. unruhiges Haar.\"  &nbsp;","og_url":"https:\/\/www.friseur-hopmann.de\/?product=kerastase-bain-discipline-shampoo-fluidealiste-500ml","og_site_name":"Friseur Hopmann Hairstyling","article_modified_time":"2026-02-07T19:21:31+00:00","og_image":[{"width":992,"height":756,"url":"http:\/\/www.friseur-hopmann.de\/wp-content\/uploads\/2023\/08\/Bain-displin-500ml.jpg","type":"image\/jpeg"}],"twitter_card":"summary_large_image","twitter_misc":{"Gesch\u00e4tzte Lesezeit":"2\u00a0Minuten"},"schema":{"@context":"https:\/\/schema.org","@graph":[{"@type":"WebPage","@id":"https:\/\/www.friseur-hopmann.de\/?product=kerastase-bain-discipline-shampoo-fluidealiste-500ml","url":"https:\/\/www.friseur-hopmann.de\/?product=kerastase-bain-discipline-shampoo-fluidealiste-500ml","name":"Discipline Bain Fluidealiste 250 ml","isPartOf":{"@id":"https:\/\/www.friseur-hopmann.de\/#website"},"primaryImageOfPage":{"@id":"https:\/\/www.friseur-hopmann.de\/?product=kerastase-bain-discipline-shampoo-fluidealiste-500ml#primaryimage"},"image":{"@id":"https:\/\/www.friseur-hopmann.de\/?product=kerastase-bain-discipline-shampoo-fluidealiste-500ml#primaryimage"},"thumbnailUrl":"https:\/\/www.friseur-hopmann.de\/wp-content\/uploads\/2023\/08\/Bain-displin-500ml.jpg","datePublished":"2023-08-02T08:19:44+00:00","dateModified":"2026-02-07T19:21:31+00:00","breadcrumb":{"@id":"https:\/\/www.friseur-hopmann.de\/?product=kerastase-bain-discipline-shampoo-fluidealiste-500ml#breadcrumb"},"inLanguage":"de","potentialAction":[{"@type":"ReadAction","target":["https:\/\/www.friseur-hopmann.de\/?product=kerastase-bain-discipline-shampoo-fluidealiste-500ml"]}]},{"@type":"ImageObject","inLanguage":"de","@id":"https:\/\/www.friseur-hopmann.de\/?product=kerastase-bain-discipline-shampoo-fluidealiste-500ml#primaryimage","url":"https:\/\/www.friseur-hopmann.de\/wp-content\/uploads\/2023\/08\/Bain-displin-500ml.jpg","contentUrl":"https:\/\/www.friseur-hopmann.de\/wp-content\/uploads\/2023\/08\/Bain-displin-500ml.jpg","width":992,"height":756},{"@type":"BreadcrumbList","@id":"https:\/\/www.friseur-hopmann.de\/?product=kerastase-bain-discipline-shampoo-fluidealiste-500ml#breadcrumb","itemListElement":[{"@type":"ListItem","position":1,"name":"Startseite","item":"https:\/\/www.friseur-hopmann.de\/"},{"@type":"ListItem","position":2,"name":"Produkte","item":"https:\/\/www.friseur-hopmann.de\/?post_type=product"},{"@type":"ListItem","position":3,"name":"K\u00c9RASTASE Bain Discipline Fluidealiste Gentle 500ml (Shampoo) (Sulfatfrei!)"}]},{"@type":"WebSite","@id":"https:\/\/www.friseur-hopmann.de\/#website","url":"https:\/\/www.friseur-hopmann.de\/","name":"Friseur Hopmann Hairstyling","description":"Ihr Friseur in Nordhorn","potentialAction":[{"@type":"SearchAction","target":{"@type":"EntryPoint","urlTemplate":"https:\/\/www.friseur-hopmann.de\/?s={search_term_string}"},"query-input":{"@type":"PropertyValueSpecification","valueRequired":true,"valueName":"search_term_string"}}],"inLanguage":"de"}]}},"brands":[],"_links":{"self":[{"href":"https:\/\/www.friseur-hopmann.de\/index.php?rest_route=\/wp\/v2\/product\/22326","targetHints":{"allow":["GET"]}}],"collection":[{"href":"https:\/\/www.friseur-hopmann.de\/index.php?rest_route=\/wp\/v2\/product"}],"about":[{"href":"https:\/\/www.friseur-hopmann.de\/index.php?rest_route=\/wp\/v2\/types\/product"}],"replies":[{"embeddable":true,"href":"https:\/\/www.friseur-hopmann.de\/index.php?rest_route=%2Fwp%2Fv2%2Fcomments&post=22326"}],"wp:featuredmedia":[{"embeddable":true,"href":"https:\/\/www.friseur-hopmann.de\/index.php?rest_route=\/wp\/v2\/media\/22327"}],"wp:attachment":[{"href":"https:\/\/www.friseur-hopmann.de\/index.php?rest_route=%2Fwp%2Fv2%2Fmedia&parent=22326"}],"wp:term":[{"taxonomy":"pwb-brand","embeddable":true,"href":"https:\/\/www.friseur-hopmann.de\/index.php?rest_route=%2Fwp%2Fv2%2Fpwb-brand&post=22326"},{"taxonomy":"product_brand","embeddable":true,"href":"https:\/\/www.friseur-hopmann.de\/index.php?rest_route=%2Fwp%2Fv2%2Fproduct_brand&post=22326"},{"taxonomy":"product_cat","embeddable":true,"href":"https:\/\/www.friseur-hopmann.de\/index.php?rest_route=%2Fwp%2Fv2%2Fproduct_cat&post=22326"},{"taxonomy":"product_tag","embeddable":true,"href":"https:\/\/www.friseur-hopmann.de\/index.php?rest_route=%2Fwp%2Fv2%2Fproduct_tag&post=22326"}],"curies":[{"name":"wp","href":"https:\/\/api.w.org\/{rel}","templated":true}]}}