{"id":20641,"date":"2022-11-27T20:22:28","date_gmt":"2022-11-27T18:22:28","guid":{"rendered":"http:\/\/www.friseur-hopmann.de\/?post_type=product&#038;p=20641"},"modified":"2026-01-18T14:31:47","modified_gmt":"2026-01-18T12:31:47","slug":"kerastase-densifique-set","status":"publish","type":"product","link":"https:\/\/www.friseur-hopmann.de\/?product=kerastase-densifique-set","title":{"rendered":"K\u00e9rastase Densifique Set"},"content":{"rendered":"<h2>K\u00e9rastase Densifique Set<\/h2>\n<p>Das\u00a0<strong>K\u00e9rastase Densifique Set<\/strong> ist eine Pflegeroutine f\u00fcr mehr Haardichte &amp; F\u00fclle\u00a0&#8211; Tag f\u00fcr Tag volleres Haar. Sp\u00fcrbar mehr Haarf\u00fclle. Sparen Sie beim Kauf des Sets!<\/p>\n<h2><em>K\u00e9rastase Densifique Bain Densit\u00e9 250 ml<\/em><\/h2>\n<p>Das <strong>K\u00e9rastase Densifique Bain Densit\u00e9<\/strong>\u00a0ist ein strukturgebendes Haarbad f\u00fcr d\u00fcnner werdendes Haar, das an F\u00fclle verliert. Da die Haarfollikel zum Wachstum angeregt werden verleiht es volleres Haar mit neuem Volumen und Griffigkeit.<\/p>\n<h2>Anwendung des K\u00e9rastase Densifique Bain Densit\u00e9<\/h2>\n<p>Auf das angefeuchtete Haar auftragen, einarbeiten und gr\u00fcndlich aussp\u00fclen.<\/p>\n<p>+<\/p>\n<div class=\"std\">\n<h2><em>K\u00e9rastase Densifique Fondant Densit\u00e9 200 ml<\/em><\/h2>\n<p>Federleichter Conditioner der d\u00fcnner werdendes Haar liftet und ihm Dichte gibt.<\/p>\n<h2>Eigenschaften des K\u00e9rastase Densifique Fondant Densit\u00e9<\/h2>\n<ul>\n<li>das Haar erh\u00e4lt Volumen und F\u00fclle<\/li>\n<li>Ceramide st\u00e4rken die Haarfasern<\/li>\n<li>das Haar bekommt Sprungkraft und luftige Frische<\/li>\n<li>selbst bei sehr feinen Haaren beschwert das K\u00e9rastase Densifique Fondant Densit\u00e9 nicht<\/li>\n<\/ul>\n<h2>Inhaltsstoffe des K\u00e9rastase Densifique Fondant Densit\u00e9<\/h2>\n<ul>\n<li>Stemoxydine\u00ae: Kreieren eine optimale Umgebung f\u00fcr die Stammzellen. Erwecken schlafende Haarfollikel und lassen neue Haare schneller wachsen<\/li>\n<li>Hyalurons\u00e4ure: Hydratisiert die Kopfhaut, versorgt sie mit Feuchtigkeit und schafft ein optimales Wachstumsumfeld<\/li>\n<li>Gluco-Peptide: Lagern sich am Haar an. Sie gleichen die Oberfl\u00e4chenstruktur aus und unterst\u00fctzen den Aufbau des Haares<\/li>\n<li>+ Ceramide : St\u00e4rken die Haarfaser<\/li>\n<\/ul>\n<\/div>\n<div class=\"usage-info\">\n<h2>Anwendung vom\u00a0K\u00e9rastase Densifique Fondant Densit\u00e9<\/h2>\n<p>Nach dem Shampoonieren mit in die nassen L\u00e4ngen und Spitzen geben, kurz einwirken lassen und gr\u00fcndlich wieder aussp\u00fclen.<\/p>\n<\/div>\n<p>+<\/p>\n<h2><em>K\u00e9rastase Densifique Mousse Densimorphose 150 ml<\/em><\/h2>\n<p>Das <strong>K\u00e9rastase Densifique Mousse Densimorphose<\/strong> ist ein pflegender Volumenschaum f\u00fcr d\u00fcnner werdendes Haar, das an F\u00fclle verliert. Der Schaum verleiht dem Haar neue F\u00fclle und ein leichtes Haargef\u00fchl ohne zu beschweren. Gleichzeitig wird das Haar regeneriert und f\u00fchlt Haar wesentlich griffiger an.<\/p>\n<h2>Anwendung des K\u00e9rastase Densifique Mousse Densimorphose<\/h2>\n<p>Die Flasche vor Gebrauch gut sch\u00fctteln und nach der Haarw\u00e4sche eine mandarinengro\u00dfe Portion gleichm\u00e4\u00dfig ins handtuchtrockene Haar verteilen. Der Schaum verbleibt im Haar und das Haar kann nach der Anwendung sofort wie gewohnt gestylt werden.<\/p>\n<p>&nbsp;<\/p>\n<div class=\"usage-info\">\n<h2>\u00dcber K\u00e9rastase Densifique<\/h2>\n<p>PFLEGEROUTINE F\u00dcR MEHR HAARDICHTE &amp; F\u00dcLLE &#8211; Tag f\u00fcr Tag volleres Haar. Sp\u00fcrbar mehr Haarf\u00fclle. Die Pflegeroutine mit dem Wirkstoffkomplex aus Stemoxydine, Gluco-Peptiden und Hyalurons\u00e4ure sorgt f\u00fcr mehr Haardichte, F\u00fclle und Sprungkraft &#8211; Tag f\u00fcr Tag.<\/p>\n<p>Die Revolution f\u00fcr verbesserte Haardichte!<\/p>\n<p>Die Regeneration von Stammzellen wird durch folgende Faktoren negativ beeinflusst: Externe und interne Belastungen (UV-Strahlen, Stress, hormonelle Schwankungen) bringen die Umgebung der Stammzellen in ein Ungleichgewicht (Anreicherung mit Sauerstoff). Das verlangsamt diese Aktivit\u00e4t.<\/p>\n<p>Stammzellen l\u00f6sen die Produktion von Haaren aus. F\u00fcr ihre perfekte Funktionalit\u00e4t ben\u00f6tigen sie eine sauerstoffarme Umgebung. Densifique mit Stemoziden ist das erste biomimetische Molek\u00fcl, das dieses sauerstoffarme Umfeld nachahmt. die Neogen-Phase (Schlafphase) des Haarfollikels wird verk\u00fcrzt und die Umgebung der beiden Stammzellendepots geben das Signal f\u00fcr das Wachstum des neuen Haares.<\/p>\n<p><strong>K\u00e9rastase Densifique<\/strong>\u00a0aktiviert das Regenerationspotential der Stammzellen f\u00fcr mehr Haardichte und erweckt bis zu 1700 mehr Haare nach 3 Monaten*.<\/p>\n<h3>Wirkstoffe von K\u00e9rastase Densifique<\/h3>\n<ul>\n<li>STEMOXYDINE\u00ae 5%: Imitiert eine optimale sauerstoffarme Umgebung der Stammzellen. Schlafende\u201c Haarfollikel werden erweckt. Neue Haare entstehen schneller.<\/li>\n<li>VITAMIN B: Regt die Aktivit\u00e4t des Haarfollikels an.<\/li>\n<li>TEXTURIERENDES POLYMER: Sofortige Verdichtung der Haarfaser.<\/li>\n<\/ul>\n<p>&nbsp;<\/p>\n<p>* Die Wirksamkeit von STEMOXYDINE\u00ae wurde in t\u00e4glicher Anwendung \u00fcber 3 Monate bei 101 Personen mit weniger Haardichte getestet &#8211; Durchschnittswert vs. Placebo.<\/p>\n<\/div>\n<div class=\"usage-info\"><\/div>\n","protected":false},"excerpt":{"rendered":"<p><strong>Geschenkset<\/strong><\/p>\n<p><em> <strong>K\u00e9rastase Densifique Bain Densit\u00e9<\/strong><\/em><\/p>\n<p><strong><em>K\u00e9rastase Densifique Fondant Densit\u00e9 200 ml<\/em><\/strong><\/p>\n<p><strong>K\u00e9rastase Densifique Mousse Densimorphose<\/strong><\/p>\n","protected":false},"featured_media":20642,"comment_status":"closed","ping_status":"closed","template":"","meta":{"_exactmetrics_skip_tracking":false,"_exactmetrics_sitenote_active":false,"_exactmetrics_sitenote_note":"","_exactmetrics_sitenote_category":0,"_monsterinsights_skip_tracking":false,"_monsterinsights_sitenote_active":false,"_monsterinsights_sitenote_note":"","_monsterinsights_sitenote_category":0},"pwb-brand":[],"product_brand":[],"product_cat":[524,491,542,544,548,549,703],"product_tag":[828,954,955,815,712],"class_list":{"0":"post-20641","1":"product","2":"type-product","3":"status-publish","4":"has-post-thumbnail","6":"product_cat-densifique","7":"product_cat-kerastase","8":"product_cat-kerastase-conditioner","9":"product_cat-kerastase-haarpflege","10":"product_cat-kerastase-shampoo","11":"product_cat-kerastase-styling-mousse","12":"product_cat-sale","13":"product_tag-festigt-die-haarfaser","14":"product_tag-geschenkset","15":"product_tag-haardichte","16":"product_tag-haarfuelle","17":"product_tag-haarpflege","19":"first","20":"instock","21":"sale","22":"taxable","23":"shipping-taxable","24":"purchasable","25":"product-type-simple"},"yoast_head":"<!-- This site is optimized with the Yoast SEO plugin v24.6 - https:\/\/yoast.com\/wordpress\/plugins\/seo\/ -->\n<title>K\u00e9rastase Densifique Set - Friseur Hopmann Hairstyling<\/title>\n<meta name=\"robots\" content=\"index, follow, max-snippet:-1, max-image-preview:large, max-video-preview:-1\" \/>\n<link rel=\"canonical\" href=\"https:\/\/www.friseur-hopmann.de\/?product=kerastase-densifique-set\" \/>\n<meta property=\"og:locale\" content=\"de_DE\" \/>\n<meta property=\"og:type\" content=\"article\" \/>\n<meta property=\"og:title\" content=\"K\u00e9rastase Densifique Set - Friseur Hopmann Hairstyling\" \/>\n<meta property=\"og:description\" content=\"Geschenkset   K\u00e9rastase Densifique Bain Densit\u00e9  K\u00e9rastase Densifique Fondant Densit\u00e9 200 ml  K\u00e9rastase Densifique Mousse Densimorphose\" \/>\n<meta property=\"og:url\" content=\"https:\/\/www.friseur-hopmann.de\/?product=kerastase-densifique-set\" \/>\n<meta property=\"og:site_name\" content=\"Friseur Hopmann Hairstyling\" \/>\n<meta property=\"article:modified_time\" content=\"2026-01-18T12:31:47+00:00\" \/>\n<meta property=\"og:image\" content=\"http:\/\/www.friseur-hopmann.de\/wp-content\/uploads\/2022\/11\/Densite-set.jpg\" \/>\n\t<meta property=\"og:image:width\" content=\"500\" \/>\n\t<meta property=\"og:image:height\" content=\"500\" \/>\n\t<meta property=\"og:image:type\" content=\"image\/jpeg\" \/>\n<meta name=\"twitter:card\" content=\"summary_large_image\" \/>\n<meta name=\"twitter:label1\" content=\"Gesch\u00e4tzte Lesezeit\" \/>\n\t<meta name=\"twitter:data1\" content=\"3\u00a0Minuten\" \/>\n<script type=\"application\/ld+json\" class=\"yoast-schema-graph\">{\"@context\":\"https:\/\/schema.org\",\"@graph\":[{\"@type\":\"WebPage\",\"@id\":\"https:\/\/www.friseur-hopmann.de\/?product=kerastase-densifique-set\",\"url\":\"https:\/\/www.friseur-hopmann.de\/?product=kerastase-densifique-set\",\"name\":\"K\u00e9rastase Densifique Set - Friseur Hopmann Hairstyling\",\"isPartOf\":{\"@id\":\"https:\/\/www.friseur-hopmann.de\/#website\"},\"primaryImageOfPage\":{\"@id\":\"https:\/\/www.friseur-hopmann.de\/?product=kerastase-densifique-set#primaryimage\"},\"image\":{\"@id\":\"https:\/\/www.friseur-hopmann.de\/?product=kerastase-densifique-set#primaryimage\"},\"thumbnailUrl\":\"https:\/\/www.friseur-hopmann.de\/wp-content\/uploads\/2022\/11\/Densite-set.jpg\",\"datePublished\":\"2022-11-27T18:22:28+00:00\",\"dateModified\":\"2026-01-18T12:31:47+00:00\",\"breadcrumb\":{\"@id\":\"https:\/\/www.friseur-hopmann.de\/?product=kerastase-densifique-set#breadcrumb\"},\"inLanguage\":\"de\",\"potentialAction\":[{\"@type\":\"ReadAction\",\"target\":[\"https:\/\/www.friseur-hopmann.de\/?product=kerastase-densifique-set\"]}]},{\"@type\":\"ImageObject\",\"inLanguage\":\"de\",\"@id\":\"https:\/\/www.friseur-hopmann.de\/?product=kerastase-densifique-set#primaryimage\",\"url\":\"https:\/\/www.friseur-hopmann.de\/wp-content\/uploads\/2022\/11\/Densite-set.jpg\",\"contentUrl\":\"https:\/\/www.friseur-hopmann.de\/wp-content\/uploads\/2022\/11\/Densite-set.jpg\",\"width\":500,\"height\":500},{\"@type\":\"BreadcrumbList\",\"@id\":\"https:\/\/www.friseur-hopmann.de\/?product=kerastase-densifique-set#breadcrumb\",\"itemListElement\":[{\"@type\":\"ListItem\",\"position\":1,\"name\":\"Startseite\",\"item\":\"https:\/\/www.friseur-hopmann.de\/\"},{\"@type\":\"ListItem\",\"position\":2,\"name\":\"Produkte\",\"item\":\"https:\/\/www.friseur-hopmann.de\/?post_type=product\"},{\"@type\":\"ListItem\",\"position\":3,\"name\":\"K\u00e9rastase Densifique Set\"}]},{\"@type\":\"WebSite\",\"@id\":\"https:\/\/www.friseur-hopmann.de\/#website\",\"url\":\"https:\/\/www.friseur-hopmann.de\/\",\"name\":\"Friseur Hopmann Hairstyling\",\"description\":\"Ihr Friseur in Nordhorn\",\"potentialAction\":[{\"@type\":\"SearchAction\",\"target\":{\"@type\":\"EntryPoint\",\"urlTemplate\":\"https:\/\/www.friseur-hopmann.de\/?s={search_term_string}\"},\"query-input\":{\"@type\":\"PropertyValueSpecification\",\"valueRequired\":true,\"valueName\":\"search_term_string\"}}],\"inLanguage\":\"de\"}]}<\/script>\n<!-- \/ Yoast SEO plugin. -->","yoast_head_json":{"title":"K\u00e9rastase Densifique Set - Friseur Hopmann Hairstyling","robots":{"index":"index","follow":"follow","max-snippet":"max-snippet:-1","max-image-preview":"max-image-preview:large","max-video-preview":"max-video-preview:-1"},"canonical":"https:\/\/www.friseur-hopmann.de\/?product=kerastase-densifique-set","og_locale":"de_DE","og_type":"article","og_title":"K\u00e9rastase Densifique Set - Friseur Hopmann Hairstyling","og_description":"Geschenkset   K\u00e9rastase Densifique Bain Densit\u00e9  K\u00e9rastase Densifique Fondant Densit\u00e9 200 ml  K\u00e9rastase Densifique Mousse Densimorphose","og_url":"https:\/\/www.friseur-hopmann.de\/?product=kerastase-densifique-set","og_site_name":"Friseur Hopmann Hairstyling","article_modified_time":"2026-01-18T12:31:47+00:00","og_image":[{"width":500,"height":500,"url":"http:\/\/www.friseur-hopmann.de\/wp-content\/uploads\/2022\/11\/Densite-set.jpg","type":"image\/jpeg"}],"twitter_card":"summary_large_image","twitter_misc":{"Gesch\u00e4tzte Lesezeit":"3\u00a0Minuten"},"schema":{"@context":"https:\/\/schema.org","@graph":[{"@type":"WebPage","@id":"https:\/\/www.friseur-hopmann.de\/?product=kerastase-densifique-set","url":"https:\/\/www.friseur-hopmann.de\/?product=kerastase-densifique-set","name":"K\u00e9rastase Densifique Set - Friseur Hopmann Hairstyling","isPartOf":{"@id":"https:\/\/www.friseur-hopmann.de\/#website"},"primaryImageOfPage":{"@id":"https:\/\/www.friseur-hopmann.de\/?product=kerastase-densifique-set#primaryimage"},"image":{"@id":"https:\/\/www.friseur-hopmann.de\/?product=kerastase-densifique-set#primaryimage"},"thumbnailUrl":"https:\/\/www.friseur-hopmann.de\/wp-content\/uploads\/2022\/11\/Densite-set.jpg","datePublished":"2022-11-27T18:22:28+00:00","dateModified":"2026-01-18T12:31:47+00:00","breadcrumb":{"@id":"https:\/\/www.friseur-hopmann.de\/?product=kerastase-densifique-set#breadcrumb"},"inLanguage":"de","potentialAction":[{"@type":"ReadAction","target":["https:\/\/www.friseur-hopmann.de\/?product=kerastase-densifique-set"]}]},{"@type":"ImageObject","inLanguage":"de","@id":"https:\/\/www.friseur-hopmann.de\/?product=kerastase-densifique-set#primaryimage","url":"https:\/\/www.friseur-hopmann.de\/wp-content\/uploads\/2022\/11\/Densite-set.jpg","contentUrl":"https:\/\/www.friseur-hopmann.de\/wp-content\/uploads\/2022\/11\/Densite-set.jpg","width":500,"height":500},{"@type":"BreadcrumbList","@id":"https:\/\/www.friseur-hopmann.de\/?product=kerastase-densifique-set#breadcrumb","itemListElement":[{"@type":"ListItem","position":1,"name":"Startseite","item":"https:\/\/www.friseur-hopmann.de\/"},{"@type":"ListItem","position":2,"name":"Produkte","item":"https:\/\/www.friseur-hopmann.de\/?post_type=product"},{"@type":"ListItem","position":3,"name":"K\u00e9rastase Densifique Set"}]},{"@type":"WebSite","@id":"https:\/\/www.friseur-hopmann.de\/#website","url":"https:\/\/www.friseur-hopmann.de\/","name":"Friseur Hopmann Hairstyling","description":"Ihr Friseur in Nordhorn","potentialAction":[{"@type":"SearchAction","target":{"@type":"EntryPoint","urlTemplate":"https:\/\/www.friseur-hopmann.de\/?s={search_term_string}"},"query-input":{"@type":"PropertyValueSpecification","valueRequired":true,"valueName":"search_term_string"}}],"inLanguage":"de"}]}},"brands":[],"_links":{"self":[{"href":"https:\/\/www.friseur-hopmann.de\/index.php?rest_route=\/wp\/v2\/product\/20641","targetHints":{"allow":["GET"]}}],"collection":[{"href":"https:\/\/www.friseur-hopmann.de\/index.php?rest_route=\/wp\/v2\/product"}],"about":[{"href":"https:\/\/www.friseur-hopmann.de\/index.php?rest_route=\/wp\/v2\/types\/product"}],"replies":[{"embeddable":true,"href":"https:\/\/www.friseur-hopmann.de\/index.php?rest_route=%2Fwp%2Fv2%2Fcomments&post=20641"}],"wp:featuredmedia":[{"embeddable":true,"href":"https:\/\/www.friseur-hopmann.de\/index.php?rest_route=\/wp\/v2\/media\/20642"}],"wp:attachment":[{"href":"https:\/\/www.friseur-hopmann.de\/index.php?rest_route=%2Fwp%2Fv2%2Fmedia&parent=20641"}],"wp:term":[{"taxonomy":"pwb-brand","embeddable":true,"href":"https:\/\/www.friseur-hopmann.de\/index.php?rest_route=%2Fwp%2Fv2%2Fpwb-brand&post=20641"},{"taxonomy":"product_brand","embeddable":true,"href":"https:\/\/www.friseur-hopmann.de\/index.php?rest_route=%2Fwp%2Fv2%2Fproduct_brand&post=20641"},{"taxonomy":"product_cat","embeddable":true,"href":"https:\/\/www.friseur-hopmann.de\/index.php?rest_route=%2Fwp%2Fv2%2Fproduct_cat&post=20641"},{"taxonomy":"product_tag","embeddable":true,"href":"https:\/\/www.friseur-hopmann.de\/index.php?rest_route=%2Fwp%2Fv2%2Fproduct_tag&post=20641"}],"curies":[{"name":"wp","href":"https:\/\/api.w.org\/{rel}","templated":true}]}}