{"id":19909,"date":"2022-06-28T15:11:44","date_gmt":"2022-06-28T13:11:44","guid":{"rendered":"http:\/\/www.friseur-hopmann.de\/?post_type=product&#038;p=19909"},"modified":"2026-03-06T18:47:54","modified_gmt":"2026-03-06T16:47:54","slug":"kerastase-chroma-absolu-fondant-cica-chroma-1000-ml-conditioner-spuelung","status":"publish","type":"product","link":"https:\/\/www.friseur-hopmann.de\/?product=kerastase-chroma-absolu-fondant-cica-chroma-1000-ml-conditioner-spuelung","title":{"rendered":"K\u00e9rastase Chroma Absolu Fondant Cica Chroma 1000 ml (Conditioner \/ Sp\u00fclung)"},"content":{"rendered":"<div class=\"std col-lg-8 col-lg-offset-2 col-md-10 col-md-offset-1\">\n<h2>K\u00e9rastase Chroma Absolu Fondant Cica Chroma 1000 ml<\/h2>\n<p>Das\u00a0<strong>K\u00e9rastase Chroma Absolu Fondant Cica Chroma<\/strong> ist ein\u00a0regenerierender Pflegefondant f\u00fcr feines bis mittelstarkes coloriertes, gesch\u00e4digtes oder sensibilisiertes Haar. Es verleiht intensive Feuchtigkeit und Pflege.\u00a0Verbessert sofort die Geschmeidigkeit der Haarstruktur und hilft gegen Haarbruch.<\/p>\n<h2>Eigenschaften des\u00a0K\u00e9rastase Chroma Absolu Fondant Cica Chroma<\/h2>\n<ul>\n<li>Verleiht intensive Feuchtigkeit und Pflege<\/li>\n<li>Verbessert sofort die Geschmeidigkeit der Haarstruktur<\/li>\n<li>Hilft gegen Haarbruch<\/li>\n<li>Mit Aminos\u00e4uren und Centella Asiatica<\/li>\n<\/ul>\n<h3>Anwendung des\u00a0K\u00e9rastase Chroma Absolu Fondant Cica Chroma<\/h3>\n<p>Nach dem Haarbad auf das gereinigte, handtuchtrockene Haar auftragen. In L\u00e4ngen &amp; Spitzen einmassieren. F\u00fcr 2-3 Minuten einwirken lassen. Aussp\u00fclen.\u00a0Bei Kontakt mit den Augen sofort gr\u00fcndlich mit Wasser sp\u00fclen.<\/p>\n<p><strong>Inhalt: 1000 ml<\/strong><\/p>\n<\/div>\n","protected":false},"excerpt":{"rendered":"<p><strong>Hinweis!<\/strong><\/p>\n<p><em><strong>Abbildung zeigt Produkt mit 200 ml Inhalt<\/strong><\/em><\/p>\n<p>Das\u00a0<strong>K\u00e9rastase Chroma Absolu Fondant Cica Chroma<\/strong> ist ein\u00a0regenerierender Pflegefondant f\u00fcr feines bis mittelstarkes coloriertes, gesch\u00e4digtes oder sensibilisiertes Haar. Es verleiht intensive Feuchtigkeit und Pflege.\u00a0Verbessert sofort die Geschmeidigkeit der Haarstruktur und hilft gegen Haarbruch.<\/p>\n","protected":false},"featured_media":17391,"comment_status":"closed","ping_status":"closed","template":"","meta":{"_exactmetrics_skip_tracking":false,"_exactmetrics_sitenote_active":false,"_exactmetrics_sitenote_note":"","_exactmetrics_sitenote_category":0,"_monsterinsights_skip_tracking":false,"_monsterinsights_sitenote_active":false,"_monsterinsights_sitenote_note":"","_monsterinsights_sitenote_category":0},"pwb-brand":[],"product_brand":[],"product_cat":[491,542,544,941,940],"product_tag":[695,936,712,911],"class_list":{"0":"post-19909","1":"product","2":"type-product","3":"status-publish","4":"has-post-thumbnail","6":"product_cat-kerastase","7":"product_cat-kerastase-conditioner","8":"product_cat-kerastase-haarpflege","9":"product_cat-1000ml","10":"product_cat-chroma-absolu-kerastase","11":"product_tag-conditioner","12":"product_tag-gefaerbters-haar","13":"product_tag-haarpflege","14":"product_tag-haarspuelung","16":"first","17":"instock","18":"taxable","19":"shipping-taxable","20":"purchasable","21":"product-type-simple"},"yoast_head":"<!-- This site is optimized with the Yoast SEO plugin v24.6 - https:\/\/yoast.com\/wordpress\/plugins\/seo\/ -->\n<title>K\u00e9rastase Chroma Absolu Fondant Cica Chroma 1000 ml (Conditioner \/ Sp\u00fclung) - Friseur Hopmann Hairstyling<\/title>\n<meta name=\"robots\" content=\"index, follow, max-snippet:-1, max-image-preview:large, max-video-preview:-1\" \/>\n<link rel=\"canonical\" href=\"https:\/\/www.friseur-hopmann.de\/?product=kerastase-chroma-absolu-fondant-cica-chroma-1000-ml-conditioner-spuelung\" \/>\n<meta property=\"og:locale\" content=\"de_DE\" \/>\n<meta property=\"og:type\" content=\"article\" \/>\n<meta property=\"og:title\" content=\"K\u00e9rastase Chroma Absolu Fondant Cica Chroma 1000 ml (Conditioner \/ Sp\u00fclung) - Friseur Hopmann Hairstyling\" \/>\n<meta property=\"og:description\" content=\"Hinweis!  Abbildung zeigt Produkt mit 200 ml Inhalt  Das\u00a0K\u00e9rastase Chroma Absolu Fondant Cica Chroma ist ein\u00a0regenerierender Pflegefondant f\u00fcr feines bis mittelstarkes coloriertes, gesch\u00e4digtes oder sensibilisiertes Haar. Es verleiht intensive Feuchtigkeit und Pflege.\u00a0Verbessert sofort die Geschmeidigkeit der Haarstruktur und hilft gegen Haarbruch.\" \/>\n<meta property=\"og:url\" content=\"https:\/\/www.friseur-hopmann.de\/?product=kerastase-chroma-absolu-fondant-cica-chroma-1000-ml-conditioner-spuelung\" \/>\n<meta property=\"og:site_name\" content=\"Friseur Hopmann Hairstyling\" \/>\n<meta property=\"article:modified_time\" content=\"2026-03-06T16:47:54+00:00\" \/>\n<meta property=\"og:image\" content=\"http:\/\/www.friseur-hopmann.de\/wp-content\/uploads\/2022\/01\/Chrioma-Absolu-Fonndant-200ml.jpg\" \/>\n\t<meta property=\"og:image:width\" content=\"500\" \/>\n\t<meta property=\"og:image:height\" content=\"500\" \/>\n\t<meta property=\"og:image:type\" content=\"image\/jpeg\" \/>\n<meta name=\"twitter:card\" content=\"summary_large_image\" \/>\n<meta name=\"twitter:label1\" content=\"Gesch\u00e4tzte Lesezeit\" \/>\n\t<meta name=\"twitter:data1\" content=\"1\u00a0Minute\" \/>\n<script type=\"application\/ld+json\" class=\"yoast-schema-graph\">{\"@context\":\"https:\/\/schema.org\",\"@graph\":[{\"@type\":\"WebPage\",\"@id\":\"https:\/\/www.friseur-hopmann.de\/?product=kerastase-chroma-absolu-fondant-cica-chroma-1000-ml-conditioner-spuelung\",\"url\":\"https:\/\/www.friseur-hopmann.de\/?product=kerastase-chroma-absolu-fondant-cica-chroma-1000-ml-conditioner-spuelung\",\"name\":\"K\u00e9rastase Chroma Absolu Fondant Cica Chroma 1000 ml (Conditioner \/ Sp\u00fclung) - Friseur Hopmann Hairstyling\",\"isPartOf\":{\"@id\":\"https:\/\/www.friseur-hopmann.de\/#website\"},\"primaryImageOfPage\":{\"@id\":\"https:\/\/www.friseur-hopmann.de\/?product=kerastase-chroma-absolu-fondant-cica-chroma-1000-ml-conditioner-spuelung#primaryimage\"},\"image\":{\"@id\":\"https:\/\/www.friseur-hopmann.de\/?product=kerastase-chroma-absolu-fondant-cica-chroma-1000-ml-conditioner-spuelung#primaryimage\"},\"thumbnailUrl\":\"https:\/\/www.friseur-hopmann.de\/wp-content\/uploads\/2022\/01\/Chrioma-Absolu-Fonndant-200ml.jpg\",\"datePublished\":\"2022-06-28T13:11:44+00:00\",\"dateModified\":\"2026-03-06T16:47:54+00:00\",\"breadcrumb\":{\"@id\":\"https:\/\/www.friseur-hopmann.de\/?product=kerastase-chroma-absolu-fondant-cica-chroma-1000-ml-conditioner-spuelung#breadcrumb\"},\"inLanguage\":\"de\",\"potentialAction\":[{\"@type\":\"ReadAction\",\"target\":[\"https:\/\/www.friseur-hopmann.de\/?product=kerastase-chroma-absolu-fondant-cica-chroma-1000-ml-conditioner-spuelung\"]}]},{\"@type\":\"ImageObject\",\"inLanguage\":\"de\",\"@id\":\"https:\/\/www.friseur-hopmann.de\/?product=kerastase-chroma-absolu-fondant-cica-chroma-1000-ml-conditioner-spuelung#primaryimage\",\"url\":\"https:\/\/www.friseur-hopmann.de\/wp-content\/uploads\/2022\/01\/Chrioma-Absolu-Fonndant-200ml.jpg\",\"contentUrl\":\"https:\/\/www.friseur-hopmann.de\/wp-content\/uploads\/2022\/01\/Chrioma-Absolu-Fonndant-200ml.jpg\",\"width\":500,\"height\":500},{\"@type\":\"BreadcrumbList\",\"@id\":\"https:\/\/www.friseur-hopmann.de\/?product=kerastase-chroma-absolu-fondant-cica-chroma-1000-ml-conditioner-spuelung#breadcrumb\",\"itemListElement\":[{\"@type\":\"ListItem\",\"position\":1,\"name\":\"Startseite\",\"item\":\"https:\/\/www.friseur-hopmann.de\/\"},{\"@type\":\"ListItem\",\"position\":2,\"name\":\"Produkte\",\"item\":\"https:\/\/www.friseur-hopmann.de\/?post_type=product\"},{\"@type\":\"ListItem\",\"position\":3,\"name\":\"K\u00e9rastase Chroma Absolu Fondant Cica Chroma 1000 ml (Conditioner \/ Sp\u00fclung)\"}]},{\"@type\":\"WebSite\",\"@id\":\"https:\/\/www.friseur-hopmann.de\/#website\",\"url\":\"https:\/\/www.friseur-hopmann.de\/\",\"name\":\"Friseur Hopmann Hairstyling\",\"description\":\"Ihr Friseur in Nordhorn\",\"potentialAction\":[{\"@type\":\"SearchAction\",\"target\":{\"@type\":\"EntryPoint\",\"urlTemplate\":\"https:\/\/www.friseur-hopmann.de\/?s={search_term_string}\"},\"query-input\":{\"@type\":\"PropertyValueSpecification\",\"valueRequired\":true,\"valueName\":\"search_term_string\"}}],\"inLanguage\":\"de\"}]}<\/script>\n<!-- \/ Yoast SEO plugin. -->","yoast_head_json":{"title":"K\u00e9rastase Chroma Absolu Fondant Cica Chroma 1000 ml (Conditioner \/ Sp\u00fclung) - Friseur Hopmann Hairstyling","robots":{"index":"index","follow":"follow","max-snippet":"max-snippet:-1","max-image-preview":"max-image-preview:large","max-video-preview":"max-video-preview:-1"},"canonical":"https:\/\/www.friseur-hopmann.de\/?product=kerastase-chroma-absolu-fondant-cica-chroma-1000-ml-conditioner-spuelung","og_locale":"de_DE","og_type":"article","og_title":"K\u00e9rastase Chroma Absolu Fondant Cica Chroma 1000 ml (Conditioner \/ Sp\u00fclung) - Friseur Hopmann Hairstyling","og_description":"Hinweis!  Abbildung zeigt Produkt mit 200 ml Inhalt  Das\u00a0K\u00e9rastase Chroma Absolu Fondant Cica Chroma ist ein\u00a0regenerierender Pflegefondant f\u00fcr feines bis mittelstarkes coloriertes, gesch\u00e4digtes oder sensibilisiertes Haar. Es verleiht intensive Feuchtigkeit und Pflege.\u00a0Verbessert sofort die Geschmeidigkeit der Haarstruktur und hilft gegen Haarbruch.","og_url":"https:\/\/www.friseur-hopmann.de\/?product=kerastase-chroma-absolu-fondant-cica-chroma-1000-ml-conditioner-spuelung","og_site_name":"Friseur Hopmann Hairstyling","article_modified_time":"2026-03-06T16:47:54+00:00","og_image":[{"width":500,"height":500,"url":"http:\/\/www.friseur-hopmann.de\/wp-content\/uploads\/2022\/01\/Chrioma-Absolu-Fonndant-200ml.jpg","type":"image\/jpeg"}],"twitter_card":"summary_large_image","twitter_misc":{"Gesch\u00e4tzte Lesezeit":"1\u00a0Minute"},"schema":{"@context":"https:\/\/schema.org","@graph":[{"@type":"WebPage","@id":"https:\/\/www.friseur-hopmann.de\/?product=kerastase-chroma-absolu-fondant-cica-chroma-1000-ml-conditioner-spuelung","url":"https:\/\/www.friseur-hopmann.de\/?product=kerastase-chroma-absolu-fondant-cica-chroma-1000-ml-conditioner-spuelung","name":"K\u00e9rastase Chroma Absolu Fondant Cica Chroma 1000 ml (Conditioner \/ Sp\u00fclung) - Friseur Hopmann Hairstyling","isPartOf":{"@id":"https:\/\/www.friseur-hopmann.de\/#website"},"primaryImageOfPage":{"@id":"https:\/\/www.friseur-hopmann.de\/?product=kerastase-chroma-absolu-fondant-cica-chroma-1000-ml-conditioner-spuelung#primaryimage"},"image":{"@id":"https:\/\/www.friseur-hopmann.de\/?product=kerastase-chroma-absolu-fondant-cica-chroma-1000-ml-conditioner-spuelung#primaryimage"},"thumbnailUrl":"https:\/\/www.friseur-hopmann.de\/wp-content\/uploads\/2022\/01\/Chrioma-Absolu-Fonndant-200ml.jpg","datePublished":"2022-06-28T13:11:44+00:00","dateModified":"2026-03-06T16:47:54+00:00","breadcrumb":{"@id":"https:\/\/www.friseur-hopmann.de\/?product=kerastase-chroma-absolu-fondant-cica-chroma-1000-ml-conditioner-spuelung#breadcrumb"},"inLanguage":"de","potentialAction":[{"@type":"ReadAction","target":["https:\/\/www.friseur-hopmann.de\/?product=kerastase-chroma-absolu-fondant-cica-chroma-1000-ml-conditioner-spuelung"]}]},{"@type":"ImageObject","inLanguage":"de","@id":"https:\/\/www.friseur-hopmann.de\/?product=kerastase-chroma-absolu-fondant-cica-chroma-1000-ml-conditioner-spuelung#primaryimage","url":"https:\/\/www.friseur-hopmann.de\/wp-content\/uploads\/2022\/01\/Chrioma-Absolu-Fonndant-200ml.jpg","contentUrl":"https:\/\/www.friseur-hopmann.de\/wp-content\/uploads\/2022\/01\/Chrioma-Absolu-Fonndant-200ml.jpg","width":500,"height":500},{"@type":"BreadcrumbList","@id":"https:\/\/www.friseur-hopmann.de\/?product=kerastase-chroma-absolu-fondant-cica-chroma-1000-ml-conditioner-spuelung#breadcrumb","itemListElement":[{"@type":"ListItem","position":1,"name":"Startseite","item":"https:\/\/www.friseur-hopmann.de\/"},{"@type":"ListItem","position":2,"name":"Produkte","item":"https:\/\/www.friseur-hopmann.de\/?post_type=product"},{"@type":"ListItem","position":3,"name":"K\u00e9rastase Chroma Absolu Fondant Cica Chroma 1000 ml (Conditioner \/ Sp\u00fclung)"}]},{"@type":"WebSite","@id":"https:\/\/www.friseur-hopmann.de\/#website","url":"https:\/\/www.friseur-hopmann.de\/","name":"Friseur Hopmann Hairstyling","description":"Ihr Friseur in Nordhorn","potentialAction":[{"@type":"SearchAction","target":{"@type":"EntryPoint","urlTemplate":"https:\/\/www.friseur-hopmann.de\/?s={search_term_string}"},"query-input":{"@type":"PropertyValueSpecification","valueRequired":true,"valueName":"search_term_string"}}],"inLanguage":"de"}]}},"brands":[],"_links":{"self":[{"href":"https:\/\/www.friseur-hopmann.de\/index.php?rest_route=\/wp\/v2\/product\/19909","targetHints":{"allow":["GET"]}}],"collection":[{"href":"https:\/\/www.friseur-hopmann.de\/index.php?rest_route=\/wp\/v2\/product"}],"about":[{"href":"https:\/\/www.friseur-hopmann.de\/index.php?rest_route=\/wp\/v2\/types\/product"}],"replies":[{"embeddable":true,"href":"https:\/\/www.friseur-hopmann.de\/index.php?rest_route=%2Fwp%2Fv2%2Fcomments&post=19909"}],"wp:featuredmedia":[{"embeddable":true,"href":"https:\/\/www.friseur-hopmann.de\/index.php?rest_route=\/wp\/v2\/media\/17391"}],"wp:attachment":[{"href":"https:\/\/www.friseur-hopmann.de\/index.php?rest_route=%2Fwp%2Fv2%2Fmedia&parent=19909"}],"wp:term":[{"taxonomy":"pwb-brand","embeddable":true,"href":"https:\/\/www.friseur-hopmann.de\/index.php?rest_route=%2Fwp%2Fv2%2Fpwb-brand&post=19909"},{"taxonomy":"product_brand","embeddable":true,"href":"https:\/\/www.friseur-hopmann.de\/index.php?rest_route=%2Fwp%2Fv2%2Fproduct_brand&post=19909"},{"taxonomy":"product_cat","embeddable":true,"href":"https:\/\/www.friseur-hopmann.de\/index.php?rest_route=%2Fwp%2Fv2%2Fproduct_cat&post=19909"},{"taxonomy":"product_tag","embeddable":true,"href":"https:\/\/www.friseur-hopmann.de\/index.php?rest_route=%2Fwp%2Fv2%2Fproduct_tag&post=19909"}],"curies":[{"name":"wp","href":"https:\/\/api.w.org\/{rel}","templated":true}]}}