{"id":19778,"date":"2022-05-26T15:30:22","date_gmt":"2022-05-26T13:30:22","guid":{"rendered":"http:\/\/www.friseur-hopmann.de\/?post_type=product&#038;p=19778"},"modified":"2025-04-14T20:34:02","modified_gmt":"2025-04-14T18:34:02","slug":"kerastase-genesis-bain-nutri-fortifiant-500-ml-shampoo","status":"publish","type":"product","link":"https:\/\/www.friseur-hopmann.de\/?product=kerastase-genesis-bain-nutri-fortifiant-500-ml-shampoo","title":{"rendered":"K\u00e9rastase Genesis Bain Nutri-Fortifiant 500 ml (Shampoo)"},"content":{"rendered":"<h2>Anti-Haarverlust<\/h2>\n<div class=\"product-name\">Bain Nutri-Fortifiant<\/div>\n<div class=\"collection-name\">Genesis<\/div>\n<div><\/div>\n<div><strong>Produktbeschreibung:<\/strong><\/div>\n<p class=\"product-description-text\">Das Bain Nutri-Fortifiant ist ein st\u00e4rkendes Anti-Haarverlust Haarbad f\u00fcr kr\u00e4ftiges und\/oder trockenes Haar, das zu Haarverlust durch Haarbruch neigt. Das Haarbad reinigt Kopfhaut und Haar sanft und entfernt Sebum &amp; Verunreinigungen von Kopfhaut und Haar. Es st\u00e4rkt die Haarfaser f\u00fcr intensive Widerstandsf\u00e4higkeit &amp; Glanz und verbessert die K\u00e4mmbarkeit des Haares. Die Kombination von Edelweiss und Ingwerwurzel vermindert das Risiko von Haarverlust durch Haarbruch.<\/p>\n<div class=\"column col-sm-6\">\n<p><strong>Inhaltsstoffe:<\/strong><\/p>\n<p>Eine einzigartige Kombination aus Ingwerwurzel und Edelweiss:<\/p>\n<p><strong>Ingwerwurzel<\/strong> sch\u00fctzt das Haar vor t\u00e4glichen, \u00e4u\u00dferen Einfl\u00fcssen.<br \/>\n<strong>Edelweiss<\/strong> verleiht dem Haar Widerstandskraft, selbst unter extremsten Bedingungen.<\/p>\n<p><strong>Anwendung:<\/strong><\/p>\n<p>Auf das nasse Haar auftragen, emulgieren und massieren.<br \/>\nGr\u00fcndlich aussp\u00fclen.<\/p>\n<\/div>\n<p><strong>Inhalt:<\/strong> 500 ml<\/p>\n","protected":false},"excerpt":{"rendered":"<p class=\"product-description-text\">Das Bain Nutri-Fortifiant ist ein st\u00e4rkendes Anti-Haarverlust Haarbad f\u00fcr kr\u00e4ftiges und\/oder trockenes Haar, das zu Haarverlust durch Haarbruch neigt. Das Haarbad reinigt Kopfhaut und Haar sanft und entfernt Sebum &amp; Verunreinigungen von Kopfhaut und Haar. Es st\u00e4rkt die Haarfaser f\u00fcr intensive Widerstandsf\u00e4higkeit &amp; Glanz und verbessert die K\u00e4mmbarkeit des Haares. Die Kombination von Edelweiss und Ingwerwurzel vermindert das Risiko von Haarverlust durch Haarbruch.<\/p>\n<div class=\"column col-sm-6\">\n<p>&nbsp;<\/p>\n<\/div>\n","protected":false},"featured_media":19779,"comment_status":"closed","ping_status":"closed","template":"","meta":{"_exactmetrics_skip_tracking":false,"_exactmetrics_sitenote_active":false,"_exactmetrics_sitenote_note":"","_exactmetrics_sitenote_category":0,"_monsterinsights_skip_tracking":false,"_monsterinsights_sitenote_active":false,"_monsterinsights_sitenote_note":"","_monsterinsights_sitenote_category":0},"pwb-brand":[],"product_brand":[615],"product_cat":[491,544,548,927,693,973],"product_tag":[754,660,701,675],"class_list":{"0":"post-19778","1":"product","2":"type-product","3":"status-publish","4":"has-post-thumbnail","6":"product_brand-kerastase-2","7":"product_cat-kerastase","8":"product_cat-kerastase-haarpflege","9":"product_cat-kerastase-shampoo","10":"product_cat-500ml","11":"product_cat-genesis","12":"product_cat-sondergroesse-500ml","13":"product_tag-anti-haarausfall","14":"product_tag-haarausfall","15":"product_tag-pflegeshampoo","16":"product_tag-shampoo","18":"first","19":"instock","20":"taxable","21":"shipping-taxable","22":"purchasable","23":"product-type-simple"},"yoast_head":"<!-- This site is optimized with the Yoast SEO plugin v24.6 - https:\/\/yoast.com\/wordpress\/plugins\/seo\/ -->\n<title>K\u00e9rastase Genesis Bain Nutri-Fortifiant 500 ml (Shampoo) - Friseur Hopmann Hairstyling<\/title>\n<meta name=\"robots\" content=\"index, follow, max-snippet:-1, max-image-preview:large, max-video-preview:-1\" \/>\n<link rel=\"canonical\" href=\"https:\/\/www.friseur-hopmann.de\/?product=kerastase-genesis-bain-nutri-fortifiant-500-ml-shampoo\" \/>\n<meta property=\"og:locale\" content=\"de_DE\" \/>\n<meta property=\"og:type\" content=\"article\" \/>\n<meta property=\"og:title\" content=\"K\u00e9rastase Genesis Bain Nutri-Fortifiant 500 ml (Shampoo) - Friseur Hopmann Hairstyling\" \/>\n<meta property=\"og:description\" content=\"Das Bain Nutri-Fortifiant ist ein st\u00e4rkendes Anti-Haarverlust Haarbad f\u00fcr kr\u00e4ftiges und\/oder trockenes Haar, das zu Haarverlust durch Haarbruch neigt. Das Haarbad reinigt Kopfhaut und Haar sanft und entfernt Sebum &amp; Verunreinigungen von Kopfhaut und Haar. Es st\u00e4rkt die Haarfaser f\u00fcr intensive Widerstandsf\u00e4higkeit &amp; Glanz und verbessert die K\u00e4mmbarkeit des Haares. Die Kombination von Edelweiss und Ingwerwurzel vermindert das Risiko von Haarverlust durch Haarbruch.    &nbsp;\" \/>\n<meta property=\"og:url\" content=\"https:\/\/www.friseur-hopmann.de\/?product=kerastase-genesis-bain-nutri-fortifiant-500-ml-shampoo\" \/>\n<meta property=\"og:site_name\" content=\"Friseur Hopmann Hairstyling\" \/>\n<meta property=\"article:modified_time\" content=\"2025-04-14T18:34:02+00:00\" \/>\n<meta property=\"og:image\" content=\"http:\/\/www.friseur-hopmann.de\/wp-content\/uploads\/2022\/05\/Bain-Genesis-Nutri-500-ml.jpg\" \/>\n\t<meta property=\"og:image:width\" content=\"500\" \/>\n\t<meta property=\"og:image:height\" content=\"500\" \/>\n\t<meta property=\"og:image:type\" content=\"image\/jpeg\" \/>\n<meta name=\"twitter:card\" content=\"summary_large_image\" \/>\n<meta name=\"twitter:label1\" content=\"Gesch\u00e4tzte Lesezeit\" \/>\n\t<meta name=\"twitter:data1\" content=\"1\u00a0Minute\" \/>\n<script type=\"application\/ld+json\" class=\"yoast-schema-graph\">{\"@context\":\"https:\/\/schema.org\",\"@graph\":[{\"@type\":\"WebPage\",\"@id\":\"https:\/\/www.friseur-hopmann.de\/?product=kerastase-genesis-bain-nutri-fortifiant-500-ml-shampoo\",\"url\":\"https:\/\/www.friseur-hopmann.de\/?product=kerastase-genesis-bain-nutri-fortifiant-500-ml-shampoo\",\"name\":\"K\u00e9rastase Genesis Bain Nutri-Fortifiant 500 ml (Shampoo) - Friseur Hopmann Hairstyling\",\"isPartOf\":{\"@id\":\"https:\/\/www.friseur-hopmann.de\/#website\"},\"primaryImageOfPage\":{\"@id\":\"https:\/\/www.friseur-hopmann.de\/?product=kerastase-genesis-bain-nutri-fortifiant-500-ml-shampoo#primaryimage\"},\"image\":{\"@id\":\"https:\/\/www.friseur-hopmann.de\/?product=kerastase-genesis-bain-nutri-fortifiant-500-ml-shampoo#primaryimage\"},\"thumbnailUrl\":\"https:\/\/www.friseur-hopmann.de\/wp-content\/uploads\/2022\/05\/Bain-Genesis-Nutri-500-ml.jpg\",\"datePublished\":\"2022-05-26T13:30:22+00:00\",\"dateModified\":\"2025-04-14T18:34:02+00:00\",\"breadcrumb\":{\"@id\":\"https:\/\/www.friseur-hopmann.de\/?product=kerastase-genesis-bain-nutri-fortifiant-500-ml-shampoo#breadcrumb\"},\"inLanguage\":\"de\",\"potentialAction\":[{\"@type\":\"ReadAction\",\"target\":[\"https:\/\/www.friseur-hopmann.de\/?product=kerastase-genesis-bain-nutri-fortifiant-500-ml-shampoo\"]}]},{\"@type\":\"ImageObject\",\"inLanguage\":\"de\",\"@id\":\"https:\/\/www.friseur-hopmann.de\/?product=kerastase-genesis-bain-nutri-fortifiant-500-ml-shampoo#primaryimage\",\"url\":\"https:\/\/www.friseur-hopmann.de\/wp-content\/uploads\/2022\/05\/Bain-Genesis-Nutri-500-ml.jpg\",\"contentUrl\":\"https:\/\/www.friseur-hopmann.de\/wp-content\/uploads\/2022\/05\/Bain-Genesis-Nutri-500-ml.jpg\",\"width\":500,\"height\":500},{\"@type\":\"BreadcrumbList\",\"@id\":\"https:\/\/www.friseur-hopmann.de\/?product=kerastase-genesis-bain-nutri-fortifiant-500-ml-shampoo#breadcrumb\",\"itemListElement\":[{\"@type\":\"ListItem\",\"position\":1,\"name\":\"Startseite\",\"item\":\"https:\/\/www.friseur-hopmann.de\/\"},{\"@type\":\"ListItem\",\"position\":2,\"name\":\"Produkte\",\"item\":\"https:\/\/www.friseur-hopmann.de\/?post_type=product\"},{\"@type\":\"ListItem\",\"position\":3,\"name\":\"K\u00e9rastase Genesis Bain Nutri-Fortifiant 500 ml (Shampoo)\"}]},{\"@type\":\"WebSite\",\"@id\":\"https:\/\/www.friseur-hopmann.de\/#website\",\"url\":\"https:\/\/www.friseur-hopmann.de\/\",\"name\":\"Friseur Hopmann Hairstyling\",\"description\":\"Ihr Friseur in Nordhorn\",\"potentialAction\":[{\"@type\":\"SearchAction\",\"target\":{\"@type\":\"EntryPoint\",\"urlTemplate\":\"https:\/\/www.friseur-hopmann.de\/?s={search_term_string}\"},\"query-input\":{\"@type\":\"PropertyValueSpecification\",\"valueRequired\":true,\"valueName\":\"search_term_string\"}}],\"inLanguage\":\"de\"}]}<\/script>\n<!-- \/ Yoast SEO plugin. -->","yoast_head_json":{"title":"K\u00e9rastase Genesis Bain Nutri-Fortifiant 500 ml (Shampoo) - Friseur Hopmann Hairstyling","robots":{"index":"index","follow":"follow","max-snippet":"max-snippet:-1","max-image-preview":"max-image-preview:large","max-video-preview":"max-video-preview:-1"},"canonical":"https:\/\/www.friseur-hopmann.de\/?product=kerastase-genesis-bain-nutri-fortifiant-500-ml-shampoo","og_locale":"de_DE","og_type":"article","og_title":"K\u00e9rastase Genesis Bain Nutri-Fortifiant 500 ml (Shampoo) - Friseur Hopmann Hairstyling","og_description":"Das Bain Nutri-Fortifiant ist ein st\u00e4rkendes Anti-Haarverlust Haarbad f\u00fcr kr\u00e4ftiges und\/oder trockenes Haar, das zu Haarverlust durch Haarbruch neigt. Das Haarbad reinigt Kopfhaut und Haar sanft und entfernt Sebum &amp; Verunreinigungen von Kopfhaut und Haar. Es st\u00e4rkt die Haarfaser f\u00fcr intensive Widerstandsf\u00e4higkeit &amp; Glanz und verbessert die K\u00e4mmbarkeit des Haares. Die Kombination von Edelweiss und Ingwerwurzel vermindert das Risiko von Haarverlust durch Haarbruch.    &nbsp;","og_url":"https:\/\/www.friseur-hopmann.de\/?product=kerastase-genesis-bain-nutri-fortifiant-500-ml-shampoo","og_site_name":"Friseur Hopmann Hairstyling","article_modified_time":"2025-04-14T18:34:02+00:00","og_image":[{"width":500,"height":500,"url":"http:\/\/www.friseur-hopmann.de\/wp-content\/uploads\/2022\/05\/Bain-Genesis-Nutri-500-ml.jpg","type":"image\/jpeg"}],"twitter_card":"summary_large_image","twitter_misc":{"Gesch\u00e4tzte Lesezeit":"1\u00a0Minute"},"schema":{"@context":"https:\/\/schema.org","@graph":[{"@type":"WebPage","@id":"https:\/\/www.friseur-hopmann.de\/?product=kerastase-genesis-bain-nutri-fortifiant-500-ml-shampoo","url":"https:\/\/www.friseur-hopmann.de\/?product=kerastase-genesis-bain-nutri-fortifiant-500-ml-shampoo","name":"K\u00e9rastase Genesis Bain Nutri-Fortifiant 500 ml (Shampoo) - Friseur Hopmann Hairstyling","isPartOf":{"@id":"https:\/\/www.friseur-hopmann.de\/#website"},"primaryImageOfPage":{"@id":"https:\/\/www.friseur-hopmann.de\/?product=kerastase-genesis-bain-nutri-fortifiant-500-ml-shampoo#primaryimage"},"image":{"@id":"https:\/\/www.friseur-hopmann.de\/?product=kerastase-genesis-bain-nutri-fortifiant-500-ml-shampoo#primaryimage"},"thumbnailUrl":"https:\/\/www.friseur-hopmann.de\/wp-content\/uploads\/2022\/05\/Bain-Genesis-Nutri-500-ml.jpg","datePublished":"2022-05-26T13:30:22+00:00","dateModified":"2025-04-14T18:34:02+00:00","breadcrumb":{"@id":"https:\/\/www.friseur-hopmann.de\/?product=kerastase-genesis-bain-nutri-fortifiant-500-ml-shampoo#breadcrumb"},"inLanguage":"de","potentialAction":[{"@type":"ReadAction","target":["https:\/\/www.friseur-hopmann.de\/?product=kerastase-genesis-bain-nutri-fortifiant-500-ml-shampoo"]}]},{"@type":"ImageObject","inLanguage":"de","@id":"https:\/\/www.friseur-hopmann.de\/?product=kerastase-genesis-bain-nutri-fortifiant-500-ml-shampoo#primaryimage","url":"https:\/\/www.friseur-hopmann.de\/wp-content\/uploads\/2022\/05\/Bain-Genesis-Nutri-500-ml.jpg","contentUrl":"https:\/\/www.friseur-hopmann.de\/wp-content\/uploads\/2022\/05\/Bain-Genesis-Nutri-500-ml.jpg","width":500,"height":500},{"@type":"BreadcrumbList","@id":"https:\/\/www.friseur-hopmann.de\/?product=kerastase-genesis-bain-nutri-fortifiant-500-ml-shampoo#breadcrumb","itemListElement":[{"@type":"ListItem","position":1,"name":"Startseite","item":"https:\/\/www.friseur-hopmann.de\/"},{"@type":"ListItem","position":2,"name":"Produkte","item":"https:\/\/www.friseur-hopmann.de\/?post_type=product"},{"@type":"ListItem","position":3,"name":"K\u00e9rastase Genesis Bain Nutri-Fortifiant 500 ml (Shampoo)"}]},{"@type":"WebSite","@id":"https:\/\/www.friseur-hopmann.de\/#website","url":"https:\/\/www.friseur-hopmann.de\/","name":"Friseur Hopmann Hairstyling","description":"Ihr Friseur in Nordhorn","potentialAction":[{"@type":"SearchAction","target":{"@type":"EntryPoint","urlTemplate":"https:\/\/www.friseur-hopmann.de\/?s={search_term_string}"},"query-input":{"@type":"PropertyValueSpecification","valueRequired":true,"valueName":"search_term_string"}}],"inLanguage":"de"}]}},"brands":[],"_links":{"self":[{"href":"https:\/\/www.friseur-hopmann.de\/index.php?rest_route=\/wp\/v2\/product\/19778","targetHints":{"allow":["GET"]}}],"collection":[{"href":"https:\/\/www.friseur-hopmann.de\/index.php?rest_route=\/wp\/v2\/product"}],"about":[{"href":"https:\/\/www.friseur-hopmann.de\/index.php?rest_route=\/wp\/v2\/types\/product"}],"replies":[{"embeddable":true,"href":"https:\/\/www.friseur-hopmann.de\/index.php?rest_route=%2Fwp%2Fv2%2Fcomments&post=19778"}],"wp:featuredmedia":[{"embeddable":true,"href":"https:\/\/www.friseur-hopmann.de\/index.php?rest_route=\/wp\/v2\/media\/19779"}],"wp:attachment":[{"href":"https:\/\/www.friseur-hopmann.de\/index.php?rest_route=%2Fwp%2Fv2%2Fmedia&parent=19778"}],"wp:term":[{"taxonomy":"pwb-brand","embeddable":true,"href":"https:\/\/www.friseur-hopmann.de\/index.php?rest_route=%2Fwp%2Fv2%2Fpwb-brand&post=19778"},{"taxonomy":"product_brand","embeddable":true,"href":"https:\/\/www.friseur-hopmann.de\/index.php?rest_route=%2Fwp%2Fv2%2Fproduct_brand&post=19778"},{"taxonomy":"product_cat","embeddable":true,"href":"https:\/\/www.friseur-hopmann.de\/index.php?rest_route=%2Fwp%2Fv2%2Fproduct_cat&post=19778"},{"taxonomy":"product_tag","embeddable":true,"href":"https:\/\/www.friseur-hopmann.de\/index.php?rest_route=%2Fwp%2Fv2%2Fproduct_tag&post=19778"}],"curies":[{"name":"wp","href":"https:\/\/api.w.org\/{rel}","templated":true}]}}