{"id":19776,"date":"2022-05-26T15:12:41","date_gmt":"2022-05-26T13:12:41","guid":{"rendered":"http:\/\/www.friseur-hopmann.de\/?post_type=product&#038;p=19776"},"modified":"2026-01-18T15:18:53","modified_gmt":"2026-01-18T13:18:53","slug":"kerastase-genesis-homme-cire-depaisseur-texturisante-75-ml-matt-wax","status":"publish","type":"product","link":"https:\/\/www.friseur-hopmann.de\/?product=kerastase-genesis-homme-cire-depaisseur-texturisante-75-ml-matt-wax","title":{"rendered":"K\u00e9rastase Genesis Homme Cire D&#8217;\u00c9paisseur Texturisante 75 ml (Matt-Wax)"},"content":{"rendered":"<h2>K\u00e9rastase Genesis Homme Cire D&#8217;\u00c9paisseur Texturisante 75 ml<\/h2>\n<p>Die\u00a0<strong>K\u00e9rastase Genesis Homme Cire D&#8217;\u00c9paisseur Texturisante (Matt-Wax)<\/strong> sorgt f\u00fcr einen flexiblen bis mittelstarken Halt mit einem matten Finish. Das Haar wird nicht beschwert und bekommt 5 mal mehr volleres Haar bei der Anwendung mit dem Bain de Masse (Genesis Homme Shampoo).<\/p>\n<h2>Eigenschaften der\u00a0K\u00e9rastase Genesis Homme Cire D&#8217;\u00c9paisseur Texturisante<\/h2>\n<ul>\n<li>St\u00e4rkt die Haarfaser f\u00fcr ein volleres Haargef\u00fchl<\/li>\n<li>Flexibler bis mittelstarker Halt<\/li>\n<li>Mattes Finish<\/li>\n<li>Beschwert nicht<\/li>\n<li>5x volleres Haar bei der Anwendung mit dem Bain de Masse (Genesis Homme Shampoo)<\/li>\n<li>+70% dickeres Haar bei der Anwendung mit dem Bain de Masse (Genesis Homme Shampoo)<\/li>\n<li>Creatin + Ingwerwurzel<\/li>\n<\/ul>\n<h3>Anwendung der\u00a0K\u00e9rastase Genesis Homme Cire D&#8217;\u00c9paisseur Texturisante<\/h3>\n<p>Gleichm\u00e4\u00dfig im Haar einarbeiten. Wie gew\u00fcnscht stylen.<\/p>\n<p><strong>Hinweis<\/strong>:\u00a0bei Kontakt mit den Augen sofort gr\u00fcndlich mit Wasser sp\u00fclen.<\/p>\n<p><strong>Inhalt: 75 ml<\/strong><\/p>\n","protected":false},"excerpt":{"rendered":"<p>Die\u00a0<strong>K\u00e9rastase Genesis Homme Cire D&#8217;\u00c9paisseur Texturisante (Matt-Wax)<\/strong> sorgt f\u00fcr einen flexiblen bis mittelstarken Halt mit einem matten Finish. Das Haar wird nicht beschwert und bekommt optisch 5 mal mehr volleres Haar bei der Anwendung mit dem Bain de Masse (Genesis Homme Shampoo).<\/p>\n","protected":false},"featured_media":19777,"comment_status":"closed","ping_status":"closed","template":"","meta":{"_exactmetrics_skip_tracking":false,"_exactmetrics_sitenote_active":false,"_exactmetrics_sitenote_note":"","_exactmetrics_sitenote_category":0,"_monsterinsights_skip_tracking":false,"_monsterinsights_sitenote_active":false,"_monsterinsights_sitenote_note":"","_monsterinsights_sitenote_category":0},"pwb-brand":[],"product_brand":[],"product_cat":[491,546,506,693,967],"product_tag":[951,950,953,949,952],"class_list":{"0":"post-19776","1":"product","2":"type-product","3":"status-publish","4":"has-post-thumbnail","6":"product_cat-kerastase","7":"product_cat-kerastase-modelling-paste","8":"product_cat-redken-all-soft-mega","9":"product_cat-genesis","10":"product_cat-genesis-homme","11":"product_tag-finishprodukt","12":"product_tag-haarwax","13":"product_tag-mattes-styling","14":"product_tag-mattwax","15":"product_tag-wax","17":"first","18":"instock","19":"taxable","20":"shipping-taxable","21":"purchasable","22":"product-type-simple"},"yoast_head":"<!-- This site is optimized with the Yoast SEO plugin v24.6 - https:\/\/yoast.com\/wordpress\/plugins\/seo\/ -->\n<title>K\u00e9rastase Genesis Homme Cire D&#039;\u00c9paisseur Texturisante 75 ml (Matt-Wax) - Friseur Hopmann Hairstyling<\/title>\n<meta name=\"robots\" content=\"index, follow, max-snippet:-1, max-image-preview:large, max-video-preview:-1\" \/>\n<link rel=\"canonical\" href=\"https:\/\/www.friseur-hopmann.de\/?product=kerastase-genesis-homme-cire-depaisseur-texturisante-75-ml-matt-wax\" \/>\n<meta property=\"og:locale\" content=\"de_DE\" \/>\n<meta property=\"og:type\" content=\"article\" \/>\n<meta property=\"og:title\" content=\"K\u00e9rastase Genesis Homme Cire D&#039;\u00c9paisseur Texturisante 75 ml (Matt-Wax) - Friseur Hopmann Hairstyling\" \/>\n<meta property=\"og:description\" content=\"Die\u00a0K\u00e9rastase Genesis Homme Cire D&#039;\u00c9paisseur Texturisante (Matt-Wax) sorgt f\u00fcr einen flexiblen bis mittelstarken Halt mit einem matten Finish. Das Haar wird nicht beschwert und bekommt optisch 5 mal mehr volleres Haar bei der Anwendung mit dem Bain de Masse (Genesis Homme Shampoo).\" \/>\n<meta property=\"og:url\" content=\"https:\/\/www.friseur-hopmann.de\/?product=kerastase-genesis-homme-cire-depaisseur-texturisante-75-ml-matt-wax\" \/>\n<meta property=\"og:site_name\" content=\"Friseur Hopmann Hairstyling\" \/>\n<meta property=\"article:modified_time\" content=\"2026-01-18T13:18:53+00:00\" \/>\n<meta property=\"og:image\" content=\"http:\/\/www.friseur-hopmann.de\/wp-content\/uploads\/2022\/05\/Genesis-Homme-Textur-75ml.jpg\" \/>\n\t<meta property=\"og:image:width\" content=\"500\" \/>\n\t<meta property=\"og:image:height\" content=\"500\" \/>\n\t<meta property=\"og:image:type\" content=\"image\/jpeg\" \/>\n<meta name=\"twitter:card\" content=\"summary_large_image\" \/>\n<meta name=\"twitter:label1\" content=\"Gesch\u00e4tzte Lesezeit\" \/>\n\t<meta name=\"twitter:data1\" content=\"1\u00a0Minute\" \/>\n<script type=\"application\/ld+json\" class=\"yoast-schema-graph\">{\"@context\":\"https:\/\/schema.org\",\"@graph\":[{\"@type\":\"WebPage\",\"@id\":\"https:\/\/www.friseur-hopmann.de\/?product=kerastase-genesis-homme-cire-depaisseur-texturisante-75-ml-matt-wax\",\"url\":\"https:\/\/www.friseur-hopmann.de\/?product=kerastase-genesis-homme-cire-depaisseur-texturisante-75-ml-matt-wax\",\"name\":\"K\u00e9rastase Genesis Homme Cire D'\u00c9paisseur Texturisante 75 ml (Matt-Wax) - Friseur Hopmann Hairstyling\",\"isPartOf\":{\"@id\":\"https:\/\/www.friseur-hopmann.de\/#website\"},\"primaryImageOfPage\":{\"@id\":\"https:\/\/www.friseur-hopmann.de\/?product=kerastase-genesis-homme-cire-depaisseur-texturisante-75-ml-matt-wax#primaryimage\"},\"image\":{\"@id\":\"https:\/\/www.friseur-hopmann.de\/?product=kerastase-genesis-homme-cire-depaisseur-texturisante-75-ml-matt-wax#primaryimage\"},\"thumbnailUrl\":\"https:\/\/www.friseur-hopmann.de\/wp-content\/uploads\/2022\/05\/Genesis-Homme-Textur-75ml.jpg\",\"datePublished\":\"2022-05-26T13:12:41+00:00\",\"dateModified\":\"2026-01-18T13:18:53+00:00\",\"breadcrumb\":{\"@id\":\"https:\/\/www.friseur-hopmann.de\/?product=kerastase-genesis-homme-cire-depaisseur-texturisante-75-ml-matt-wax#breadcrumb\"},\"inLanguage\":\"de\",\"potentialAction\":[{\"@type\":\"ReadAction\",\"target\":[\"https:\/\/www.friseur-hopmann.de\/?product=kerastase-genesis-homme-cire-depaisseur-texturisante-75-ml-matt-wax\"]}]},{\"@type\":\"ImageObject\",\"inLanguage\":\"de\",\"@id\":\"https:\/\/www.friseur-hopmann.de\/?product=kerastase-genesis-homme-cire-depaisseur-texturisante-75-ml-matt-wax#primaryimage\",\"url\":\"https:\/\/www.friseur-hopmann.de\/wp-content\/uploads\/2022\/05\/Genesis-Homme-Textur-75ml.jpg\",\"contentUrl\":\"https:\/\/www.friseur-hopmann.de\/wp-content\/uploads\/2022\/05\/Genesis-Homme-Textur-75ml.jpg\",\"width\":500,\"height\":500},{\"@type\":\"BreadcrumbList\",\"@id\":\"https:\/\/www.friseur-hopmann.de\/?product=kerastase-genesis-homme-cire-depaisseur-texturisante-75-ml-matt-wax#breadcrumb\",\"itemListElement\":[{\"@type\":\"ListItem\",\"position\":1,\"name\":\"Startseite\",\"item\":\"https:\/\/www.friseur-hopmann.de\/\"},{\"@type\":\"ListItem\",\"position\":2,\"name\":\"Produkte\",\"item\":\"https:\/\/www.friseur-hopmann.de\/?post_type=product\"},{\"@type\":\"ListItem\",\"position\":3,\"name\":\"K\u00e9rastase Genesis Homme Cire D&#8217;\u00c9paisseur Texturisante 75 ml (Matt-Wax)\"}]},{\"@type\":\"WebSite\",\"@id\":\"https:\/\/www.friseur-hopmann.de\/#website\",\"url\":\"https:\/\/www.friseur-hopmann.de\/\",\"name\":\"Friseur Hopmann Hairstyling\",\"description\":\"Ihr Friseur in Nordhorn\",\"potentialAction\":[{\"@type\":\"SearchAction\",\"target\":{\"@type\":\"EntryPoint\",\"urlTemplate\":\"https:\/\/www.friseur-hopmann.de\/?s={search_term_string}\"},\"query-input\":{\"@type\":\"PropertyValueSpecification\",\"valueRequired\":true,\"valueName\":\"search_term_string\"}}],\"inLanguage\":\"de\"}]}<\/script>\n<!-- \/ Yoast SEO plugin. -->","yoast_head_json":{"title":"K\u00e9rastase Genesis Homme Cire D'\u00c9paisseur Texturisante 75 ml (Matt-Wax) - Friseur Hopmann Hairstyling","robots":{"index":"index","follow":"follow","max-snippet":"max-snippet:-1","max-image-preview":"max-image-preview:large","max-video-preview":"max-video-preview:-1"},"canonical":"https:\/\/www.friseur-hopmann.de\/?product=kerastase-genesis-homme-cire-depaisseur-texturisante-75-ml-matt-wax","og_locale":"de_DE","og_type":"article","og_title":"K\u00e9rastase Genesis Homme Cire D'\u00c9paisseur Texturisante 75 ml (Matt-Wax) - Friseur Hopmann Hairstyling","og_description":"Die\u00a0K\u00e9rastase Genesis Homme Cire D'\u00c9paisseur Texturisante (Matt-Wax) sorgt f\u00fcr einen flexiblen bis mittelstarken Halt mit einem matten Finish. Das Haar wird nicht beschwert und bekommt optisch 5 mal mehr volleres Haar bei der Anwendung mit dem Bain de Masse (Genesis Homme Shampoo).","og_url":"https:\/\/www.friseur-hopmann.de\/?product=kerastase-genesis-homme-cire-depaisseur-texturisante-75-ml-matt-wax","og_site_name":"Friseur Hopmann Hairstyling","article_modified_time":"2026-01-18T13:18:53+00:00","og_image":[{"width":500,"height":500,"url":"http:\/\/www.friseur-hopmann.de\/wp-content\/uploads\/2022\/05\/Genesis-Homme-Textur-75ml.jpg","type":"image\/jpeg"}],"twitter_card":"summary_large_image","twitter_misc":{"Gesch\u00e4tzte Lesezeit":"1\u00a0Minute"},"schema":{"@context":"https:\/\/schema.org","@graph":[{"@type":"WebPage","@id":"https:\/\/www.friseur-hopmann.de\/?product=kerastase-genesis-homme-cire-depaisseur-texturisante-75-ml-matt-wax","url":"https:\/\/www.friseur-hopmann.de\/?product=kerastase-genesis-homme-cire-depaisseur-texturisante-75-ml-matt-wax","name":"K\u00e9rastase Genesis Homme Cire D'\u00c9paisseur Texturisante 75 ml (Matt-Wax) - Friseur Hopmann Hairstyling","isPartOf":{"@id":"https:\/\/www.friseur-hopmann.de\/#website"},"primaryImageOfPage":{"@id":"https:\/\/www.friseur-hopmann.de\/?product=kerastase-genesis-homme-cire-depaisseur-texturisante-75-ml-matt-wax#primaryimage"},"image":{"@id":"https:\/\/www.friseur-hopmann.de\/?product=kerastase-genesis-homme-cire-depaisseur-texturisante-75-ml-matt-wax#primaryimage"},"thumbnailUrl":"https:\/\/www.friseur-hopmann.de\/wp-content\/uploads\/2022\/05\/Genesis-Homme-Textur-75ml.jpg","datePublished":"2022-05-26T13:12:41+00:00","dateModified":"2026-01-18T13:18:53+00:00","breadcrumb":{"@id":"https:\/\/www.friseur-hopmann.de\/?product=kerastase-genesis-homme-cire-depaisseur-texturisante-75-ml-matt-wax#breadcrumb"},"inLanguage":"de","potentialAction":[{"@type":"ReadAction","target":["https:\/\/www.friseur-hopmann.de\/?product=kerastase-genesis-homme-cire-depaisseur-texturisante-75-ml-matt-wax"]}]},{"@type":"ImageObject","inLanguage":"de","@id":"https:\/\/www.friseur-hopmann.de\/?product=kerastase-genesis-homme-cire-depaisseur-texturisante-75-ml-matt-wax#primaryimage","url":"https:\/\/www.friseur-hopmann.de\/wp-content\/uploads\/2022\/05\/Genesis-Homme-Textur-75ml.jpg","contentUrl":"https:\/\/www.friseur-hopmann.de\/wp-content\/uploads\/2022\/05\/Genesis-Homme-Textur-75ml.jpg","width":500,"height":500},{"@type":"BreadcrumbList","@id":"https:\/\/www.friseur-hopmann.de\/?product=kerastase-genesis-homme-cire-depaisseur-texturisante-75-ml-matt-wax#breadcrumb","itemListElement":[{"@type":"ListItem","position":1,"name":"Startseite","item":"https:\/\/www.friseur-hopmann.de\/"},{"@type":"ListItem","position":2,"name":"Produkte","item":"https:\/\/www.friseur-hopmann.de\/?post_type=product"},{"@type":"ListItem","position":3,"name":"K\u00e9rastase Genesis Homme Cire D&#8217;\u00c9paisseur Texturisante 75 ml (Matt-Wax)"}]},{"@type":"WebSite","@id":"https:\/\/www.friseur-hopmann.de\/#website","url":"https:\/\/www.friseur-hopmann.de\/","name":"Friseur Hopmann Hairstyling","description":"Ihr Friseur in Nordhorn","potentialAction":[{"@type":"SearchAction","target":{"@type":"EntryPoint","urlTemplate":"https:\/\/www.friseur-hopmann.de\/?s={search_term_string}"},"query-input":{"@type":"PropertyValueSpecification","valueRequired":true,"valueName":"search_term_string"}}],"inLanguage":"de"}]}},"brands":[],"_links":{"self":[{"href":"https:\/\/www.friseur-hopmann.de\/index.php?rest_route=\/wp\/v2\/product\/19776","targetHints":{"allow":["GET"]}}],"collection":[{"href":"https:\/\/www.friseur-hopmann.de\/index.php?rest_route=\/wp\/v2\/product"}],"about":[{"href":"https:\/\/www.friseur-hopmann.de\/index.php?rest_route=\/wp\/v2\/types\/product"}],"replies":[{"embeddable":true,"href":"https:\/\/www.friseur-hopmann.de\/index.php?rest_route=%2Fwp%2Fv2%2Fcomments&post=19776"}],"wp:featuredmedia":[{"embeddable":true,"href":"https:\/\/www.friseur-hopmann.de\/index.php?rest_route=\/wp\/v2\/media\/19777"}],"wp:attachment":[{"href":"https:\/\/www.friseur-hopmann.de\/index.php?rest_route=%2Fwp%2Fv2%2Fmedia&parent=19776"}],"wp:term":[{"taxonomy":"pwb-brand","embeddable":true,"href":"https:\/\/www.friseur-hopmann.de\/index.php?rest_route=%2Fwp%2Fv2%2Fpwb-brand&post=19776"},{"taxonomy":"product_brand","embeddable":true,"href":"https:\/\/www.friseur-hopmann.de\/index.php?rest_route=%2Fwp%2Fv2%2Fproduct_brand&post=19776"},{"taxonomy":"product_cat","embeddable":true,"href":"https:\/\/www.friseur-hopmann.de\/index.php?rest_route=%2Fwp%2Fv2%2Fproduct_cat&post=19776"},{"taxonomy":"product_tag","embeddable":true,"href":"https:\/\/www.friseur-hopmann.de\/index.php?rest_route=%2Fwp%2Fv2%2Fproduct_tag&post=19776"}],"curies":[{"name":"wp","href":"https:\/\/api.w.org\/{rel}","templated":true}]}}