{"id":19774,"date":"2022-05-26T15:02:36","date_gmt":"2022-05-26T13:02:36","guid":{"rendered":"http:\/\/www.friseur-hopmann.de\/?post_type=product&#038;p=19774"},"modified":"2026-01-18T15:19:09","modified_gmt":"2026-01-18T13:19:09","slug":"kerastase-genesis-homme-spray-de-force-epaississant-150-ml-strukturspray","status":"publish","type":"product","link":"https:\/\/www.friseur-hopmann.de\/?product=kerastase-genesis-homme-spray-de-force-epaississant-150-ml-strukturspray","title":{"rendered":"K\u00e9rastase Genesis Homme Spray de Force \u00c9paississant 150 ml (Strukturspray)"},"content":{"rendered":"<div class=\"std col-lg-8 col-lg-offset-2 col-md-10 col-md-offset-1\">\n<h2>K\u00e9rastase Genesis Homme Spray de Force \u00c9paississant 150 ml<\/h2>\n<p>Das\u00a0<strong>K\u00e9rastase Genesis Homme Spray de Force \u00c9paississant<\/strong> \u00a0Sorgt f\u00fcr sofortiges Volumen f\u00fcr bis zu 24 Stunden und Textureffekt. Geschw\u00e4chtes Haar bekommt eine leichte Textur, die das Haar nicht beschwert. 25% mehr festeres Haargef\u00fchl schon nach der ersten Anwendung.<\/p>\n<h2>Eigenschaften des\u00a0K\u00e9rastase Genesis Homme Spray de Force \u00c9paississant<\/h2>\n<ul>\n<li>St\u00e4rkt die Haarfaser f\u00fcr ein volleres Haargef\u00fchl<\/li>\n<li>F\u00fcr sofortiges Volumen bis zu 24 Stunden mit Textur-Effekt<\/li>\n<li>Leichte Textur, die nicht beschwert<\/li>\n<li>+25% dickeres Haar nach einer Anwendung<\/li>\n<li>Creatin + Ingwerwurzel<\/li>\n<\/ul>\n<h3>Anwendung des\u00a0K\u00e9rastase Genesis Homme Spray de Force \u00c9paississant<\/h3>\n<p>Auf handtuchtrockene L\u00e4ngen und Spitzen gleichm\u00e4\u00dfig auftragen. Danach wie gewohnt f\u00f6hnen.<\/p>\n<p><strong>Hinweis.<\/strong> bei Kontakt mit den Augen sofort gr\u00fcndlich mit Wasser sp\u00fclen.<\/p>\n<p><strong>Inhalt: 150 ml<\/strong><\/p>\n<p>&nbsp;<\/p>\n<\/div>\n","protected":false},"excerpt":{"rendered":"<p>Das\u00a0<strong>K\u00e9rastase Genesis Homme Spray de Force \u00c9paississant<\/strong> \u00a0Sorgt f\u00fcr sofortiges Volumen f\u00fcr bis zu 24 Stunden und Textureffekt. Geschw\u00e4chtes Haar bekommt eine leichte Textur, die das Haar nicht beschwert. 25% mehr festeres Haargef\u00fchl schon nach der ersten Anwendung<\/p>\n","protected":false},"featured_media":19775,"comment_status":"closed","ping_status":"closed","template":"","meta":{"_exactmetrics_skip_tracking":false,"_exactmetrics_sitenote_active":false,"_exactmetrics_sitenote_note":"","_exactmetrics_sitenote_category":0,"_monsterinsights_skip_tracking":false,"_monsterinsights_sitenote_active":false,"_monsterinsights_sitenote_note":"","_monsterinsights_sitenote_category":0},"pwb-brand":[],"product_brand":[],"product_cat":[491,550,547,693,967],"product_tag":[929,947,948,946],"class_list":{"0":"post-19774","1":"product","2":"type-product","3":"status-publish","4":"has-post-thumbnail","6":"product_cat-kerastase","7":"product_cat-kerastase-haarausfall","8":"product_cat-kerastase-pflegelotion","9":"product_cat-genesis","10":"product_cat-genesis-homme","11":"product_tag-haarfestigkeit","12":"product_tag-haarsubstanz","13":"product_tag-mehr-haare","14":"product_tag-stukturspray","16":"first","17":"instock","18":"taxable","19":"shipping-taxable","20":"purchasable","21":"product-type-simple"},"yoast_head":"<!-- This site is optimized with the Yoast SEO plugin v24.6 - https:\/\/yoast.com\/wordpress\/plugins\/seo\/ -->\n<title>K\u00e9rastase Genesis Homme Spray de Force \u00c9paississant 150 ml (Strukturspray) - Friseur Hopmann Hairstyling<\/title>\n<meta name=\"robots\" content=\"index, follow, max-snippet:-1, max-image-preview:large, max-video-preview:-1\" \/>\n<link rel=\"canonical\" href=\"https:\/\/www.friseur-hopmann.de\/?product=kerastase-genesis-homme-spray-de-force-epaississant-150-ml-strukturspray\" \/>\n<meta property=\"og:locale\" content=\"de_DE\" \/>\n<meta property=\"og:type\" content=\"article\" \/>\n<meta property=\"og:title\" content=\"K\u00e9rastase Genesis Homme Spray de Force \u00c9paississant 150 ml (Strukturspray) - Friseur Hopmann Hairstyling\" \/>\n<meta property=\"og:description\" content=\"Das\u00a0K\u00e9rastase Genesis Homme Spray de Force \u00c9paississant \u00a0Sorgt f\u00fcr sofortiges Volumen f\u00fcr bis zu 24 Stunden und Textureffekt. Geschw\u00e4chtes Haar bekommt eine leichte Textur, die das Haar nicht beschwert. 25% mehr festeres Haargef\u00fchl schon nach der ersten Anwendung\" \/>\n<meta property=\"og:url\" content=\"https:\/\/www.friseur-hopmann.de\/?product=kerastase-genesis-homme-spray-de-force-epaississant-150-ml-strukturspray\" \/>\n<meta property=\"og:site_name\" content=\"Friseur Hopmann Hairstyling\" \/>\n<meta property=\"article:modified_time\" content=\"2026-01-18T13:19:09+00:00\" \/>\n<meta property=\"og:image\" content=\"http:\/\/www.friseur-hopmann.de\/wp-content\/uploads\/2022\/05\/Genesis-homme-spray-de-Force-150ml.jpg\" \/>\n\t<meta property=\"og:image:width\" content=\"500\" \/>\n\t<meta property=\"og:image:height\" content=\"500\" \/>\n\t<meta property=\"og:image:type\" content=\"image\/jpeg\" \/>\n<meta name=\"twitter:card\" content=\"summary_large_image\" \/>\n<meta name=\"twitter:label1\" content=\"Gesch\u00e4tzte Lesezeit\" \/>\n\t<meta name=\"twitter:data1\" content=\"1\u00a0Minute\" \/>\n<script type=\"application\/ld+json\" class=\"yoast-schema-graph\">{\"@context\":\"https:\/\/schema.org\",\"@graph\":[{\"@type\":\"WebPage\",\"@id\":\"https:\/\/www.friseur-hopmann.de\/?product=kerastase-genesis-homme-spray-de-force-epaississant-150-ml-strukturspray\",\"url\":\"https:\/\/www.friseur-hopmann.de\/?product=kerastase-genesis-homme-spray-de-force-epaississant-150-ml-strukturspray\",\"name\":\"K\u00e9rastase Genesis Homme Spray de Force \u00c9paississant 150 ml (Strukturspray) - Friseur Hopmann Hairstyling\",\"isPartOf\":{\"@id\":\"https:\/\/www.friseur-hopmann.de\/#website\"},\"primaryImageOfPage\":{\"@id\":\"https:\/\/www.friseur-hopmann.de\/?product=kerastase-genesis-homme-spray-de-force-epaississant-150-ml-strukturspray#primaryimage\"},\"image\":{\"@id\":\"https:\/\/www.friseur-hopmann.de\/?product=kerastase-genesis-homme-spray-de-force-epaississant-150-ml-strukturspray#primaryimage\"},\"thumbnailUrl\":\"https:\/\/www.friseur-hopmann.de\/wp-content\/uploads\/2022\/05\/Genesis-homme-spray-de-Force-150ml.jpg\",\"datePublished\":\"2022-05-26T13:02:36+00:00\",\"dateModified\":\"2026-01-18T13:19:09+00:00\",\"breadcrumb\":{\"@id\":\"https:\/\/www.friseur-hopmann.de\/?product=kerastase-genesis-homme-spray-de-force-epaississant-150-ml-strukturspray#breadcrumb\"},\"inLanguage\":\"de\",\"potentialAction\":[{\"@type\":\"ReadAction\",\"target\":[\"https:\/\/www.friseur-hopmann.de\/?product=kerastase-genesis-homme-spray-de-force-epaississant-150-ml-strukturspray\"]}]},{\"@type\":\"ImageObject\",\"inLanguage\":\"de\",\"@id\":\"https:\/\/www.friseur-hopmann.de\/?product=kerastase-genesis-homme-spray-de-force-epaississant-150-ml-strukturspray#primaryimage\",\"url\":\"https:\/\/www.friseur-hopmann.de\/wp-content\/uploads\/2022\/05\/Genesis-homme-spray-de-Force-150ml.jpg\",\"contentUrl\":\"https:\/\/www.friseur-hopmann.de\/wp-content\/uploads\/2022\/05\/Genesis-homme-spray-de-Force-150ml.jpg\",\"width\":500,\"height\":500},{\"@type\":\"BreadcrumbList\",\"@id\":\"https:\/\/www.friseur-hopmann.de\/?product=kerastase-genesis-homme-spray-de-force-epaississant-150-ml-strukturspray#breadcrumb\",\"itemListElement\":[{\"@type\":\"ListItem\",\"position\":1,\"name\":\"Startseite\",\"item\":\"https:\/\/www.friseur-hopmann.de\/\"},{\"@type\":\"ListItem\",\"position\":2,\"name\":\"Produkte\",\"item\":\"https:\/\/www.friseur-hopmann.de\/?post_type=product\"},{\"@type\":\"ListItem\",\"position\":3,\"name\":\"K\u00e9rastase Genesis Homme Spray de Force \u00c9paississant 150 ml (Strukturspray)\"}]},{\"@type\":\"WebSite\",\"@id\":\"https:\/\/www.friseur-hopmann.de\/#website\",\"url\":\"https:\/\/www.friseur-hopmann.de\/\",\"name\":\"Friseur Hopmann Hairstyling\",\"description\":\"Ihr Friseur in Nordhorn\",\"potentialAction\":[{\"@type\":\"SearchAction\",\"target\":{\"@type\":\"EntryPoint\",\"urlTemplate\":\"https:\/\/www.friseur-hopmann.de\/?s={search_term_string}\"},\"query-input\":{\"@type\":\"PropertyValueSpecification\",\"valueRequired\":true,\"valueName\":\"search_term_string\"}}],\"inLanguage\":\"de\"}]}<\/script>\n<!-- \/ Yoast SEO plugin. -->","yoast_head_json":{"title":"K\u00e9rastase Genesis Homme Spray de Force \u00c9paississant 150 ml (Strukturspray) - Friseur Hopmann Hairstyling","robots":{"index":"index","follow":"follow","max-snippet":"max-snippet:-1","max-image-preview":"max-image-preview:large","max-video-preview":"max-video-preview:-1"},"canonical":"https:\/\/www.friseur-hopmann.de\/?product=kerastase-genesis-homme-spray-de-force-epaississant-150-ml-strukturspray","og_locale":"de_DE","og_type":"article","og_title":"K\u00e9rastase Genesis Homme Spray de Force \u00c9paississant 150 ml (Strukturspray) - Friseur Hopmann Hairstyling","og_description":"Das\u00a0K\u00e9rastase Genesis Homme Spray de Force \u00c9paississant \u00a0Sorgt f\u00fcr sofortiges Volumen f\u00fcr bis zu 24 Stunden und Textureffekt. Geschw\u00e4chtes Haar bekommt eine leichte Textur, die das Haar nicht beschwert. 25% mehr festeres Haargef\u00fchl schon nach der ersten Anwendung","og_url":"https:\/\/www.friseur-hopmann.de\/?product=kerastase-genesis-homme-spray-de-force-epaississant-150-ml-strukturspray","og_site_name":"Friseur Hopmann Hairstyling","article_modified_time":"2026-01-18T13:19:09+00:00","og_image":[{"width":500,"height":500,"url":"http:\/\/www.friseur-hopmann.de\/wp-content\/uploads\/2022\/05\/Genesis-homme-spray-de-Force-150ml.jpg","type":"image\/jpeg"}],"twitter_card":"summary_large_image","twitter_misc":{"Gesch\u00e4tzte Lesezeit":"1\u00a0Minute"},"schema":{"@context":"https:\/\/schema.org","@graph":[{"@type":"WebPage","@id":"https:\/\/www.friseur-hopmann.de\/?product=kerastase-genesis-homme-spray-de-force-epaississant-150-ml-strukturspray","url":"https:\/\/www.friseur-hopmann.de\/?product=kerastase-genesis-homme-spray-de-force-epaississant-150-ml-strukturspray","name":"K\u00e9rastase Genesis Homme Spray de Force \u00c9paississant 150 ml (Strukturspray) - Friseur Hopmann Hairstyling","isPartOf":{"@id":"https:\/\/www.friseur-hopmann.de\/#website"},"primaryImageOfPage":{"@id":"https:\/\/www.friseur-hopmann.de\/?product=kerastase-genesis-homme-spray-de-force-epaississant-150-ml-strukturspray#primaryimage"},"image":{"@id":"https:\/\/www.friseur-hopmann.de\/?product=kerastase-genesis-homme-spray-de-force-epaississant-150-ml-strukturspray#primaryimage"},"thumbnailUrl":"https:\/\/www.friseur-hopmann.de\/wp-content\/uploads\/2022\/05\/Genesis-homme-spray-de-Force-150ml.jpg","datePublished":"2022-05-26T13:02:36+00:00","dateModified":"2026-01-18T13:19:09+00:00","breadcrumb":{"@id":"https:\/\/www.friseur-hopmann.de\/?product=kerastase-genesis-homme-spray-de-force-epaississant-150-ml-strukturspray#breadcrumb"},"inLanguage":"de","potentialAction":[{"@type":"ReadAction","target":["https:\/\/www.friseur-hopmann.de\/?product=kerastase-genesis-homme-spray-de-force-epaississant-150-ml-strukturspray"]}]},{"@type":"ImageObject","inLanguage":"de","@id":"https:\/\/www.friseur-hopmann.de\/?product=kerastase-genesis-homme-spray-de-force-epaississant-150-ml-strukturspray#primaryimage","url":"https:\/\/www.friseur-hopmann.de\/wp-content\/uploads\/2022\/05\/Genesis-homme-spray-de-Force-150ml.jpg","contentUrl":"https:\/\/www.friseur-hopmann.de\/wp-content\/uploads\/2022\/05\/Genesis-homme-spray-de-Force-150ml.jpg","width":500,"height":500},{"@type":"BreadcrumbList","@id":"https:\/\/www.friseur-hopmann.de\/?product=kerastase-genesis-homme-spray-de-force-epaississant-150-ml-strukturspray#breadcrumb","itemListElement":[{"@type":"ListItem","position":1,"name":"Startseite","item":"https:\/\/www.friseur-hopmann.de\/"},{"@type":"ListItem","position":2,"name":"Produkte","item":"https:\/\/www.friseur-hopmann.de\/?post_type=product"},{"@type":"ListItem","position":3,"name":"K\u00e9rastase Genesis Homme Spray de Force \u00c9paississant 150 ml (Strukturspray)"}]},{"@type":"WebSite","@id":"https:\/\/www.friseur-hopmann.de\/#website","url":"https:\/\/www.friseur-hopmann.de\/","name":"Friseur Hopmann Hairstyling","description":"Ihr Friseur in Nordhorn","potentialAction":[{"@type":"SearchAction","target":{"@type":"EntryPoint","urlTemplate":"https:\/\/www.friseur-hopmann.de\/?s={search_term_string}"},"query-input":{"@type":"PropertyValueSpecification","valueRequired":true,"valueName":"search_term_string"}}],"inLanguage":"de"}]}},"brands":[],"_links":{"self":[{"href":"https:\/\/www.friseur-hopmann.de\/index.php?rest_route=\/wp\/v2\/product\/19774","targetHints":{"allow":["GET"]}}],"collection":[{"href":"https:\/\/www.friseur-hopmann.de\/index.php?rest_route=\/wp\/v2\/product"}],"about":[{"href":"https:\/\/www.friseur-hopmann.de\/index.php?rest_route=\/wp\/v2\/types\/product"}],"replies":[{"embeddable":true,"href":"https:\/\/www.friseur-hopmann.de\/index.php?rest_route=%2Fwp%2Fv2%2Fcomments&post=19774"}],"wp:featuredmedia":[{"embeddable":true,"href":"https:\/\/www.friseur-hopmann.de\/index.php?rest_route=\/wp\/v2\/media\/19775"}],"wp:attachment":[{"href":"https:\/\/www.friseur-hopmann.de\/index.php?rest_route=%2Fwp%2Fv2%2Fmedia&parent=19774"}],"wp:term":[{"taxonomy":"pwb-brand","embeddable":true,"href":"https:\/\/www.friseur-hopmann.de\/index.php?rest_route=%2Fwp%2Fv2%2Fpwb-brand&post=19774"},{"taxonomy":"product_brand","embeddable":true,"href":"https:\/\/www.friseur-hopmann.de\/index.php?rest_route=%2Fwp%2Fv2%2Fproduct_brand&post=19774"},{"taxonomy":"product_cat","embeddable":true,"href":"https:\/\/www.friseur-hopmann.de\/index.php?rest_route=%2Fwp%2Fv2%2Fproduct_cat&post=19774"},{"taxonomy":"product_tag","embeddable":true,"href":"https:\/\/www.friseur-hopmann.de\/index.php?rest_route=%2Fwp%2Fv2%2Fproduct_tag&post=19774"}],"curies":[{"name":"wp","href":"https:\/\/api.w.org\/{rel}","templated":true}]}}