{"id":19770,"date":"2022-05-26T14:45:00","date_gmt":"2022-05-26T12:45:00","guid":{"rendered":"http:\/\/www.friseur-hopmann.de\/?post_type=product&#038;p=19770"},"modified":"2026-01-18T15:19:42","modified_gmt":"2026-01-18T13:19:42","slug":"kerastase-genesis-homme-serum-fortifiant-anti-chute-90-ml-kopfwasser-aktiviert-haarwuchs","status":"publish","type":"product","link":"https:\/\/www.friseur-hopmann.de\/?product=kerastase-genesis-homme-serum-fortifiant-anti-chute-90-ml-kopfwasser-aktiviert-haarwuchs","title":{"rendered":"K\u00e9rastase Genesis Homme Serum Fortifiant Anti-Chute 90 ml (Kopfwasser &#8211; aktiviert Haarwuchs)"},"content":{"rendered":"<h2>K\u00e9rastase Genesis Homme Serum Fortifiant Anti-Chute 90 ml<\/h2>\n<p>Das\u00a0<strong>K\u00e9rastase Genesis Homme Serum Fortifiant Anti-Chute<\/strong> sorgt f\u00fcr eine unmittelbare St\u00e4rkung und Versorgung des Haares an der Kopfhaut. Aktives Haarwachstum wird gef\u00f6rdert. Es verhilft dem Haar, sich in der Kopfhaut besser zu verankern und reduziert Haarverlust durch St\u00e4rkung\u00a0 derHaarwurzel. Zus\u00e4tzlich st\u00e4rkt es die nat\u00fcrliche Schutzbarriere der Kopfhaut. Beruhigt die Kopfhaut, nimmt Juckreiz und sorgt somit f\u00fcr eine ausgeglichene Kopfhaut schon nach 3 Wochen.<\/p>\n<h2>Eigenschaften des\u00a0K\u00e9rastase Genesis Homme Serum Fortifiant Anti-Chute<\/h2>\n<ul>\n<li>\u00a0Aktivierendes Serum f\u00fcr die Kopfhaut<\/li>\n<li>F\u00fcr d\u00fcnnes Haar &amp; feines Haar<\/li>\n<li>Wirkt st\u00e4rkend<\/li>\n<li>Gegen Haarausfall<\/li>\n<li>1,5% Aminexil + Creatine + Ingwerwurzel<\/li>\n<\/ul>\n<h3>Anwendung des\u00a0K\u00e9rastase Genesis Homme Serum Fortifiant Anti-Chute<\/h3>\n<p>Als der Haarw\u00e4sche mit dem Bain Genesis Homme Shampoo 3-4 Pipetten auf die trockene oder handtuchtrockene Kopfhaut punktuell auftragen. Sanft einmassieren.<\/p>\n<p><strong> Nicht aussp\u00fclen.<\/strong><br \/>\n<strong>Zur t\u00e4glichen Anwendung, aber mindestens 6 Wochen.<\/strong><\/p>\n<p><strong>Hinweis<\/strong>:\u00a0bei Kontakt mit den Augen sofort gr\u00fcndlich mit Wasser sp\u00fclen<\/p>\n<p>Inhalt: 90 ml<\/p>\n","protected":false},"excerpt":{"rendered":"<p>Das\u00a0<strong>K\u00e9rastase Genesis Homme Serum Fortifiant Anti-Chute<\/strong> sorgt f\u00fcr eine unmittelbare St\u00e4rkung und Versorgung des Haares an der Kopfhaut. Aktives Haarwachstum wird gef\u00f6rdert. Es verhilft dem Haar, sich in der Kopfhaut besser zu verankern und reduziert Haarverlust durch St\u00e4rkung\u00a0 derHaarwurzel. Zus\u00e4tzlich st\u00e4rkt es die nat\u00fcrliche Schutzbarriere der Kopfhaut. Beruhigt die Kopfhaut, nimmt Juckreiz und sorgt somit f\u00fcr eine ausgeglichene Kopfhaut schon nach 3 Wochen.<\/p>\n","protected":false},"featured_media":19771,"comment_status":"closed","ping_status":"closed","template":"","meta":{"_exactmetrics_skip_tracking":false,"_exactmetrics_sitenote_active":false,"_exactmetrics_sitenote_note":"","_exactmetrics_sitenote_category":0,"_monsterinsights_skip_tracking":false,"_monsterinsights_sitenote_active":false,"_monsterinsights_sitenote_note":"","_monsterinsights_sitenote_category":0},"pwb-brand":[],"product_brand":[],"product_cat":[491,550,693,967],"product_tag":[754,783,944,802,789],"class_list":{"0":"post-19770","1":"product","2":"type-product","3":"status-publish","4":"has-post-thumbnail","6":"product_cat-kerastase","7":"product_cat-kerastase-haarausfall","8":"product_cat-genesis","9":"product_cat-genesis-homme","10":"product_tag-anti-haarausfall","11":"product_tag-beruhigt-kopfhautjucken","12":"product_tag-haarstaerkung","13":"product_tag-intensiv-kopfhautpflegeserum","14":"product_tag-lotion-gegen-haarausfall","16":"first","17":"instock","18":"taxable","19":"shipping-taxable","20":"purchasable","21":"product-type-simple"},"yoast_head":"<!-- This site is optimized with the Yoast SEO plugin v24.6 - https:\/\/yoast.com\/wordpress\/plugins\/seo\/ -->\n<title>K\u00e9rastase Genesis Homme Serum Fortifiant Anti-Chute 90 ml (Kopfwasser - aktiviert Haarwuchs) - Friseur Hopmann Hairstyling<\/title>\n<meta name=\"robots\" content=\"index, follow, max-snippet:-1, max-image-preview:large, max-video-preview:-1\" \/>\n<link rel=\"canonical\" href=\"https:\/\/www.friseur-hopmann.de\/?product=kerastase-genesis-homme-serum-fortifiant-anti-chute-90-ml-kopfwasser-aktiviert-haarwuchs\" \/>\n<meta property=\"og:locale\" content=\"de_DE\" \/>\n<meta property=\"og:type\" content=\"article\" \/>\n<meta property=\"og:title\" content=\"K\u00e9rastase Genesis Homme Serum Fortifiant Anti-Chute 90 ml (Kopfwasser - aktiviert Haarwuchs) - Friseur Hopmann Hairstyling\" \/>\n<meta property=\"og:description\" content=\"Das\u00a0K\u00e9rastase Genesis Homme Serum Fortifiant Anti-Chute sorgt f\u00fcr eine unmittelbare St\u00e4rkung und Versorgung des Haares an der Kopfhaut. Aktives Haarwachstum wird gef\u00f6rdert. Es verhilft dem Haar, sich in der Kopfhaut besser zu verankern und reduziert Haarverlust durch St\u00e4rkung\u00a0 derHaarwurzel. Zus\u00e4tzlich st\u00e4rkt es die nat\u00fcrliche Schutzbarriere der Kopfhaut. Beruhigt die Kopfhaut, nimmt Juckreiz und sorgt somit f\u00fcr eine ausgeglichene Kopfhaut schon nach 3 Wochen.\" \/>\n<meta property=\"og:url\" content=\"https:\/\/www.friseur-hopmann.de\/?product=kerastase-genesis-homme-serum-fortifiant-anti-chute-90-ml-kopfwasser-aktiviert-haarwuchs\" \/>\n<meta property=\"og:site_name\" content=\"Friseur Hopmann Hairstyling\" \/>\n<meta property=\"article:modified_time\" content=\"2026-01-18T13:19:42+00:00\" \/>\n<meta property=\"og:image\" content=\"http:\/\/www.friseur-hopmann.de\/wp-content\/uploads\/2022\/05\/Genesis-Homme-Serum-90-ml.jpg\" \/>\n\t<meta property=\"og:image:width\" content=\"500\" \/>\n\t<meta property=\"og:image:height\" content=\"500\" \/>\n\t<meta property=\"og:image:type\" content=\"image\/jpeg\" \/>\n<meta name=\"twitter:card\" content=\"summary_large_image\" \/>\n<meta name=\"twitter:label1\" content=\"Gesch\u00e4tzte Lesezeit\" \/>\n\t<meta name=\"twitter:data1\" content=\"1\u00a0Minute\" \/>\n<script type=\"application\/ld+json\" class=\"yoast-schema-graph\">{\"@context\":\"https:\/\/schema.org\",\"@graph\":[{\"@type\":\"WebPage\",\"@id\":\"https:\/\/www.friseur-hopmann.de\/?product=kerastase-genesis-homme-serum-fortifiant-anti-chute-90-ml-kopfwasser-aktiviert-haarwuchs\",\"url\":\"https:\/\/www.friseur-hopmann.de\/?product=kerastase-genesis-homme-serum-fortifiant-anti-chute-90-ml-kopfwasser-aktiviert-haarwuchs\",\"name\":\"K\u00e9rastase Genesis Homme Serum Fortifiant Anti-Chute 90 ml (Kopfwasser - aktiviert Haarwuchs) - Friseur Hopmann Hairstyling\",\"isPartOf\":{\"@id\":\"https:\/\/www.friseur-hopmann.de\/#website\"},\"primaryImageOfPage\":{\"@id\":\"https:\/\/www.friseur-hopmann.de\/?product=kerastase-genesis-homme-serum-fortifiant-anti-chute-90-ml-kopfwasser-aktiviert-haarwuchs#primaryimage\"},\"image\":{\"@id\":\"https:\/\/www.friseur-hopmann.de\/?product=kerastase-genesis-homme-serum-fortifiant-anti-chute-90-ml-kopfwasser-aktiviert-haarwuchs#primaryimage\"},\"thumbnailUrl\":\"https:\/\/www.friseur-hopmann.de\/wp-content\/uploads\/2022\/05\/Genesis-Homme-Serum-90-ml.jpg\",\"datePublished\":\"2022-05-26T12:45:00+00:00\",\"dateModified\":\"2026-01-18T13:19:42+00:00\",\"breadcrumb\":{\"@id\":\"https:\/\/www.friseur-hopmann.de\/?product=kerastase-genesis-homme-serum-fortifiant-anti-chute-90-ml-kopfwasser-aktiviert-haarwuchs#breadcrumb\"},\"inLanguage\":\"de\",\"potentialAction\":[{\"@type\":\"ReadAction\",\"target\":[\"https:\/\/www.friseur-hopmann.de\/?product=kerastase-genesis-homme-serum-fortifiant-anti-chute-90-ml-kopfwasser-aktiviert-haarwuchs\"]}]},{\"@type\":\"ImageObject\",\"inLanguage\":\"de\",\"@id\":\"https:\/\/www.friseur-hopmann.de\/?product=kerastase-genesis-homme-serum-fortifiant-anti-chute-90-ml-kopfwasser-aktiviert-haarwuchs#primaryimage\",\"url\":\"https:\/\/www.friseur-hopmann.de\/wp-content\/uploads\/2022\/05\/Genesis-Homme-Serum-90-ml.jpg\",\"contentUrl\":\"https:\/\/www.friseur-hopmann.de\/wp-content\/uploads\/2022\/05\/Genesis-Homme-Serum-90-ml.jpg\",\"width\":500,\"height\":500},{\"@type\":\"BreadcrumbList\",\"@id\":\"https:\/\/www.friseur-hopmann.de\/?product=kerastase-genesis-homme-serum-fortifiant-anti-chute-90-ml-kopfwasser-aktiviert-haarwuchs#breadcrumb\",\"itemListElement\":[{\"@type\":\"ListItem\",\"position\":1,\"name\":\"Startseite\",\"item\":\"https:\/\/www.friseur-hopmann.de\/\"},{\"@type\":\"ListItem\",\"position\":2,\"name\":\"Produkte\",\"item\":\"https:\/\/www.friseur-hopmann.de\/?post_type=product\"},{\"@type\":\"ListItem\",\"position\":3,\"name\":\"K\u00e9rastase Genesis Homme Serum Fortifiant Anti-Chute 90 ml (Kopfwasser &#8211; aktiviert Haarwuchs)\"}]},{\"@type\":\"WebSite\",\"@id\":\"https:\/\/www.friseur-hopmann.de\/#website\",\"url\":\"https:\/\/www.friseur-hopmann.de\/\",\"name\":\"Friseur Hopmann Hairstyling\",\"description\":\"Ihr Friseur in Nordhorn\",\"potentialAction\":[{\"@type\":\"SearchAction\",\"target\":{\"@type\":\"EntryPoint\",\"urlTemplate\":\"https:\/\/www.friseur-hopmann.de\/?s={search_term_string}\"},\"query-input\":{\"@type\":\"PropertyValueSpecification\",\"valueRequired\":true,\"valueName\":\"search_term_string\"}}],\"inLanguage\":\"de\"}]}<\/script>\n<!-- \/ Yoast SEO plugin. -->","yoast_head_json":{"title":"K\u00e9rastase Genesis Homme Serum Fortifiant Anti-Chute 90 ml (Kopfwasser - aktiviert Haarwuchs) - Friseur Hopmann Hairstyling","robots":{"index":"index","follow":"follow","max-snippet":"max-snippet:-1","max-image-preview":"max-image-preview:large","max-video-preview":"max-video-preview:-1"},"canonical":"https:\/\/www.friseur-hopmann.de\/?product=kerastase-genesis-homme-serum-fortifiant-anti-chute-90-ml-kopfwasser-aktiviert-haarwuchs","og_locale":"de_DE","og_type":"article","og_title":"K\u00e9rastase Genesis Homme Serum Fortifiant Anti-Chute 90 ml (Kopfwasser - aktiviert Haarwuchs) - Friseur Hopmann Hairstyling","og_description":"Das\u00a0K\u00e9rastase Genesis Homme Serum Fortifiant Anti-Chute sorgt f\u00fcr eine unmittelbare St\u00e4rkung und Versorgung des Haares an der Kopfhaut. Aktives Haarwachstum wird gef\u00f6rdert. Es verhilft dem Haar, sich in der Kopfhaut besser zu verankern und reduziert Haarverlust durch St\u00e4rkung\u00a0 derHaarwurzel. Zus\u00e4tzlich st\u00e4rkt es die nat\u00fcrliche Schutzbarriere der Kopfhaut. Beruhigt die Kopfhaut, nimmt Juckreiz und sorgt somit f\u00fcr eine ausgeglichene Kopfhaut schon nach 3 Wochen.","og_url":"https:\/\/www.friseur-hopmann.de\/?product=kerastase-genesis-homme-serum-fortifiant-anti-chute-90-ml-kopfwasser-aktiviert-haarwuchs","og_site_name":"Friseur Hopmann Hairstyling","article_modified_time":"2026-01-18T13:19:42+00:00","og_image":[{"width":500,"height":500,"url":"http:\/\/www.friseur-hopmann.de\/wp-content\/uploads\/2022\/05\/Genesis-Homme-Serum-90-ml.jpg","type":"image\/jpeg"}],"twitter_card":"summary_large_image","twitter_misc":{"Gesch\u00e4tzte Lesezeit":"1\u00a0Minute"},"schema":{"@context":"https:\/\/schema.org","@graph":[{"@type":"WebPage","@id":"https:\/\/www.friseur-hopmann.de\/?product=kerastase-genesis-homme-serum-fortifiant-anti-chute-90-ml-kopfwasser-aktiviert-haarwuchs","url":"https:\/\/www.friseur-hopmann.de\/?product=kerastase-genesis-homme-serum-fortifiant-anti-chute-90-ml-kopfwasser-aktiviert-haarwuchs","name":"K\u00e9rastase Genesis Homme Serum Fortifiant Anti-Chute 90 ml (Kopfwasser - aktiviert Haarwuchs) - Friseur Hopmann Hairstyling","isPartOf":{"@id":"https:\/\/www.friseur-hopmann.de\/#website"},"primaryImageOfPage":{"@id":"https:\/\/www.friseur-hopmann.de\/?product=kerastase-genesis-homme-serum-fortifiant-anti-chute-90-ml-kopfwasser-aktiviert-haarwuchs#primaryimage"},"image":{"@id":"https:\/\/www.friseur-hopmann.de\/?product=kerastase-genesis-homme-serum-fortifiant-anti-chute-90-ml-kopfwasser-aktiviert-haarwuchs#primaryimage"},"thumbnailUrl":"https:\/\/www.friseur-hopmann.de\/wp-content\/uploads\/2022\/05\/Genesis-Homme-Serum-90-ml.jpg","datePublished":"2022-05-26T12:45:00+00:00","dateModified":"2026-01-18T13:19:42+00:00","breadcrumb":{"@id":"https:\/\/www.friseur-hopmann.de\/?product=kerastase-genesis-homme-serum-fortifiant-anti-chute-90-ml-kopfwasser-aktiviert-haarwuchs#breadcrumb"},"inLanguage":"de","potentialAction":[{"@type":"ReadAction","target":["https:\/\/www.friseur-hopmann.de\/?product=kerastase-genesis-homme-serum-fortifiant-anti-chute-90-ml-kopfwasser-aktiviert-haarwuchs"]}]},{"@type":"ImageObject","inLanguage":"de","@id":"https:\/\/www.friseur-hopmann.de\/?product=kerastase-genesis-homme-serum-fortifiant-anti-chute-90-ml-kopfwasser-aktiviert-haarwuchs#primaryimage","url":"https:\/\/www.friseur-hopmann.de\/wp-content\/uploads\/2022\/05\/Genesis-Homme-Serum-90-ml.jpg","contentUrl":"https:\/\/www.friseur-hopmann.de\/wp-content\/uploads\/2022\/05\/Genesis-Homme-Serum-90-ml.jpg","width":500,"height":500},{"@type":"BreadcrumbList","@id":"https:\/\/www.friseur-hopmann.de\/?product=kerastase-genesis-homme-serum-fortifiant-anti-chute-90-ml-kopfwasser-aktiviert-haarwuchs#breadcrumb","itemListElement":[{"@type":"ListItem","position":1,"name":"Startseite","item":"https:\/\/www.friseur-hopmann.de\/"},{"@type":"ListItem","position":2,"name":"Produkte","item":"https:\/\/www.friseur-hopmann.de\/?post_type=product"},{"@type":"ListItem","position":3,"name":"K\u00e9rastase Genesis Homme Serum Fortifiant Anti-Chute 90 ml (Kopfwasser &#8211; aktiviert Haarwuchs)"}]},{"@type":"WebSite","@id":"https:\/\/www.friseur-hopmann.de\/#website","url":"https:\/\/www.friseur-hopmann.de\/","name":"Friseur Hopmann Hairstyling","description":"Ihr Friseur in Nordhorn","potentialAction":[{"@type":"SearchAction","target":{"@type":"EntryPoint","urlTemplate":"https:\/\/www.friseur-hopmann.de\/?s={search_term_string}"},"query-input":{"@type":"PropertyValueSpecification","valueRequired":true,"valueName":"search_term_string"}}],"inLanguage":"de"}]}},"brands":[],"_links":{"self":[{"href":"https:\/\/www.friseur-hopmann.de\/index.php?rest_route=\/wp\/v2\/product\/19770","targetHints":{"allow":["GET"]}}],"collection":[{"href":"https:\/\/www.friseur-hopmann.de\/index.php?rest_route=\/wp\/v2\/product"}],"about":[{"href":"https:\/\/www.friseur-hopmann.de\/index.php?rest_route=\/wp\/v2\/types\/product"}],"replies":[{"embeddable":true,"href":"https:\/\/www.friseur-hopmann.de\/index.php?rest_route=%2Fwp%2Fv2%2Fcomments&post=19770"}],"wp:featuredmedia":[{"embeddable":true,"href":"https:\/\/www.friseur-hopmann.de\/index.php?rest_route=\/wp\/v2\/media\/19771"}],"wp:attachment":[{"href":"https:\/\/www.friseur-hopmann.de\/index.php?rest_route=%2Fwp%2Fv2%2Fmedia&parent=19770"}],"wp:term":[{"taxonomy":"pwb-brand","embeddable":true,"href":"https:\/\/www.friseur-hopmann.de\/index.php?rest_route=%2Fwp%2Fv2%2Fpwb-brand&post=19770"},{"taxonomy":"product_brand","embeddable":true,"href":"https:\/\/www.friseur-hopmann.de\/index.php?rest_route=%2Fwp%2Fv2%2Fproduct_brand&post=19770"},{"taxonomy":"product_cat","embeddable":true,"href":"https:\/\/www.friseur-hopmann.de\/index.php?rest_route=%2Fwp%2Fv2%2Fproduct_cat&post=19770"},{"taxonomy":"product_tag","embeddable":true,"href":"https:\/\/www.friseur-hopmann.de\/index.php?rest_route=%2Fwp%2Fv2%2Fproduct_tag&post=19770"}],"curies":[{"name":"wp","href":"https:\/\/api.w.org\/{rel}","templated":true}]}}