{"id":19762,"date":"2022-05-26T13:59:19","date_gmt":"2022-05-26T11:59:19","guid":{"rendered":"http:\/\/www.friseur-hopmann.de\/?post_type=product&#038;p=19762"},"modified":"2026-01-18T16:20:37","modified_gmt":"2026-01-18T14:20:37","slug":"kerastase-genesis-homme-bain-de-force-quotidien-250-ml-shampoo","status":"publish","type":"product","link":"https:\/\/www.friseur-hopmann.de\/?product=kerastase-genesis-homme-bain-de-force-quotidien-250-ml-shampoo","title":{"rendered":"KERASTASE GENESIS HOMME BAIN de FORCE QUOTIDIEN 250 ML (Shampoo)"},"content":{"rendered":"<h2>K\u00e9rastase Genesis Homme Bain de Force Quotidien 250 ml<\/h2>\n<p>Das\u00a0<strong>K\u00e9rastase Genesis Homme Bain de Force Quotidien<\/strong>\u00a0entfernt Sebum und Verunreinigungen von Kopfhaut und Haar. St\u00e4rkt die Haarfaser f\u00fcr intensive Widerstandsf\u00e4higkeit. Zudem spendet es Feuchtigkeit und sorgt f\u00fcr geschmeidiges Haar.<\/p>\n<h2>Eigenschaften des\u00a0K\u00e9rastase Genesis Homme Bain de Force\u00a0Quotidien<\/h2>\n<ul>\n<li>Reinigt Kopfhaut, Haar und Bart sanft<\/li>\n<li>Entfernt Sebum &amp; Verunreinigungen von Kopfhaut und Haar<\/li>\n<li>Gegen Haarausfall<\/li>\n<li>Creatin + Ingwerwurzel<\/li>\n<\/ul>\n<h3>Anwendung des\u00a0K\u00e9rastase Genesis Homme Bain de Force\u00a0Quotidien<\/h3>\n<p>Auf das nasse Haar auftragen, emulgieren und\u00a0einmassieren. Gr\u00fcndlich aussp\u00fclen.<\/p>\n<p><strong>Hinweis<\/strong>:\u00a0bei Kontakt mit den Augen sofort gr\u00fcndlich mit Wasser sp\u00fclen.<\/p>\n<p>Inhalt: 250 ml<\/p>\n","protected":false},"excerpt":{"rendered":"<p>Das\u00a0<strong>K\u00e9rastase Genesis Homme Bain de Force Quotidien<\/strong> (<strong>Shampoo)<\/strong> entfernt Sebum und Verunreinigungen von Kopfhaut und Haar. St\u00e4rkt die Haarfaser f\u00fcr intensive Widerstandsf\u00e4higkeit. Zudem spendet es Feuchtigkeit und sorgt f\u00fcr geschmeidiges Haar.<\/p>\n","protected":false},"featured_media":19763,"comment_status":"closed","ping_status":"closed","template":"","meta":{"_exactmetrics_skip_tracking":false,"_exactmetrics_sitenote_active":false,"_exactmetrics_sitenote_note":"","_exactmetrics_sitenote_category":0,"_monsterinsights_skip_tracking":false,"_monsterinsights_sitenote_active":false,"_monsterinsights_sitenote_note":"","_monsterinsights_sitenote_category":0},"pwb-brand":[],"product_brand":[],"product_cat":[491,550,548,693,967],"product_tag":[754,943,942,675],"class_list":{"0":"post-19762","1":"product","2":"type-product","3":"status-publish","4":"has-post-thumbnail","6":"product_cat-kerastase","7":"product_cat-kerastase-haarausfall","8":"product_cat-kerastase-shampoo","9":"product_cat-genesis","10":"product_cat-genesis-homme","11":"product_tag-anti-haarausfall","12":"product_tag-maennersahampoo","13":"product_tag-pflegesahampoo","14":"product_tag-shampoo","16":"first","17":"instock","18":"taxable","19":"shipping-taxable","20":"purchasable","21":"product-type-simple"},"yoast_head":"<!-- This site is optimized with the Yoast SEO plugin v24.6 - https:\/\/yoast.com\/wordpress\/plugins\/seo\/ -->\n<title>KERASTASE GENESIS HOMME BAIN de FORCE QUOTIDIEN 250 ML (Shampoo) - Friseur Hopmann Hairstyling<\/title>\n<meta name=\"robots\" content=\"index, follow, max-snippet:-1, max-image-preview:large, max-video-preview:-1\" \/>\n<link rel=\"canonical\" href=\"https:\/\/www.friseur-hopmann.de\/?product=kerastase-genesis-homme-bain-de-force-quotidien-250-ml-shampoo\" \/>\n<meta property=\"og:locale\" content=\"de_DE\" \/>\n<meta property=\"og:type\" content=\"article\" \/>\n<meta property=\"og:title\" content=\"KERASTASE GENESIS HOMME BAIN de FORCE QUOTIDIEN 250 ML (Shampoo) - Friseur Hopmann Hairstyling\" \/>\n<meta property=\"og:description\" content=\"Das\u00a0K\u00e9rastase Genesis Homme Bain de Force Quotidien (Shampoo) entfernt Sebum und Verunreinigungen von Kopfhaut und Haar. St\u00e4rkt die Haarfaser f\u00fcr intensive Widerstandsf\u00e4higkeit. Zudem spendet es Feuchtigkeit und sorgt f\u00fcr geschmeidiges Haar.\" \/>\n<meta property=\"og:url\" content=\"https:\/\/www.friseur-hopmann.de\/?product=kerastase-genesis-homme-bain-de-force-quotidien-250-ml-shampoo\" \/>\n<meta property=\"og:site_name\" content=\"Friseur Hopmann Hairstyling\" \/>\n<meta property=\"article:modified_time\" content=\"2026-01-18T14:20:37+00:00\" \/>\n<meta property=\"og:image\" content=\"http:\/\/www.friseur-hopmann.de\/wp-content\/uploads\/2022\/05\/bain-genesis-homme-de-force-Quotidien-250ml.jpg\" \/>\n\t<meta property=\"og:image:width\" content=\"500\" \/>\n\t<meta property=\"og:image:height\" content=\"500\" \/>\n\t<meta property=\"og:image:type\" content=\"image\/jpeg\" \/>\n<meta name=\"twitter:card\" content=\"summary_large_image\" \/>\n<meta name=\"twitter:label1\" content=\"Gesch\u00e4tzte Lesezeit\" \/>\n\t<meta name=\"twitter:data1\" content=\"1\u00a0Minute\" \/>\n<script type=\"application\/ld+json\" class=\"yoast-schema-graph\">{\"@context\":\"https:\/\/schema.org\",\"@graph\":[{\"@type\":\"WebPage\",\"@id\":\"https:\/\/www.friseur-hopmann.de\/?product=kerastase-genesis-homme-bain-de-force-quotidien-250-ml-shampoo\",\"url\":\"https:\/\/www.friseur-hopmann.de\/?product=kerastase-genesis-homme-bain-de-force-quotidien-250-ml-shampoo\",\"name\":\"KERASTASE GENESIS HOMME BAIN de FORCE QUOTIDIEN 250 ML (Shampoo) - Friseur Hopmann Hairstyling\",\"isPartOf\":{\"@id\":\"https:\/\/www.friseur-hopmann.de\/#website\"},\"primaryImageOfPage\":{\"@id\":\"https:\/\/www.friseur-hopmann.de\/?product=kerastase-genesis-homme-bain-de-force-quotidien-250-ml-shampoo#primaryimage\"},\"image\":{\"@id\":\"https:\/\/www.friseur-hopmann.de\/?product=kerastase-genesis-homme-bain-de-force-quotidien-250-ml-shampoo#primaryimage\"},\"thumbnailUrl\":\"https:\/\/www.friseur-hopmann.de\/wp-content\/uploads\/2022\/05\/bain-genesis-homme-de-force-Quotidien-250ml.jpg\",\"datePublished\":\"2022-05-26T11:59:19+00:00\",\"dateModified\":\"2026-01-18T14:20:37+00:00\",\"breadcrumb\":{\"@id\":\"https:\/\/www.friseur-hopmann.de\/?product=kerastase-genesis-homme-bain-de-force-quotidien-250-ml-shampoo#breadcrumb\"},\"inLanguage\":\"de\",\"potentialAction\":[{\"@type\":\"ReadAction\",\"target\":[\"https:\/\/www.friseur-hopmann.de\/?product=kerastase-genesis-homme-bain-de-force-quotidien-250-ml-shampoo\"]}]},{\"@type\":\"ImageObject\",\"inLanguage\":\"de\",\"@id\":\"https:\/\/www.friseur-hopmann.de\/?product=kerastase-genesis-homme-bain-de-force-quotidien-250-ml-shampoo#primaryimage\",\"url\":\"https:\/\/www.friseur-hopmann.de\/wp-content\/uploads\/2022\/05\/bain-genesis-homme-de-force-Quotidien-250ml.jpg\",\"contentUrl\":\"https:\/\/www.friseur-hopmann.de\/wp-content\/uploads\/2022\/05\/bain-genesis-homme-de-force-Quotidien-250ml.jpg\",\"width\":500,\"height\":500},{\"@type\":\"BreadcrumbList\",\"@id\":\"https:\/\/www.friseur-hopmann.de\/?product=kerastase-genesis-homme-bain-de-force-quotidien-250-ml-shampoo#breadcrumb\",\"itemListElement\":[{\"@type\":\"ListItem\",\"position\":1,\"name\":\"Startseite\",\"item\":\"https:\/\/www.friseur-hopmann.de\/\"},{\"@type\":\"ListItem\",\"position\":2,\"name\":\"Produkte\",\"item\":\"https:\/\/www.friseur-hopmann.de\/?post_type=product\"},{\"@type\":\"ListItem\",\"position\":3,\"name\":\"KERASTASE GENESIS HOMME BAIN de FORCE QUOTIDIEN 250 ML (Shampoo)\"}]},{\"@type\":\"WebSite\",\"@id\":\"https:\/\/www.friseur-hopmann.de\/#website\",\"url\":\"https:\/\/www.friseur-hopmann.de\/\",\"name\":\"Friseur Hopmann Hairstyling\",\"description\":\"Ihr Friseur in Nordhorn\",\"potentialAction\":[{\"@type\":\"SearchAction\",\"target\":{\"@type\":\"EntryPoint\",\"urlTemplate\":\"https:\/\/www.friseur-hopmann.de\/?s={search_term_string}\"},\"query-input\":{\"@type\":\"PropertyValueSpecification\",\"valueRequired\":true,\"valueName\":\"search_term_string\"}}],\"inLanguage\":\"de\"}]}<\/script>\n<!-- \/ Yoast SEO plugin. -->","yoast_head_json":{"title":"KERASTASE GENESIS HOMME BAIN de FORCE QUOTIDIEN 250 ML (Shampoo) - Friseur Hopmann Hairstyling","robots":{"index":"index","follow":"follow","max-snippet":"max-snippet:-1","max-image-preview":"max-image-preview:large","max-video-preview":"max-video-preview:-1"},"canonical":"https:\/\/www.friseur-hopmann.de\/?product=kerastase-genesis-homme-bain-de-force-quotidien-250-ml-shampoo","og_locale":"de_DE","og_type":"article","og_title":"KERASTASE GENESIS HOMME BAIN de FORCE QUOTIDIEN 250 ML (Shampoo) - Friseur Hopmann Hairstyling","og_description":"Das\u00a0K\u00e9rastase Genesis Homme Bain de Force Quotidien (Shampoo) entfernt Sebum und Verunreinigungen von Kopfhaut und Haar. St\u00e4rkt die Haarfaser f\u00fcr intensive Widerstandsf\u00e4higkeit. Zudem spendet es Feuchtigkeit und sorgt f\u00fcr geschmeidiges Haar.","og_url":"https:\/\/www.friseur-hopmann.de\/?product=kerastase-genesis-homme-bain-de-force-quotidien-250-ml-shampoo","og_site_name":"Friseur Hopmann Hairstyling","article_modified_time":"2026-01-18T14:20:37+00:00","og_image":[{"width":500,"height":500,"url":"http:\/\/www.friseur-hopmann.de\/wp-content\/uploads\/2022\/05\/bain-genesis-homme-de-force-Quotidien-250ml.jpg","type":"image\/jpeg"}],"twitter_card":"summary_large_image","twitter_misc":{"Gesch\u00e4tzte Lesezeit":"1\u00a0Minute"},"schema":{"@context":"https:\/\/schema.org","@graph":[{"@type":"WebPage","@id":"https:\/\/www.friseur-hopmann.de\/?product=kerastase-genesis-homme-bain-de-force-quotidien-250-ml-shampoo","url":"https:\/\/www.friseur-hopmann.de\/?product=kerastase-genesis-homme-bain-de-force-quotidien-250-ml-shampoo","name":"KERASTASE GENESIS HOMME BAIN de FORCE QUOTIDIEN 250 ML (Shampoo) - Friseur Hopmann Hairstyling","isPartOf":{"@id":"https:\/\/www.friseur-hopmann.de\/#website"},"primaryImageOfPage":{"@id":"https:\/\/www.friseur-hopmann.de\/?product=kerastase-genesis-homme-bain-de-force-quotidien-250-ml-shampoo#primaryimage"},"image":{"@id":"https:\/\/www.friseur-hopmann.de\/?product=kerastase-genesis-homme-bain-de-force-quotidien-250-ml-shampoo#primaryimage"},"thumbnailUrl":"https:\/\/www.friseur-hopmann.de\/wp-content\/uploads\/2022\/05\/bain-genesis-homme-de-force-Quotidien-250ml.jpg","datePublished":"2022-05-26T11:59:19+00:00","dateModified":"2026-01-18T14:20:37+00:00","breadcrumb":{"@id":"https:\/\/www.friseur-hopmann.de\/?product=kerastase-genesis-homme-bain-de-force-quotidien-250-ml-shampoo#breadcrumb"},"inLanguage":"de","potentialAction":[{"@type":"ReadAction","target":["https:\/\/www.friseur-hopmann.de\/?product=kerastase-genesis-homme-bain-de-force-quotidien-250-ml-shampoo"]}]},{"@type":"ImageObject","inLanguage":"de","@id":"https:\/\/www.friseur-hopmann.de\/?product=kerastase-genesis-homme-bain-de-force-quotidien-250-ml-shampoo#primaryimage","url":"https:\/\/www.friseur-hopmann.de\/wp-content\/uploads\/2022\/05\/bain-genesis-homme-de-force-Quotidien-250ml.jpg","contentUrl":"https:\/\/www.friseur-hopmann.de\/wp-content\/uploads\/2022\/05\/bain-genesis-homme-de-force-Quotidien-250ml.jpg","width":500,"height":500},{"@type":"BreadcrumbList","@id":"https:\/\/www.friseur-hopmann.de\/?product=kerastase-genesis-homme-bain-de-force-quotidien-250-ml-shampoo#breadcrumb","itemListElement":[{"@type":"ListItem","position":1,"name":"Startseite","item":"https:\/\/www.friseur-hopmann.de\/"},{"@type":"ListItem","position":2,"name":"Produkte","item":"https:\/\/www.friseur-hopmann.de\/?post_type=product"},{"@type":"ListItem","position":3,"name":"KERASTASE GENESIS HOMME BAIN de FORCE QUOTIDIEN 250 ML (Shampoo)"}]},{"@type":"WebSite","@id":"https:\/\/www.friseur-hopmann.de\/#website","url":"https:\/\/www.friseur-hopmann.de\/","name":"Friseur Hopmann Hairstyling","description":"Ihr Friseur in Nordhorn","potentialAction":[{"@type":"SearchAction","target":{"@type":"EntryPoint","urlTemplate":"https:\/\/www.friseur-hopmann.de\/?s={search_term_string}"},"query-input":{"@type":"PropertyValueSpecification","valueRequired":true,"valueName":"search_term_string"}}],"inLanguage":"de"}]}},"brands":[],"_links":{"self":[{"href":"https:\/\/www.friseur-hopmann.de\/index.php?rest_route=\/wp\/v2\/product\/19762","targetHints":{"allow":["GET"]}}],"collection":[{"href":"https:\/\/www.friseur-hopmann.de\/index.php?rest_route=\/wp\/v2\/product"}],"about":[{"href":"https:\/\/www.friseur-hopmann.de\/index.php?rest_route=\/wp\/v2\/types\/product"}],"replies":[{"embeddable":true,"href":"https:\/\/www.friseur-hopmann.de\/index.php?rest_route=%2Fwp%2Fv2%2Fcomments&post=19762"}],"wp:featuredmedia":[{"embeddable":true,"href":"https:\/\/www.friseur-hopmann.de\/index.php?rest_route=\/wp\/v2\/media\/19763"}],"wp:attachment":[{"href":"https:\/\/www.friseur-hopmann.de\/index.php?rest_route=%2Fwp%2Fv2%2Fmedia&parent=19762"}],"wp:term":[{"taxonomy":"pwb-brand","embeddable":true,"href":"https:\/\/www.friseur-hopmann.de\/index.php?rest_route=%2Fwp%2Fv2%2Fpwb-brand&post=19762"},{"taxonomy":"product_brand","embeddable":true,"href":"https:\/\/www.friseur-hopmann.de\/index.php?rest_route=%2Fwp%2Fv2%2Fproduct_brand&post=19762"},{"taxonomy":"product_cat","embeddable":true,"href":"https:\/\/www.friseur-hopmann.de\/index.php?rest_route=%2Fwp%2Fv2%2Fproduct_cat&post=19762"},{"taxonomy":"product_tag","embeddable":true,"href":"https:\/\/www.friseur-hopmann.de\/index.php?rest_route=%2Fwp%2Fv2%2Fproduct_tag&post=19762"}],"curies":[{"name":"wp","href":"https:\/\/api.w.org\/{rel}","templated":true}]}}