{"id":17616,"date":"2022-03-14T19:30:05","date_gmt":"2022-03-14T17:30:05","guid":{"rendered":"http:\/\/www.friseur-hopmann.de\/?post_type=product&#038;p=17616"},"modified":"2026-02-06T22:40:32","modified_gmt":"2026-02-06T20:40:32","slug":"kerastase-chroma-absolu-masque-chroma-filler-500-ml","status":"publish","type":"product","link":"https:\/\/www.friseur-hopmann.de\/?product=kerastase-chroma-absolu-masque-chroma-filler-500-ml","title":{"rendered":"K\u00e9rastase Chroma Absolu Masque Chroma Filler 500 ml"},"content":{"rendered":"<div class=\"std col-lg-8 col-lg-offset-2 col-md-10 col-md-offset-1\">\n<h2>K\u00e9rastase Chroma Absolu Masque Chroma Filler 500 ml<\/h2>\n<p>Die\u00a0<strong>K\u00e9rastase Chroma Absolu Masque Chroma Filler<\/strong> ist eine reichhaltige Pflegemaske f\u00fcr mittelstarkes bis kr\u00e4ftiges coloriertes, gesch\u00e4digtes oder sensibilisiertes Haar. Pflegt die Haarfaser und revitalisiert das Haar intensiv. Feuchtigkeitsspendende Pflege f\u00fcr geschmeidiges und gl\u00e4nzendes Haar.\u00a0F\u00fcr langanhaltenden Halt der Haarfarbe.<\/p>\n<h2>Eigenschaften der\u00a0K\u00e9rastase Chroma Absolu Masque Chroma Filler<\/h2>\n<ul>\n<li>Pflegt die Haarfaser und revitalisiert das Haar intensiv<\/li>\n<li>Intensive feuchtigkeitsspendende Pflege f\u00fcr\u00a0geschmeidiges und gl\u00e4nzendes Haar<\/li>\n<li>F\u00fcr langanhaltenden Halt der Haarfarbe<\/li>\n<li>St\u00e4rkt und repariert por\u00f6ses<\/li>\n<li>Haar<\/li>\n<li>Mit Aminos\u00e4uren und Centella Asiatica<\/li>\n<\/ul>\n<h3>Anwendung der\u00a0K\u00e9rastase Chroma Absolu Masque Chroma Filler<\/h3>\n<p>Nach dem Haarbad auf das gereinigte, handtuchtrockene Haar auftragen. In die L\u00e4ngen &amp; Spitzen einmassieren F\u00fcr 3-5 Minuten einwirken lassen. Aussp\u00fclen. Bei Kontakt mit den Augen sofort gr\u00fcndlich mit Wasser sp\u00fclen.<\/p>\n<p><strong>Inhalt: 500 ml<\/strong><\/p>\n<\/div>\n","protected":false},"excerpt":{"rendered":"<p><em><strong>HINWEIS: Abbilldung zeigt Produkt mit 200 ml Inhalt<\/strong><\/em><\/p>\n<p>Die\u00a0<strong>K\u00e9rastase Chroma Absolu Masque Chroma Filler<\/strong> ist eine reichhaltige Pflegemaske f\u00fcr mittelstarkes bis kr\u00e4ftiges coloriertes, gesch\u00e4digtes oder sensibilisiertes Haar. Pflegt die Haarfaser und revitalisiert das Haar intensiv. Feuchtigkeitsspendende Pflege f\u00fcr geschmeidiges und gl\u00e4nzendes Haar.\u00a0F\u00fcr langanhaltenden Halt der Haarfarbe.<\/p>\n","protected":false},"featured_media":17389,"comment_status":"closed","ping_status":"closed","template":"","meta":{"_exactmetrics_skip_tracking":false,"_exactmetrics_sitenote_active":false,"_exactmetrics_sitenote_note":"","_exactmetrics_sitenote_category":0,"_monsterinsights_skip_tracking":false,"_monsterinsights_sitenote_active":false,"_monsterinsights_sitenote_note":"","_monsterinsights_sitenote_category":0},"pwb-brand":[],"product_brand":[],"product_cat":[491,544,940],"product_tag":[923,697,712],"class_list":{"0":"post-17616","1":"product","2":"type-product","3":"status-publish","4":"has-post-thumbnail","6":"product_cat-kerastase","7":"product_cat-kerastase-haarpflege","8":"product_cat-chroma-absolu-kerastase","9":"product_tag-gefaerbtes-haar","10":"product_tag-haarkur","11":"product_tag-haarpflege","13":"first","14":"instock","15":"taxable","16":"shipping-taxable","17":"purchasable","18":"product-type-simple"},"yoast_head":"<!-- This site is optimized with the Yoast SEO plugin v24.6 - https:\/\/yoast.com\/wordpress\/plugins\/seo\/ -->\n<title>K\u00e9rastase Chroma Absolu Masque Chroma Filler 500 ml - Friseur Hopmann Hairstyling<\/title>\n<meta name=\"robots\" content=\"index, follow, max-snippet:-1, max-image-preview:large, max-video-preview:-1\" \/>\n<link rel=\"canonical\" href=\"https:\/\/www.friseur-hopmann.de\/?product=kerastase-chroma-absolu-masque-chroma-filler-500-ml\" \/>\n<meta property=\"og:locale\" content=\"de_DE\" \/>\n<meta property=\"og:type\" content=\"article\" \/>\n<meta property=\"og:title\" content=\"K\u00e9rastase Chroma Absolu Masque Chroma Filler 500 ml - Friseur Hopmann Hairstyling\" \/>\n<meta property=\"og:description\" content=\"HINWEIS: Abbilldung zeigt Produkt mit 200 ml Inhalt  Die\u00a0K\u00e9rastase Chroma Absolu Masque Chroma Filler ist eine reichhaltige Pflegemaske f\u00fcr mittelstarkes bis kr\u00e4ftiges coloriertes, gesch\u00e4digtes oder sensibilisiertes Haar. Pflegt die Haarfaser und revitalisiert das Haar intensiv. Feuchtigkeitsspendende Pflege f\u00fcr geschmeidiges und gl\u00e4nzendes Haar.\u00a0F\u00fcr langanhaltenden Halt der Haarfarbe.\" \/>\n<meta property=\"og:url\" content=\"https:\/\/www.friseur-hopmann.de\/?product=kerastase-chroma-absolu-masque-chroma-filler-500-ml\" \/>\n<meta property=\"og:site_name\" content=\"Friseur Hopmann Hairstyling\" \/>\n<meta property=\"article:modified_time\" content=\"2026-02-06T20:40:32+00:00\" \/>\n<meta property=\"og:image\" content=\"http:\/\/www.friseur-hopmann.de\/wp-content\/uploads\/2022\/01\/Chroma-Absolu-Masque-200ml.jpg\" \/>\n\t<meta property=\"og:image:width\" content=\"500\" \/>\n\t<meta property=\"og:image:height\" content=\"500\" \/>\n\t<meta property=\"og:image:type\" content=\"image\/jpeg\" \/>\n<meta name=\"twitter:card\" content=\"summary_large_image\" \/>\n<meta name=\"twitter:label1\" content=\"Gesch\u00e4tzte Lesezeit\" \/>\n\t<meta name=\"twitter:data1\" content=\"1\u00a0Minute\" \/>\n<script type=\"application\/ld+json\" class=\"yoast-schema-graph\">{\"@context\":\"https:\/\/schema.org\",\"@graph\":[{\"@type\":\"WebPage\",\"@id\":\"https:\/\/www.friseur-hopmann.de\/?product=kerastase-chroma-absolu-masque-chroma-filler-500-ml\",\"url\":\"https:\/\/www.friseur-hopmann.de\/?product=kerastase-chroma-absolu-masque-chroma-filler-500-ml\",\"name\":\"K\u00e9rastase Chroma Absolu Masque Chroma Filler 500 ml - Friseur Hopmann Hairstyling\",\"isPartOf\":{\"@id\":\"https:\/\/www.friseur-hopmann.de\/#website\"},\"primaryImageOfPage\":{\"@id\":\"https:\/\/www.friseur-hopmann.de\/?product=kerastase-chroma-absolu-masque-chroma-filler-500-ml#primaryimage\"},\"image\":{\"@id\":\"https:\/\/www.friseur-hopmann.de\/?product=kerastase-chroma-absolu-masque-chroma-filler-500-ml#primaryimage\"},\"thumbnailUrl\":\"https:\/\/www.friseur-hopmann.de\/wp-content\/uploads\/2022\/01\/Chroma-Absolu-Masque-200ml.jpg\",\"datePublished\":\"2022-03-14T17:30:05+00:00\",\"dateModified\":\"2026-02-06T20:40:32+00:00\",\"breadcrumb\":{\"@id\":\"https:\/\/www.friseur-hopmann.de\/?product=kerastase-chroma-absolu-masque-chroma-filler-500-ml#breadcrumb\"},\"inLanguage\":\"de\",\"potentialAction\":[{\"@type\":\"ReadAction\",\"target\":[\"https:\/\/www.friseur-hopmann.de\/?product=kerastase-chroma-absolu-masque-chroma-filler-500-ml\"]}]},{\"@type\":\"ImageObject\",\"inLanguage\":\"de\",\"@id\":\"https:\/\/www.friseur-hopmann.de\/?product=kerastase-chroma-absolu-masque-chroma-filler-500-ml#primaryimage\",\"url\":\"https:\/\/www.friseur-hopmann.de\/wp-content\/uploads\/2022\/01\/Chroma-Absolu-Masque-200ml.jpg\",\"contentUrl\":\"https:\/\/www.friseur-hopmann.de\/wp-content\/uploads\/2022\/01\/Chroma-Absolu-Masque-200ml.jpg\",\"width\":500,\"height\":500},{\"@type\":\"BreadcrumbList\",\"@id\":\"https:\/\/www.friseur-hopmann.de\/?product=kerastase-chroma-absolu-masque-chroma-filler-500-ml#breadcrumb\",\"itemListElement\":[{\"@type\":\"ListItem\",\"position\":1,\"name\":\"Startseite\",\"item\":\"https:\/\/www.friseur-hopmann.de\/\"},{\"@type\":\"ListItem\",\"position\":2,\"name\":\"Produkte\",\"item\":\"https:\/\/www.friseur-hopmann.de\/?post_type=product\"},{\"@type\":\"ListItem\",\"position\":3,\"name\":\"K\u00e9rastase Chroma Absolu Masque Chroma Filler 500 ml\"}]},{\"@type\":\"WebSite\",\"@id\":\"https:\/\/www.friseur-hopmann.de\/#website\",\"url\":\"https:\/\/www.friseur-hopmann.de\/\",\"name\":\"Friseur Hopmann Hairstyling\",\"description\":\"Ihr Friseur in Nordhorn\",\"potentialAction\":[{\"@type\":\"SearchAction\",\"target\":{\"@type\":\"EntryPoint\",\"urlTemplate\":\"https:\/\/www.friseur-hopmann.de\/?s={search_term_string}\"},\"query-input\":{\"@type\":\"PropertyValueSpecification\",\"valueRequired\":true,\"valueName\":\"search_term_string\"}}],\"inLanguage\":\"de\"}]}<\/script>\n<!-- \/ Yoast SEO plugin. -->","yoast_head_json":{"title":"K\u00e9rastase Chroma Absolu Masque Chroma Filler 500 ml - Friseur Hopmann Hairstyling","robots":{"index":"index","follow":"follow","max-snippet":"max-snippet:-1","max-image-preview":"max-image-preview:large","max-video-preview":"max-video-preview:-1"},"canonical":"https:\/\/www.friseur-hopmann.de\/?product=kerastase-chroma-absolu-masque-chroma-filler-500-ml","og_locale":"de_DE","og_type":"article","og_title":"K\u00e9rastase Chroma Absolu Masque Chroma Filler 500 ml - Friseur Hopmann Hairstyling","og_description":"HINWEIS: Abbilldung zeigt Produkt mit 200 ml Inhalt  Die\u00a0K\u00e9rastase Chroma Absolu Masque Chroma Filler ist eine reichhaltige Pflegemaske f\u00fcr mittelstarkes bis kr\u00e4ftiges coloriertes, gesch\u00e4digtes oder sensibilisiertes Haar. Pflegt die Haarfaser und revitalisiert das Haar intensiv. Feuchtigkeitsspendende Pflege f\u00fcr geschmeidiges und gl\u00e4nzendes Haar.\u00a0F\u00fcr langanhaltenden Halt der Haarfarbe.","og_url":"https:\/\/www.friseur-hopmann.de\/?product=kerastase-chroma-absolu-masque-chroma-filler-500-ml","og_site_name":"Friseur Hopmann Hairstyling","article_modified_time":"2026-02-06T20:40:32+00:00","og_image":[{"width":500,"height":500,"url":"http:\/\/www.friseur-hopmann.de\/wp-content\/uploads\/2022\/01\/Chroma-Absolu-Masque-200ml.jpg","type":"image\/jpeg"}],"twitter_card":"summary_large_image","twitter_misc":{"Gesch\u00e4tzte Lesezeit":"1\u00a0Minute"},"schema":{"@context":"https:\/\/schema.org","@graph":[{"@type":"WebPage","@id":"https:\/\/www.friseur-hopmann.de\/?product=kerastase-chroma-absolu-masque-chroma-filler-500-ml","url":"https:\/\/www.friseur-hopmann.de\/?product=kerastase-chroma-absolu-masque-chroma-filler-500-ml","name":"K\u00e9rastase Chroma Absolu Masque Chroma Filler 500 ml - Friseur Hopmann Hairstyling","isPartOf":{"@id":"https:\/\/www.friseur-hopmann.de\/#website"},"primaryImageOfPage":{"@id":"https:\/\/www.friseur-hopmann.de\/?product=kerastase-chroma-absolu-masque-chroma-filler-500-ml#primaryimage"},"image":{"@id":"https:\/\/www.friseur-hopmann.de\/?product=kerastase-chroma-absolu-masque-chroma-filler-500-ml#primaryimage"},"thumbnailUrl":"https:\/\/www.friseur-hopmann.de\/wp-content\/uploads\/2022\/01\/Chroma-Absolu-Masque-200ml.jpg","datePublished":"2022-03-14T17:30:05+00:00","dateModified":"2026-02-06T20:40:32+00:00","breadcrumb":{"@id":"https:\/\/www.friseur-hopmann.de\/?product=kerastase-chroma-absolu-masque-chroma-filler-500-ml#breadcrumb"},"inLanguage":"de","potentialAction":[{"@type":"ReadAction","target":["https:\/\/www.friseur-hopmann.de\/?product=kerastase-chroma-absolu-masque-chroma-filler-500-ml"]}]},{"@type":"ImageObject","inLanguage":"de","@id":"https:\/\/www.friseur-hopmann.de\/?product=kerastase-chroma-absolu-masque-chroma-filler-500-ml#primaryimage","url":"https:\/\/www.friseur-hopmann.de\/wp-content\/uploads\/2022\/01\/Chroma-Absolu-Masque-200ml.jpg","contentUrl":"https:\/\/www.friseur-hopmann.de\/wp-content\/uploads\/2022\/01\/Chroma-Absolu-Masque-200ml.jpg","width":500,"height":500},{"@type":"BreadcrumbList","@id":"https:\/\/www.friseur-hopmann.de\/?product=kerastase-chroma-absolu-masque-chroma-filler-500-ml#breadcrumb","itemListElement":[{"@type":"ListItem","position":1,"name":"Startseite","item":"https:\/\/www.friseur-hopmann.de\/"},{"@type":"ListItem","position":2,"name":"Produkte","item":"https:\/\/www.friseur-hopmann.de\/?post_type=product"},{"@type":"ListItem","position":3,"name":"K\u00e9rastase Chroma Absolu Masque Chroma Filler 500 ml"}]},{"@type":"WebSite","@id":"https:\/\/www.friseur-hopmann.de\/#website","url":"https:\/\/www.friseur-hopmann.de\/","name":"Friseur Hopmann Hairstyling","description":"Ihr Friseur in Nordhorn","potentialAction":[{"@type":"SearchAction","target":{"@type":"EntryPoint","urlTemplate":"https:\/\/www.friseur-hopmann.de\/?s={search_term_string}"},"query-input":{"@type":"PropertyValueSpecification","valueRequired":true,"valueName":"search_term_string"}}],"inLanguage":"de"}]}},"brands":[],"_links":{"self":[{"href":"https:\/\/www.friseur-hopmann.de\/index.php?rest_route=\/wp\/v2\/product\/17616","targetHints":{"allow":["GET"]}}],"collection":[{"href":"https:\/\/www.friseur-hopmann.de\/index.php?rest_route=\/wp\/v2\/product"}],"about":[{"href":"https:\/\/www.friseur-hopmann.de\/index.php?rest_route=\/wp\/v2\/types\/product"}],"replies":[{"embeddable":true,"href":"https:\/\/www.friseur-hopmann.de\/index.php?rest_route=%2Fwp%2Fv2%2Fcomments&post=17616"}],"wp:featuredmedia":[{"embeddable":true,"href":"https:\/\/www.friseur-hopmann.de\/index.php?rest_route=\/wp\/v2\/media\/17389"}],"wp:attachment":[{"href":"https:\/\/www.friseur-hopmann.de\/index.php?rest_route=%2Fwp%2Fv2%2Fmedia&parent=17616"}],"wp:term":[{"taxonomy":"pwb-brand","embeddable":true,"href":"https:\/\/www.friseur-hopmann.de\/index.php?rest_route=%2Fwp%2Fv2%2Fpwb-brand&post=17616"},{"taxonomy":"product_brand","embeddable":true,"href":"https:\/\/www.friseur-hopmann.de\/index.php?rest_route=%2Fwp%2Fv2%2Fproduct_brand&post=17616"},{"taxonomy":"product_cat","embeddable":true,"href":"https:\/\/www.friseur-hopmann.de\/index.php?rest_route=%2Fwp%2Fv2%2Fproduct_cat&post=17616"},{"taxonomy":"product_tag","embeddable":true,"href":"https:\/\/www.friseur-hopmann.de\/index.php?rest_route=%2Fwp%2Fv2%2Fproduct_tag&post=17616"}],"curies":[{"name":"wp","href":"https:\/\/api.w.org\/{rel}","templated":true}]}}