{"id":17613,"date":"2022-03-14T19:05:34","date_gmt":"2022-03-14T17:05:34","guid":{"rendered":"http:\/\/www.friseur-hopmann.de\/?post_type=product&#038;p=17613"},"modified":"2026-01-13T19:25:11","modified_gmt":"2026-01-13T17:25:11","slug":"kerastase-chroma-absolu-bain-riche-chroma-respect-1000-ml-shampoo","status":"publish","type":"product","link":"https:\/\/www.friseur-hopmann.de\/?product=kerastase-chroma-absolu-bain-riche-chroma-respect-1000-ml-shampoo","title":{"rendered":"K\u00e9rastase Chroma Absolu Bain Riche Chroma Respect 1000 ml (Shampoo)"},"content":{"rendered":"<div class=\"std col-lg-8 col-lg-offset-2 col-md-10 col-md-offset-1\">\n<h2>K\u00e9rastase Chroma Absolu Bain Riche Chroma Respect 1000 ml<\/h2>\n<p>Das\u00a0<strong>K\u00e9rastase Chroma Absolu Bain Riche Chroma Respect<\/strong> ist ein intensiv pflegendes, sch\u00fctzendes Haarbad f\u00fcr mittelstarkes bis kr\u00e4ftiges coloriertes, gesch\u00e4digtes oder sensibilisiertes Haar. Es verleiht dem Haar sofortige Geschmeidigkeit und versiegelt por\u00f6ses Haar f\u00fcr maximalen Farberhalt.<\/p>\n<h2>Eigenschaften des\u00a0K\u00e9rastase Chroma Absolu Bain Riche Chroma Respect<\/h2>\n<ul>\n<li>Intensive Pflege f\u00fcr coloriertes Haar<\/li>\n<li>Verleiht sofortige Geschmeidigkeit<\/li>\n<li>Versiegelt por\u00f6ses Haar f\u00fcr maximalen Farberhalt<\/li>\n<li>Ohne Sulfate<\/li>\n<li>Mit Milchs\u00e4ure und Centella Asiatica<\/li>\n<li>Reinigt intensiv und repariert\u00a0die Haaroberfl\u00e4che<\/li>\n<\/ul>\n<h3>Anwendung des\u00a0K\u00e9rastase Chroma Absolu Bain Riche Chroma Respect<\/h3>\n<p>Auf das feuchte Haar auftragen und aufsch\u00e4umen. Anschlie\u00dfend aussp\u00fclen. Wiederholen. Bei Kontakt mit den Augen sofort gr\u00fcndlich mit Wasser sp\u00fclen<\/p>\n<\/div>\n<p><strong>Inhalt: 1000 ml<\/strong><\/p>\n","protected":false},"excerpt":{"rendered":"<p><em><strong>Bild zeigt Produkt mit 250 ml Inhalt<\/strong><\/em><\/p>\n<p>Das\u00a0<strong>K\u00e9rastase Chroma Absolu Bain Riche Chroma Respect<\/strong> ist ein intensiv pflegendes, sch\u00fctzendes Haarbad f\u00fcr mittelstarkes bis kr\u00e4ftiges coloriertes, gesch\u00e4digtes oder sensibilisiertes Haar. Es verleiht dem Haar sofortige Geschmeidigkeit und versiegelt por\u00f6ses Haar f\u00fcr maximalen Farberhal<\/p>\n","protected":false},"featured_media":17393,"comment_status":"closed","ping_status":"closed","template":"","meta":{"_exactmetrics_skip_tracking":false,"_exactmetrics_sitenote_active":false,"_exactmetrics_sitenote_note":"","_exactmetrics_sitenote_category":0,"_monsterinsights_skip_tracking":false,"_monsterinsights_sitenote_active":false,"_monsterinsights_sitenote_note":"","_monsterinsights_sitenote_category":0},"pwb-brand":[],"product_brand":[],"product_cat":[491,548,941,940],"product_tag":[937,675,938],"class_list":{"0":"post-17613","1":"product","2":"type-product","3":"status-publish","4":"has-post-thumbnail","6":"product_cat-kerastase","7":"product_cat-kerastase-shampoo","8":"product_cat-1000ml","9":"product_cat-chroma-absolu-kerastase","10":"product_tag-colorshampoo","11":"product_tag-shampoo","12":"product_tag-shampoo-fuer-gefaerbtes-haar","14":"first","15":"instock","16":"sold-individually","17":"taxable","18":"shipping-taxable","19":"purchasable","20":"product-type-simple"},"yoast_head":"<!-- This site is optimized with the Yoast SEO plugin v24.6 - https:\/\/yoast.com\/wordpress\/plugins\/seo\/ -->\n<title>K\u00e9rastase Chroma Absolu Bain Riche Chroma Respect 1000 ml (Shampoo) - Friseur Hopmann Hairstyling<\/title>\n<meta name=\"robots\" content=\"index, follow, max-snippet:-1, max-image-preview:large, max-video-preview:-1\" \/>\n<link rel=\"canonical\" href=\"https:\/\/www.friseur-hopmann.de\/?product=kerastase-chroma-absolu-bain-riche-chroma-respect-1000-ml-shampoo\" \/>\n<meta property=\"og:locale\" content=\"de_DE\" \/>\n<meta property=\"og:type\" content=\"article\" \/>\n<meta property=\"og:title\" content=\"K\u00e9rastase Chroma Absolu Bain Riche Chroma Respect 1000 ml (Shampoo) - Friseur Hopmann Hairstyling\" \/>\n<meta property=\"og:description\" content=\"Bild zeigt Produkt mit 250 ml Inhalt  Das\u00a0K\u00e9rastase Chroma Absolu Bain Riche Chroma Respect ist ein intensiv pflegendes, sch\u00fctzendes Haarbad f\u00fcr mittelstarkes bis kr\u00e4ftiges coloriertes, gesch\u00e4digtes oder sensibilisiertes Haar. Es verleiht dem Haar sofortige Geschmeidigkeit und versiegelt por\u00f6ses Haar f\u00fcr maximalen Farberhal\" \/>\n<meta property=\"og:url\" content=\"https:\/\/www.friseur-hopmann.de\/?product=kerastase-chroma-absolu-bain-riche-chroma-respect-1000-ml-shampoo\" \/>\n<meta property=\"og:site_name\" content=\"Friseur Hopmann Hairstyling\" \/>\n<meta property=\"article:modified_time\" content=\"2026-01-13T17:25:11+00:00\" \/>\n<meta property=\"og:image\" content=\"http:\/\/www.friseur-hopmann.de\/wp-content\/uploads\/2022\/01\/Chroma-Absolu-Bain-Chroma-Rich-ml.jpg\" \/>\n\t<meta property=\"og:image:width\" content=\"500\" \/>\n\t<meta property=\"og:image:height\" content=\"500\" \/>\n\t<meta property=\"og:image:type\" content=\"image\/jpeg\" \/>\n<meta name=\"twitter:card\" content=\"summary_large_image\" \/>\n<meta name=\"twitter:label1\" content=\"Gesch\u00e4tzte Lesezeit\" \/>\n\t<meta name=\"twitter:data1\" content=\"1\u00a0Minute\" \/>\n<script type=\"application\/ld+json\" class=\"yoast-schema-graph\">{\"@context\":\"https:\/\/schema.org\",\"@graph\":[{\"@type\":\"WebPage\",\"@id\":\"https:\/\/www.friseur-hopmann.de\/?product=kerastase-chroma-absolu-bain-riche-chroma-respect-1000-ml-shampoo\",\"url\":\"https:\/\/www.friseur-hopmann.de\/?product=kerastase-chroma-absolu-bain-riche-chroma-respect-1000-ml-shampoo\",\"name\":\"K\u00e9rastase Chroma Absolu Bain Riche Chroma Respect 1000 ml (Shampoo) - Friseur Hopmann Hairstyling\",\"isPartOf\":{\"@id\":\"https:\/\/www.friseur-hopmann.de\/#website\"},\"primaryImageOfPage\":{\"@id\":\"https:\/\/www.friseur-hopmann.de\/?product=kerastase-chroma-absolu-bain-riche-chroma-respect-1000-ml-shampoo#primaryimage\"},\"image\":{\"@id\":\"https:\/\/www.friseur-hopmann.de\/?product=kerastase-chroma-absolu-bain-riche-chroma-respect-1000-ml-shampoo#primaryimage\"},\"thumbnailUrl\":\"https:\/\/www.friseur-hopmann.de\/wp-content\/uploads\/2022\/01\/Chroma-Absolu-Bain-Chroma-Rich-ml.jpg\",\"datePublished\":\"2022-03-14T17:05:34+00:00\",\"dateModified\":\"2026-01-13T17:25:11+00:00\",\"breadcrumb\":{\"@id\":\"https:\/\/www.friseur-hopmann.de\/?product=kerastase-chroma-absolu-bain-riche-chroma-respect-1000-ml-shampoo#breadcrumb\"},\"inLanguage\":\"de\",\"potentialAction\":[{\"@type\":\"ReadAction\",\"target\":[\"https:\/\/www.friseur-hopmann.de\/?product=kerastase-chroma-absolu-bain-riche-chroma-respect-1000-ml-shampoo\"]}]},{\"@type\":\"ImageObject\",\"inLanguage\":\"de\",\"@id\":\"https:\/\/www.friseur-hopmann.de\/?product=kerastase-chroma-absolu-bain-riche-chroma-respect-1000-ml-shampoo#primaryimage\",\"url\":\"https:\/\/www.friseur-hopmann.de\/wp-content\/uploads\/2022\/01\/Chroma-Absolu-Bain-Chroma-Rich-ml.jpg\",\"contentUrl\":\"https:\/\/www.friseur-hopmann.de\/wp-content\/uploads\/2022\/01\/Chroma-Absolu-Bain-Chroma-Rich-ml.jpg\",\"width\":500,\"height\":500},{\"@type\":\"BreadcrumbList\",\"@id\":\"https:\/\/www.friseur-hopmann.de\/?product=kerastase-chroma-absolu-bain-riche-chroma-respect-1000-ml-shampoo#breadcrumb\",\"itemListElement\":[{\"@type\":\"ListItem\",\"position\":1,\"name\":\"Startseite\",\"item\":\"https:\/\/www.friseur-hopmann.de\/\"},{\"@type\":\"ListItem\",\"position\":2,\"name\":\"Produkte\",\"item\":\"https:\/\/www.friseur-hopmann.de\/?post_type=product\"},{\"@type\":\"ListItem\",\"position\":3,\"name\":\"K\u00e9rastase Chroma Absolu Bain Riche Chroma Respect 1000 ml (Shampoo)\"}]},{\"@type\":\"WebSite\",\"@id\":\"https:\/\/www.friseur-hopmann.de\/#website\",\"url\":\"https:\/\/www.friseur-hopmann.de\/\",\"name\":\"Friseur Hopmann Hairstyling\",\"description\":\"Ihr Friseur in Nordhorn\",\"potentialAction\":[{\"@type\":\"SearchAction\",\"target\":{\"@type\":\"EntryPoint\",\"urlTemplate\":\"https:\/\/www.friseur-hopmann.de\/?s={search_term_string}\"},\"query-input\":{\"@type\":\"PropertyValueSpecification\",\"valueRequired\":true,\"valueName\":\"search_term_string\"}}],\"inLanguage\":\"de\"}]}<\/script>\n<!-- \/ Yoast SEO plugin. -->","yoast_head_json":{"title":"K\u00e9rastase Chroma Absolu Bain Riche Chroma Respect 1000 ml (Shampoo) - Friseur Hopmann Hairstyling","robots":{"index":"index","follow":"follow","max-snippet":"max-snippet:-1","max-image-preview":"max-image-preview:large","max-video-preview":"max-video-preview:-1"},"canonical":"https:\/\/www.friseur-hopmann.de\/?product=kerastase-chroma-absolu-bain-riche-chroma-respect-1000-ml-shampoo","og_locale":"de_DE","og_type":"article","og_title":"K\u00e9rastase Chroma Absolu Bain Riche Chroma Respect 1000 ml (Shampoo) - Friseur Hopmann Hairstyling","og_description":"Bild zeigt Produkt mit 250 ml Inhalt  Das\u00a0K\u00e9rastase Chroma Absolu Bain Riche Chroma Respect ist ein intensiv pflegendes, sch\u00fctzendes Haarbad f\u00fcr mittelstarkes bis kr\u00e4ftiges coloriertes, gesch\u00e4digtes oder sensibilisiertes Haar. Es verleiht dem Haar sofortige Geschmeidigkeit und versiegelt por\u00f6ses Haar f\u00fcr maximalen Farberhal","og_url":"https:\/\/www.friseur-hopmann.de\/?product=kerastase-chroma-absolu-bain-riche-chroma-respect-1000-ml-shampoo","og_site_name":"Friseur Hopmann Hairstyling","article_modified_time":"2026-01-13T17:25:11+00:00","og_image":[{"width":500,"height":500,"url":"http:\/\/www.friseur-hopmann.de\/wp-content\/uploads\/2022\/01\/Chroma-Absolu-Bain-Chroma-Rich-ml.jpg","type":"image\/jpeg"}],"twitter_card":"summary_large_image","twitter_misc":{"Gesch\u00e4tzte Lesezeit":"1\u00a0Minute"},"schema":{"@context":"https:\/\/schema.org","@graph":[{"@type":"WebPage","@id":"https:\/\/www.friseur-hopmann.de\/?product=kerastase-chroma-absolu-bain-riche-chroma-respect-1000-ml-shampoo","url":"https:\/\/www.friseur-hopmann.de\/?product=kerastase-chroma-absolu-bain-riche-chroma-respect-1000-ml-shampoo","name":"K\u00e9rastase Chroma Absolu Bain Riche Chroma Respect 1000 ml (Shampoo) - Friseur Hopmann Hairstyling","isPartOf":{"@id":"https:\/\/www.friseur-hopmann.de\/#website"},"primaryImageOfPage":{"@id":"https:\/\/www.friseur-hopmann.de\/?product=kerastase-chroma-absolu-bain-riche-chroma-respect-1000-ml-shampoo#primaryimage"},"image":{"@id":"https:\/\/www.friseur-hopmann.de\/?product=kerastase-chroma-absolu-bain-riche-chroma-respect-1000-ml-shampoo#primaryimage"},"thumbnailUrl":"https:\/\/www.friseur-hopmann.de\/wp-content\/uploads\/2022\/01\/Chroma-Absolu-Bain-Chroma-Rich-ml.jpg","datePublished":"2022-03-14T17:05:34+00:00","dateModified":"2026-01-13T17:25:11+00:00","breadcrumb":{"@id":"https:\/\/www.friseur-hopmann.de\/?product=kerastase-chroma-absolu-bain-riche-chroma-respect-1000-ml-shampoo#breadcrumb"},"inLanguage":"de","potentialAction":[{"@type":"ReadAction","target":["https:\/\/www.friseur-hopmann.de\/?product=kerastase-chroma-absolu-bain-riche-chroma-respect-1000-ml-shampoo"]}]},{"@type":"ImageObject","inLanguage":"de","@id":"https:\/\/www.friseur-hopmann.de\/?product=kerastase-chroma-absolu-bain-riche-chroma-respect-1000-ml-shampoo#primaryimage","url":"https:\/\/www.friseur-hopmann.de\/wp-content\/uploads\/2022\/01\/Chroma-Absolu-Bain-Chroma-Rich-ml.jpg","contentUrl":"https:\/\/www.friseur-hopmann.de\/wp-content\/uploads\/2022\/01\/Chroma-Absolu-Bain-Chroma-Rich-ml.jpg","width":500,"height":500},{"@type":"BreadcrumbList","@id":"https:\/\/www.friseur-hopmann.de\/?product=kerastase-chroma-absolu-bain-riche-chroma-respect-1000-ml-shampoo#breadcrumb","itemListElement":[{"@type":"ListItem","position":1,"name":"Startseite","item":"https:\/\/www.friseur-hopmann.de\/"},{"@type":"ListItem","position":2,"name":"Produkte","item":"https:\/\/www.friseur-hopmann.de\/?post_type=product"},{"@type":"ListItem","position":3,"name":"K\u00e9rastase Chroma Absolu Bain Riche Chroma Respect 1000 ml (Shampoo)"}]},{"@type":"WebSite","@id":"https:\/\/www.friseur-hopmann.de\/#website","url":"https:\/\/www.friseur-hopmann.de\/","name":"Friseur Hopmann Hairstyling","description":"Ihr Friseur in Nordhorn","potentialAction":[{"@type":"SearchAction","target":{"@type":"EntryPoint","urlTemplate":"https:\/\/www.friseur-hopmann.de\/?s={search_term_string}"},"query-input":{"@type":"PropertyValueSpecification","valueRequired":true,"valueName":"search_term_string"}}],"inLanguage":"de"}]}},"brands":[],"_links":{"self":[{"href":"https:\/\/www.friseur-hopmann.de\/index.php?rest_route=\/wp\/v2\/product\/17613","targetHints":{"allow":["GET"]}}],"collection":[{"href":"https:\/\/www.friseur-hopmann.de\/index.php?rest_route=\/wp\/v2\/product"}],"about":[{"href":"https:\/\/www.friseur-hopmann.de\/index.php?rest_route=\/wp\/v2\/types\/product"}],"replies":[{"embeddable":true,"href":"https:\/\/www.friseur-hopmann.de\/index.php?rest_route=%2Fwp%2Fv2%2Fcomments&post=17613"}],"wp:featuredmedia":[{"embeddable":true,"href":"https:\/\/www.friseur-hopmann.de\/index.php?rest_route=\/wp\/v2\/media\/17393"}],"wp:attachment":[{"href":"https:\/\/www.friseur-hopmann.de\/index.php?rest_route=%2Fwp%2Fv2%2Fmedia&parent=17613"}],"wp:term":[{"taxonomy":"pwb-brand","embeddable":true,"href":"https:\/\/www.friseur-hopmann.de\/index.php?rest_route=%2Fwp%2Fv2%2Fpwb-brand&post=17613"},{"taxonomy":"product_brand","embeddable":true,"href":"https:\/\/www.friseur-hopmann.de\/index.php?rest_route=%2Fwp%2Fv2%2Fproduct_brand&post=17613"},{"taxonomy":"product_cat","embeddable":true,"href":"https:\/\/www.friseur-hopmann.de\/index.php?rest_route=%2Fwp%2Fv2%2Fproduct_cat&post=17613"},{"taxonomy":"product_tag","embeddable":true,"href":"https:\/\/www.friseur-hopmann.de\/index.php?rest_route=%2Fwp%2Fv2%2Fproduct_tag&post=17613"}],"curies":[{"name":"wp","href":"https:\/\/api.w.org\/{rel}","templated":true}]}}