{"id":17173,"date":"2021-11-18T10:34:37","date_gmt":"2021-11-18T08:34:37","guid":{"rendered":"http:\/\/www.friseur-hopmann.de\/?post_type=product&#038;p=17173"},"modified":"2026-01-18T14:37:15","modified_gmt":"2026-01-18T12:37:15","slug":"kerastase-blond-absolu-set","status":"publish","type":"product","link":"https:\/\/www.friseur-hopmann.de\/?product=kerastase-blond-absolu-set","title":{"rendered":"K\u00e9rastase Blond Absolu -Set (f\u00fcr blondes Haar)"},"content":{"rendered":"<div class=\"product_description row\">\n<div class=\"title col-xs-12\"><\/div>\n<div class=\"std col-lg-8 col-lg-offset-2 col-md-10 col-md-offset-1\">\n<h2>K\u00e9rastase Blond Absolu X-Mas Set f\u00fcr blondes Haar<\/h2>\n<p>Das\u00a0<strong>K\u00e9rastase Blond Absolu Set<\/strong>\u00a0ist ideal f\u00fcr blondes Haar. Sparen Sie beim Kauf im Set.<\/p>\n<h2>K\u00e9rastase Blond Absolu Bain Lumi\u00e8re 250 ml\u00b0<\/h2>\n<p>\u00b0<strong>auf Wunsch mit Absolu Bain Ultra Violett 250 ml (Shampoo)<br \/>\n<\/strong><\/p>\n<p>Das <strong>K\u00e9rastase Blond Absolu Bain Lumi\u00e8re<\/strong> ist ein luxuri\u00f6ses Haarbad speziell konzipiert f\u00fcr blondiertes, gestr\u00e4hntes oder nat\u00fcrlich blondes Haar. Es spendet tiefenwirksam &amp; langanhaltend Feuchtigkeit, reinigt dabei sanft das Haar und verleiht strahlenden Glanz und Geschmeidigkeit.<\/p>\n<h2>Eigenschaften von\u00a0K\u00e9rastase Blond Absolu Bain Lumi\u00e8re<\/h2>\n<ul>\n<li>Feuchtigkeitsspendendes Shampoo zur sanften Reinigung des Haares<\/li>\n<li>Befreit das Haar von Verschmutzungen und freien Radikalen<\/li>\n<li>Verleiht Glanz und Geschmeidigkeit<\/li>\n<li>F\u00fcr ein dauerhaft seidiges Haargef\u00fchl<\/li>\n<\/ul>\n<h2>Anwendung\u00a0von\u00a0K\u00e9rastase Blond Absolu Bain Lumi\u00e8re<\/h2>\n<p>Auf das nasse Haar auftragen. Mindestens 2 Minuten oder l\u00e4nger einwirken lassen &#8211; je nach gew\u00fcnschter Intensit\u00e4t. Aussp\u00fclen. Bei Kontakt mit den Augen diese sofort gr\u00fcndlich aussp\u00fclen.<\/p>\n<p>+<\/p>\n<h2>K\u00e9rastase Blond Absolu Cicaflash 250 ml<\/h2>\n<p>Das\u00a0<strong>K\u00e9rastase Blond Absolu Cicaflash\u00a0<\/strong>ist ein regenerierender Fondant speziell konzipiert f\u00fcr blondiertes oder gestr\u00e4hntes Haar. Der Fondant baut das Haar auf und sch\u00fctzt es, dabei reduziert er Haarbruch und pflegt dabei intensiv ohne zu Beschweren.<\/p>\n<h2>Eigenschaften von K\u00e9rastase Blond Absolu Cicaflash<\/h2>\n<ul>\n<li>Der ultimative Hybrid: die pflegenden Eigenschaften einer Maske vereint mit der leichten Textur eines Fondants<\/li>\n<li>Intensive Pflege f\u00fcr durch Blondierung gesch\u00e4digtes Haar<\/li>\n<li>Neutralisiert schrittweise unerw\u00fcnschte warme Untert\u00f6ne<\/li>\n<li>F\u00fcr ein dauerhaft seidiges Haargef\u00fchl<\/li>\n<li>F\u00fcr strahlend k\u00fchle Blondt\u00f6ne mit langanhaltender Brillianz<\/li>\n<\/ul>\n<h3><\/h3>\n<h2>Anwendung\u00a0von\u00a0K\u00e9rastase Blond Absolu Cicaflash<\/h2>\n<p>Nach dem Haarbad in das handtuchtrockene Haar einmassieren. In die L\u00e4ngen und Spitzen einarbeiten. F\u00fcr 3 bis 5 Minuten einwirken lassen. Bei Kontakt mit den Augen diese sofort gr\u00fcndlich aussp\u00fclen.<\/p>\n<p>+<\/p>\n<h2>K\u00e9rastase Blond Absolu Cicaplasme 150 ml<\/h2>\n<p>Das <strong>K\u00e9rastase Blond Absolu Cicaplasme <\/strong>ist ein regenerierendes Haarserum speziell konzipiert f\u00fcr blondiertes oder gestr\u00e4hntes Haar. Das Haarserum sch\u00fctzt vor Haarbruch, rekonstruiert strukturgesch\u00e4digtes Haar und bietet Hitzeschutz bis zu 230\u00b0C*.<\/p>\n<h2>Eigenschaften von K\u00e9rastase Blond Absolu Cicaplasme<\/h2>\n<ul>\n<li>Aufbauendes Leave-In<\/li>\n<li>Rekonstruiert strukturgesch\u00e4digte Haarfasern<\/li>\n<li>Sch\u00fctzt vor Haarbruch<\/li>\n<li>Angereichert mit UV-Filtern und Antioxidantien<\/li>\n<li>Versiegelt L\u00e4ngen und Spitzen, ohne zu Beschweren<\/li>\n<li>F\u00fcr ein dauerhaft seidiges Haargef\u00fchl<\/li>\n<li>Hitzeschutz bis zu 230\u00b0C*<\/li>\n<\/ul>\n<p>&nbsp;<\/p>\n<h2>Anwendung von K\u00e9rastase Blond Absolu Cicaplasme<\/h2>\n<p>Morgens: Vor dem F\u00f6hnen oder Trocknen auf das feuchte Haar auftragen. Zur Veredelung in die L\u00e4ngen und Spitzen einarbeiten. Nachts: F\u00fcr einen optimalen Aufbau des Haares \u00fcber Nacht einwirken lassen. Bei Kontakt mit den Augen diese sofort gr\u00fcndlich aussp\u00fclen.<\/p>\n<p>&nbsp;<\/p>\n<\/div>\n<\/div>\n","protected":false},"excerpt":{"rendered":"<p>Das\u00a0<strong>K\u00e9rastase Blond Absolu Set<\/strong> ist ideal f\u00fcr blondes Haar.<\/p>\n<p><strong>Inhalt:<\/strong><\/p>\n<h2>K\u00e9rastase Blond Absolu Bain Lumi\u00e8re (Shampoo)\u00b0<\/h2>\n<h2>K\u00e9rastase Blond Absolu Cicaflash (Haarkur)<\/h2>\n<h2>K\u00e9rastase Blond Absolu Cicaplasme 150 ml (Hitzeschutz)<\/h2>\n<p>\u00b0<strong>auf Wunsch mit Absolu Bain Ultra Violett 250 ml (Shampoo)<br \/>\n<\/strong><\/p>\n<p>&nbsp;<\/p>\n<div class=\"se-field se-switch field flex se-field--fluid\">\n<div class=\"se-field__label-container\">\n<div class=\"se-field__label-section fixed-width\">\n<p><strong><label class=\"field__label\" for=\"s0-0-0-24-8-REGULATORY_COMPLIANCE-0-34-6[3]-1-se-switch\">I<em>nformationen zur Produktsicherheit (GPSR-Richtlinien)<\/em><\/label><\/strong><\/p>\n<p><em>Enth\u00e4lt Inhaltsstoffe, die Allergien ausl\u00f6sen k\u00f6nnen.<\/em><\/p>\n<p><em>Bei Kontakt mit den Augen, diese gr\u00fcndlich aussp\u00fclen.<\/em><\/p>\n<p>Verantwortlicher Hersteller: L<em>oreal Professionnel,\u00a0 14, rue Royale 75008 Paris\u00b4<\/em><\/p>\n<\/div>\n<\/div>\n<\/div>\n<div class=\"summary__hazmat-gridview-section\">\n<div class=\"summary__regulatory--section hazmat-statements\">\n<div class=\"se-field se-expand-button se-filter-menu-button field se-field--fluid\">\n<div class=\"se-field--fluid\">\n<div><em>fragen@loreal-group. com<\/em><\/div>\n<\/div>\n<\/div>\n<\/div>\n<\/div>\n","protected":false},"featured_media":17174,"comment_status":"closed","ping_status":"closed","template":"","meta":{"_exactmetrics_skip_tracking":false,"_exactmetrics_sitenote_active":false,"_exactmetrics_sitenote_note":"","_exactmetrics_sitenote_category":0,"_monsterinsights_skip_tracking":false,"_monsterinsights_sitenote_active":false,"_monsterinsights_sitenote_note":"","_monsterinsights_sitenote_category":0},"pwb-brand":[],"product_brand":[],"product_cat":[491,542,544,547,548,671,685,703],"product_tag":[924,697,712,925],"class_list":{"0":"post-17173","1":"product","2":"type-product","3":"status-publish","4":"has-post-thumbnail","6":"product_cat-kerastase","7":"product_cat-kerastase-conditioner","8":"product_cat-kerastase-haarpflege","9":"product_cat-kerastase-pflegelotion","10":"product_cat-kerastase-shampoo","11":"product_cat-unkategorisiert","12":"product_cat-blond-absolu","13":"product_cat-sale","14":"product_tag-blondes-haar","15":"product_tag-haarkur","16":"product_tag-haarpflege","17":"product_tag-hitzseschutz","19":"first","20":"instock","21":"sale","22":"taxable","23":"shipping-taxable","24":"purchasable","25":"product-type-simple"},"yoast_head":"<!-- This site is optimized with the Yoast SEO plugin v24.6 - https:\/\/yoast.com\/wordpress\/plugins\/seo\/ -->\n<title>K\u00e9rastase Blond Absolu -Set (f\u00fcr blondes Haar) - Friseur Hopmann Hairstyling<\/title>\n<meta name=\"robots\" content=\"index, follow, max-snippet:-1, max-image-preview:large, max-video-preview:-1\" \/>\n<link rel=\"canonical\" href=\"https:\/\/www.friseur-hopmann.de\/?product=kerastase-blond-absolu-set\" \/>\n<meta property=\"og:locale\" content=\"de_DE\" \/>\n<meta property=\"og:type\" content=\"article\" \/>\n<meta property=\"og:title\" content=\"K\u00e9rastase Blond Absolu -Set (f\u00fcr blondes Haar) - Friseur Hopmann Hairstyling\" \/>\n<meta property=\"og:description\" content=\"Das\u00a0K\u00e9rastase Blond Absolu Set ist ideal f\u00fcr blondes Haar.  Inhalt: K\u00e9rastase Blond Absolu Bain Lumi\u00e8re (Shampoo)\u00b0 K\u00e9rastase Blond Absolu Cicaflash (Haarkur) K\u00e9rastase Blond Absolu Cicaplasme 150 ml (Hitzeschutz) \u00b0auf Wunsch mit Absolu Bain Ultra Violett 250 ml (Shampoo)   &nbsp;     Informationen zur Produktsicherheit (GPSR-Richtlinien)  Enth\u00e4lt Inhaltsstoffe, die Allergien ausl\u00f6sen k\u00f6nnen.  Bei Kontakt mit den Augen, diese gr\u00fcndlich aussp\u00fclen.  Verantwortlicher Hersteller: Loreal Professionnel,\u00a0 14, rue Royale 75008 Paris\u00b4         fragen@loreal-group. com\" \/>\n<meta property=\"og:url\" content=\"https:\/\/www.friseur-hopmann.de\/?product=kerastase-blond-absolu-set\" \/>\n<meta property=\"og:site_name\" content=\"Friseur Hopmann Hairstyling\" \/>\n<meta property=\"article:modified_time\" content=\"2026-01-18T12:37:15+00:00\" \/>\n<meta property=\"og:image\" content=\"http:\/\/www.friseur-hopmann.de\/wp-content\/uploads\/2021\/11\/Absolut-Set.jpg\" \/>\n\t<meta property=\"og:image:width\" content=\"500\" \/>\n\t<meta property=\"og:image:height\" content=\"500\" \/>\n\t<meta property=\"og:image:type\" content=\"image\/jpeg\" \/>\n<meta name=\"twitter:card\" content=\"summary_large_image\" \/>\n<meta name=\"twitter:label1\" content=\"Gesch\u00e4tzte Lesezeit\" \/>\n\t<meta name=\"twitter:data1\" content=\"3\u00a0Minuten\" \/>\n<script type=\"application\/ld+json\" class=\"yoast-schema-graph\">{\"@context\":\"https:\/\/schema.org\",\"@graph\":[{\"@type\":\"WebPage\",\"@id\":\"https:\/\/www.friseur-hopmann.de\/?product=kerastase-blond-absolu-set\",\"url\":\"https:\/\/www.friseur-hopmann.de\/?product=kerastase-blond-absolu-set\",\"name\":\"K\u00e9rastase Blond Absolu -Set (f\u00fcr blondes Haar) - Friseur Hopmann Hairstyling\",\"isPartOf\":{\"@id\":\"https:\/\/www.friseur-hopmann.de\/#website\"},\"primaryImageOfPage\":{\"@id\":\"https:\/\/www.friseur-hopmann.de\/?product=kerastase-blond-absolu-set#primaryimage\"},\"image\":{\"@id\":\"https:\/\/www.friseur-hopmann.de\/?product=kerastase-blond-absolu-set#primaryimage\"},\"thumbnailUrl\":\"https:\/\/www.friseur-hopmann.de\/wp-content\/uploads\/2021\/11\/Absolut-Set.jpg\",\"datePublished\":\"2021-11-18T08:34:37+00:00\",\"dateModified\":\"2026-01-18T12:37:15+00:00\",\"breadcrumb\":{\"@id\":\"https:\/\/www.friseur-hopmann.de\/?product=kerastase-blond-absolu-set#breadcrumb\"},\"inLanguage\":\"de\",\"potentialAction\":[{\"@type\":\"ReadAction\",\"target\":[\"https:\/\/www.friseur-hopmann.de\/?product=kerastase-blond-absolu-set\"]}]},{\"@type\":\"ImageObject\",\"inLanguage\":\"de\",\"@id\":\"https:\/\/www.friseur-hopmann.de\/?product=kerastase-blond-absolu-set#primaryimage\",\"url\":\"https:\/\/www.friseur-hopmann.de\/wp-content\/uploads\/2021\/11\/Absolut-Set.jpg\",\"contentUrl\":\"https:\/\/www.friseur-hopmann.de\/wp-content\/uploads\/2021\/11\/Absolut-Set.jpg\",\"width\":500,\"height\":500},{\"@type\":\"BreadcrumbList\",\"@id\":\"https:\/\/www.friseur-hopmann.de\/?product=kerastase-blond-absolu-set#breadcrumb\",\"itemListElement\":[{\"@type\":\"ListItem\",\"position\":1,\"name\":\"Startseite\",\"item\":\"https:\/\/www.friseur-hopmann.de\/\"},{\"@type\":\"ListItem\",\"position\":2,\"name\":\"Produkte\",\"item\":\"https:\/\/www.friseur-hopmann.de\/?post_type=product\"},{\"@type\":\"ListItem\",\"position\":3,\"name\":\"K\u00e9rastase Blond Absolu -Set (f\u00fcr blondes Haar)\"}]},{\"@type\":\"WebSite\",\"@id\":\"https:\/\/www.friseur-hopmann.de\/#website\",\"url\":\"https:\/\/www.friseur-hopmann.de\/\",\"name\":\"Friseur Hopmann Hairstyling\",\"description\":\"Ihr Friseur in Nordhorn\",\"potentialAction\":[{\"@type\":\"SearchAction\",\"target\":{\"@type\":\"EntryPoint\",\"urlTemplate\":\"https:\/\/www.friseur-hopmann.de\/?s={search_term_string}\"},\"query-input\":{\"@type\":\"PropertyValueSpecification\",\"valueRequired\":true,\"valueName\":\"search_term_string\"}}],\"inLanguage\":\"de\"}]}<\/script>\n<!-- \/ Yoast SEO plugin. -->","yoast_head_json":{"title":"K\u00e9rastase Blond Absolu -Set (f\u00fcr blondes Haar) - Friseur Hopmann Hairstyling","robots":{"index":"index","follow":"follow","max-snippet":"max-snippet:-1","max-image-preview":"max-image-preview:large","max-video-preview":"max-video-preview:-1"},"canonical":"https:\/\/www.friseur-hopmann.de\/?product=kerastase-blond-absolu-set","og_locale":"de_DE","og_type":"article","og_title":"K\u00e9rastase Blond Absolu -Set (f\u00fcr blondes Haar) - Friseur Hopmann Hairstyling","og_description":"Das\u00a0K\u00e9rastase Blond Absolu Set ist ideal f\u00fcr blondes Haar.  Inhalt: K\u00e9rastase Blond Absolu Bain Lumi\u00e8re (Shampoo)\u00b0 K\u00e9rastase Blond Absolu Cicaflash (Haarkur) K\u00e9rastase Blond Absolu Cicaplasme 150 ml (Hitzeschutz) \u00b0auf Wunsch mit Absolu Bain Ultra Violett 250 ml (Shampoo)   &nbsp;     Informationen zur Produktsicherheit (GPSR-Richtlinien)  Enth\u00e4lt Inhaltsstoffe, die Allergien ausl\u00f6sen k\u00f6nnen.  Bei Kontakt mit den Augen, diese gr\u00fcndlich aussp\u00fclen.  Verantwortlicher Hersteller: Loreal Professionnel,\u00a0 14, rue Royale 75008 Paris\u00b4         fragen@loreal-group. com","og_url":"https:\/\/www.friseur-hopmann.de\/?product=kerastase-blond-absolu-set","og_site_name":"Friseur Hopmann Hairstyling","article_modified_time":"2026-01-18T12:37:15+00:00","og_image":[{"width":500,"height":500,"url":"http:\/\/www.friseur-hopmann.de\/wp-content\/uploads\/2021\/11\/Absolut-Set.jpg","type":"image\/jpeg"}],"twitter_card":"summary_large_image","twitter_misc":{"Gesch\u00e4tzte Lesezeit":"3\u00a0Minuten"},"schema":{"@context":"https:\/\/schema.org","@graph":[{"@type":"WebPage","@id":"https:\/\/www.friseur-hopmann.de\/?product=kerastase-blond-absolu-set","url":"https:\/\/www.friseur-hopmann.de\/?product=kerastase-blond-absolu-set","name":"K\u00e9rastase Blond Absolu -Set (f\u00fcr blondes Haar) - Friseur Hopmann Hairstyling","isPartOf":{"@id":"https:\/\/www.friseur-hopmann.de\/#website"},"primaryImageOfPage":{"@id":"https:\/\/www.friseur-hopmann.de\/?product=kerastase-blond-absolu-set#primaryimage"},"image":{"@id":"https:\/\/www.friseur-hopmann.de\/?product=kerastase-blond-absolu-set#primaryimage"},"thumbnailUrl":"https:\/\/www.friseur-hopmann.de\/wp-content\/uploads\/2021\/11\/Absolut-Set.jpg","datePublished":"2021-11-18T08:34:37+00:00","dateModified":"2026-01-18T12:37:15+00:00","breadcrumb":{"@id":"https:\/\/www.friseur-hopmann.de\/?product=kerastase-blond-absolu-set#breadcrumb"},"inLanguage":"de","potentialAction":[{"@type":"ReadAction","target":["https:\/\/www.friseur-hopmann.de\/?product=kerastase-blond-absolu-set"]}]},{"@type":"ImageObject","inLanguage":"de","@id":"https:\/\/www.friseur-hopmann.de\/?product=kerastase-blond-absolu-set#primaryimage","url":"https:\/\/www.friseur-hopmann.de\/wp-content\/uploads\/2021\/11\/Absolut-Set.jpg","contentUrl":"https:\/\/www.friseur-hopmann.de\/wp-content\/uploads\/2021\/11\/Absolut-Set.jpg","width":500,"height":500},{"@type":"BreadcrumbList","@id":"https:\/\/www.friseur-hopmann.de\/?product=kerastase-blond-absolu-set#breadcrumb","itemListElement":[{"@type":"ListItem","position":1,"name":"Startseite","item":"https:\/\/www.friseur-hopmann.de\/"},{"@type":"ListItem","position":2,"name":"Produkte","item":"https:\/\/www.friseur-hopmann.de\/?post_type=product"},{"@type":"ListItem","position":3,"name":"K\u00e9rastase Blond Absolu -Set (f\u00fcr blondes Haar)"}]},{"@type":"WebSite","@id":"https:\/\/www.friseur-hopmann.de\/#website","url":"https:\/\/www.friseur-hopmann.de\/","name":"Friseur Hopmann Hairstyling","description":"Ihr Friseur in Nordhorn","potentialAction":[{"@type":"SearchAction","target":{"@type":"EntryPoint","urlTemplate":"https:\/\/www.friseur-hopmann.de\/?s={search_term_string}"},"query-input":{"@type":"PropertyValueSpecification","valueRequired":true,"valueName":"search_term_string"}}],"inLanguage":"de"}]}},"brands":[],"_links":{"self":[{"href":"https:\/\/www.friseur-hopmann.de\/index.php?rest_route=\/wp\/v2\/product\/17173","targetHints":{"allow":["GET"]}}],"collection":[{"href":"https:\/\/www.friseur-hopmann.de\/index.php?rest_route=\/wp\/v2\/product"}],"about":[{"href":"https:\/\/www.friseur-hopmann.de\/index.php?rest_route=\/wp\/v2\/types\/product"}],"replies":[{"embeddable":true,"href":"https:\/\/www.friseur-hopmann.de\/index.php?rest_route=%2Fwp%2Fv2%2Fcomments&post=17173"}],"wp:featuredmedia":[{"embeddable":true,"href":"https:\/\/www.friseur-hopmann.de\/index.php?rest_route=\/wp\/v2\/media\/17174"}],"wp:attachment":[{"href":"https:\/\/www.friseur-hopmann.de\/index.php?rest_route=%2Fwp%2Fv2%2Fmedia&parent=17173"}],"wp:term":[{"taxonomy":"pwb-brand","embeddable":true,"href":"https:\/\/www.friseur-hopmann.de\/index.php?rest_route=%2Fwp%2Fv2%2Fpwb-brand&post=17173"},{"taxonomy":"product_brand","embeddable":true,"href":"https:\/\/www.friseur-hopmann.de\/index.php?rest_route=%2Fwp%2Fv2%2Fproduct_brand&post=17173"},{"taxonomy":"product_cat","embeddable":true,"href":"https:\/\/www.friseur-hopmann.de\/index.php?rest_route=%2Fwp%2Fv2%2Fproduct_cat&post=17173"},{"taxonomy":"product_tag","embeddable":true,"href":"https:\/\/www.friseur-hopmann.de\/index.php?rest_route=%2Fwp%2Fv2%2Fproduct_tag&post=17173"}],"curies":[{"name":"wp","href":"https:\/\/api.w.org\/{rel}","templated":true}]}}