{"id":16027,"date":"2021-05-24T17:17:29","date_gmt":"2021-05-24T15:17:29","guid":{"rendered":"https:\/\/friseur-hopmann.de\/?post_type=product&#038;p=16027"},"modified":"2026-03-09T18:52:02","modified_gmt":"2026-03-09T16:52:02","slug":"kerastase-curl-manifesto-huile-sublime-repair-50-ml","status":"publish","type":"product","link":"https:\/\/www.friseur-hopmann.de\/?product=kerastase-curl-manifesto-huile-sublime-repair-50-ml","title":{"rendered":"K\u00e9rastase Curl Manifesto Huile Sublime Repair 50 ml"},"content":{"rendered":"<h2>K\u00e9rastase Curl Manifesto Huile Sublime Repair 50 ml<\/h2>\n<p class=\"lead\"><strong>Produktbeschreibung:<\/strong><\/p>\n<p>Das<em><strong> K\u00e9rastase Curl Manifesto Huile Sublime Repair<\/strong><\/em> ist ein pflegendes,\u00a0multifunktionales\u00a0Kopfhaut- und Haar\u00f6l, das Kopfhaut und\u00a0Haar intensiv pflegt und Frizz reduziert.<\/p>\n<p class=\"lead\"><strong>Eigenschaften:<br \/>\n<\/strong><\/p>\n<ul>\n<li>Spendet trockenem, gesch\u00e4digtem lockigem Haar intensive\u00a0Feuchtigkeit<\/li>\n<li>Wirkt Frizz-reduzierend und verleiht Geschmeidigkeit und Glanz<\/li>\n<li>F\u00f6rdert ein gesundes Kopfhaut- und Haargef\u00fchl<\/li>\n<li>Reduziert durch K\u00e4mmen entstandenen Haarbruch<\/li>\n<\/ul>\n<p class=\"lead\">Anwendung:<\/p>\n<p>1-2 Pumph\u00fcbe (1 Pumphub f\u00fcr feines und\u00a0normales Haar und 2 Pumph\u00fcbe f\u00fcr kr\u00e4ftiges Haar) auf das\u00a0trockene Haar oder die Kopfhaut auftragen. Vor allem in die\u00a0L\u00e4ngen und Spitzen einarbeiten. Nicht aussp\u00fclen.<\/p>\n<p class=\"lead\"><strong>Inhalt: 50 ml<\/strong><\/p>\n","protected":false},"excerpt":{"rendered":"<p>Pflegendes, multifunktionales Kopfhaut- und Haar\u00f6l f\u00fcr lockiges und widerspenstiges Haar. Spendet trockenem, gesch\u00e4digtem lockigem Haar intensive Feuchtigkeit.Wirkt Frizz-reduzierend und verleiht Geschmeidigkeit und Glanz.F\u00f6rdert ein gesundes Kopfhaut- und Haargef\u00fchl.Reduziert durch K\u00e4mmen entstandenen Haarbruch.<\/p>\n","protected":false},"featured_media":16028,"comment_status":"closed","ping_status":"closed","template":"","meta":{"_exactmetrics_skip_tracking":false,"_exactmetrics_sitenote_active":false,"_exactmetrics_sitenote_note":"","_exactmetrics_sitenote_category":0,"_monsterinsights_skip_tracking":false,"_monsterinsights_sitenote_active":false,"_monsterinsights_sitenote_note":"","_monsterinsights_sitenote_category":0},"pwb-brand":[],"product_brand":[615],"product_cat":[600,491,544,547],"product_tag":[906,786,907],"class_list":{"0":"post-16027","1":"product","2":"type-product","3":"status-publish","4":"has-post-thumbnail","6":"product_brand-kerastase-2","7":"product_cat-curl-manifesto","8":"product_cat-kerastase","9":"product_cat-kerastase-haarpflege","10":"product_cat-kerastase-pflegelotion","11":"product_tag-haaroel-fuer-lockiges-haar","12":"product_tag-intensiv-kopfhautpflege","13":"product_tag-lockiges-haar","15":"first","16":"instock","17":"taxable","18":"shipping-taxable","19":"purchasable","20":"product-type-simple"},"yoast_head":"<!-- This site is optimized with the Yoast SEO plugin v24.6 - https:\/\/yoast.com\/wordpress\/plugins\/seo\/ -->\n<title>K\u00e9rastase Curl Manifesto Huile Sublime Repair 50 ml - Friseur Hopmann Hairstyling<\/title>\n<meta name=\"robots\" content=\"index, follow, max-snippet:-1, max-image-preview:large, max-video-preview:-1\" \/>\n<link rel=\"canonical\" href=\"https:\/\/www.friseur-hopmann.de\/?product=kerastase-curl-manifesto-huile-sublime-repair-50-ml\" \/>\n<meta property=\"og:locale\" content=\"de_DE\" \/>\n<meta property=\"og:type\" content=\"article\" \/>\n<meta property=\"og:title\" content=\"K\u00e9rastase Curl Manifesto Huile Sublime Repair 50 ml - Friseur Hopmann Hairstyling\" \/>\n<meta property=\"og:description\" content=\"Pflegendes, multifunktionales Kopfhaut- und Haar\u00f6l f\u00fcr lockiges und widerspenstiges Haar. Spendet trockenem, gesch\u00e4digtem lockigem Haar intensive Feuchtigkeit.Wirkt Frizz-reduzierend und verleiht Geschmeidigkeit und Glanz.F\u00f6rdert ein gesundes Kopfhaut- und Haargef\u00fchl.Reduziert durch K\u00e4mmen entstandenen Haarbruch.\" \/>\n<meta property=\"og:url\" content=\"https:\/\/www.friseur-hopmann.de\/?product=kerastase-curl-manifesto-huile-sublime-repair-50-ml\" \/>\n<meta property=\"og:site_name\" content=\"Friseur Hopmann Hairstyling\" \/>\n<meta property=\"article:modified_time\" content=\"2026-03-09T16:52:02+00:00\" \/>\n<meta property=\"og:image\" content=\"http:\/\/www.friseur-hopmann.de\/wp-content\/uploads\/2021\/05\/Curl-Manifesto-Huile-50ml.jpg\" \/>\n\t<meta property=\"og:image:width\" content=\"500\" \/>\n\t<meta property=\"og:image:height\" content=\"500\" \/>\n\t<meta property=\"og:image:type\" content=\"image\/jpeg\" \/>\n<meta name=\"twitter:card\" content=\"summary_large_image\" \/>\n<meta name=\"twitter:label1\" content=\"Gesch\u00e4tzte Lesezeit\" \/>\n\t<meta name=\"twitter:data1\" content=\"1\u00a0Minute\" \/>\n<script type=\"application\/ld+json\" class=\"yoast-schema-graph\">{\"@context\":\"https:\/\/schema.org\",\"@graph\":[{\"@type\":\"WebPage\",\"@id\":\"https:\/\/www.friseur-hopmann.de\/?product=kerastase-curl-manifesto-huile-sublime-repair-50-ml\",\"url\":\"https:\/\/www.friseur-hopmann.de\/?product=kerastase-curl-manifesto-huile-sublime-repair-50-ml\",\"name\":\"K\u00e9rastase Curl Manifesto Huile Sublime Repair 50 ml - Friseur Hopmann Hairstyling\",\"isPartOf\":{\"@id\":\"https:\/\/www.friseur-hopmann.de\/#website\"},\"primaryImageOfPage\":{\"@id\":\"https:\/\/www.friseur-hopmann.de\/?product=kerastase-curl-manifesto-huile-sublime-repair-50-ml#primaryimage\"},\"image\":{\"@id\":\"https:\/\/www.friseur-hopmann.de\/?product=kerastase-curl-manifesto-huile-sublime-repair-50-ml#primaryimage\"},\"thumbnailUrl\":\"https:\/\/www.friseur-hopmann.de\/wp-content\/uploads\/2021\/05\/Curl-Manifesto-Huile-50ml.jpg\",\"datePublished\":\"2021-05-24T15:17:29+00:00\",\"dateModified\":\"2026-03-09T16:52:02+00:00\",\"breadcrumb\":{\"@id\":\"https:\/\/www.friseur-hopmann.de\/?product=kerastase-curl-manifesto-huile-sublime-repair-50-ml#breadcrumb\"},\"inLanguage\":\"de\",\"potentialAction\":[{\"@type\":\"ReadAction\",\"target\":[\"https:\/\/www.friseur-hopmann.de\/?product=kerastase-curl-manifesto-huile-sublime-repair-50-ml\"]}]},{\"@type\":\"ImageObject\",\"inLanguage\":\"de\",\"@id\":\"https:\/\/www.friseur-hopmann.de\/?product=kerastase-curl-manifesto-huile-sublime-repair-50-ml#primaryimage\",\"url\":\"https:\/\/www.friseur-hopmann.de\/wp-content\/uploads\/2021\/05\/Curl-Manifesto-Huile-50ml.jpg\",\"contentUrl\":\"https:\/\/www.friseur-hopmann.de\/wp-content\/uploads\/2021\/05\/Curl-Manifesto-Huile-50ml.jpg\",\"width\":500,\"height\":500},{\"@type\":\"BreadcrumbList\",\"@id\":\"https:\/\/www.friseur-hopmann.de\/?product=kerastase-curl-manifesto-huile-sublime-repair-50-ml#breadcrumb\",\"itemListElement\":[{\"@type\":\"ListItem\",\"position\":1,\"name\":\"Startseite\",\"item\":\"https:\/\/www.friseur-hopmann.de\/\"},{\"@type\":\"ListItem\",\"position\":2,\"name\":\"Produkte\",\"item\":\"https:\/\/www.friseur-hopmann.de\/?post_type=product\"},{\"@type\":\"ListItem\",\"position\":3,\"name\":\"K\u00e9rastase Curl Manifesto Huile Sublime Repair 50 ml\"}]},{\"@type\":\"WebSite\",\"@id\":\"https:\/\/www.friseur-hopmann.de\/#website\",\"url\":\"https:\/\/www.friseur-hopmann.de\/\",\"name\":\"Friseur Hopmann Hairstyling\",\"description\":\"Ihr Friseur in Nordhorn\",\"potentialAction\":[{\"@type\":\"SearchAction\",\"target\":{\"@type\":\"EntryPoint\",\"urlTemplate\":\"https:\/\/www.friseur-hopmann.de\/?s={search_term_string}\"},\"query-input\":{\"@type\":\"PropertyValueSpecification\",\"valueRequired\":true,\"valueName\":\"search_term_string\"}}],\"inLanguage\":\"de\"}]}<\/script>\n<!-- \/ Yoast SEO plugin. -->","yoast_head_json":{"title":"K\u00e9rastase Curl Manifesto Huile Sublime Repair 50 ml - Friseur Hopmann Hairstyling","robots":{"index":"index","follow":"follow","max-snippet":"max-snippet:-1","max-image-preview":"max-image-preview:large","max-video-preview":"max-video-preview:-1"},"canonical":"https:\/\/www.friseur-hopmann.de\/?product=kerastase-curl-manifesto-huile-sublime-repair-50-ml","og_locale":"de_DE","og_type":"article","og_title":"K\u00e9rastase Curl Manifesto Huile Sublime Repair 50 ml - Friseur Hopmann Hairstyling","og_description":"Pflegendes, multifunktionales Kopfhaut- und Haar\u00f6l f\u00fcr lockiges und widerspenstiges Haar. Spendet trockenem, gesch\u00e4digtem lockigem Haar intensive Feuchtigkeit.Wirkt Frizz-reduzierend und verleiht Geschmeidigkeit und Glanz.F\u00f6rdert ein gesundes Kopfhaut- und Haargef\u00fchl.Reduziert durch K\u00e4mmen entstandenen Haarbruch.","og_url":"https:\/\/www.friseur-hopmann.de\/?product=kerastase-curl-manifesto-huile-sublime-repair-50-ml","og_site_name":"Friseur Hopmann Hairstyling","article_modified_time":"2026-03-09T16:52:02+00:00","og_image":[{"width":500,"height":500,"url":"http:\/\/www.friseur-hopmann.de\/wp-content\/uploads\/2021\/05\/Curl-Manifesto-Huile-50ml.jpg","type":"image\/jpeg"}],"twitter_card":"summary_large_image","twitter_misc":{"Gesch\u00e4tzte Lesezeit":"1\u00a0Minute"},"schema":{"@context":"https:\/\/schema.org","@graph":[{"@type":"WebPage","@id":"https:\/\/www.friseur-hopmann.de\/?product=kerastase-curl-manifesto-huile-sublime-repair-50-ml","url":"https:\/\/www.friseur-hopmann.de\/?product=kerastase-curl-manifesto-huile-sublime-repair-50-ml","name":"K\u00e9rastase Curl Manifesto Huile Sublime Repair 50 ml - Friseur Hopmann Hairstyling","isPartOf":{"@id":"https:\/\/www.friseur-hopmann.de\/#website"},"primaryImageOfPage":{"@id":"https:\/\/www.friseur-hopmann.de\/?product=kerastase-curl-manifesto-huile-sublime-repair-50-ml#primaryimage"},"image":{"@id":"https:\/\/www.friseur-hopmann.de\/?product=kerastase-curl-manifesto-huile-sublime-repair-50-ml#primaryimage"},"thumbnailUrl":"https:\/\/www.friseur-hopmann.de\/wp-content\/uploads\/2021\/05\/Curl-Manifesto-Huile-50ml.jpg","datePublished":"2021-05-24T15:17:29+00:00","dateModified":"2026-03-09T16:52:02+00:00","breadcrumb":{"@id":"https:\/\/www.friseur-hopmann.de\/?product=kerastase-curl-manifesto-huile-sublime-repair-50-ml#breadcrumb"},"inLanguage":"de","potentialAction":[{"@type":"ReadAction","target":["https:\/\/www.friseur-hopmann.de\/?product=kerastase-curl-manifesto-huile-sublime-repair-50-ml"]}]},{"@type":"ImageObject","inLanguage":"de","@id":"https:\/\/www.friseur-hopmann.de\/?product=kerastase-curl-manifesto-huile-sublime-repair-50-ml#primaryimage","url":"https:\/\/www.friseur-hopmann.de\/wp-content\/uploads\/2021\/05\/Curl-Manifesto-Huile-50ml.jpg","contentUrl":"https:\/\/www.friseur-hopmann.de\/wp-content\/uploads\/2021\/05\/Curl-Manifesto-Huile-50ml.jpg","width":500,"height":500},{"@type":"BreadcrumbList","@id":"https:\/\/www.friseur-hopmann.de\/?product=kerastase-curl-manifesto-huile-sublime-repair-50-ml#breadcrumb","itemListElement":[{"@type":"ListItem","position":1,"name":"Startseite","item":"https:\/\/www.friseur-hopmann.de\/"},{"@type":"ListItem","position":2,"name":"Produkte","item":"https:\/\/www.friseur-hopmann.de\/?post_type=product"},{"@type":"ListItem","position":3,"name":"K\u00e9rastase Curl Manifesto Huile Sublime Repair 50 ml"}]},{"@type":"WebSite","@id":"https:\/\/www.friseur-hopmann.de\/#website","url":"https:\/\/www.friseur-hopmann.de\/","name":"Friseur Hopmann Hairstyling","description":"Ihr Friseur in Nordhorn","potentialAction":[{"@type":"SearchAction","target":{"@type":"EntryPoint","urlTemplate":"https:\/\/www.friseur-hopmann.de\/?s={search_term_string}"},"query-input":{"@type":"PropertyValueSpecification","valueRequired":true,"valueName":"search_term_string"}}],"inLanguage":"de"}]}},"brands":[],"_links":{"self":[{"href":"https:\/\/www.friseur-hopmann.de\/index.php?rest_route=\/wp\/v2\/product\/16027","targetHints":{"allow":["GET"]}}],"collection":[{"href":"https:\/\/www.friseur-hopmann.de\/index.php?rest_route=\/wp\/v2\/product"}],"about":[{"href":"https:\/\/www.friseur-hopmann.de\/index.php?rest_route=\/wp\/v2\/types\/product"}],"replies":[{"embeddable":true,"href":"https:\/\/www.friseur-hopmann.de\/index.php?rest_route=%2Fwp%2Fv2%2Fcomments&post=16027"}],"wp:featuredmedia":[{"embeddable":true,"href":"https:\/\/www.friseur-hopmann.de\/index.php?rest_route=\/wp\/v2\/media\/16028"}],"wp:attachment":[{"href":"https:\/\/www.friseur-hopmann.de\/index.php?rest_route=%2Fwp%2Fv2%2Fmedia&parent=16027"}],"wp:term":[{"taxonomy":"pwb-brand","embeddable":true,"href":"https:\/\/www.friseur-hopmann.de\/index.php?rest_route=%2Fwp%2Fv2%2Fpwb-brand&post=16027"},{"taxonomy":"product_brand","embeddable":true,"href":"https:\/\/www.friseur-hopmann.de\/index.php?rest_route=%2Fwp%2Fv2%2Fproduct_brand&post=16027"},{"taxonomy":"product_cat","embeddable":true,"href":"https:\/\/www.friseur-hopmann.de\/index.php?rest_route=%2Fwp%2Fv2%2Fproduct_cat&post=16027"},{"taxonomy":"product_tag","embeddable":true,"href":"https:\/\/www.friseur-hopmann.de\/index.php?rest_route=%2Fwp%2Fv2%2Fproduct_tag&post=16027"}],"curies":[{"name":"wp","href":"https:\/\/api.w.org\/{rel}","templated":true}]}}