{"id":15224,"date":"2021-02-05T19:53:09","date_gmt":"2021-02-05T17:53:09","guid":{"rendered":"https:\/\/friseur-hopmann.de\/?post_type=product&#038;p=15224"},"modified":"2026-01-03T21:00:41","modified_gmt":"2026-01-03T19:00:41","slug":"kerastase-blond-absolu-serum-cicanuit-90-ml","status":"publish","type":"product","link":"https:\/\/www.friseur-hopmann.de\/?product=kerastase-blond-absolu-serum-cicanuit-90-ml","title":{"rendered":"K\u00e9rastase Blond Absolu S\u00e9rum Cicanuit 90 ml"},"content":{"rendered":"<p class=\"lead\">K\u00e9rastase Blond Absolu S\u00e9rum Cicanuit 90 ml<\/p>\n<p class=\"lead\"><strong>Produktbeschreibung:<\/strong><\/p>\n<p class=\"lead\">Das <strong>K\u00e9rastase Blond Absolu S\u00e9rum Cicanuit<\/strong> ist ein Serum zur Regenerierung \u00fcber Nacht. Es unterst\u00fctzt die Reparatur oberfl\u00e4chlicher Haarsch\u00e4den, st\u00e4rkt die strapazierte Haarfaser und spendet Feuchtigkeit. Zudem f\u00f6rdert die Geschmeidigkeit der Haare.<\/p>\n<p class=\"lead\">Die leichte Formulierung\u00a0 wirkt \u00fcber Nacht und sorgt f\u00fcr Spliss-reduziertes Haar am Morgen und reduziert Haarbruch beim K\u00e4mmen.<\/p>\n<p class=\"lead\"><strong>Anwendung:<\/strong><\/p>\n<p class=\"lead\">\u00a02-4 Pumph\u00fcbe \u00fcber Nacht in die L\u00e4ngen und Spitzen geben. Nicht aussp\u00fclen.<\/p>\n<p class=\"lead\"><strong>Inhalt: 90 ml<\/strong><\/p>\n","protected":false},"excerpt":{"rendered":"<p><strong>K\u00e9rastase Blond Absolu S\u00e9rum Cicanuit<\/strong>\u00a0ist ein Serum zur Regenerierung \u00fcber Nacht.<\/p>\n<p>Wirkt \u00fcber Nacht und sorgt f\u00fcr Spliss-reduziertes Haar am Morgen und reduziert Haarbruch beim K\u00e4mmen.<\/p>\n<div class=\"se-field se-switch field flex se-field--fluid\">\n<div class=\"se-field__label-container\">\n<div class=\"se-field__label-section fixed-width\">\n<p><strong><label class=\"field__label\" for=\"s0-0-0-24-8-REGULATORY_COMPLIANCE-0-34-6[3]-1-se-switch\">I<em>nformationen zur Produktsicherheit (GPSR-Richtlinien)<\/em><\/label><\/strong><\/p>\n<p><em>Enth\u00e4lt Inhaltsstoffe, die Allergien ausl\u00f6sen k\u00f6nnen.<\/em><\/p>\n<p><em>Bei Kontakt mit den Augen, diese gr\u00fcndlich aussp\u00fclen.<\/em><\/p>\n<p>Verantwortlicher Hersteller: L<em>oreal Professionnel,\u00a0 14, rue Royale 75008 Paris\u00b4<\/em><\/p>\n<\/div>\n<\/div>\n<\/div>\n<div class=\"summary__hazmat-gridview-section\">\n<div class=\"summary__regulatory--section hazmat-statements\">\n<div class=\"se-field se-expand-button se-filter-menu-button field se-field--fluid\">\n<div class=\"se-field--fluid\">\n<div><em>fragen@loreal-group. com<\/em><\/div>\n<\/div>\n<\/div>\n<\/div>\n<\/div>\n","protected":false},"featured_media":15226,"comment_status":"closed","ping_status":"closed","template":"","meta":{"_exactmetrics_skip_tracking":false,"_exactmetrics_sitenote_active":false,"_exactmetrics_sitenote_note":"","_exactmetrics_sitenote_category":0,"_monsterinsights_skip_tracking":false,"_monsterinsights_sitenote_active":false,"_monsterinsights_sitenote_note":"","_monsterinsights_sitenote_category":0},"pwb-brand":[],"product_brand":[],"product_cat":[491,671,685,703],"product_tag":[712,867,832,737],"class_list":{"0":"post-15224","1":"product","2":"type-product","3":"status-publish","4":"has-post-thumbnail","6":"product_cat-kerastase","7":"product_cat-unkategorisiert","8":"product_cat-blond-absolu","9":"product_cat-sale","10":"product_tag-haarpflege","11":"product_tag-haarpflegeserum","12":"product_tag-nachtpflege","13":"product_tag-serum","15":"first","16":"instock","17":"sale","18":"taxable","19":"shipping-taxable","20":"purchasable","21":"product-type-simple"},"yoast_head":"<!-- This site is optimized with the Yoast SEO plugin v24.6 - https:\/\/yoast.com\/wordpress\/plugins\/seo\/ -->\n<title>K\u00e9rastase Blond Absolu S\u00e9rum Cicanuit 90 ml - Friseur Hopmann Hairstyling<\/title>\n<meta name=\"robots\" content=\"index, follow, max-snippet:-1, max-image-preview:large, max-video-preview:-1\" \/>\n<link rel=\"canonical\" href=\"https:\/\/www.friseur-hopmann.de\/?product=kerastase-blond-absolu-serum-cicanuit-90-ml\" \/>\n<meta property=\"og:locale\" content=\"de_DE\" \/>\n<meta property=\"og:type\" content=\"article\" \/>\n<meta property=\"og:title\" content=\"K\u00e9rastase Blond Absolu S\u00e9rum Cicanuit 90 ml - Friseur Hopmann Hairstyling\" \/>\n<meta property=\"og:description\" content=\"K\u00e9rastase Blond Absolu S\u00e9rum Cicanuit\u00a0ist ein Serum zur Regenerierung \u00fcber Nacht.  Wirkt \u00fcber Nacht und sorgt f\u00fcr Spliss-reduziertes Haar am Morgen und reduziert Haarbruch beim K\u00e4mmen.     Informationen zur Produktsicherheit (GPSR-Richtlinien)  Enth\u00e4lt Inhaltsstoffe, die Allergien ausl\u00f6sen k\u00f6nnen.  Bei Kontakt mit den Augen, diese gr\u00fcndlich aussp\u00fclen.  Verantwortlicher Hersteller: Loreal Professionnel,\u00a0 14, rue Royale 75008 Paris\u00b4         fragen@loreal-group. com\" \/>\n<meta property=\"og:url\" content=\"https:\/\/www.friseur-hopmann.de\/?product=kerastase-blond-absolu-serum-cicanuit-90-ml\" \/>\n<meta property=\"og:site_name\" content=\"Friseur Hopmann Hairstyling\" \/>\n<meta property=\"article:modified_time\" content=\"2026-01-03T19:00:41+00:00\" \/>\n<meta property=\"og:image\" content=\"http:\/\/www.friseur-hopmann.de\/wp-content\/uploads\/2021\/02\/Blond-Absolu-Serum-Cicanuit-90ml.jpg\" \/>\n\t<meta property=\"og:image:width\" content=\"500\" \/>\n\t<meta property=\"og:image:height\" content=\"500\" \/>\n\t<meta property=\"og:image:type\" content=\"image\/jpeg\" \/>\n<meta name=\"twitter:card\" content=\"summary_large_image\" \/>\n<meta name=\"twitter:label1\" content=\"Gesch\u00e4tzte Lesezeit\" \/>\n\t<meta name=\"twitter:data1\" content=\"1\u00a0Minute\" \/>\n<script type=\"application\/ld+json\" class=\"yoast-schema-graph\">{\"@context\":\"https:\/\/schema.org\",\"@graph\":[{\"@type\":\"WebPage\",\"@id\":\"https:\/\/www.friseur-hopmann.de\/?product=kerastase-blond-absolu-serum-cicanuit-90-ml\",\"url\":\"https:\/\/www.friseur-hopmann.de\/?product=kerastase-blond-absolu-serum-cicanuit-90-ml\",\"name\":\"K\u00e9rastase Blond Absolu S\u00e9rum Cicanuit 90 ml - Friseur Hopmann Hairstyling\",\"isPartOf\":{\"@id\":\"https:\/\/www.friseur-hopmann.de\/#website\"},\"primaryImageOfPage\":{\"@id\":\"https:\/\/www.friseur-hopmann.de\/?product=kerastase-blond-absolu-serum-cicanuit-90-ml#primaryimage\"},\"image\":{\"@id\":\"https:\/\/www.friseur-hopmann.de\/?product=kerastase-blond-absolu-serum-cicanuit-90-ml#primaryimage\"},\"thumbnailUrl\":\"https:\/\/www.friseur-hopmann.de\/wp-content\/uploads\/2021\/02\/Blond-Absolu-Serum-Cicanuit-90ml.jpg\",\"datePublished\":\"2021-02-05T17:53:09+00:00\",\"dateModified\":\"2026-01-03T19:00:41+00:00\",\"breadcrumb\":{\"@id\":\"https:\/\/www.friseur-hopmann.de\/?product=kerastase-blond-absolu-serum-cicanuit-90-ml#breadcrumb\"},\"inLanguage\":\"de\",\"potentialAction\":[{\"@type\":\"ReadAction\",\"target\":[\"https:\/\/www.friseur-hopmann.de\/?product=kerastase-blond-absolu-serum-cicanuit-90-ml\"]}]},{\"@type\":\"ImageObject\",\"inLanguage\":\"de\",\"@id\":\"https:\/\/www.friseur-hopmann.de\/?product=kerastase-blond-absolu-serum-cicanuit-90-ml#primaryimage\",\"url\":\"https:\/\/www.friseur-hopmann.de\/wp-content\/uploads\/2021\/02\/Blond-Absolu-Serum-Cicanuit-90ml.jpg\",\"contentUrl\":\"https:\/\/www.friseur-hopmann.de\/wp-content\/uploads\/2021\/02\/Blond-Absolu-Serum-Cicanuit-90ml.jpg\",\"width\":500,\"height\":500},{\"@type\":\"BreadcrumbList\",\"@id\":\"https:\/\/www.friseur-hopmann.de\/?product=kerastase-blond-absolu-serum-cicanuit-90-ml#breadcrumb\",\"itemListElement\":[{\"@type\":\"ListItem\",\"position\":1,\"name\":\"Startseite\",\"item\":\"https:\/\/www.friseur-hopmann.de\/\"},{\"@type\":\"ListItem\",\"position\":2,\"name\":\"Produkte\",\"item\":\"https:\/\/www.friseur-hopmann.de\/?post_type=product\"},{\"@type\":\"ListItem\",\"position\":3,\"name\":\"K\u00e9rastase Blond Absolu S\u00e9rum Cicanuit 90 ml\"}]},{\"@type\":\"WebSite\",\"@id\":\"https:\/\/www.friseur-hopmann.de\/#website\",\"url\":\"https:\/\/www.friseur-hopmann.de\/\",\"name\":\"Friseur Hopmann Hairstyling\",\"description\":\"Ihr Friseur in Nordhorn\",\"potentialAction\":[{\"@type\":\"SearchAction\",\"target\":{\"@type\":\"EntryPoint\",\"urlTemplate\":\"https:\/\/www.friseur-hopmann.de\/?s={search_term_string}\"},\"query-input\":{\"@type\":\"PropertyValueSpecification\",\"valueRequired\":true,\"valueName\":\"search_term_string\"}}],\"inLanguage\":\"de\"}]}<\/script>\n<!-- \/ Yoast SEO plugin. -->","yoast_head_json":{"title":"K\u00e9rastase Blond Absolu S\u00e9rum Cicanuit 90 ml - Friseur Hopmann Hairstyling","robots":{"index":"index","follow":"follow","max-snippet":"max-snippet:-1","max-image-preview":"max-image-preview:large","max-video-preview":"max-video-preview:-1"},"canonical":"https:\/\/www.friseur-hopmann.de\/?product=kerastase-blond-absolu-serum-cicanuit-90-ml","og_locale":"de_DE","og_type":"article","og_title":"K\u00e9rastase Blond Absolu S\u00e9rum Cicanuit 90 ml - Friseur Hopmann Hairstyling","og_description":"K\u00e9rastase Blond Absolu S\u00e9rum Cicanuit\u00a0ist ein Serum zur Regenerierung \u00fcber Nacht.  Wirkt \u00fcber Nacht und sorgt f\u00fcr Spliss-reduziertes Haar am Morgen und reduziert Haarbruch beim K\u00e4mmen.     Informationen zur Produktsicherheit (GPSR-Richtlinien)  Enth\u00e4lt Inhaltsstoffe, die Allergien ausl\u00f6sen k\u00f6nnen.  Bei Kontakt mit den Augen, diese gr\u00fcndlich aussp\u00fclen.  Verantwortlicher Hersteller: Loreal Professionnel,\u00a0 14, rue Royale 75008 Paris\u00b4         fragen@loreal-group. com","og_url":"https:\/\/www.friseur-hopmann.de\/?product=kerastase-blond-absolu-serum-cicanuit-90-ml","og_site_name":"Friseur Hopmann Hairstyling","article_modified_time":"2026-01-03T19:00:41+00:00","og_image":[{"width":500,"height":500,"url":"http:\/\/www.friseur-hopmann.de\/wp-content\/uploads\/2021\/02\/Blond-Absolu-Serum-Cicanuit-90ml.jpg","type":"image\/jpeg"}],"twitter_card":"summary_large_image","twitter_misc":{"Gesch\u00e4tzte Lesezeit":"1\u00a0Minute"},"schema":{"@context":"https:\/\/schema.org","@graph":[{"@type":"WebPage","@id":"https:\/\/www.friseur-hopmann.de\/?product=kerastase-blond-absolu-serum-cicanuit-90-ml","url":"https:\/\/www.friseur-hopmann.de\/?product=kerastase-blond-absolu-serum-cicanuit-90-ml","name":"K\u00e9rastase Blond Absolu S\u00e9rum Cicanuit 90 ml - Friseur Hopmann Hairstyling","isPartOf":{"@id":"https:\/\/www.friseur-hopmann.de\/#website"},"primaryImageOfPage":{"@id":"https:\/\/www.friseur-hopmann.de\/?product=kerastase-blond-absolu-serum-cicanuit-90-ml#primaryimage"},"image":{"@id":"https:\/\/www.friseur-hopmann.de\/?product=kerastase-blond-absolu-serum-cicanuit-90-ml#primaryimage"},"thumbnailUrl":"https:\/\/www.friseur-hopmann.de\/wp-content\/uploads\/2021\/02\/Blond-Absolu-Serum-Cicanuit-90ml.jpg","datePublished":"2021-02-05T17:53:09+00:00","dateModified":"2026-01-03T19:00:41+00:00","breadcrumb":{"@id":"https:\/\/www.friseur-hopmann.de\/?product=kerastase-blond-absolu-serum-cicanuit-90-ml#breadcrumb"},"inLanguage":"de","potentialAction":[{"@type":"ReadAction","target":["https:\/\/www.friseur-hopmann.de\/?product=kerastase-blond-absolu-serum-cicanuit-90-ml"]}]},{"@type":"ImageObject","inLanguage":"de","@id":"https:\/\/www.friseur-hopmann.de\/?product=kerastase-blond-absolu-serum-cicanuit-90-ml#primaryimage","url":"https:\/\/www.friseur-hopmann.de\/wp-content\/uploads\/2021\/02\/Blond-Absolu-Serum-Cicanuit-90ml.jpg","contentUrl":"https:\/\/www.friseur-hopmann.de\/wp-content\/uploads\/2021\/02\/Blond-Absolu-Serum-Cicanuit-90ml.jpg","width":500,"height":500},{"@type":"BreadcrumbList","@id":"https:\/\/www.friseur-hopmann.de\/?product=kerastase-blond-absolu-serum-cicanuit-90-ml#breadcrumb","itemListElement":[{"@type":"ListItem","position":1,"name":"Startseite","item":"https:\/\/www.friseur-hopmann.de\/"},{"@type":"ListItem","position":2,"name":"Produkte","item":"https:\/\/www.friseur-hopmann.de\/?post_type=product"},{"@type":"ListItem","position":3,"name":"K\u00e9rastase Blond Absolu S\u00e9rum Cicanuit 90 ml"}]},{"@type":"WebSite","@id":"https:\/\/www.friseur-hopmann.de\/#website","url":"https:\/\/www.friseur-hopmann.de\/","name":"Friseur Hopmann Hairstyling","description":"Ihr Friseur in Nordhorn","potentialAction":[{"@type":"SearchAction","target":{"@type":"EntryPoint","urlTemplate":"https:\/\/www.friseur-hopmann.de\/?s={search_term_string}"},"query-input":{"@type":"PropertyValueSpecification","valueRequired":true,"valueName":"search_term_string"}}],"inLanguage":"de"}]}},"brands":[],"_links":{"self":[{"href":"https:\/\/www.friseur-hopmann.de\/index.php?rest_route=\/wp\/v2\/product\/15224","targetHints":{"allow":["GET"]}}],"collection":[{"href":"https:\/\/www.friseur-hopmann.de\/index.php?rest_route=\/wp\/v2\/product"}],"about":[{"href":"https:\/\/www.friseur-hopmann.de\/index.php?rest_route=\/wp\/v2\/types\/product"}],"replies":[{"embeddable":true,"href":"https:\/\/www.friseur-hopmann.de\/index.php?rest_route=%2Fwp%2Fv2%2Fcomments&post=15224"}],"wp:featuredmedia":[{"embeddable":true,"href":"https:\/\/www.friseur-hopmann.de\/index.php?rest_route=\/wp\/v2\/media\/15226"}],"wp:attachment":[{"href":"https:\/\/www.friseur-hopmann.de\/index.php?rest_route=%2Fwp%2Fv2%2Fmedia&parent=15224"}],"wp:term":[{"taxonomy":"pwb-brand","embeddable":true,"href":"https:\/\/www.friseur-hopmann.de\/index.php?rest_route=%2Fwp%2Fv2%2Fpwb-brand&post=15224"},{"taxonomy":"product_brand","embeddable":true,"href":"https:\/\/www.friseur-hopmann.de\/index.php?rest_route=%2Fwp%2Fv2%2Fproduct_brand&post=15224"},{"taxonomy":"product_cat","embeddable":true,"href":"https:\/\/www.friseur-hopmann.de\/index.php?rest_route=%2Fwp%2Fv2%2Fproduct_cat&post=15224"},{"taxonomy":"product_tag","embeddable":true,"href":"https:\/\/www.friseur-hopmann.de\/index.php?rest_route=%2Fwp%2Fv2%2Fproduct_tag&post=15224"}],"curies":[{"name":"wp","href":"https:\/\/api.w.org\/{rel}","templated":true}]}}