{"id":15222,"date":"2021-02-05T19:38:09","date_gmt":"2021-02-05T17:38:09","guid":{"rendered":"https:\/\/friseur-hopmann.de\/?post_type=product&#038;p=15222"},"modified":"2026-01-18T14:50:33","modified_gmt":"2026-01-18T12:50:33","slug":"kerastase-blond-absolu-huile-cicaextreme-haaroel-100-ml","status":"publish","type":"product","link":"https:\/\/www.friseur-hopmann.de\/?product=kerastase-blond-absolu-huile-cicaextreme-haaroel-100-ml","title":{"rendered":"\u00a0K\u00e9rastase Blond Absolu l\u2019Huile Cicaextreme 75 ml (Haar\u00f6l)"},"content":{"rendered":"<h2><\/h2>\n<p class=\"lead\"><strong>Produktbeschreibung:<\/strong><button class=\"action action-close\" type=\"button\" data-action=\"close\"><\/button><\/p>\n<div id=\"description\" class=\"data item content \" aria-labelledby=\"tab-label-description-title\" data-role=\"content\">\n<div class=\"data item main\">\n<div class=\"product attribute description\">\n<div class=\"value\">\n<div data-content-type=\"row\" data-appearance=\"contained\" data-element=\"main\">\n<div data-enable-parallax=\"0\" data-parallax-speed=\"0.5\" data-background-images=\"{}\" data-background-type=\"image\" data-video-loop=\"true\" data-video-play-only-visible=\"true\" data-video-lazy-load=\"true\" data-video-fallback-src=\"\" data-element=\"inner\" data-pb-style=\"VIO1VHX\">\n<div data-content-type=\"text\" data-appearance=\"default\" data-element=\"main\">\n<p>Das\u00a0<strong>K\u00e9rastase Blond Absolu l\u2019Huile Cicaextreme<\/strong>\u00a0ist ein st\u00e4rkendes Haar\u00f6l Es pflegt das Haar nach dem Blondieren tiefenwirksam mit einem Hitzeschutz bis zu 230\u00b0C Es versiegelt sofort die aufgeraute Schuppenschicht und reduziert deutlich Spliss Edelweiss \u00d6l sorgt augenblicklich f\u00fcr geschmeidiges, gest\u00e4rktes und weiches Haar und spendet Pflege bis in die Tiefe.<\/p>\n<h2>Eigenschaften des K\u00e9rastase Blond Absolu l\u2019Huile Cicaextreme<\/h2>\n<ul>\n<li>Repariert sensibilisiertes, nachblondiertes Haar<\/li>\n<li>Spendet gesch\u00e4digtem blondem Haar tiefenwirksam Feuchtigkeit und verleiht einen strahlenden Glanz<\/li>\n<li>St\u00e4rkt die Widerstandskraft des Haares gegen \u00e4u\u00dfere Einfl\u00fcsse<\/li>\n<li>Sorgt f\u00fcr ultimative Geschmeidigkeit und Glanz<\/li>\n<\/ul>\n<h3>Anwendung des K\u00e9rastase Blond Absolu l\u2019Huile Cicaextreme<\/h3>\n<p>1 bis 2 Pumph\u00fcbe des Produkts auf das nasse oder trockene Haar in den L\u00e4ngen und Spitzen auftragen Nicht aussp\u00fclen<\/p>\n<\/div>\n<\/div>\n<\/div>\n<\/div>\n<\/div>\n<\/div>\n<\/div>\n<div id=\"additional\" class=\"data item content \" aria-labelledby=\"tab-label-additional-title\" data-role=\"content\">\n<div class=\"data item main\">\n<div class=\"additional-attributes-wrapper table-wrapper\">\n<table id=\"product-attribute-specs-table\" class=\"data table additional-attributes\">\n<caption class=\"table-caption\">\u00a0<\/caption>\n<tbody>\n<tr>\n<th class=\"col label\" scope=\"row\">Menge<\/th>\n<td class=\"col data\" data-th=\"Menge\">75 ml<\/td>\n<\/tr>\n<tr>\n<th class=\"col label\" scope=\"row\">Marke<\/th>\n<td class=\"col data\" data-th=\"Marke\">Kerastase<\/td>\n<\/tr>\n<tr>\n<th class=\"col label\" scope=\"row\">Produkttyp<\/th>\n<td class=\"col data\" data-th=\"Produkttyp\">Haar-\u00d6l<\/td>\n<\/tr>\n<tr>\n<th class=\"col label\" scope=\"row\">Haartyp<\/th>\n<td class=\"col data\" data-th=\"Haartyp\">blondes Haar<\/td>\n<\/tr>\n<tr>\n<th class=\"col label\" scope=\"row\">Wirkung<\/th>\n<td class=\"col data\" data-th=\"Wirkung\">Feuchtigkeitsspendend, Glanz<\/td>\n<\/tr>\n<tr>\n<th class=\"col label\" scope=\"row\">Inhaltsstoffe<\/th>\n<td class=\"col data\" data-th=\"Inhaltsstoffe\">CYCLOPENTASILOXANE \u2022 DIMETHICONOL \u2022 PARFUM \/ FRAGRANCE \u2022 LIMONENE \u2022 HELIANTHUS ANNUUS SEED OIL \/ SUNFLOWER SEED OIL \u2022 LINALOOL \u2022 CITRONELLOL \u2022 TOCOPHEROL \u2022 LEONTOPODIUM ALPINUM FLOWER\/LEAF EXTRACT (F.I.L. C256696\/1).<\/td>\n<\/tr>\n<tr>\n<th class=\"col label\" scope=\"row\">EAN<\/th>\n<td class=\"col data\" data-th=\"EAN\"><\/td>\n<\/tr>\n<\/tbody>\n<\/table>\n<\/div>\n<\/div>\n<\/div>\n","protected":false},"excerpt":{"rendered":"<p class=\"lead\"><strong>Das\u00a0K\u00e9rastase Blond Absolu l\u2019Huile Cicaextreme ist ein st\u00e4rkendes Haar\u00f6l.<\/strong><\/p>\n<div class=\"se-field se-switch field flex se-field--fluid\">\n<div class=\"se-field__label-container\">\n<div class=\"se-field__label-section fixed-width\">\n<p><strong><label class=\"field__label\" for=\"s0-0-0-24-8-REGULATORY_COMPLIANCE-0-34-6[3]-1-se-switch\">I<em>nformationen zur Produktsicherheit (GPSR-Richtlinien)<\/em><\/label><\/strong><\/p>\n<p><em>Enth\u00e4lt Inhaltsstoffe, die Allergien ausl\u00f6sen k\u00f6nnen.<\/em><\/p>\n<p><em>Bei Kontakt mit den Augen, diese gr\u00fcndlich aussp\u00fclen.<\/em><\/p>\n<p>Verantwortlicher Hersteller: L<em>oreal Professionnel,\u00a0 14, rue Royale 75008 Paris\u00b4<\/em><\/p>\n<\/div>\n<\/div>\n<\/div>\n<div class=\"summary__hazmat-gridview-section\">\n<div class=\"summary__regulatory--section hazmat-statements\">\n<div class=\"se-field se-expand-button se-filter-menu-button field se-field--fluid\">\n<div class=\"se-field--fluid\">\n<div><em>fragen@loreal-group. com<\/em><\/div>\n<\/div>\n<\/div>\n<\/div>\n<\/div>\n","protected":false},"featured_media":24846,"comment_status":"closed","ping_status":"closed","template":"","meta":{"_exactmetrics_skip_tracking":false,"_exactmetrics_sitenote_active":false,"_exactmetrics_sitenote_note":"","_exactmetrics_sitenote_category":0,"_monsterinsights_skip_tracking":false,"_monsterinsights_sitenote_active":false,"_monsterinsights_sitenote_note":"","_monsterinsights_sitenote_category":0},"pwb-brand":[],"product_brand":[615],"product_cat":[491,685,703],"product_tag":[720,750],"class_list":{"0":"post-15222","1":"product","2":"type-product","3":"status-publish","4":"has-post-thumbnail","6":"product_brand-kerastase-2","7":"product_cat-kerastase","8":"product_cat-blond-absolu","9":"product_cat-sale","10":"product_tag-fuer-blondes-haar","11":"product_tag-haaroel","13":"first","14":"instock","15":"sale","16":"taxable","17":"shipping-taxable","18":"purchasable","19":"product-type-simple"},"yoast_head":"<!-- This site is optimized with the Yoast SEO plugin v24.6 - https:\/\/yoast.com\/wordpress\/plugins\/seo\/ -->\n<title>\u00a0K\u00e9rastase Blond Absolu l\u2019Huile Cicaextreme 75 ml (Haar\u00f6l) - Friseur Hopmann Hairstyling<\/title>\n<meta name=\"robots\" content=\"index, follow, max-snippet:-1, max-image-preview:large, max-video-preview:-1\" \/>\n<link rel=\"canonical\" href=\"https:\/\/www.friseur-hopmann.de\/?product=kerastase-blond-absolu-huile-cicaextreme-haaroel-100-ml\" \/>\n<meta property=\"og:locale\" content=\"de_DE\" \/>\n<meta property=\"og:type\" content=\"article\" \/>\n<meta property=\"og:title\" content=\"\u00a0K\u00e9rastase Blond Absolu l\u2019Huile Cicaextreme 75 ml (Haar\u00f6l) - Friseur Hopmann Hairstyling\" \/>\n<meta property=\"og:description\" content=\"Das\u00a0K\u00e9rastase Blond Absolu l\u2019Huile Cicaextreme ist ein st\u00e4rkendes Haar\u00f6l.      Informationen zur Produktsicherheit (GPSR-Richtlinien)  Enth\u00e4lt Inhaltsstoffe, die Allergien ausl\u00f6sen k\u00f6nnen.  Bei Kontakt mit den Augen, diese gr\u00fcndlich aussp\u00fclen.  Verantwortlicher Hersteller: Loreal Professionnel,\u00a0 14, rue Royale 75008 Paris\u00b4         fragen@loreal-group. com\" \/>\n<meta property=\"og:url\" content=\"https:\/\/www.friseur-hopmann.de\/?product=kerastase-blond-absolu-huile-cicaextreme-haaroel-100-ml\" \/>\n<meta property=\"og:site_name\" content=\"Friseur Hopmann Hairstyling\" \/>\n<meta property=\"article:modified_time\" content=\"2026-01-18T12:50:33+00:00\" \/>\n<meta property=\"og:image\" content=\"http:\/\/www.friseur-hopmann.de\/wp-content\/uploads\/2021\/02\/Blond-Absolu-Oel-75ml.webp\" \/>\n\t<meta property=\"og:image:width\" content=\"1000\" \/>\n\t<meta property=\"og:image:height\" content=\"1000\" \/>\n\t<meta property=\"og:image:type\" content=\"image\/webp\" \/>\n<meta name=\"twitter:card\" content=\"summary_large_image\" \/>\n<meta name=\"twitter:label1\" content=\"Gesch\u00e4tzte Lesezeit\" \/>\n\t<meta name=\"twitter:data1\" content=\"2\u00a0Minuten\" \/>\n<script type=\"application\/ld+json\" class=\"yoast-schema-graph\">{\"@context\":\"https:\/\/schema.org\",\"@graph\":[{\"@type\":\"WebPage\",\"@id\":\"https:\/\/www.friseur-hopmann.de\/?product=kerastase-blond-absolu-huile-cicaextreme-haaroel-100-ml\",\"url\":\"https:\/\/www.friseur-hopmann.de\/?product=kerastase-blond-absolu-huile-cicaextreme-haaroel-100-ml\",\"name\":\"\u00a0K\u00e9rastase Blond Absolu l\u2019Huile Cicaextreme 75 ml (Haar\u00f6l) - Friseur Hopmann Hairstyling\",\"isPartOf\":{\"@id\":\"https:\/\/www.friseur-hopmann.de\/#website\"},\"primaryImageOfPage\":{\"@id\":\"https:\/\/www.friseur-hopmann.de\/?product=kerastase-blond-absolu-huile-cicaextreme-haaroel-100-ml#primaryimage\"},\"image\":{\"@id\":\"https:\/\/www.friseur-hopmann.de\/?product=kerastase-blond-absolu-huile-cicaextreme-haaroel-100-ml#primaryimage\"},\"thumbnailUrl\":\"https:\/\/www.friseur-hopmann.de\/wp-content\/uploads\/2021\/02\/Blond-Absolu-Oel-75ml.webp\",\"datePublished\":\"2021-02-05T17:38:09+00:00\",\"dateModified\":\"2026-01-18T12:50:33+00:00\",\"breadcrumb\":{\"@id\":\"https:\/\/www.friseur-hopmann.de\/?product=kerastase-blond-absolu-huile-cicaextreme-haaroel-100-ml#breadcrumb\"},\"inLanguage\":\"de\",\"potentialAction\":[{\"@type\":\"ReadAction\",\"target\":[\"https:\/\/www.friseur-hopmann.de\/?product=kerastase-blond-absolu-huile-cicaextreme-haaroel-100-ml\"]}]},{\"@type\":\"ImageObject\",\"inLanguage\":\"de\",\"@id\":\"https:\/\/www.friseur-hopmann.de\/?product=kerastase-blond-absolu-huile-cicaextreme-haaroel-100-ml#primaryimage\",\"url\":\"https:\/\/www.friseur-hopmann.de\/wp-content\/uploads\/2021\/02\/Blond-Absolu-Oel-75ml.webp\",\"contentUrl\":\"https:\/\/www.friseur-hopmann.de\/wp-content\/uploads\/2021\/02\/Blond-Absolu-Oel-75ml.webp\",\"width\":1000,\"height\":1000},{\"@type\":\"BreadcrumbList\",\"@id\":\"https:\/\/www.friseur-hopmann.de\/?product=kerastase-blond-absolu-huile-cicaextreme-haaroel-100-ml#breadcrumb\",\"itemListElement\":[{\"@type\":\"ListItem\",\"position\":1,\"name\":\"Startseite\",\"item\":\"https:\/\/www.friseur-hopmann.de\/\"},{\"@type\":\"ListItem\",\"position\":2,\"name\":\"Produkte\",\"item\":\"https:\/\/www.friseur-hopmann.de\/?post_type=product\"},{\"@type\":\"ListItem\",\"position\":3,\"name\":\"\u00a0K\u00e9rastase Blond Absolu l\u2019Huile Cicaextreme 75 ml (Haar\u00f6l)\"}]},{\"@type\":\"WebSite\",\"@id\":\"https:\/\/www.friseur-hopmann.de\/#website\",\"url\":\"https:\/\/www.friseur-hopmann.de\/\",\"name\":\"Friseur Hopmann Hairstyling\",\"description\":\"Ihr Friseur in Nordhorn\",\"potentialAction\":[{\"@type\":\"SearchAction\",\"target\":{\"@type\":\"EntryPoint\",\"urlTemplate\":\"https:\/\/www.friseur-hopmann.de\/?s={search_term_string}\"},\"query-input\":{\"@type\":\"PropertyValueSpecification\",\"valueRequired\":true,\"valueName\":\"search_term_string\"}}],\"inLanguage\":\"de\"}]}<\/script>\n<!-- \/ Yoast SEO plugin. -->","yoast_head_json":{"title":"\u00a0K\u00e9rastase Blond Absolu l\u2019Huile Cicaextreme 75 ml (Haar\u00f6l) - Friseur Hopmann Hairstyling","robots":{"index":"index","follow":"follow","max-snippet":"max-snippet:-1","max-image-preview":"max-image-preview:large","max-video-preview":"max-video-preview:-1"},"canonical":"https:\/\/www.friseur-hopmann.de\/?product=kerastase-blond-absolu-huile-cicaextreme-haaroel-100-ml","og_locale":"de_DE","og_type":"article","og_title":"\u00a0K\u00e9rastase Blond Absolu l\u2019Huile Cicaextreme 75 ml (Haar\u00f6l) - Friseur Hopmann Hairstyling","og_description":"Das\u00a0K\u00e9rastase Blond Absolu l\u2019Huile Cicaextreme ist ein st\u00e4rkendes Haar\u00f6l.      Informationen zur Produktsicherheit (GPSR-Richtlinien)  Enth\u00e4lt Inhaltsstoffe, die Allergien ausl\u00f6sen k\u00f6nnen.  Bei Kontakt mit den Augen, diese gr\u00fcndlich aussp\u00fclen.  Verantwortlicher Hersteller: Loreal Professionnel,\u00a0 14, rue Royale 75008 Paris\u00b4         fragen@loreal-group. com","og_url":"https:\/\/www.friseur-hopmann.de\/?product=kerastase-blond-absolu-huile-cicaextreme-haaroel-100-ml","og_site_name":"Friseur Hopmann Hairstyling","article_modified_time":"2026-01-18T12:50:33+00:00","og_image":[{"width":1000,"height":1000,"url":"http:\/\/www.friseur-hopmann.de\/wp-content\/uploads\/2021\/02\/Blond-Absolu-Oel-75ml.webp","type":"image\/webp"}],"twitter_card":"summary_large_image","twitter_misc":{"Gesch\u00e4tzte Lesezeit":"2\u00a0Minuten"},"schema":{"@context":"https:\/\/schema.org","@graph":[{"@type":"WebPage","@id":"https:\/\/www.friseur-hopmann.de\/?product=kerastase-blond-absolu-huile-cicaextreme-haaroel-100-ml","url":"https:\/\/www.friseur-hopmann.de\/?product=kerastase-blond-absolu-huile-cicaextreme-haaroel-100-ml","name":"\u00a0K\u00e9rastase Blond Absolu l\u2019Huile Cicaextreme 75 ml (Haar\u00f6l) - Friseur Hopmann Hairstyling","isPartOf":{"@id":"https:\/\/www.friseur-hopmann.de\/#website"},"primaryImageOfPage":{"@id":"https:\/\/www.friseur-hopmann.de\/?product=kerastase-blond-absolu-huile-cicaextreme-haaroel-100-ml#primaryimage"},"image":{"@id":"https:\/\/www.friseur-hopmann.de\/?product=kerastase-blond-absolu-huile-cicaextreme-haaroel-100-ml#primaryimage"},"thumbnailUrl":"https:\/\/www.friseur-hopmann.de\/wp-content\/uploads\/2021\/02\/Blond-Absolu-Oel-75ml.webp","datePublished":"2021-02-05T17:38:09+00:00","dateModified":"2026-01-18T12:50:33+00:00","breadcrumb":{"@id":"https:\/\/www.friseur-hopmann.de\/?product=kerastase-blond-absolu-huile-cicaextreme-haaroel-100-ml#breadcrumb"},"inLanguage":"de","potentialAction":[{"@type":"ReadAction","target":["https:\/\/www.friseur-hopmann.de\/?product=kerastase-blond-absolu-huile-cicaextreme-haaroel-100-ml"]}]},{"@type":"ImageObject","inLanguage":"de","@id":"https:\/\/www.friseur-hopmann.de\/?product=kerastase-blond-absolu-huile-cicaextreme-haaroel-100-ml#primaryimage","url":"https:\/\/www.friseur-hopmann.de\/wp-content\/uploads\/2021\/02\/Blond-Absolu-Oel-75ml.webp","contentUrl":"https:\/\/www.friseur-hopmann.de\/wp-content\/uploads\/2021\/02\/Blond-Absolu-Oel-75ml.webp","width":1000,"height":1000},{"@type":"BreadcrumbList","@id":"https:\/\/www.friseur-hopmann.de\/?product=kerastase-blond-absolu-huile-cicaextreme-haaroel-100-ml#breadcrumb","itemListElement":[{"@type":"ListItem","position":1,"name":"Startseite","item":"https:\/\/www.friseur-hopmann.de\/"},{"@type":"ListItem","position":2,"name":"Produkte","item":"https:\/\/www.friseur-hopmann.de\/?post_type=product"},{"@type":"ListItem","position":3,"name":"\u00a0K\u00e9rastase Blond Absolu l\u2019Huile Cicaextreme 75 ml (Haar\u00f6l)"}]},{"@type":"WebSite","@id":"https:\/\/www.friseur-hopmann.de\/#website","url":"https:\/\/www.friseur-hopmann.de\/","name":"Friseur Hopmann Hairstyling","description":"Ihr Friseur in Nordhorn","potentialAction":[{"@type":"SearchAction","target":{"@type":"EntryPoint","urlTemplate":"https:\/\/www.friseur-hopmann.de\/?s={search_term_string}"},"query-input":{"@type":"PropertyValueSpecification","valueRequired":true,"valueName":"search_term_string"}}],"inLanguage":"de"}]}},"brands":[],"_links":{"self":[{"href":"https:\/\/www.friseur-hopmann.de\/index.php?rest_route=\/wp\/v2\/product\/15222","targetHints":{"allow":["GET"]}}],"collection":[{"href":"https:\/\/www.friseur-hopmann.de\/index.php?rest_route=\/wp\/v2\/product"}],"about":[{"href":"https:\/\/www.friseur-hopmann.de\/index.php?rest_route=\/wp\/v2\/types\/product"}],"replies":[{"embeddable":true,"href":"https:\/\/www.friseur-hopmann.de\/index.php?rest_route=%2Fwp%2Fv2%2Fcomments&post=15222"}],"wp:featuredmedia":[{"embeddable":true,"href":"https:\/\/www.friseur-hopmann.de\/index.php?rest_route=\/wp\/v2\/media\/24846"}],"wp:attachment":[{"href":"https:\/\/www.friseur-hopmann.de\/index.php?rest_route=%2Fwp%2Fv2%2Fmedia&parent=15222"}],"wp:term":[{"taxonomy":"pwb-brand","embeddable":true,"href":"https:\/\/www.friseur-hopmann.de\/index.php?rest_route=%2Fwp%2Fv2%2Fpwb-brand&post=15222"},{"taxonomy":"product_brand","embeddable":true,"href":"https:\/\/www.friseur-hopmann.de\/index.php?rest_route=%2Fwp%2Fv2%2Fproduct_brand&post=15222"},{"taxonomy":"product_cat","embeddable":true,"href":"https:\/\/www.friseur-hopmann.de\/index.php?rest_route=%2Fwp%2Fv2%2Fproduct_cat&post=15222"},{"taxonomy":"product_tag","embeddable":true,"href":"https:\/\/www.friseur-hopmann.de\/index.php?rest_route=%2Fwp%2Fv2%2Fproduct_tag&post=15222"}],"curies":[{"name":"wp","href":"https:\/\/api.w.org\/{rel}","templated":true}]}}