{"id":14597,"date":"2020-12-02T19:34:01","date_gmt":"2020-12-02T17:34:01","guid":{"rendered":"https:\/\/friseur-hopmann.de\/?post_type=product&#038;p=14597"},"modified":"2026-02-06T22:44:00","modified_gmt":"2026-02-06T20:44:00","slug":"kerastase-genesis-masque-reconstituant-haarmaske-500-ml","status":"publish","type":"product","link":"https:\/\/www.friseur-hopmann.de\/?product=kerastase-genesis-masque-reconstituant-haarmaske-500-ml","title":{"rendered":"K\u00c9RASTASE GENESIS Masque Reconstituant (Haarmaske) 500 ml"},"content":{"rendered":"<h2>Anti-Haarverlust<\/h2>\n<p><strong>Produktbeschreibung:<\/strong><\/p>\n<div class=\"product-name\">Masque Reconstituant<\/div>\n<div class=\"collection-name\">Genesis<\/div>\n<p class=\"product-description-text\">Die Masque Reconstituant ist eine intensiv kr\u00e4ftigende Anti-Haarverlust Maske f\u00fcr Haar das zu Haarverlust durch Haarbruch neigt. Die Maske st\u00e4rkt und regeneriert die Haarfaser, indem sie das Haar intensiv mit Feuchtigkeit und N\u00e4hrstoffen versorgt, ohne das es zu beschweren. Zudem sorgt sie f\u00fcr Geschmeidigkeit\u00a0 und f\u00f6rdert die K\u00e4mmbarkeit. Die Haarfaser wird gekr\u00e4ftigt f\u00fcr mehr Widerstandsf\u00e4higkeit.<\/p>\n<p><strong>Inhaltssoffe:<\/strong><\/p>\n<p>Eine einzigartige Kombination aus Ingwerwurzel und Edelweiss:<br \/>\n<strong>Ingewerwurzel<\/strong> sch\u00fctzt das Haar vor t\u00e4glichen, \u00e4u\u00dferen Einfl\u00fcssen.<br \/>\n<strong>Edelweiss<\/strong> verleiht dem Haar Widerstandskraft, selbst unter extremsten Bedingungen.<\/p>\n<p><strong>Anwendung:<\/strong><\/p>\n<p>Verwenden Sie diese kr\u00e4ftigende Maske einmal pro Woche oder nach jedem Haarbad, um Ihr Haar zu pflegen, zu entwirren und zu kr\u00e4ftigen, um das Risiko von Haarverlust durch Haarbruch zu reduzieren.<\/p>\n<p>Auf die handtuchtrockenen L\u00e4ngen und Spitzen auftragen. Einmassieren. 5 Minuten einwirken lassen. Gr\u00fcndlich aussp\u00fclen.<\/p>\n<p><strong>Inhalt:<\/strong> 500 ml<\/p>\n","protected":false},"excerpt":{"rendered":"<div class=\"product-name\">Masque Reconstituant<\/div>\n<div class=\"collection-name\">Genesis<\/div>\n<p class=\"product-description-text\">Die Masque Reconstituant ist eine intensiv kr\u00e4ftigende Anti-Haarverlust Maske f\u00fcr Haar, das zu Haarverlust durch Haarbruch neigt. Die Maske st\u00e4rkt und regeneriert die Haarfaser, indem sie das Haar intensiv mit Feuchtigkeit und N\u00e4hrstoffen versorgt, ohne es beschweren. Zudem sorgt sie f\u00fcr Geschmeidigkeit und f\u00f6rdert die K\u00e4mmbarkeit. Die Haarfaser wird gekr\u00e4ftigt.<\/p>\n<p><strong>Hinweis: Abbildung zeigt Produkt mit Inhalt 200 ml<\/strong><\/p>\n","protected":false},"featured_media":13117,"comment_status":"closed","ping_status":"closed","template":"","meta":{"_exactmetrics_skip_tracking":false,"_exactmetrics_sitenote_active":false,"_exactmetrics_sitenote_note":"","_exactmetrics_sitenote_category":0,"_monsterinsights_skip_tracking":false,"_monsterinsights_sitenote_active":false,"_monsterinsights_sitenote_note":"","_monsterinsights_sitenote_category":0},"pwb-brand":[],"product_brand":[],"product_cat":[491,550,544,693],"product_tag":[754,664,669],"class_list":{"0":"post-14597","1":"product","2":"type-product","3":"status-publish","4":"has-post-thumbnail","6":"product_cat-kerastase","7":"product_cat-kerastase-haarausfall","8":"product_cat-kerastase-haarpflege","9":"product_cat-genesis","10":"product_tag-anti-haarausfall","11":"product_tag-haarmaske","12":"product_tag-intensiv-haarpflege","14":"first","15":"instock","16":"taxable","17":"shipping-taxable","18":"purchasable","19":"product-type-simple"},"yoast_head":"<!-- This site is optimized with the Yoast SEO plugin v24.6 - https:\/\/yoast.com\/wordpress\/plugins\/seo\/ -->\n<title>K\u00c9RASTASE GENESIS Masque Reconstituant (Haarmaske) 500 ml - Friseur Hopmann Hairstyling<\/title>\n<meta name=\"robots\" content=\"index, follow, max-snippet:-1, max-image-preview:large, max-video-preview:-1\" \/>\n<link rel=\"canonical\" href=\"https:\/\/www.friseur-hopmann.de\/?product=kerastase-genesis-masque-reconstituant-haarmaske-500-ml\" \/>\n<meta property=\"og:locale\" content=\"de_DE\" \/>\n<meta property=\"og:type\" content=\"article\" \/>\n<meta property=\"og:title\" content=\"K\u00c9RASTASE GENESIS Masque Reconstituant (Haarmaske) 500 ml - Friseur Hopmann Hairstyling\" \/>\n<meta property=\"og:description\" content=\"Masque Reconstituant Genesis Die Masque Reconstituant ist eine intensiv kr\u00e4ftigende Anti-Haarverlust Maske f\u00fcr Haar, das zu Haarverlust durch Haarbruch neigt. Die Maske st\u00e4rkt und regeneriert die Haarfaser, indem sie das Haar intensiv mit Feuchtigkeit und N\u00e4hrstoffen versorgt, ohne es beschweren. Zudem sorgt sie f\u00fcr Geschmeidigkeit und f\u00f6rdert die K\u00e4mmbarkeit. Die Haarfaser wird gekr\u00e4ftigt. Hinweis: Abbildung zeigt Produkt mit Inhalt 200 ml\" \/>\n<meta property=\"og:url\" content=\"https:\/\/www.friseur-hopmann.de\/?product=kerastase-genesis-masque-reconstituant-haarmaske-500-ml\" \/>\n<meta property=\"og:site_name\" content=\"Friseur Hopmann Hairstyling\" \/>\n<meta property=\"article:modified_time\" content=\"2026-02-06T20:44:00+00:00\" \/>\n<meta property=\"og:image\" content=\"http:\/\/www.friseur-hopmann.de\/wp-content\/uploads\/2020\/01\/Genesis-Masque-200-ml.jpg\" \/>\n\t<meta property=\"og:image:width\" content=\"500\" \/>\n\t<meta property=\"og:image:height\" content=\"500\" \/>\n\t<meta property=\"og:image:type\" content=\"image\/jpeg\" \/>\n<meta name=\"twitter:card\" content=\"summary_large_image\" \/>\n<meta name=\"twitter:label1\" content=\"Gesch\u00e4tzte Lesezeit\" \/>\n\t<meta name=\"twitter:data1\" content=\"1\u00a0Minute\" \/>\n<script type=\"application\/ld+json\" class=\"yoast-schema-graph\">{\"@context\":\"https:\/\/schema.org\",\"@graph\":[{\"@type\":\"WebPage\",\"@id\":\"https:\/\/www.friseur-hopmann.de\/?product=kerastase-genesis-masque-reconstituant-haarmaske-500-ml\",\"url\":\"https:\/\/www.friseur-hopmann.de\/?product=kerastase-genesis-masque-reconstituant-haarmaske-500-ml\",\"name\":\"K\u00c9RASTASE GENESIS Masque Reconstituant (Haarmaske) 500 ml - Friseur Hopmann Hairstyling\",\"isPartOf\":{\"@id\":\"https:\/\/www.friseur-hopmann.de\/#website\"},\"primaryImageOfPage\":{\"@id\":\"https:\/\/www.friseur-hopmann.de\/?product=kerastase-genesis-masque-reconstituant-haarmaske-500-ml#primaryimage\"},\"image\":{\"@id\":\"https:\/\/www.friseur-hopmann.de\/?product=kerastase-genesis-masque-reconstituant-haarmaske-500-ml#primaryimage\"},\"thumbnailUrl\":\"https:\/\/www.friseur-hopmann.de\/wp-content\/uploads\/2020\/01\/Genesis-Masque-200-ml.jpg\",\"datePublished\":\"2020-12-02T17:34:01+00:00\",\"dateModified\":\"2026-02-06T20:44:00+00:00\",\"breadcrumb\":{\"@id\":\"https:\/\/www.friseur-hopmann.de\/?product=kerastase-genesis-masque-reconstituant-haarmaske-500-ml#breadcrumb\"},\"inLanguage\":\"de\",\"potentialAction\":[{\"@type\":\"ReadAction\",\"target\":[\"https:\/\/www.friseur-hopmann.de\/?product=kerastase-genesis-masque-reconstituant-haarmaske-500-ml\"]}]},{\"@type\":\"ImageObject\",\"inLanguage\":\"de\",\"@id\":\"https:\/\/www.friseur-hopmann.de\/?product=kerastase-genesis-masque-reconstituant-haarmaske-500-ml#primaryimage\",\"url\":\"https:\/\/www.friseur-hopmann.de\/wp-content\/uploads\/2020\/01\/Genesis-Masque-200-ml.jpg\",\"contentUrl\":\"https:\/\/www.friseur-hopmann.de\/wp-content\/uploads\/2020\/01\/Genesis-Masque-200-ml.jpg\",\"width\":500,\"height\":500},{\"@type\":\"BreadcrumbList\",\"@id\":\"https:\/\/www.friseur-hopmann.de\/?product=kerastase-genesis-masque-reconstituant-haarmaske-500-ml#breadcrumb\",\"itemListElement\":[{\"@type\":\"ListItem\",\"position\":1,\"name\":\"Startseite\",\"item\":\"https:\/\/www.friseur-hopmann.de\/\"},{\"@type\":\"ListItem\",\"position\":2,\"name\":\"Produkte\",\"item\":\"https:\/\/www.friseur-hopmann.de\/?post_type=product\"},{\"@type\":\"ListItem\",\"position\":3,\"name\":\"K\u00c9RASTASE GENESIS Masque Reconstituant (Haarmaske) 500 ml\"}]},{\"@type\":\"WebSite\",\"@id\":\"https:\/\/www.friseur-hopmann.de\/#website\",\"url\":\"https:\/\/www.friseur-hopmann.de\/\",\"name\":\"Friseur Hopmann Hairstyling\",\"description\":\"Ihr Friseur in Nordhorn\",\"potentialAction\":[{\"@type\":\"SearchAction\",\"target\":{\"@type\":\"EntryPoint\",\"urlTemplate\":\"https:\/\/www.friseur-hopmann.de\/?s={search_term_string}\"},\"query-input\":{\"@type\":\"PropertyValueSpecification\",\"valueRequired\":true,\"valueName\":\"search_term_string\"}}],\"inLanguage\":\"de\"}]}<\/script>\n<!-- \/ Yoast SEO plugin. -->","yoast_head_json":{"title":"K\u00c9RASTASE GENESIS Masque Reconstituant (Haarmaske) 500 ml - Friseur Hopmann Hairstyling","robots":{"index":"index","follow":"follow","max-snippet":"max-snippet:-1","max-image-preview":"max-image-preview:large","max-video-preview":"max-video-preview:-1"},"canonical":"https:\/\/www.friseur-hopmann.de\/?product=kerastase-genesis-masque-reconstituant-haarmaske-500-ml","og_locale":"de_DE","og_type":"article","og_title":"K\u00c9RASTASE GENESIS Masque Reconstituant (Haarmaske) 500 ml - Friseur Hopmann Hairstyling","og_description":"Masque Reconstituant Genesis Die Masque Reconstituant ist eine intensiv kr\u00e4ftigende Anti-Haarverlust Maske f\u00fcr Haar, das zu Haarverlust durch Haarbruch neigt. Die Maske st\u00e4rkt und regeneriert die Haarfaser, indem sie das Haar intensiv mit Feuchtigkeit und N\u00e4hrstoffen versorgt, ohne es beschweren. Zudem sorgt sie f\u00fcr Geschmeidigkeit und f\u00f6rdert die K\u00e4mmbarkeit. Die Haarfaser wird gekr\u00e4ftigt. Hinweis: Abbildung zeigt Produkt mit Inhalt 200 ml","og_url":"https:\/\/www.friseur-hopmann.de\/?product=kerastase-genesis-masque-reconstituant-haarmaske-500-ml","og_site_name":"Friseur Hopmann Hairstyling","article_modified_time":"2026-02-06T20:44:00+00:00","og_image":[{"width":500,"height":500,"url":"http:\/\/www.friseur-hopmann.de\/wp-content\/uploads\/2020\/01\/Genesis-Masque-200-ml.jpg","type":"image\/jpeg"}],"twitter_card":"summary_large_image","twitter_misc":{"Gesch\u00e4tzte Lesezeit":"1\u00a0Minute"},"schema":{"@context":"https:\/\/schema.org","@graph":[{"@type":"WebPage","@id":"https:\/\/www.friseur-hopmann.de\/?product=kerastase-genesis-masque-reconstituant-haarmaske-500-ml","url":"https:\/\/www.friseur-hopmann.de\/?product=kerastase-genesis-masque-reconstituant-haarmaske-500-ml","name":"K\u00c9RASTASE GENESIS Masque Reconstituant (Haarmaske) 500 ml - Friseur Hopmann Hairstyling","isPartOf":{"@id":"https:\/\/www.friseur-hopmann.de\/#website"},"primaryImageOfPage":{"@id":"https:\/\/www.friseur-hopmann.de\/?product=kerastase-genesis-masque-reconstituant-haarmaske-500-ml#primaryimage"},"image":{"@id":"https:\/\/www.friseur-hopmann.de\/?product=kerastase-genesis-masque-reconstituant-haarmaske-500-ml#primaryimage"},"thumbnailUrl":"https:\/\/www.friseur-hopmann.de\/wp-content\/uploads\/2020\/01\/Genesis-Masque-200-ml.jpg","datePublished":"2020-12-02T17:34:01+00:00","dateModified":"2026-02-06T20:44:00+00:00","breadcrumb":{"@id":"https:\/\/www.friseur-hopmann.de\/?product=kerastase-genesis-masque-reconstituant-haarmaske-500-ml#breadcrumb"},"inLanguage":"de","potentialAction":[{"@type":"ReadAction","target":["https:\/\/www.friseur-hopmann.de\/?product=kerastase-genesis-masque-reconstituant-haarmaske-500-ml"]}]},{"@type":"ImageObject","inLanguage":"de","@id":"https:\/\/www.friseur-hopmann.de\/?product=kerastase-genesis-masque-reconstituant-haarmaske-500-ml#primaryimage","url":"https:\/\/www.friseur-hopmann.de\/wp-content\/uploads\/2020\/01\/Genesis-Masque-200-ml.jpg","contentUrl":"https:\/\/www.friseur-hopmann.de\/wp-content\/uploads\/2020\/01\/Genesis-Masque-200-ml.jpg","width":500,"height":500},{"@type":"BreadcrumbList","@id":"https:\/\/www.friseur-hopmann.de\/?product=kerastase-genesis-masque-reconstituant-haarmaske-500-ml#breadcrumb","itemListElement":[{"@type":"ListItem","position":1,"name":"Startseite","item":"https:\/\/www.friseur-hopmann.de\/"},{"@type":"ListItem","position":2,"name":"Produkte","item":"https:\/\/www.friseur-hopmann.de\/?post_type=product"},{"@type":"ListItem","position":3,"name":"K\u00c9RASTASE GENESIS Masque Reconstituant (Haarmaske) 500 ml"}]},{"@type":"WebSite","@id":"https:\/\/www.friseur-hopmann.de\/#website","url":"https:\/\/www.friseur-hopmann.de\/","name":"Friseur Hopmann Hairstyling","description":"Ihr Friseur in Nordhorn","potentialAction":[{"@type":"SearchAction","target":{"@type":"EntryPoint","urlTemplate":"https:\/\/www.friseur-hopmann.de\/?s={search_term_string}"},"query-input":{"@type":"PropertyValueSpecification","valueRequired":true,"valueName":"search_term_string"}}],"inLanguage":"de"}]}},"brands":[],"_links":{"self":[{"href":"https:\/\/www.friseur-hopmann.de\/index.php?rest_route=\/wp\/v2\/product\/14597","targetHints":{"allow":["GET"]}}],"collection":[{"href":"https:\/\/www.friseur-hopmann.de\/index.php?rest_route=\/wp\/v2\/product"}],"about":[{"href":"https:\/\/www.friseur-hopmann.de\/index.php?rest_route=\/wp\/v2\/types\/product"}],"replies":[{"embeddable":true,"href":"https:\/\/www.friseur-hopmann.de\/index.php?rest_route=%2Fwp%2Fv2%2Fcomments&post=14597"}],"wp:featuredmedia":[{"embeddable":true,"href":"https:\/\/www.friseur-hopmann.de\/index.php?rest_route=\/wp\/v2\/media\/13117"}],"wp:attachment":[{"href":"https:\/\/www.friseur-hopmann.de\/index.php?rest_route=%2Fwp%2Fv2%2Fmedia&parent=14597"}],"wp:term":[{"taxonomy":"pwb-brand","embeddable":true,"href":"https:\/\/www.friseur-hopmann.de\/index.php?rest_route=%2Fwp%2Fv2%2Fpwb-brand&post=14597"},{"taxonomy":"product_brand","embeddable":true,"href":"https:\/\/www.friseur-hopmann.de\/index.php?rest_route=%2Fwp%2Fv2%2Fproduct_brand&post=14597"},{"taxonomy":"product_cat","embeddable":true,"href":"https:\/\/www.friseur-hopmann.de\/index.php?rest_route=%2Fwp%2Fv2%2Fproduct_cat&post=14597"},{"taxonomy":"product_tag","embeddable":true,"href":"https:\/\/www.friseur-hopmann.de\/index.php?rest_route=%2Fwp%2Fv2%2Fproduct_tag&post=14597"}],"curies":[{"name":"wp","href":"https:\/\/api.w.org\/{rel}","templated":true}]}}