{"id":13760,"date":"2020-09-04T22:18:44","date_gmt":"2020-09-04T20:18:44","guid":{"rendered":"https:\/\/friseur-hopmann.de\/?post_type=product&#038;p=13760"},"modified":"2026-03-08T08:33:44","modified_gmt":"2026-03-08T06:33:44","slug":"kerastase-chronologiste-thermique-regenerant-150-ml","status":"publish","type":"product","link":"https:\/\/www.friseur-hopmann.de\/?product=kerastase-chronologiste-thermique-regenerant-150-ml","title":{"rendered":"K\u00e9rastase Chronologiste Thermique R\u00e9g\u00e9n\u00e9rant(Hitzeschutz) 150 ml"},"content":{"rendered":"<h2>K\u00e9rastase Chronologiste Thermique R\u00e9g\u00e9n\u00e9rant 150 ml<\/h2>\n<p>Das\u00a0<strong>K\u00e9rastase Chronologiste Thermique R\u00e9g\u00e9n\u00e9rant<\/strong> versiegelt die Haarfasern und bietet\u00a0Hitzeschutz von bis zu 230\u00b0. Die veredelnde\u00a0Leave-In Pflegesorgt f\u00fcr jugendlich sch\u00f6nes\u00a0Haar. Das Produkt verfeinert die Haarstruktur und versiegelt die Haaroberfl\u00e4che.<\/p>\n<h2>Eigenschaften des\u00a0K\u00e9rastase Chronologiste Thermique R\u00e9g\u00e9n\u00e9rant<\/h2>\n<ul>\n<li>Verfeinert die Haarstruktur und versiegelt die Haaroberfl\u00e4che und macht sie\u00a0elastisch<\/li>\n<li>Verfeinert die Haartextur<\/li>\n<li>Bietet Hitzeschutz bis zu 230\u00b0<\/li>\n<li>Anti-Frizz Effekt bis zu 96h<\/li>\n<li>Verlangsamt das Nachfetten der Haare um bis zu 4 Tage<\/li>\n<li>Erleichtert das Styling<\/li>\n<\/ul>\n<h3>Anwendung des\u00a0K\u00e9rastase Chronologiste Thermique R\u00e9g\u00e9n\u00e9rant<\/h3>\n<p>Auf das gewaschene und handtuchtrockene Haar auftragen. In die\u00a0L\u00e4ngen und Spitzen einarbeiten. Wie gewohnt stylen Nicht aussp\u00fclen.<\/p>\n<p><strong>Inhalt: 150 ml<\/strong><\/p>\n","protected":false},"excerpt":{"rendered":"<p>Das\u00a0<strong>K\u00e9rastase Chronologiste Thermique R\u00e9g\u00e9n\u00e9rant<\/strong> versiegelt die Haarfasern und bietet\u00a0Hitzeschutz von bis zu 230\u00b0. Die veredelnde\u00a0Leave-In Pflegesorgt f\u00fcr jugendlich sch\u00f6nes\u00a0Haar. Das Produkt verfeinert die Haarstruktur und versiegelt die Haaroberfl\u00e4che.<\/p>\n","protected":false},"featured_media":13761,"comment_status":"closed","ping_status":"closed","template":"","meta":{"_exactmetrics_skip_tracking":false,"_exactmetrics_sitenote_active":false,"_exactmetrics_sitenote_note":"","_exactmetrics_sitenote_category":0,"_monsterinsights_skip_tracking":false,"_monsterinsights_sitenote_active":false,"_monsterinsights_sitenote_note":"","_monsterinsights_sitenote_category":0},"pwb-brand":[],"product_brand":[],"product_cat":[514,491,544,547],"product_tag":[699,870],"class_list":{"0":"post-13760","1":"product","2":"type-product","3":"status-publish","4":"has-post-thumbnail","6":"product_cat-chronologiste","7":"product_cat-kerastase","8":"product_cat-kerastase-haarpflege","9":"product_cat-kerastase-pflegelotion","10":"product_tag-hitzeschutz","11":"product_tag-leave-inn-pflege","13":"first","14":"instock","15":"taxable","16":"shipping-taxable","17":"purchasable","18":"product-type-simple"},"yoast_head":"<!-- This site is optimized with the Yoast SEO plugin v24.6 - https:\/\/yoast.com\/wordpress\/plugins\/seo\/ -->\n<title>K\u00e9rastase Chronologiste Thermique R\u00e9g\u00e9n\u00e9rant(Hitzeschutz) 150 ml - Friseur Hopmann Hairstyling<\/title>\n<meta name=\"robots\" content=\"index, follow, max-snippet:-1, max-image-preview:large, max-video-preview:-1\" \/>\n<link rel=\"canonical\" href=\"https:\/\/www.friseur-hopmann.de\/?product=kerastase-chronologiste-thermique-regenerant-150-ml\" \/>\n<meta property=\"og:locale\" content=\"de_DE\" \/>\n<meta property=\"og:type\" content=\"article\" \/>\n<meta property=\"og:title\" content=\"K\u00e9rastase Chronologiste Thermique R\u00e9g\u00e9n\u00e9rant(Hitzeschutz) 150 ml - Friseur Hopmann Hairstyling\" \/>\n<meta property=\"og:description\" content=\"Das\u00a0K\u00e9rastase Chronologiste Thermique R\u00e9g\u00e9n\u00e9rant versiegelt die Haarfasern und bietet\u00a0Hitzeschutz von bis zu 230\u00b0. Die veredelnde\u00a0Leave-In Pflegesorgt f\u00fcr jugendlich sch\u00f6nes\u00a0Haar. Das Produkt verfeinert die Haarstruktur und versiegelt die Haaroberfl\u00e4che.\" \/>\n<meta property=\"og:url\" content=\"https:\/\/www.friseur-hopmann.de\/?product=kerastase-chronologiste-thermique-regenerant-150-ml\" \/>\n<meta property=\"og:site_name\" content=\"Friseur Hopmann Hairstyling\" \/>\n<meta property=\"article:modified_time\" content=\"2026-03-08T06:33:44+00:00\" \/>\n<meta property=\"og:image\" content=\"http:\/\/www.friseur-hopmann.de\/wp-content\/uploads\/2020\/09\/ChronologisteThermique.jpg\" \/>\n\t<meta property=\"og:image:width\" content=\"500\" \/>\n\t<meta property=\"og:image:height\" content=\"500\" \/>\n\t<meta property=\"og:image:type\" content=\"image\/jpeg\" \/>\n<meta name=\"twitter:card\" content=\"summary_large_image\" \/>\n<meta name=\"twitter:label1\" content=\"Gesch\u00e4tzte Lesezeit\" \/>\n\t<meta name=\"twitter:data1\" content=\"1\u00a0Minute\" \/>\n<script type=\"application\/ld+json\" class=\"yoast-schema-graph\">{\"@context\":\"https:\/\/schema.org\",\"@graph\":[{\"@type\":\"WebPage\",\"@id\":\"https:\/\/www.friseur-hopmann.de\/?product=kerastase-chronologiste-thermique-regenerant-150-ml\",\"url\":\"https:\/\/www.friseur-hopmann.de\/?product=kerastase-chronologiste-thermique-regenerant-150-ml\",\"name\":\"K\u00e9rastase Chronologiste Thermique R\u00e9g\u00e9n\u00e9rant(Hitzeschutz) 150 ml - Friseur Hopmann Hairstyling\",\"isPartOf\":{\"@id\":\"https:\/\/www.friseur-hopmann.de\/#website\"},\"primaryImageOfPage\":{\"@id\":\"https:\/\/www.friseur-hopmann.de\/?product=kerastase-chronologiste-thermique-regenerant-150-ml#primaryimage\"},\"image\":{\"@id\":\"https:\/\/www.friseur-hopmann.de\/?product=kerastase-chronologiste-thermique-regenerant-150-ml#primaryimage\"},\"thumbnailUrl\":\"https:\/\/www.friseur-hopmann.de\/wp-content\/uploads\/2020\/09\/ChronologisteThermique.jpg\",\"datePublished\":\"2020-09-04T20:18:44+00:00\",\"dateModified\":\"2026-03-08T06:33:44+00:00\",\"breadcrumb\":{\"@id\":\"https:\/\/www.friseur-hopmann.de\/?product=kerastase-chronologiste-thermique-regenerant-150-ml#breadcrumb\"},\"inLanguage\":\"de\",\"potentialAction\":[{\"@type\":\"ReadAction\",\"target\":[\"https:\/\/www.friseur-hopmann.de\/?product=kerastase-chronologiste-thermique-regenerant-150-ml\"]}]},{\"@type\":\"ImageObject\",\"inLanguage\":\"de\",\"@id\":\"https:\/\/www.friseur-hopmann.de\/?product=kerastase-chronologiste-thermique-regenerant-150-ml#primaryimage\",\"url\":\"https:\/\/www.friseur-hopmann.de\/wp-content\/uploads\/2020\/09\/ChronologisteThermique.jpg\",\"contentUrl\":\"https:\/\/www.friseur-hopmann.de\/wp-content\/uploads\/2020\/09\/ChronologisteThermique.jpg\",\"width\":500,\"height\":500},{\"@type\":\"BreadcrumbList\",\"@id\":\"https:\/\/www.friseur-hopmann.de\/?product=kerastase-chronologiste-thermique-regenerant-150-ml#breadcrumb\",\"itemListElement\":[{\"@type\":\"ListItem\",\"position\":1,\"name\":\"Startseite\",\"item\":\"https:\/\/www.friseur-hopmann.de\/\"},{\"@type\":\"ListItem\",\"position\":2,\"name\":\"Produkte\",\"item\":\"https:\/\/www.friseur-hopmann.de\/?post_type=product\"},{\"@type\":\"ListItem\",\"position\":3,\"name\":\"K\u00e9rastase Chronologiste Thermique R\u00e9g\u00e9n\u00e9rant(Hitzeschutz) 150 ml\"}]},{\"@type\":\"WebSite\",\"@id\":\"https:\/\/www.friseur-hopmann.de\/#website\",\"url\":\"https:\/\/www.friseur-hopmann.de\/\",\"name\":\"Friseur Hopmann Hairstyling\",\"description\":\"Ihr Friseur in Nordhorn\",\"potentialAction\":[{\"@type\":\"SearchAction\",\"target\":{\"@type\":\"EntryPoint\",\"urlTemplate\":\"https:\/\/www.friseur-hopmann.de\/?s={search_term_string}\"},\"query-input\":{\"@type\":\"PropertyValueSpecification\",\"valueRequired\":true,\"valueName\":\"search_term_string\"}}],\"inLanguage\":\"de\"}]}<\/script>\n<!-- \/ Yoast SEO plugin. -->","yoast_head_json":{"title":"K\u00e9rastase Chronologiste Thermique R\u00e9g\u00e9n\u00e9rant(Hitzeschutz) 150 ml - Friseur Hopmann Hairstyling","robots":{"index":"index","follow":"follow","max-snippet":"max-snippet:-1","max-image-preview":"max-image-preview:large","max-video-preview":"max-video-preview:-1"},"canonical":"https:\/\/www.friseur-hopmann.de\/?product=kerastase-chronologiste-thermique-regenerant-150-ml","og_locale":"de_DE","og_type":"article","og_title":"K\u00e9rastase Chronologiste Thermique R\u00e9g\u00e9n\u00e9rant(Hitzeschutz) 150 ml - Friseur Hopmann Hairstyling","og_description":"Das\u00a0K\u00e9rastase Chronologiste Thermique R\u00e9g\u00e9n\u00e9rant versiegelt die Haarfasern und bietet\u00a0Hitzeschutz von bis zu 230\u00b0. Die veredelnde\u00a0Leave-In Pflegesorgt f\u00fcr jugendlich sch\u00f6nes\u00a0Haar. Das Produkt verfeinert die Haarstruktur und versiegelt die Haaroberfl\u00e4che.","og_url":"https:\/\/www.friseur-hopmann.de\/?product=kerastase-chronologiste-thermique-regenerant-150-ml","og_site_name":"Friseur Hopmann Hairstyling","article_modified_time":"2026-03-08T06:33:44+00:00","og_image":[{"width":500,"height":500,"url":"http:\/\/www.friseur-hopmann.de\/wp-content\/uploads\/2020\/09\/ChronologisteThermique.jpg","type":"image\/jpeg"}],"twitter_card":"summary_large_image","twitter_misc":{"Gesch\u00e4tzte Lesezeit":"1\u00a0Minute"},"schema":{"@context":"https:\/\/schema.org","@graph":[{"@type":"WebPage","@id":"https:\/\/www.friseur-hopmann.de\/?product=kerastase-chronologiste-thermique-regenerant-150-ml","url":"https:\/\/www.friseur-hopmann.de\/?product=kerastase-chronologiste-thermique-regenerant-150-ml","name":"K\u00e9rastase Chronologiste Thermique R\u00e9g\u00e9n\u00e9rant(Hitzeschutz) 150 ml - Friseur Hopmann Hairstyling","isPartOf":{"@id":"https:\/\/www.friseur-hopmann.de\/#website"},"primaryImageOfPage":{"@id":"https:\/\/www.friseur-hopmann.de\/?product=kerastase-chronologiste-thermique-regenerant-150-ml#primaryimage"},"image":{"@id":"https:\/\/www.friseur-hopmann.de\/?product=kerastase-chronologiste-thermique-regenerant-150-ml#primaryimage"},"thumbnailUrl":"https:\/\/www.friseur-hopmann.de\/wp-content\/uploads\/2020\/09\/ChronologisteThermique.jpg","datePublished":"2020-09-04T20:18:44+00:00","dateModified":"2026-03-08T06:33:44+00:00","breadcrumb":{"@id":"https:\/\/www.friseur-hopmann.de\/?product=kerastase-chronologiste-thermique-regenerant-150-ml#breadcrumb"},"inLanguage":"de","potentialAction":[{"@type":"ReadAction","target":["https:\/\/www.friseur-hopmann.de\/?product=kerastase-chronologiste-thermique-regenerant-150-ml"]}]},{"@type":"ImageObject","inLanguage":"de","@id":"https:\/\/www.friseur-hopmann.de\/?product=kerastase-chronologiste-thermique-regenerant-150-ml#primaryimage","url":"https:\/\/www.friseur-hopmann.de\/wp-content\/uploads\/2020\/09\/ChronologisteThermique.jpg","contentUrl":"https:\/\/www.friseur-hopmann.de\/wp-content\/uploads\/2020\/09\/ChronologisteThermique.jpg","width":500,"height":500},{"@type":"BreadcrumbList","@id":"https:\/\/www.friseur-hopmann.de\/?product=kerastase-chronologiste-thermique-regenerant-150-ml#breadcrumb","itemListElement":[{"@type":"ListItem","position":1,"name":"Startseite","item":"https:\/\/www.friseur-hopmann.de\/"},{"@type":"ListItem","position":2,"name":"Produkte","item":"https:\/\/www.friseur-hopmann.de\/?post_type=product"},{"@type":"ListItem","position":3,"name":"K\u00e9rastase Chronologiste Thermique R\u00e9g\u00e9n\u00e9rant(Hitzeschutz) 150 ml"}]},{"@type":"WebSite","@id":"https:\/\/www.friseur-hopmann.de\/#website","url":"https:\/\/www.friseur-hopmann.de\/","name":"Friseur Hopmann Hairstyling","description":"Ihr Friseur in Nordhorn","potentialAction":[{"@type":"SearchAction","target":{"@type":"EntryPoint","urlTemplate":"https:\/\/www.friseur-hopmann.de\/?s={search_term_string}"},"query-input":{"@type":"PropertyValueSpecification","valueRequired":true,"valueName":"search_term_string"}}],"inLanguage":"de"}]}},"brands":[],"_links":{"self":[{"href":"https:\/\/www.friseur-hopmann.de\/index.php?rest_route=\/wp\/v2\/product\/13760","targetHints":{"allow":["GET"]}}],"collection":[{"href":"https:\/\/www.friseur-hopmann.de\/index.php?rest_route=\/wp\/v2\/product"}],"about":[{"href":"https:\/\/www.friseur-hopmann.de\/index.php?rest_route=\/wp\/v2\/types\/product"}],"replies":[{"embeddable":true,"href":"https:\/\/www.friseur-hopmann.de\/index.php?rest_route=%2Fwp%2Fv2%2Fcomments&post=13760"}],"wp:featuredmedia":[{"embeddable":true,"href":"https:\/\/www.friseur-hopmann.de\/index.php?rest_route=\/wp\/v2\/media\/13761"}],"wp:attachment":[{"href":"https:\/\/www.friseur-hopmann.de\/index.php?rest_route=%2Fwp%2Fv2%2Fmedia&parent=13760"}],"wp:term":[{"taxonomy":"pwb-brand","embeddable":true,"href":"https:\/\/www.friseur-hopmann.de\/index.php?rest_route=%2Fwp%2Fv2%2Fpwb-brand&post=13760"},{"taxonomy":"product_brand","embeddable":true,"href":"https:\/\/www.friseur-hopmann.de\/index.php?rest_route=%2Fwp%2Fv2%2Fproduct_brand&post=13760"},{"taxonomy":"product_cat","embeddable":true,"href":"https:\/\/www.friseur-hopmann.de\/index.php?rest_route=%2Fwp%2Fv2%2Fproduct_cat&post=13760"},{"taxonomy":"product_tag","embeddable":true,"href":"https:\/\/www.friseur-hopmann.de\/index.php?rest_route=%2Fwp%2Fv2%2Fproduct_tag&post=13760"}],"curies":[{"name":"wp","href":"https:\/\/api.w.org\/{rel}","templated":true}]}}