{"id":13759,"date":"2020-09-04T22:08:50","date_gmt":"2020-09-04T20:08:50","guid":{"rendered":"https:\/\/friseur-hopmann.de\/?post_type=product&#038;p=13759"},"modified":"2026-04-18T10:38:42","modified_gmt":"2026-04-18T08:38:42","slug":"kerastase-chronologiste-bain-regenerant-1000-ml-bild-zeigt-250-ml","status":"publish","type":"product","link":"https:\/\/www.friseur-hopmann.de\/?product=kerastase-chronologiste-bain-regenerant-1000-ml-bild-zeigt-250-ml","title":{"rendered":"K\u00e9rastase Chronologiste Bain R\u00e9g\u00e9n\u00e9rant (Luxus-Pflege-Shampoo) 1000 ml (Bild zeigt 250 ml)"},"content":{"rendered":"<h2>K\u00e9rastase Chronologiste Bain R\u00e9g\u00e9n\u00e9rant 1000 ml<\/h2>\n<p>Das <strong>K\u00e9rastase Chronologiste Bain R\u00e9g\u00e9n\u00e9rant<\/strong> ist ein revitalisierendes Haarbad f\u00fcr leichtes und geschmeidiges Haar. Reinigt Kopfhaut und Haar sanft. Entfernt Sebum und Verunreinigungen von Kopfhaut und Haar. Das Shampoo gl\u00e4ttet die Haaroberfl\u00e4che, versorgt die Kopfhaut mit Feuchtigkeit und st\u00e4rkt die Haarfaser.<\/p>\n<h2>Eigenschaften vom\u00a0K\u00e9rastase Chronologiste Bain R\u00e9g\u00e9n\u00e9rant<\/h2>\n<ul>\n<li>Revitalisierendes, schonendes Haarbad<\/li>\n<li>Reinigt Kopfhaut und Haar sanft<\/li>\n<li>Versorgt die Kopfhaut mit Feuchtigkeit<\/li>\n<li>Gl\u00e4ttet die Haaroberfl\u00e4che<\/li>\n<li>St\u00e4rkt die Haarfaser<\/li>\n<li>Sorgt f\u00fcr Glanz und Geschmeidigkeit<\/li>\n<\/ul>\n<h3>Anwendung vom K\u00e9rastase Chronologiste Bain R\u00e9g\u00e9n\u00e9rant<\/h3>\n<p>Auf das nasse Haar auftragen, emulgieren und aussp\u00fclen.<\/p>\n<p><strong>Inhalt: 1000 ml<\/strong><\/p>\n<p><em><strong>HINWEIS: Bild zeigt 250 ml<\/strong><\/em><\/p>\n<p>&nbsp;<\/p>\n<p>&nbsp;<\/p>\n","protected":false},"excerpt":{"rendered":"<p>Das <strong>K\u00e9rastase Chronologiste Bain R\u00e9g\u00e9n\u00e9rant<\/strong> ist ein revitalisierendes Haarbad f\u00fcr leichtes und geschmeidiges Haar. Reinigt Kopfhaut und Haar sanft. Entfernt Sebum &amp; Verunreinigungen von Kopfhaut und Haar. Das Shampoo gl\u00e4ttet die Haaroberfl\u00e4che, versorgt die Kopfhaut mit Feuchtigkeit und st\u00e4rkt die Haarfaser.<\/p>\n","protected":false},"featured_media":13746,"comment_status":"closed","ping_status":"closed","template":"","meta":{"_exactmetrics_skip_tracking":false,"_exactmetrics_sitenote_active":false,"_exactmetrics_sitenote_note":"","_exactmetrics_sitenote_category":0,"_monsterinsights_skip_tracking":false,"_monsterinsights_sitenote_active":false,"_monsterinsights_sitenote_note":"","_monsterinsights_sitenote_category":0},"pwb-brand":[],"product_brand":[],"product_cat":[514,491,544,548,941],"product_tag":[712,869,675],"class_list":{"0":"post-13759","1":"product","2":"type-product","3":"status-publish","4":"has-post-thumbnail","6":"product_cat-chronologiste","7":"product_cat-kerastase","8":"product_cat-kerastase-haarpflege","9":"product_cat-kerastase-shampoo","10":"product_cat-1000ml","11":"product_tag-haarpflege","12":"product_tag-luxusshampoo","13":"product_tag-shampoo","15":"first","16":"outofstock","17":"taxable","18":"shipping-taxable","19":"purchasable","20":"product-type-simple"},"yoast_head":"<!-- This site is optimized with the Yoast SEO plugin v24.6 - https:\/\/yoast.com\/wordpress\/plugins\/seo\/ -->\n<title>K\u00e9rastase Chronologiste Bain R\u00e9g\u00e9n\u00e9rant (Luxus-Pflege-Shampoo) 1000 ml (Bild zeigt 250 ml) - Friseur Hopmann Hairstyling<\/title>\n<meta name=\"robots\" content=\"index, follow, max-snippet:-1, max-image-preview:large, max-video-preview:-1\" \/>\n<link rel=\"canonical\" href=\"https:\/\/www.friseur-hopmann.de\/?product=kerastase-chronologiste-bain-regenerant-1000-ml-bild-zeigt-250-ml\" \/>\n<meta property=\"og:locale\" content=\"de_DE\" \/>\n<meta property=\"og:type\" content=\"article\" \/>\n<meta property=\"og:title\" content=\"K\u00e9rastase Chronologiste Bain R\u00e9g\u00e9n\u00e9rant (Luxus-Pflege-Shampoo) 1000 ml (Bild zeigt 250 ml) - Friseur Hopmann Hairstyling\" \/>\n<meta property=\"og:description\" content=\"Das K\u00e9rastase Chronologiste Bain R\u00e9g\u00e9n\u00e9rant ist ein revitalisierendes Haarbad f\u00fcr leichtes und geschmeidiges Haar. Reinigt Kopfhaut und Haar sanft. Entfernt Sebum &amp; Verunreinigungen von Kopfhaut und Haar. Das Shampoo gl\u00e4ttet die Haaroberfl\u00e4che, versorgt die Kopfhaut mit Feuchtigkeit und st\u00e4rkt die Haarfaser.\" \/>\n<meta property=\"og:url\" content=\"https:\/\/www.friseur-hopmann.de\/?product=kerastase-chronologiste-bain-regenerant-1000-ml-bild-zeigt-250-ml\" \/>\n<meta property=\"og:site_name\" content=\"Friseur Hopmann Hairstyling\" \/>\n<meta property=\"article:modified_time\" content=\"2026-04-18T08:38:42+00:00\" \/>\n<meta property=\"og:image\" content=\"http:\/\/www.friseur-hopmann.de\/wp-content\/uploads\/2015\/07\/Bain-ChronologisteNeu250ml.jpg\" \/>\n\t<meta property=\"og:image:width\" content=\"183\" \/>\n\t<meta property=\"og:image:height\" content=\"183\" \/>\n\t<meta property=\"og:image:type\" content=\"image\/jpeg\" \/>\n<meta name=\"twitter:card\" content=\"summary_large_image\" \/>\n<meta name=\"twitter:label1\" content=\"Gesch\u00e4tzte Lesezeit\" \/>\n\t<meta name=\"twitter:data1\" content=\"1\u00a0Minute\" \/>\n<script type=\"application\/ld+json\" class=\"yoast-schema-graph\">{\"@context\":\"https:\/\/schema.org\",\"@graph\":[{\"@type\":\"WebPage\",\"@id\":\"https:\/\/www.friseur-hopmann.de\/?product=kerastase-chronologiste-bain-regenerant-1000-ml-bild-zeigt-250-ml\",\"url\":\"https:\/\/www.friseur-hopmann.de\/?product=kerastase-chronologiste-bain-regenerant-1000-ml-bild-zeigt-250-ml\",\"name\":\"K\u00e9rastase Chronologiste Bain R\u00e9g\u00e9n\u00e9rant (Luxus-Pflege-Shampoo) 1000 ml (Bild zeigt 250 ml) - Friseur Hopmann Hairstyling\",\"isPartOf\":{\"@id\":\"https:\/\/www.friseur-hopmann.de\/#website\"},\"primaryImageOfPage\":{\"@id\":\"https:\/\/www.friseur-hopmann.de\/?product=kerastase-chronologiste-bain-regenerant-1000-ml-bild-zeigt-250-ml#primaryimage\"},\"image\":{\"@id\":\"https:\/\/www.friseur-hopmann.de\/?product=kerastase-chronologiste-bain-regenerant-1000-ml-bild-zeigt-250-ml#primaryimage\"},\"thumbnailUrl\":\"https:\/\/www.friseur-hopmann.de\/wp-content\/uploads\/2015\/07\/Bain-ChronologisteNeu250ml.jpg\",\"datePublished\":\"2020-09-04T20:08:50+00:00\",\"dateModified\":\"2026-04-18T08:38:42+00:00\",\"breadcrumb\":{\"@id\":\"https:\/\/www.friseur-hopmann.de\/?product=kerastase-chronologiste-bain-regenerant-1000-ml-bild-zeigt-250-ml#breadcrumb\"},\"inLanguage\":\"de\",\"potentialAction\":[{\"@type\":\"ReadAction\",\"target\":[\"https:\/\/www.friseur-hopmann.de\/?product=kerastase-chronologiste-bain-regenerant-1000-ml-bild-zeigt-250-ml\"]}]},{\"@type\":\"ImageObject\",\"inLanguage\":\"de\",\"@id\":\"https:\/\/www.friseur-hopmann.de\/?product=kerastase-chronologiste-bain-regenerant-1000-ml-bild-zeigt-250-ml#primaryimage\",\"url\":\"https:\/\/www.friseur-hopmann.de\/wp-content\/uploads\/2015\/07\/Bain-ChronologisteNeu250ml.jpg\",\"contentUrl\":\"https:\/\/www.friseur-hopmann.de\/wp-content\/uploads\/2015\/07\/Bain-ChronologisteNeu250ml.jpg\",\"width\":183,\"height\":183},{\"@type\":\"BreadcrumbList\",\"@id\":\"https:\/\/www.friseur-hopmann.de\/?product=kerastase-chronologiste-bain-regenerant-1000-ml-bild-zeigt-250-ml#breadcrumb\",\"itemListElement\":[{\"@type\":\"ListItem\",\"position\":1,\"name\":\"Startseite\",\"item\":\"https:\/\/www.friseur-hopmann.de\/\"},{\"@type\":\"ListItem\",\"position\":2,\"name\":\"Produkte\",\"item\":\"https:\/\/www.friseur-hopmann.de\/?post_type=product\"},{\"@type\":\"ListItem\",\"position\":3,\"name\":\"K\u00e9rastase Chronologiste Bain R\u00e9g\u00e9n\u00e9rant (Luxus-Pflege-Shampoo) 1000 ml (Bild zeigt 250 ml)\"}]},{\"@type\":\"WebSite\",\"@id\":\"https:\/\/www.friseur-hopmann.de\/#website\",\"url\":\"https:\/\/www.friseur-hopmann.de\/\",\"name\":\"Friseur Hopmann Hairstyling\",\"description\":\"Ihr Friseur in Nordhorn\",\"potentialAction\":[{\"@type\":\"SearchAction\",\"target\":{\"@type\":\"EntryPoint\",\"urlTemplate\":\"https:\/\/www.friseur-hopmann.de\/?s={search_term_string}\"},\"query-input\":{\"@type\":\"PropertyValueSpecification\",\"valueRequired\":true,\"valueName\":\"search_term_string\"}}],\"inLanguage\":\"de\"}]}<\/script>\n<!-- \/ Yoast SEO plugin. -->","yoast_head_json":{"title":"K\u00e9rastase Chronologiste Bain R\u00e9g\u00e9n\u00e9rant (Luxus-Pflege-Shampoo) 1000 ml (Bild zeigt 250 ml) - Friseur Hopmann Hairstyling","robots":{"index":"index","follow":"follow","max-snippet":"max-snippet:-1","max-image-preview":"max-image-preview:large","max-video-preview":"max-video-preview:-1"},"canonical":"https:\/\/www.friseur-hopmann.de\/?product=kerastase-chronologiste-bain-regenerant-1000-ml-bild-zeigt-250-ml","og_locale":"de_DE","og_type":"article","og_title":"K\u00e9rastase Chronologiste Bain R\u00e9g\u00e9n\u00e9rant (Luxus-Pflege-Shampoo) 1000 ml (Bild zeigt 250 ml) - Friseur Hopmann Hairstyling","og_description":"Das K\u00e9rastase Chronologiste Bain R\u00e9g\u00e9n\u00e9rant ist ein revitalisierendes Haarbad f\u00fcr leichtes und geschmeidiges Haar. Reinigt Kopfhaut und Haar sanft. Entfernt Sebum &amp; Verunreinigungen von Kopfhaut und Haar. Das Shampoo gl\u00e4ttet die Haaroberfl\u00e4che, versorgt die Kopfhaut mit Feuchtigkeit und st\u00e4rkt die Haarfaser.","og_url":"https:\/\/www.friseur-hopmann.de\/?product=kerastase-chronologiste-bain-regenerant-1000-ml-bild-zeigt-250-ml","og_site_name":"Friseur Hopmann Hairstyling","article_modified_time":"2026-04-18T08:38:42+00:00","og_image":[{"width":183,"height":183,"url":"http:\/\/www.friseur-hopmann.de\/wp-content\/uploads\/2015\/07\/Bain-ChronologisteNeu250ml.jpg","type":"image\/jpeg"}],"twitter_card":"summary_large_image","twitter_misc":{"Gesch\u00e4tzte Lesezeit":"1\u00a0Minute"},"schema":{"@context":"https:\/\/schema.org","@graph":[{"@type":"WebPage","@id":"https:\/\/www.friseur-hopmann.de\/?product=kerastase-chronologiste-bain-regenerant-1000-ml-bild-zeigt-250-ml","url":"https:\/\/www.friseur-hopmann.de\/?product=kerastase-chronologiste-bain-regenerant-1000-ml-bild-zeigt-250-ml","name":"K\u00e9rastase Chronologiste Bain R\u00e9g\u00e9n\u00e9rant (Luxus-Pflege-Shampoo) 1000 ml (Bild zeigt 250 ml) - Friseur Hopmann Hairstyling","isPartOf":{"@id":"https:\/\/www.friseur-hopmann.de\/#website"},"primaryImageOfPage":{"@id":"https:\/\/www.friseur-hopmann.de\/?product=kerastase-chronologiste-bain-regenerant-1000-ml-bild-zeigt-250-ml#primaryimage"},"image":{"@id":"https:\/\/www.friseur-hopmann.de\/?product=kerastase-chronologiste-bain-regenerant-1000-ml-bild-zeigt-250-ml#primaryimage"},"thumbnailUrl":"https:\/\/www.friseur-hopmann.de\/wp-content\/uploads\/2015\/07\/Bain-ChronologisteNeu250ml.jpg","datePublished":"2020-09-04T20:08:50+00:00","dateModified":"2026-04-18T08:38:42+00:00","breadcrumb":{"@id":"https:\/\/www.friseur-hopmann.de\/?product=kerastase-chronologiste-bain-regenerant-1000-ml-bild-zeigt-250-ml#breadcrumb"},"inLanguage":"de","potentialAction":[{"@type":"ReadAction","target":["https:\/\/www.friseur-hopmann.de\/?product=kerastase-chronologiste-bain-regenerant-1000-ml-bild-zeigt-250-ml"]}]},{"@type":"ImageObject","inLanguage":"de","@id":"https:\/\/www.friseur-hopmann.de\/?product=kerastase-chronologiste-bain-regenerant-1000-ml-bild-zeigt-250-ml#primaryimage","url":"https:\/\/www.friseur-hopmann.de\/wp-content\/uploads\/2015\/07\/Bain-ChronologisteNeu250ml.jpg","contentUrl":"https:\/\/www.friseur-hopmann.de\/wp-content\/uploads\/2015\/07\/Bain-ChronologisteNeu250ml.jpg","width":183,"height":183},{"@type":"BreadcrumbList","@id":"https:\/\/www.friseur-hopmann.de\/?product=kerastase-chronologiste-bain-regenerant-1000-ml-bild-zeigt-250-ml#breadcrumb","itemListElement":[{"@type":"ListItem","position":1,"name":"Startseite","item":"https:\/\/www.friseur-hopmann.de\/"},{"@type":"ListItem","position":2,"name":"Produkte","item":"https:\/\/www.friseur-hopmann.de\/?post_type=product"},{"@type":"ListItem","position":3,"name":"K\u00e9rastase Chronologiste Bain R\u00e9g\u00e9n\u00e9rant (Luxus-Pflege-Shampoo) 1000 ml (Bild zeigt 250 ml)"}]},{"@type":"WebSite","@id":"https:\/\/www.friseur-hopmann.de\/#website","url":"https:\/\/www.friseur-hopmann.de\/","name":"Friseur Hopmann Hairstyling","description":"Ihr Friseur in Nordhorn","potentialAction":[{"@type":"SearchAction","target":{"@type":"EntryPoint","urlTemplate":"https:\/\/www.friseur-hopmann.de\/?s={search_term_string}"},"query-input":{"@type":"PropertyValueSpecification","valueRequired":true,"valueName":"search_term_string"}}],"inLanguage":"de"}]}},"brands":[],"_links":{"self":[{"href":"https:\/\/www.friseur-hopmann.de\/index.php?rest_route=\/wp\/v2\/product\/13759","targetHints":{"allow":["GET"]}}],"collection":[{"href":"https:\/\/www.friseur-hopmann.de\/index.php?rest_route=\/wp\/v2\/product"}],"about":[{"href":"https:\/\/www.friseur-hopmann.de\/index.php?rest_route=\/wp\/v2\/types\/product"}],"replies":[{"embeddable":true,"href":"https:\/\/www.friseur-hopmann.de\/index.php?rest_route=%2Fwp%2Fv2%2Fcomments&post=13759"}],"wp:featuredmedia":[{"embeddable":true,"href":"https:\/\/www.friseur-hopmann.de\/index.php?rest_route=\/wp\/v2\/media\/13746"}],"wp:attachment":[{"href":"https:\/\/www.friseur-hopmann.de\/index.php?rest_route=%2Fwp%2Fv2%2Fmedia&parent=13759"}],"wp:term":[{"taxonomy":"pwb-brand","embeddable":true,"href":"https:\/\/www.friseur-hopmann.de\/index.php?rest_route=%2Fwp%2Fv2%2Fpwb-brand&post=13759"},{"taxonomy":"product_brand","embeddable":true,"href":"https:\/\/www.friseur-hopmann.de\/index.php?rest_route=%2Fwp%2Fv2%2Fproduct_brand&post=13759"},{"taxonomy":"product_cat","embeddable":true,"href":"https:\/\/www.friseur-hopmann.de\/index.php?rest_route=%2Fwp%2Fv2%2Fproduct_cat&post=13759"},{"taxonomy":"product_tag","embeddable":true,"href":"https:\/\/www.friseur-hopmann.de\/index.php?rest_route=%2Fwp%2Fv2%2Fproduct_tag&post=13759"}],"curies":[{"name":"wp","href":"https:\/\/api.w.org\/{rel}","templated":true}]}}