{"id":13471,"date":"2020-05-28T14:59:19","date_gmt":"2020-05-28T12:59:19","guid":{"rendered":"https:\/\/friseur-hopmann.de\/?post_type=product&#038;p=13471"},"modified":"2025-12-28T09:23:20","modified_gmt":"2025-12-28T07:23:20","slug":"kerastase-resistence-bain-architecte-shampoo-500-ml","status":"publish","type":"product","link":"https:\/\/www.friseur-hopmann.de\/?product=kerastase-resistence-bain-architecte-shampoo-500-ml","title":{"rendered":"K\u00c9RASTASE RESISTENCE BAIN ARCHITECTE (Shampoo) 500 ml"},"content":{"rendered":"<p>Bain Force Architecte<br \/>\nRestrukturierendes Haarbad mit dem Complexe Ciment-Cylane3 f\u00fcr stark bis sehr stark gesch\u00e4digtes Haar. Rekonstruiert die Haarfaser f\u00fcr ein geschmeidiges Haargef\u00fchl.<br \/>\nErgebnis:<br \/>\nLangfristige Rekonstruktion und St\u00e4rkung der Haarfaser.<\/p>\n<h3>Zielgruppe:<\/h3>\n<p>bei chemisch stark belasteter Haarstruktur.<\/p>\n<h3>Anwendung:<\/h3>\n<p>Auf das angefeuchtete Haar auftragen, einmassieren, gr\u00fcndlich aussp\u00fclen.<\/p>\n<h3>Technologie:<\/h3>\n<p>Der Complexe Ciment-Cylane3, die Kombination aus Intra-Cylane + Pro-Keratin + Ceramiden rekonstruiert gesch\u00e4digtes Haar.<br \/>\nINTRA CYLANETM: Strukturgebend<br \/>\nPRO-KERATIN: Auff\u00fcllend<br \/>\nCERAMIDE: Haarfaserst\u00e4rkend<\/p>\n<p><strong>Inhalt:<\/strong> 500 ml<\/p>\n","protected":false},"excerpt":{"rendered":"<p>Restrukturierendes Haarbad mit dem Complexe Ciment-Cylane3 f\u00fcr stark bis sehr stark gesch\u00e4digtes Haar. Rekonstruiert die Haarfaser f\u00fcr ein geschmeidiges Haargef\u00fchl<\/p>\n","protected":false},"featured_media":13472,"comment_status":"closed","ping_status":"closed","template":"","meta":{"_exactmetrics_skip_tracking":false,"_exactmetrics_sitenote_active":false,"_exactmetrics_sitenote_note":"","_exactmetrics_sitenote_category":0,"_monsterinsights_skip_tracking":false,"_monsterinsights_sitenote_active":false,"_monsterinsights_sitenote_note":"","_monsterinsights_sitenote_category":0},"pwb-brand":[],"product_brand":[615],"product_cat":[491,544,548,516,604,927,973],"product_tag":[675,721,659],"class_list":{"0":"post-13471","1":"product","2":"type-product","3":"status-publish","4":"has-post-thumbnail","6":"product_brand-kerastase-2","7":"product_cat-kerastase","8":"product_cat-kerastase-haarpflege","9":"product_cat-kerastase-shampoo","10":"product_cat-r-sistance","11":"product_cat-r-sistance-architecte","12":"product_cat-500ml","13":"product_cat-sondergroesse-500ml","14":"product_tag-shampoo","15":"product_tag-strukturaufbau","16":"product_tag-strukturgeschaedigtes-haar","18":"first","19":"instock","20":"taxable","21":"shipping-taxable","22":"purchasable","23":"product-type-simple"},"yoast_head":"<!-- This site is optimized with the Yoast SEO plugin v24.6 - https:\/\/yoast.com\/wordpress\/plugins\/seo\/ -->\n<title>K\u00c9RASTASE RESISTENCE BAIN ARCHITECTE (Shampoo) 500 ml - Friseur Hopmann Hairstyling<\/title>\n<meta name=\"robots\" content=\"index, follow, max-snippet:-1, max-image-preview:large, max-video-preview:-1\" \/>\n<link rel=\"canonical\" href=\"https:\/\/www.friseur-hopmann.de\/?product=kerastase-resistence-bain-architecte-shampoo-500-ml\" \/>\n<meta property=\"og:locale\" content=\"de_DE\" \/>\n<meta property=\"og:type\" content=\"article\" \/>\n<meta property=\"og:title\" content=\"K\u00c9RASTASE RESISTENCE BAIN ARCHITECTE (Shampoo) 500 ml - Friseur Hopmann Hairstyling\" \/>\n<meta property=\"og:description\" content=\"Restrukturierendes Haarbad mit dem Complexe Ciment-Cylane3 f\u00fcr stark bis sehr stark gesch\u00e4digtes Haar. Rekonstruiert die Haarfaser f\u00fcr ein geschmeidiges Haargef\u00fchl\" \/>\n<meta property=\"og:url\" content=\"https:\/\/www.friseur-hopmann.de\/?product=kerastase-resistence-bain-architecte-shampoo-500-ml\" \/>\n<meta property=\"og:site_name\" content=\"Friseur Hopmann Hairstyling\" \/>\n<meta property=\"article:modified_time\" content=\"2025-12-28T07:23:20+00:00\" \/>\n<meta property=\"og:image\" content=\"http:\/\/www.friseur-hopmann.de\/wp-content\/uploads\/2020\/05\/Bain-Architecte-500ml.jpg\" \/>\n\t<meta property=\"og:image:width\" content=\"500\" \/>\n\t<meta property=\"og:image:height\" content=\"500\" \/>\n\t<meta property=\"og:image:type\" content=\"image\/jpeg\" \/>\n<meta name=\"twitter:card\" content=\"summary_large_image\" \/>\n<meta name=\"twitter:label1\" content=\"Gesch\u00e4tzte Lesezeit\" \/>\n\t<meta name=\"twitter:data1\" content=\"1\u00a0Minute\" \/>\n<script type=\"application\/ld+json\" class=\"yoast-schema-graph\">{\"@context\":\"https:\/\/schema.org\",\"@graph\":[{\"@type\":\"WebPage\",\"@id\":\"https:\/\/www.friseur-hopmann.de\/?product=kerastase-resistence-bain-architecte-shampoo-500-ml\",\"url\":\"https:\/\/www.friseur-hopmann.de\/?product=kerastase-resistence-bain-architecte-shampoo-500-ml\",\"name\":\"K\u00c9RASTASE RESISTENCE BAIN ARCHITECTE (Shampoo) 500 ml - Friseur Hopmann Hairstyling\",\"isPartOf\":{\"@id\":\"https:\/\/www.friseur-hopmann.de\/#website\"},\"primaryImageOfPage\":{\"@id\":\"https:\/\/www.friseur-hopmann.de\/?product=kerastase-resistence-bain-architecte-shampoo-500-ml#primaryimage\"},\"image\":{\"@id\":\"https:\/\/www.friseur-hopmann.de\/?product=kerastase-resistence-bain-architecte-shampoo-500-ml#primaryimage\"},\"thumbnailUrl\":\"https:\/\/www.friseur-hopmann.de\/wp-content\/uploads\/2020\/05\/Bain-Architecte-500ml.jpg\",\"datePublished\":\"2020-05-28T12:59:19+00:00\",\"dateModified\":\"2025-12-28T07:23:20+00:00\",\"breadcrumb\":{\"@id\":\"https:\/\/www.friseur-hopmann.de\/?product=kerastase-resistence-bain-architecte-shampoo-500-ml#breadcrumb\"},\"inLanguage\":\"de\",\"potentialAction\":[{\"@type\":\"ReadAction\",\"target\":[\"https:\/\/www.friseur-hopmann.de\/?product=kerastase-resistence-bain-architecte-shampoo-500-ml\"]}]},{\"@type\":\"ImageObject\",\"inLanguage\":\"de\",\"@id\":\"https:\/\/www.friseur-hopmann.de\/?product=kerastase-resistence-bain-architecte-shampoo-500-ml#primaryimage\",\"url\":\"https:\/\/www.friseur-hopmann.de\/wp-content\/uploads\/2020\/05\/Bain-Architecte-500ml.jpg\",\"contentUrl\":\"https:\/\/www.friseur-hopmann.de\/wp-content\/uploads\/2020\/05\/Bain-Architecte-500ml.jpg\",\"width\":500,\"height\":500},{\"@type\":\"BreadcrumbList\",\"@id\":\"https:\/\/www.friseur-hopmann.de\/?product=kerastase-resistence-bain-architecte-shampoo-500-ml#breadcrumb\",\"itemListElement\":[{\"@type\":\"ListItem\",\"position\":1,\"name\":\"Startseite\",\"item\":\"https:\/\/www.friseur-hopmann.de\/\"},{\"@type\":\"ListItem\",\"position\":2,\"name\":\"Produkte\",\"item\":\"https:\/\/www.friseur-hopmann.de\/?post_type=product\"},{\"@type\":\"ListItem\",\"position\":3,\"name\":\"K\u00c9RASTASE RESISTENCE BAIN ARCHITECTE (Shampoo) 500 ml\"}]},{\"@type\":\"WebSite\",\"@id\":\"https:\/\/www.friseur-hopmann.de\/#website\",\"url\":\"https:\/\/www.friseur-hopmann.de\/\",\"name\":\"Friseur Hopmann Hairstyling\",\"description\":\"Ihr Friseur in Nordhorn\",\"potentialAction\":[{\"@type\":\"SearchAction\",\"target\":{\"@type\":\"EntryPoint\",\"urlTemplate\":\"https:\/\/www.friseur-hopmann.de\/?s={search_term_string}\"},\"query-input\":{\"@type\":\"PropertyValueSpecification\",\"valueRequired\":true,\"valueName\":\"search_term_string\"}}],\"inLanguage\":\"de\"}]}<\/script>\n<!-- \/ Yoast SEO plugin. -->","yoast_head_json":{"title":"K\u00c9RASTASE RESISTENCE BAIN ARCHITECTE (Shampoo) 500 ml - Friseur Hopmann Hairstyling","robots":{"index":"index","follow":"follow","max-snippet":"max-snippet:-1","max-image-preview":"max-image-preview:large","max-video-preview":"max-video-preview:-1"},"canonical":"https:\/\/www.friseur-hopmann.de\/?product=kerastase-resistence-bain-architecte-shampoo-500-ml","og_locale":"de_DE","og_type":"article","og_title":"K\u00c9RASTASE RESISTENCE BAIN ARCHITECTE (Shampoo) 500 ml - Friseur Hopmann Hairstyling","og_description":"Restrukturierendes Haarbad mit dem Complexe Ciment-Cylane3 f\u00fcr stark bis sehr stark gesch\u00e4digtes Haar. Rekonstruiert die Haarfaser f\u00fcr ein geschmeidiges Haargef\u00fchl","og_url":"https:\/\/www.friseur-hopmann.de\/?product=kerastase-resistence-bain-architecte-shampoo-500-ml","og_site_name":"Friseur Hopmann Hairstyling","article_modified_time":"2025-12-28T07:23:20+00:00","og_image":[{"width":500,"height":500,"url":"http:\/\/www.friseur-hopmann.de\/wp-content\/uploads\/2020\/05\/Bain-Architecte-500ml.jpg","type":"image\/jpeg"}],"twitter_card":"summary_large_image","twitter_misc":{"Gesch\u00e4tzte Lesezeit":"1\u00a0Minute"},"schema":{"@context":"https:\/\/schema.org","@graph":[{"@type":"WebPage","@id":"https:\/\/www.friseur-hopmann.de\/?product=kerastase-resistence-bain-architecte-shampoo-500-ml","url":"https:\/\/www.friseur-hopmann.de\/?product=kerastase-resistence-bain-architecte-shampoo-500-ml","name":"K\u00c9RASTASE RESISTENCE BAIN ARCHITECTE (Shampoo) 500 ml - Friseur Hopmann Hairstyling","isPartOf":{"@id":"https:\/\/www.friseur-hopmann.de\/#website"},"primaryImageOfPage":{"@id":"https:\/\/www.friseur-hopmann.de\/?product=kerastase-resistence-bain-architecte-shampoo-500-ml#primaryimage"},"image":{"@id":"https:\/\/www.friseur-hopmann.de\/?product=kerastase-resistence-bain-architecte-shampoo-500-ml#primaryimage"},"thumbnailUrl":"https:\/\/www.friseur-hopmann.de\/wp-content\/uploads\/2020\/05\/Bain-Architecte-500ml.jpg","datePublished":"2020-05-28T12:59:19+00:00","dateModified":"2025-12-28T07:23:20+00:00","breadcrumb":{"@id":"https:\/\/www.friseur-hopmann.de\/?product=kerastase-resistence-bain-architecte-shampoo-500-ml#breadcrumb"},"inLanguage":"de","potentialAction":[{"@type":"ReadAction","target":["https:\/\/www.friseur-hopmann.de\/?product=kerastase-resistence-bain-architecte-shampoo-500-ml"]}]},{"@type":"ImageObject","inLanguage":"de","@id":"https:\/\/www.friseur-hopmann.de\/?product=kerastase-resistence-bain-architecte-shampoo-500-ml#primaryimage","url":"https:\/\/www.friseur-hopmann.de\/wp-content\/uploads\/2020\/05\/Bain-Architecte-500ml.jpg","contentUrl":"https:\/\/www.friseur-hopmann.de\/wp-content\/uploads\/2020\/05\/Bain-Architecte-500ml.jpg","width":500,"height":500},{"@type":"BreadcrumbList","@id":"https:\/\/www.friseur-hopmann.de\/?product=kerastase-resistence-bain-architecte-shampoo-500-ml#breadcrumb","itemListElement":[{"@type":"ListItem","position":1,"name":"Startseite","item":"https:\/\/www.friseur-hopmann.de\/"},{"@type":"ListItem","position":2,"name":"Produkte","item":"https:\/\/www.friseur-hopmann.de\/?post_type=product"},{"@type":"ListItem","position":3,"name":"K\u00c9RASTASE RESISTENCE BAIN ARCHITECTE (Shampoo) 500 ml"}]},{"@type":"WebSite","@id":"https:\/\/www.friseur-hopmann.de\/#website","url":"https:\/\/www.friseur-hopmann.de\/","name":"Friseur Hopmann Hairstyling","description":"Ihr Friseur in Nordhorn","potentialAction":[{"@type":"SearchAction","target":{"@type":"EntryPoint","urlTemplate":"https:\/\/www.friseur-hopmann.de\/?s={search_term_string}"},"query-input":{"@type":"PropertyValueSpecification","valueRequired":true,"valueName":"search_term_string"}}],"inLanguage":"de"}]}},"brands":[],"_links":{"self":[{"href":"https:\/\/www.friseur-hopmann.de\/index.php?rest_route=\/wp\/v2\/product\/13471","targetHints":{"allow":["GET"]}}],"collection":[{"href":"https:\/\/www.friseur-hopmann.de\/index.php?rest_route=\/wp\/v2\/product"}],"about":[{"href":"https:\/\/www.friseur-hopmann.de\/index.php?rest_route=\/wp\/v2\/types\/product"}],"replies":[{"embeddable":true,"href":"https:\/\/www.friseur-hopmann.de\/index.php?rest_route=%2Fwp%2Fv2%2Fcomments&post=13471"}],"wp:featuredmedia":[{"embeddable":true,"href":"https:\/\/www.friseur-hopmann.de\/index.php?rest_route=\/wp\/v2\/media\/13472"}],"wp:attachment":[{"href":"https:\/\/www.friseur-hopmann.de\/index.php?rest_route=%2Fwp%2Fv2%2Fmedia&parent=13471"}],"wp:term":[{"taxonomy":"pwb-brand","embeddable":true,"href":"https:\/\/www.friseur-hopmann.de\/index.php?rest_route=%2Fwp%2Fv2%2Fpwb-brand&post=13471"},{"taxonomy":"product_brand","embeddable":true,"href":"https:\/\/www.friseur-hopmann.de\/index.php?rest_route=%2Fwp%2Fv2%2Fproduct_brand&post=13471"},{"taxonomy":"product_cat","embeddable":true,"href":"https:\/\/www.friseur-hopmann.de\/index.php?rest_route=%2Fwp%2Fv2%2Fproduct_cat&post=13471"},{"taxonomy":"product_tag","embeddable":true,"href":"https:\/\/www.friseur-hopmann.de\/index.php?rest_route=%2Fwp%2Fv2%2Fproduct_tag&post=13471"}],"curies":[{"name":"wp","href":"https:\/\/api.w.org\/{rel}","templated":true}]}}