{"id":13292,"date":"2020-04-04T19:47:40","date_gmt":"2020-04-04T17:47:40","guid":{"rendered":"https:\/\/friseur-hopmann.de\/?post_type=product&#038;p=13292"},"modified":"2026-01-18T14:39:56","modified_gmt":"2026-01-18T12:39:56","slug":"kerastase-duo-set-resistance-force-architecte-shampoo-250-ml-pflegecreme-conditioner-200ml","status":"publish","type":"product","link":"https:\/\/www.friseur-hopmann.de\/?product=kerastase-duo-set-resistance-force-architecte-shampoo-250-ml-pflegecreme-conditioner-200ml","title":{"rendered":"K\u00e9rastase Duo-Set Resistance Force Architecte Shampoo 250 ml + Pflegecreme\/Conditioner 200ml"},"content":{"rendered":"<div class=\"std col-lg-8 col-lg-offset-2 col-md-10 col-md-offset-1\">\n<h2><strong>Produktbeschreibung:<\/strong><\/h2>\n<h2>K\u00e9rastase Resistance Bain Force Architecte 250 ml<\/h2>\n<p>Das Pflege-Haarbad\u00a0K\u00e9rastase Resistance Bain Force Architecte\u00a0mit dem Complex-Ciment-Cylan rekonstruiert und st\u00e4rkt die Haarfaser von Innen. Das Haar ist geschmeidig und leicht. F\u00fcr stark strukturgesch\u00e4digtes Haar.<\/p>\n<h3>Technologie<\/h3>\n<ul>\n<li>Complex-Ciment-Cylan: drei Molek\u00fcle gegen stark strukturgesch\u00e4digtes Haar = Dreifachwirkung: Die intelligente Kombination dreier Molek\u00fcle bedeutet einen weiteren Durchbruch in der Arbeit der Recherche Avanc\u00e9e L&#8217;Or\u00e9al. Dabei galt es den Fokus auf drei wesentliche Aspekte zu legen:\n<ul>\n<li>Strukturieren<\/li>\n<li>Auff\u00fcllen<\/li>\n<li>Zusammenhalten<\/li>\n<\/ul>\n<\/li>\n<\/ul>\n<h3>Inhaltsstoffe<\/h3>\n<ul>\n<li>Intra-Cylane: Dieses Molek\u00fcl arbeitet im Zweischritt-System. Seine Formulierung dringt erst tief in die Haarfaser ein und verbindet dann die geschw\u00e4chten oder gesch\u00e4digten Strukturen wieder miteinander.<\/li>\n<li>Pro-Keratin: Keratin ist ein wesentlicher Bestandteil unserer Haare. Dieses Molek\u00fcl setzt sich in der Haarfaser fest und f\u00fcllt die geschw\u00e4chten Stellen gezielt wieder auf. Die Haarmaterie wird von innen sichtbar aufgebaut und gest\u00e4rkt.<\/li>\n<li>Ceramide: Auch Ceramide kommen in unserem Haar nat\u00fcrlicherweise vor. Sie legen sich wie ein Schutzmantel um die Haarfaser herum, bewahren die gest\u00e4rkten Strukturen im Innern der Faser und sorgen f\u00fcr ein samtweiches, gl\u00e4nzendes und perfekt gesch\u00fctztes Erscheinungsbild.<\/li>\n<\/ul>\n<h3>Anwendung<\/h3>\n<p>Auf das feuchte Haar auftragen, einarbeiten und gr\u00fcndlich aussp\u00fclen.<\/p>\n<h3><strong>+ Produkt<\/strong><\/h3>\n<h2>K\u00e9rastase Resistance Ciment Anti-Usure Pflege-Creme &amp; Conditioner 200 ml<\/h2>\n<p>Die Aufbau Pflege\u00a0K\u00e9rastase Resistance Ciment Anti-Usure\u00a0mit dem Syst\u00e8me Vita-Ciment-Topseal verleiht dem Haar seidige Geschmeidigkeit. Das Haar erh\u00e4lt Widerstandskraft und wird gegen Haarbruch gesch\u00fctzt. Sie sorgt f\u00fcr Aufbau, Volumen und Vitalit\u00e4t bei stark strukturgesch\u00e4digtem Haar.<\/p>\n<h3>Inhaltsstoffe<\/h3>\n<ul>\n<li>Vita-Ciment<\/li>\n<li>Vita-Topseal<\/li>\n<li>kationische Aktivsubstanzen<\/li>\n<\/ul>\n<h3>Anwendung<\/h3>\n<p>Auf das gewaschene und handtuchtrockene Haar auftragen. In die Haarl\u00e4ngen und -Spitzen einarbeiten, 1-2 Minuten einwirken lassen und gr\u00fcndlich aussp\u00fclen.<\/p>\n<\/div>\n","protected":false},"excerpt":{"rendered":"<p>Das <strong>K\u00e9rastase Resistance Force Architecte Duo<\/strong> ist eine rekonstruierende Pflege-Kombination, die das Haar von innen heraus aufbaut. Das Set zum Vorteilspreis besteht aus dem\u00a0K\u00e9rastase Resistance Bain Force Architecte und dem K\u00e9rastase Resistance Ciment Anti-Usure Pflege-Creme &amp; Conditioner.<\/p>\n","protected":false},"featured_media":13322,"comment_status":"closed","ping_status":"closed","template":"","meta":{"_exactmetrics_skip_tracking":false,"_exactmetrics_sitenote_active":false,"_exactmetrics_sitenote_note":"","_exactmetrics_sitenote_category":0,"_monsterinsights_skip_tracking":false,"_monsterinsights_sitenote_active":false,"_monsterinsights_sitenote_note":"","_monsterinsights_sitenote_category":0},"pwb-brand":[],"product_brand":[],"product_cat":[491,542,544,548,516,604,671,703],"product_tag":[796,798],"class_list":{"0":"post-13292","1":"product","2":"type-product","3":"status-publish","4":"has-post-thumbnail","6":"product_cat-kerastase","7":"product_cat-kerastase-conditioner","8":"product_cat-kerastase-haarpflege","9":"product_cat-kerastase-shampoo","10":"product_cat-r-sistance","11":"product_cat-r-sistance-architecte","12":"product_cat-unkategorisiert","13":"product_cat-sale","14":"product_tag-intensiv-shampoo-und-conditioner-fuer-strukturgeschaedigtes-haar","15":"product_tag-intensives-haarpflegeset","17":"first","18":"instock","19":"sale","20":"taxable","21":"shipping-taxable","22":"purchasable","23":"product-type-simple"},"yoast_head":"<!-- This site is optimized with the Yoast SEO plugin v24.6 - https:\/\/yoast.com\/wordpress\/plugins\/seo\/ -->\n<title>K\u00e9rastase Duo-Set Resistance Force Architecte Shampoo 250 ml + Pflegecreme\/Conditioner 200ml - Friseur Hopmann Hairstyling<\/title>\n<meta name=\"robots\" content=\"index, follow, max-snippet:-1, max-image-preview:large, max-video-preview:-1\" \/>\n<link rel=\"canonical\" href=\"https:\/\/www.friseur-hopmann.de\/?product=kerastase-duo-set-resistance-force-architecte-shampoo-250-ml-pflegecreme-conditioner-200ml\" \/>\n<meta property=\"og:locale\" content=\"de_DE\" \/>\n<meta property=\"og:type\" content=\"article\" \/>\n<meta property=\"og:title\" content=\"K\u00e9rastase Duo-Set Resistance Force Architecte Shampoo 250 ml + Pflegecreme\/Conditioner 200ml - Friseur Hopmann Hairstyling\" \/>\n<meta property=\"og:description\" content=\"Das K\u00e9rastase Resistance Force Architecte Duo ist eine rekonstruierende Pflege-Kombination, die das Haar von innen heraus aufbaut. Das Set zum Vorteilspreis besteht aus dem\u00a0K\u00e9rastase Resistance Bain Force Architecte und dem K\u00e9rastase Resistance Ciment Anti-Usure Pflege-Creme &amp; Conditioner.\" \/>\n<meta property=\"og:url\" content=\"https:\/\/www.friseur-hopmann.de\/?product=kerastase-duo-set-resistance-force-architecte-shampoo-250-ml-pflegecreme-conditioner-200ml\" \/>\n<meta property=\"og:site_name\" content=\"Friseur Hopmann Hairstyling\" \/>\n<meta property=\"article:modified_time\" content=\"2026-01-18T12:39:56+00:00\" \/>\n<meta property=\"og:image\" content=\"http:\/\/www.friseur-hopmann.de\/wp-content\/uploads\/2020\/04\/KERASTASE-DUO-SET-Resistance.jpg\" \/>\n\t<meta property=\"og:image:width\" content=\"1000\" \/>\n\t<meta property=\"og:image:height\" content=\"1000\" \/>\n\t<meta property=\"og:image:type\" content=\"image\/jpeg\" \/>\n<meta name=\"twitter:card\" content=\"summary_large_image\" \/>\n<meta name=\"twitter:label1\" content=\"Gesch\u00e4tzte Lesezeit\" \/>\n\t<meta name=\"twitter:data1\" content=\"1\u00a0Minute\" \/>\n<script type=\"application\/ld+json\" class=\"yoast-schema-graph\">{\"@context\":\"https:\/\/schema.org\",\"@graph\":[{\"@type\":\"WebPage\",\"@id\":\"https:\/\/www.friseur-hopmann.de\/?product=kerastase-duo-set-resistance-force-architecte-shampoo-250-ml-pflegecreme-conditioner-200ml\",\"url\":\"https:\/\/www.friseur-hopmann.de\/?product=kerastase-duo-set-resistance-force-architecte-shampoo-250-ml-pflegecreme-conditioner-200ml\",\"name\":\"K\u00e9rastase Duo-Set Resistance Force Architecte Shampoo 250 ml + Pflegecreme\/Conditioner 200ml - Friseur Hopmann Hairstyling\",\"isPartOf\":{\"@id\":\"https:\/\/www.friseur-hopmann.de\/#website\"},\"primaryImageOfPage\":{\"@id\":\"https:\/\/www.friseur-hopmann.de\/?product=kerastase-duo-set-resistance-force-architecte-shampoo-250-ml-pflegecreme-conditioner-200ml#primaryimage\"},\"image\":{\"@id\":\"https:\/\/www.friseur-hopmann.de\/?product=kerastase-duo-set-resistance-force-architecte-shampoo-250-ml-pflegecreme-conditioner-200ml#primaryimage\"},\"thumbnailUrl\":\"https:\/\/www.friseur-hopmann.de\/wp-content\/uploads\/2020\/04\/KERASTASE-DUO-SET-Resistance.jpg\",\"datePublished\":\"2020-04-04T17:47:40+00:00\",\"dateModified\":\"2026-01-18T12:39:56+00:00\",\"breadcrumb\":{\"@id\":\"https:\/\/www.friseur-hopmann.de\/?product=kerastase-duo-set-resistance-force-architecte-shampoo-250-ml-pflegecreme-conditioner-200ml#breadcrumb\"},\"inLanguage\":\"de\",\"potentialAction\":[{\"@type\":\"ReadAction\",\"target\":[\"https:\/\/www.friseur-hopmann.de\/?product=kerastase-duo-set-resistance-force-architecte-shampoo-250-ml-pflegecreme-conditioner-200ml\"]}]},{\"@type\":\"ImageObject\",\"inLanguage\":\"de\",\"@id\":\"https:\/\/www.friseur-hopmann.de\/?product=kerastase-duo-set-resistance-force-architecte-shampoo-250-ml-pflegecreme-conditioner-200ml#primaryimage\",\"url\":\"https:\/\/www.friseur-hopmann.de\/wp-content\/uploads\/2020\/04\/KERASTASE-DUO-SET-Resistance.jpg\",\"contentUrl\":\"https:\/\/www.friseur-hopmann.de\/wp-content\/uploads\/2020\/04\/KERASTASE-DUO-SET-Resistance.jpg\",\"width\":1000,\"height\":1000},{\"@type\":\"BreadcrumbList\",\"@id\":\"https:\/\/www.friseur-hopmann.de\/?product=kerastase-duo-set-resistance-force-architecte-shampoo-250-ml-pflegecreme-conditioner-200ml#breadcrumb\",\"itemListElement\":[{\"@type\":\"ListItem\",\"position\":1,\"name\":\"Startseite\",\"item\":\"https:\/\/www.friseur-hopmann.de\/\"},{\"@type\":\"ListItem\",\"position\":2,\"name\":\"Produkte\",\"item\":\"https:\/\/www.friseur-hopmann.de\/?post_type=product\"},{\"@type\":\"ListItem\",\"position\":3,\"name\":\"K\u00e9rastase Duo-Set Resistance Force Architecte Shampoo 250 ml + Pflegecreme\/Conditioner 200ml\"}]},{\"@type\":\"WebSite\",\"@id\":\"https:\/\/www.friseur-hopmann.de\/#website\",\"url\":\"https:\/\/www.friseur-hopmann.de\/\",\"name\":\"Friseur Hopmann Hairstyling\",\"description\":\"Ihr Friseur in Nordhorn\",\"potentialAction\":[{\"@type\":\"SearchAction\",\"target\":{\"@type\":\"EntryPoint\",\"urlTemplate\":\"https:\/\/www.friseur-hopmann.de\/?s={search_term_string}\"},\"query-input\":{\"@type\":\"PropertyValueSpecification\",\"valueRequired\":true,\"valueName\":\"search_term_string\"}}],\"inLanguage\":\"de\"}]}<\/script>\n<!-- \/ Yoast SEO plugin. -->","yoast_head_json":{"title":"K\u00e9rastase Duo-Set Resistance Force Architecte Shampoo 250 ml + Pflegecreme\/Conditioner 200ml - Friseur Hopmann Hairstyling","robots":{"index":"index","follow":"follow","max-snippet":"max-snippet:-1","max-image-preview":"max-image-preview:large","max-video-preview":"max-video-preview:-1"},"canonical":"https:\/\/www.friseur-hopmann.de\/?product=kerastase-duo-set-resistance-force-architecte-shampoo-250-ml-pflegecreme-conditioner-200ml","og_locale":"de_DE","og_type":"article","og_title":"K\u00e9rastase Duo-Set Resistance Force Architecte Shampoo 250 ml + Pflegecreme\/Conditioner 200ml - Friseur Hopmann Hairstyling","og_description":"Das K\u00e9rastase Resistance Force Architecte Duo ist eine rekonstruierende Pflege-Kombination, die das Haar von innen heraus aufbaut. Das Set zum Vorteilspreis besteht aus dem\u00a0K\u00e9rastase Resistance Bain Force Architecte und dem K\u00e9rastase Resistance Ciment Anti-Usure Pflege-Creme &amp; Conditioner.","og_url":"https:\/\/www.friseur-hopmann.de\/?product=kerastase-duo-set-resistance-force-architecte-shampoo-250-ml-pflegecreme-conditioner-200ml","og_site_name":"Friseur Hopmann Hairstyling","article_modified_time":"2026-01-18T12:39:56+00:00","og_image":[{"width":1000,"height":1000,"url":"http:\/\/www.friseur-hopmann.de\/wp-content\/uploads\/2020\/04\/KERASTASE-DUO-SET-Resistance.jpg","type":"image\/jpeg"}],"twitter_card":"summary_large_image","twitter_misc":{"Gesch\u00e4tzte Lesezeit":"1\u00a0Minute"},"schema":{"@context":"https:\/\/schema.org","@graph":[{"@type":"WebPage","@id":"https:\/\/www.friseur-hopmann.de\/?product=kerastase-duo-set-resistance-force-architecte-shampoo-250-ml-pflegecreme-conditioner-200ml","url":"https:\/\/www.friseur-hopmann.de\/?product=kerastase-duo-set-resistance-force-architecte-shampoo-250-ml-pflegecreme-conditioner-200ml","name":"K\u00e9rastase Duo-Set Resistance Force Architecte Shampoo 250 ml + Pflegecreme\/Conditioner 200ml - Friseur Hopmann Hairstyling","isPartOf":{"@id":"https:\/\/www.friseur-hopmann.de\/#website"},"primaryImageOfPage":{"@id":"https:\/\/www.friseur-hopmann.de\/?product=kerastase-duo-set-resistance-force-architecte-shampoo-250-ml-pflegecreme-conditioner-200ml#primaryimage"},"image":{"@id":"https:\/\/www.friseur-hopmann.de\/?product=kerastase-duo-set-resistance-force-architecte-shampoo-250-ml-pflegecreme-conditioner-200ml#primaryimage"},"thumbnailUrl":"https:\/\/www.friseur-hopmann.de\/wp-content\/uploads\/2020\/04\/KERASTASE-DUO-SET-Resistance.jpg","datePublished":"2020-04-04T17:47:40+00:00","dateModified":"2026-01-18T12:39:56+00:00","breadcrumb":{"@id":"https:\/\/www.friseur-hopmann.de\/?product=kerastase-duo-set-resistance-force-architecte-shampoo-250-ml-pflegecreme-conditioner-200ml#breadcrumb"},"inLanguage":"de","potentialAction":[{"@type":"ReadAction","target":["https:\/\/www.friseur-hopmann.de\/?product=kerastase-duo-set-resistance-force-architecte-shampoo-250-ml-pflegecreme-conditioner-200ml"]}]},{"@type":"ImageObject","inLanguage":"de","@id":"https:\/\/www.friseur-hopmann.de\/?product=kerastase-duo-set-resistance-force-architecte-shampoo-250-ml-pflegecreme-conditioner-200ml#primaryimage","url":"https:\/\/www.friseur-hopmann.de\/wp-content\/uploads\/2020\/04\/KERASTASE-DUO-SET-Resistance.jpg","contentUrl":"https:\/\/www.friseur-hopmann.de\/wp-content\/uploads\/2020\/04\/KERASTASE-DUO-SET-Resistance.jpg","width":1000,"height":1000},{"@type":"BreadcrumbList","@id":"https:\/\/www.friseur-hopmann.de\/?product=kerastase-duo-set-resistance-force-architecte-shampoo-250-ml-pflegecreme-conditioner-200ml#breadcrumb","itemListElement":[{"@type":"ListItem","position":1,"name":"Startseite","item":"https:\/\/www.friseur-hopmann.de\/"},{"@type":"ListItem","position":2,"name":"Produkte","item":"https:\/\/www.friseur-hopmann.de\/?post_type=product"},{"@type":"ListItem","position":3,"name":"K\u00e9rastase Duo-Set Resistance Force Architecte Shampoo 250 ml + Pflegecreme\/Conditioner 200ml"}]},{"@type":"WebSite","@id":"https:\/\/www.friseur-hopmann.de\/#website","url":"https:\/\/www.friseur-hopmann.de\/","name":"Friseur Hopmann Hairstyling","description":"Ihr Friseur in Nordhorn","potentialAction":[{"@type":"SearchAction","target":{"@type":"EntryPoint","urlTemplate":"https:\/\/www.friseur-hopmann.de\/?s={search_term_string}"},"query-input":{"@type":"PropertyValueSpecification","valueRequired":true,"valueName":"search_term_string"}}],"inLanguage":"de"}]}},"brands":[],"_links":{"self":[{"href":"https:\/\/www.friseur-hopmann.de\/index.php?rest_route=\/wp\/v2\/product\/13292","targetHints":{"allow":["GET"]}}],"collection":[{"href":"https:\/\/www.friseur-hopmann.de\/index.php?rest_route=\/wp\/v2\/product"}],"about":[{"href":"https:\/\/www.friseur-hopmann.de\/index.php?rest_route=\/wp\/v2\/types\/product"}],"replies":[{"embeddable":true,"href":"https:\/\/www.friseur-hopmann.de\/index.php?rest_route=%2Fwp%2Fv2%2Fcomments&post=13292"}],"wp:featuredmedia":[{"embeddable":true,"href":"https:\/\/www.friseur-hopmann.de\/index.php?rest_route=\/wp\/v2\/media\/13322"}],"wp:attachment":[{"href":"https:\/\/www.friseur-hopmann.de\/index.php?rest_route=%2Fwp%2Fv2%2Fmedia&parent=13292"}],"wp:term":[{"taxonomy":"pwb-brand","embeddable":true,"href":"https:\/\/www.friseur-hopmann.de\/index.php?rest_route=%2Fwp%2Fv2%2Fpwb-brand&post=13292"},{"taxonomy":"product_brand","embeddable":true,"href":"https:\/\/www.friseur-hopmann.de\/index.php?rest_route=%2Fwp%2Fv2%2Fproduct_brand&post=13292"},{"taxonomy":"product_cat","embeddable":true,"href":"https:\/\/www.friseur-hopmann.de\/index.php?rest_route=%2Fwp%2Fv2%2Fproduct_cat&post=13292"},{"taxonomy":"product_tag","embeddable":true,"href":"https:\/\/www.friseur-hopmann.de\/index.php?rest_route=%2Fwp%2Fv2%2Fproduct_tag&post=13292"}],"curies":[{"name":"wp","href":"https:\/\/api.w.org\/{rel}","templated":true}]}}