{"id":13129,"date":"2020-01-27T23:53:47","date_gmt":"2020-01-27T21:53:47","guid":{"rendered":"https:\/\/friseur-hopmann.de\/?post_type=product&#038;p=13129"},"modified":"2026-04-11T09:38:10","modified_gmt":"2026-04-11T07:38:10","slug":"kerastase-blond-absolu-bain-ultra-violet-shampoo-1000-ml","status":"publish","type":"product","link":"https:\/\/www.friseur-hopmann.de\/?product=kerastase-blond-absolu-bain-ultra-violet-shampoo-1000-ml","title":{"rendered":"K\u00e9rastase Blond Absolu Bain Ultra-Violet (Shampoo) 1000 ml"},"content":{"rendered":"<div class=\"product-name\">Bain Ultra-Violet<\/div>\n<div class=\"collection-name\">Blond Absolu<\/div>\n<div><\/div>\n<div><strong>Produktbeschreibung:<\/strong><\/div>\n<p>Das intensive Haarbad ist reich an Ultraviolett-Pigmenten, um sofort unerw\u00fcnschte, warme Untert\u00f6ne zu neutralisieren. Dabei sorgen die beiden Hauptinhaltsstoffe Hyalurons\u00e4ure und Edelwei\u00df gleichzeitig f\u00fcr eine hohe Konzentration an Antioxidantien, welche die Haarfaser sch\u00fctzen und sie intensiv mit Feuchtigkeit versorgen. Ideal f\u00fcr blondiertes oder gestr\u00e4hntes Haar. F\u00fcr ein k\u00fchles, brillantes Blond, das bis in die Spitzen mit Feuchtigkeit versorgt ist.<\/p>\n<p><strong>Inhaltsstoffe:<\/strong><\/p>\n<p>Eine einzigartige Kombination aus Ingwerwurzel und Edelweiss:<br \/>\n<strong>Ingewerwurzel<\/strong> sch\u00fctzt das Haar vor t\u00e4glichen, \u00e4u\u00dferen Einfl\u00fcssen.<br \/>\n<strong>Edelweiss<\/strong> verleiht dem Haar Widerstandskraft, selbst unter extremsten Bedingungen.<\/p>\n<p><strong>Anwendung:<\/strong><\/p>\n<p>Auf das nasse Haar auftragen, emulgieren und massieren. Gr\u00fcndlich aussp\u00fclen.<\/p>\n<p><strong>Inhalt: 1000 ml<\/strong><\/p>\n<p><em><strong>Hinweis: Abbildung zeigt Produkt mit Inhalt 250 ml<\/strong><\/em><\/p>\n","protected":false},"excerpt":{"rendered":"<p>Das intensive Haarbad ist reich an Ultraviolett-Pigmenten, um sofort unerw\u00fcnschte, warme Untert\u00f6ne zu neutralisieren. Dabei sorgen die beiden Hauptinhaltsstoffe Hyalurons\u00e4ure und Edelwei\u00df gleichzeitig f\u00fcr eine hohe Konzentration an Antioxidantien, welche die Haarfaser sch\u00fctzen und sie intensiv mit Feuchtigkeit versorgen. Ideal f\u00fcr blondiertes oder gestr\u00e4hntes Haar. F\u00fcr ein k\u00fchles, brillantes Blond, das bis in die Spitzen mit Feuchtigkeit versorgt ist.<\/p>\n<p><em><strong>Hinweis: Abbildung zeigt Produkt mit Inhalt 250 ml<\/strong><\/em><\/p>\n<div class=\"se-field se-switch field flex se-field--fluid\">\n<div class=\"se-field__label-container\">\n<div class=\"se-field__label-section fixed-width\">\n<p><strong><label class=\"field__label\" for=\"s0-0-0-24-8-REGULATORY_COMPLIANCE-0-34-6[3]-1-se-switch\">I<em>nformationen zur Produktsicherheit (GPSR-Richtlinien)<\/em><\/label><\/strong><\/p>\n<p><em>Enth\u00e4lt Inhaltsstoffe, die Allergien ausl\u00f6sen k\u00f6nnen.<\/em><\/p>\n<p><em>Bei Kontakt mit den Augen, diese gr\u00fcndlich aussp\u00fclen.<\/em><\/p>\n<p>Verantwortlicher Hersteller: L<em>oreal Professionnel,\u00a0 14, rue Royale 75008 Paris\u00b4<\/em><\/p>\n<\/div>\n<\/div>\n<\/div>\n<div class=\"summary__hazmat-gridview-section\">\n<div class=\"summary__regulatory--section hazmat-statements\">\n<div class=\"se-field se-expand-button se-filter-menu-button field se-field--fluid\">\n<div class=\"se-field--fluid\">\n<div><em>fragen@loreal-group. com<\/em><\/div>\n<\/div>\n<\/div>\n<\/div>\n<\/div>\n","protected":false},"featured_media":13130,"comment_status":"closed","ping_status":"closed","template":"","meta":{"_exactmetrics_skip_tracking":false,"_exactmetrics_sitenote_active":false,"_exactmetrics_sitenote_note":"","_exactmetrics_sitenote_category":0,"_monsterinsights_skip_tracking":false,"_monsterinsights_sitenote_active":false,"_monsterinsights_sitenote_note":"","_monsterinsights_sitenote_category":0},"pwb-brand":[],"product_brand":[],"product_cat":[491,544,548,941,685],"product_tag":[756,719,712,702],"class_list":{"0":"post-13129","1":"product","2":"type-product","3":"status-publish","4":"has-post-thumbnail","6":"product_cat-kerastase","7":"product_cat-kerastase-haarpflege","8":"product_cat-kerastase-shampoo","9":"product_cat-1000ml","10":"product_cat-blond-absolu","11":"product_tag-anti-gelb-gold-effekt","12":"product_tag-farbpflegeshampoo","13":"product_tag-haarpflege","14":"product_tag-silbershampoo","16":"first","17":"outofstock","18":"sold-individually","19":"taxable","20":"shipping-taxable","21":"purchasable","22":"product-type-simple"},"yoast_head":"<!-- This site is optimized with the Yoast SEO plugin v24.6 - https:\/\/yoast.com\/wordpress\/plugins\/seo\/ -->\n<title>K\u00e9rastase Blond Absolu Bain Ultra-Violet (Shampoo) 1000 ml - Friseur Hopmann Hairstyling<\/title>\n<meta name=\"robots\" content=\"index, follow, max-snippet:-1, max-image-preview:large, max-video-preview:-1\" \/>\n<link rel=\"canonical\" href=\"https:\/\/www.friseur-hopmann.de\/?product=kerastase-blond-absolu-bain-ultra-violet-shampoo-1000-ml\" \/>\n<meta property=\"og:locale\" content=\"de_DE\" \/>\n<meta property=\"og:type\" content=\"article\" \/>\n<meta property=\"og:title\" content=\"K\u00e9rastase Blond Absolu Bain Ultra-Violet (Shampoo) 1000 ml - Friseur Hopmann Hairstyling\" \/>\n<meta property=\"og:description\" content=\"Das intensive Haarbad ist reich an Ultraviolett-Pigmenten, um sofort unerw\u00fcnschte, warme Untert\u00f6ne zu neutralisieren. Dabei sorgen die beiden Hauptinhaltsstoffe Hyalurons\u00e4ure und Edelwei\u00df gleichzeitig f\u00fcr eine hohe Konzentration an Antioxidantien, welche die Haarfaser sch\u00fctzen und sie intensiv mit Feuchtigkeit versorgen. Ideal f\u00fcr blondiertes oder gestr\u00e4hntes Haar. F\u00fcr ein k\u00fchles, brillantes Blond, das bis in die Spitzen mit Feuchtigkeit versorgt ist.  Hinweis: Abbildung zeigt Produkt mit Inhalt 250 ml     Informationen zur Produktsicherheit (GPSR-Richtlinien)  Enth\u00e4lt Inhaltsstoffe, die Allergien ausl\u00f6sen k\u00f6nnen.  Bei Kontakt mit den Augen, diese gr\u00fcndlich aussp\u00fclen.  Verantwortlicher Hersteller: Loreal Professionnel,\u00a0 14, rue Royale 75008 Paris\u00b4         fragen@loreal-group. com\" \/>\n<meta property=\"og:url\" content=\"https:\/\/www.friseur-hopmann.de\/?product=kerastase-blond-absolu-bain-ultra-violet-shampoo-1000-ml\" \/>\n<meta property=\"og:site_name\" content=\"Friseur Hopmann Hairstyling\" \/>\n<meta property=\"article:modified_time\" content=\"2026-04-11T07:38:10+00:00\" \/>\n<meta property=\"og:image\" content=\"http:\/\/www.friseur-hopmann.de\/wp-content\/uploads\/2020\/01\/Bain-Blond-Ultra-Violett-250ml.jpg\" \/>\n\t<meta property=\"og:image:width\" content=\"500\" \/>\n\t<meta property=\"og:image:height\" content=\"500\" \/>\n\t<meta property=\"og:image:type\" content=\"image\/jpeg\" \/>\n<meta name=\"twitter:card\" content=\"summary_large_image\" \/>\n<meta name=\"twitter:label1\" content=\"Gesch\u00e4tzte Lesezeit\" \/>\n\t<meta name=\"twitter:data1\" content=\"1\u00a0Minute\" \/>\n<script type=\"application\/ld+json\" class=\"yoast-schema-graph\">{\"@context\":\"https:\/\/schema.org\",\"@graph\":[{\"@type\":\"WebPage\",\"@id\":\"https:\/\/www.friseur-hopmann.de\/?product=kerastase-blond-absolu-bain-ultra-violet-shampoo-1000-ml\",\"url\":\"https:\/\/www.friseur-hopmann.de\/?product=kerastase-blond-absolu-bain-ultra-violet-shampoo-1000-ml\",\"name\":\"K\u00e9rastase Blond Absolu Bain Ultra-Violet (Shampoo) 1000 ml - Friseur Hopmann Hairstyling\",\"isPartOf\":{\"@id\":\"https:\/\/www.friseur-hopmann.de\/#website\"},\"primaryImageOfPage\":{\"@id\":\"https:\/\/www.friseur-hopmann.de\/?product=kerastase-blond-absolu-bain-ultra-violet-shampoo-1000-ml#primaryimage\"},\"image\":{\"@id\":\"https:\/\/www.friseur-hopmann.de\/?product=kerastase-blond-absolu-bain-ultra-violet-shampoo-1000-ml#primaryimage\"},\"thumbnailUrl\":\"https:\/\/www.friseur-hopmann.de\/wp-content\/uploads\/2020\/01\/Bain-Blond-Ultra-Violett-250ml.jpg\",\"datePublished\":\"2020-01-27T21:53:47+00:00\",\"dateModified\":\"2026-04-11T07:38:10+00:00\",\"breadcrumb\":{\"@id\":\"https:\/\/www.friseur-hopmann.de\/?product=kerastase-blond-absolu-bain-ultra-violet-shampoo-1000-ml#breadcrumb\"},\"inLanguage\":\"de\",\"potentialAction\":[{\"@type\":\"ReadAction\",\"target\":[\"https:\/\/www.friseur-hopmann.de\/?product=kerastase-blond-absolu-bain-ultra-violet-shampoo-1000-ml\"]}]},{\"@type\":\"ImageObject\",\"inLanguage\":\"de\",\"@id\":\"https:\/\/www.friseur-hopmann.de\/?product=kerastase-blond-absolu-bain-ultra-violet-shampoo-1000-ml#primaryimage\",\"url\":\"https:\/\/www.friseur-hopmann.de\/wp-content\/uploads\/2020\/01\/Bain-Blond-Ultra-Violett-250ml.jpg\",\"contentUrl\":\"https:\/\/www.friseur-hopmann.de\/wp-content\/uploads\/2020\/01\/Bain-Blond-Ultra-Violett-250ml.jpg\",\"width\":500,\"height\":500},{\"@type\":\"BreadcrumbList\",\"@id\":\"https:\/\/www.friseur-hopmann.de\/?product=kerastase-blond-absolu-bain-ultra-violet-shampoo-1000-ml#breadcrumb\",\"itemListElement\":[{\"@type\":\"ListItem\",\"position\":1,\"name\":\"Startseite\",\"item\":\"https:\/\/www.friseur-hopmann.de\/\"},{\"@type\":\"ListItem\",\"position\":2,\"name\":\"Produkte\",\"item\":\"https:\/\/www.friseur-hopmann.de\/?post_type=product\"},{\"@type\":\"ListItem\",\"position\":3,\"name\":\"K\u00e9rastase Blond Absolu Bain Ultra-Violet (Shampoo) 1000 ml\"}]},{\"@type\":\"WebSite\",\"@id\":\"https:\/\/www.friseur-hopmann.de\/#website\",\"url\":\"https:\/\/www.friseur-hopmann.de\/\",\"name\":\"Friseur Hopmann Hairstyling\",\"description\":\"Ihr Friseur in Nordhorn\",\"potentialAction\":[{\"@type\":\"SearchAction\",\"target\":{\"@type\":\"EntryPoint\",\"urlTemplate\":\"https:\/\/www.friseur-hopmann.de\/?s={search_term_string}\"},\"query-input\":{\"@type\":\"PropertyValueSpecification\",\"valueRequired\":true,\"valueName\":\"search_term_string\"}}],\"inLanguage\":\"de\"}]}<\/script>\n<!-- \/ Yoast SEO plugin. -->","yoast_head_json":{"title":"K\u00e9rastase Blond Absolu Bain Ultra-Violet (Shampoo) 1000 ml - Friseur Hopmann Hairstyling","robots":{"index":"index","follow":"follow","max-snippet":"max-snippet:-1","max-image-preview":"max-image-preview:large","max-video-preview":"max-video-preview:-1"},"canonical":"https:\/\/www.friseur-hopmann.de\/?product=kerastase-blond-absolu-bain-ultra-violet-shampoo-1000-ml","og_locale":"de_DE","og_type":"article","og_title":"K\u00e9rastase Blond Absolu Bain Ultra-Violet (Shampoo) 1000 ml - Friseur Hopmann Hairstyling","og_description":"Das intensive Haarbad ist reich an Ultraviolett-Pigmenten, um sofort unerw\u00fcnschte, warme Untert\u00f6ne zu neutralisieren. Dabei sorgen die beiden Hauptinhaltsstoffe Hyalurons\u00e4ure und Edelwei\u00df gleichzeitig f\u00fcr eine hohe Konzentration an Antioxidantien, welche die Haarfaser sch\u00fctzen und sie intensiv mit Feuchtigkeit versorgen. Ideal f\u00fcr blondiertes oder gestr\u00e4hntes Haar. F\u00fcr ein k\u00fchles, brillantes Blond, das bis in die Spitzen mit Feuchtigkeit versorgt ist.  Hinweis: Abbildung zeigt Produkt mit Inhalt 250 ml     Informationen zur Produktsicherheit (GPSR-Richtlinien)  Enth\u00e4lt Inhaltsstoffe, die Allergien ausl\u00f6sen k\u00f6nnen.  Bei Kontakt mit den Augen, diese gr\u00fcndlich aussp\u00fclen.  Verantwortlicher Hersteller: Loreal Professionnel,\u00a0 14, rue Royale 75008 Paris\u00b4         fragen@loreal-group. com","og_url":"https:\/\/www.friseur-hopmann.de\/?product=kerastase-blond-absolu-bain-ultra-violet-shampoo-1000-ml","og_site_name":"Friseur Hopmann Hairstyling","article_modified_time":"2026-04-11T07:38:10+00:00","og_image":[{"width":500,"height":500,"url":"http:\/\/www.friseur-hopmann.de\/wp-content\/uploads\/2020\/01\/Bain-Blond-Ultra-Violett-250ml.jpg","type":"image\/jpeg"}],"twitter_card":"summary_large_image","twitter_misc":{"Gesch\u00e4tzte Lesezeit":"1\u00a0Minute"},"schema":{"@context":"https:\/\/schema.org","@graph":[{"@type":"WebPage","@id":"https:\/\/www.friseur-hopmann.de\/?product=kerastase-blond-absolu-bain-ultra-violet-shampoo-1000-ml","url":"https:\/\/www.friseur-hopmann.de\/?product=kerastase-blond-absolu-bain-ultra-violet-shampoo-1000-ml","name":"K\u00e9rastase Blond Absolu Bain Ultra-Violet (Shampoo) 1000 ml - Friseur Hopmann Hairstyling","isPartOf":{"@id":"https:\/\/www.friseur-hopmann.de\/#website"},"primaryImageOfPage":{"@id":"https:\/\/www.friseur-hopmann.de\/?product=kerastase-blond-absolu-bain-ultra-violet-shampoo-1000-ml#primaryimage"},"image":{"@id":"https:\/\/www.friseur-hopmann.de\/?product=kerastase-blond-absolu-bain-ultra-violet-shampoo-1000-ml#primaryimage"},"thumbnailUrl":"https:\/\/www.friseur-hopmann.de\/wp-content\/uploads\/2020\/01\/Bain-Blond-Ultra-Violett-250ml.jpg","datePublished":"2020-01-27T21:53:47+00:00","dateModified":"2026-04-11T07:38:10+00:00","breadcrumb":{"@id":"https:\/\/www.friseur-hopmann.de\/?product=kerastase-blond-absolu-bain-ultra-violet-shampoo-1000-ml#breadcrumb"},"inLanguage":"de","potentialAction":[{"@type":"ReadAction","target":["https:\/\/www.friseur-hopmann.de\/?product=kerastase-blond-absolu-bain-ultra-violet-shampoo-1000-ml"]}]},{"@type":"ImageObject","inLanguage":"de","@id":"https:\/\/www.friseur-hopmann.de\/?product=kerastase-blond-absolu-bain-ultra-violet-shampoo-1000-ml#primaryimage","url":"https:\/\/www.friseur-hopmann.de\/wp-content\/uploads\/2020\/01\/Bain-Blond-Ultra-Violett-250ml.jpg","contentUrl":"https:\/\/www.friseur-hopmann.de\/wp-content\/uploads\/2020\/01\/Bain-Blond-Ultra-Violett-250ml.jpg","width":500,"height":500},{"@type":"BreadcrumbList","@id":"https:\/\/www.friseur-hopmann.de\/?product=kerastase-blond-absolu-bain-ultra-violet-shampoo-1000-ml#breadcrumb","itemListElement":[{"@type":"ListItem","position":1,"name":"Startseite","item":"https:\/\/www.friseur-hopmann.de\/"},{"@type":"ListItem","position":2,"name":"Produkte","item":"https:\/\/www.friseur-hopmann.de\/?post_type=product"},{"@type":"ListItem","position":3,"name":"K\u00e9rastase Blond Absolu Bain Ultra-Violet (Shampoo) 1000 ml"}]},{"@type":"WebSite","@id":"https:\/\/www.friseur-hopmann.de\/#website","url":"https:\/\/www.friseur-hopmann.de\/","name":"Friseur Hopmann Hairstyling","description":"Ihr Friseur in Nordhorn","potentialAction":[{"@type":"SearchAction","target":{"@type":"EntryPoint","urlTemplate":"https:\/\/www.friseur-hopmann.de\/?s={search_term_string}"},"query-input":{"@type":"PropertyValueSpecification","valueRequired":true,"valueName":"search_term_string"}}],"inLanguage":"de"}]}},"brands":[],"_links":{"self":[{"href":"https:\/\/www.friseur-hopmann.de\/index.php?rest_route=\/wp\/v2\/product\/13129","targetHints":{"allow":["GET"]}}],"collection":[{"href":"https:\/\/www.friseur-hopmann.de\/index.php?rest_route=\/wp\/v2\/product"}],"about":[{"href":"https:\/\/www.friseur-hopmann.de\/index.php?rest_route=\/wp\/v2\/types\/product"}],"replies":[{"embeddable":true,"href":"https:\/\/www.friseur-hopmann.de\/index.php?rest_route=%2Fwp%2Fv2%2Fcomments&post=13129"}],"wp:featuredmedia":[{"embeddable":true,"href":"https:\/\/www.friseur-hopmann.de\/index.php?rest_route=\/wp\/v2\/media\/13130"}],"wp:attachment":[{"href":"https:\/\/www.friseur-hopmann.de\/index.php?rest_route=%2Fwp%2Fv2%2Fmedia&parent=13129"}],"wp:term":[{"taxonomy":"pwb-brand","embeddable":true,"href":"https:\/\/www.friseur-hopmann.de\/index.php?rest_route=%2Fwp%2Fv2%2Fpwb-brand&post=13129"},{"taxonomy":"product_brand","embeddable":true,"href":"https:\/\/www.friseur-hopmann.de\/index.php?rest_route=%2Fwp%2Fv2%2Fproduct_brand&post=13129"},{"taxonomy":"product_cat","embeddable":true,"href":"https:\/\/www.friseur-hopmann.de\/index.php?rest_route=%2Fwp%2Fv2%2Fproduct_cat&post=13129"},{"taxonomy":"product_tag","embeddable":true,"href":"https:\/\/www.friseur-hopmann.de\/index.php?rest_route=%2Fwp%2Fv2%2Fproduct_tag&post=13129"}],"curies":[{"name":"wp","href":"https:\/\/api.w.org\/{rel}","templated":true}]}}