{"id":13118,"date":"2020-01-27T21:47:34","date_gmt":"2020-01-27T19:47:34","guid":{"rendered":"https:\/\/friseur-hopmann.de\/?post_type=product&#038;p=13118"},"modified":"2026-02-06T22:44:47","modified_gmt":"2026-02-06T20:44:47","slug":"kerastase-genesis-serum-anti-chute-fortifiant-kopfwasser-fluide-90-ml","status":"publish","type":"product","link":"https:\/\/www.friseur-hopmann.de\/?product=kerastase-genesis-serum-anti-chute-fortifiant-kopfwasser-fluide-90-ml","title":{"rendered":"K\u00e9rastase Genesis S\u00e9rum Anti-Chute Fortifiant  (Kopfwasser\/Fluide) 90 ml"},"content":{"rendered":"<h2>Anti-Haarverlust<\/h2>\n<p><strong>Produktbeschreibung:<\/strong><\/p>\n<div class=\"product-name\">Serum Anti-Chute Fortifiant<\/div>\n<div class=\"collection-name\">Genesis<\/div>\n<p class=\"product-description-text\">Das S\u00e9rum Anti-Chute Fortifiant ist ein Anti-Haarverlust Serum zur t\u00e4glichen Anwendung f\u00fcr Haar, das zu Haarverlust von der Kopfhaut her neigt. Das aktivierende Serum st\u00e4rkt und versorgt die geschw\u00e4chte Haarwurzel f\u00fcr ein aktiviertes Haarwachstum. Es sch\u00fctzt den Haarfollikel vor \u00e4u\u00dferen Einfl\u00fcssen. Die gezielten Inhaltsstoffe verbessern die Widerstandsf\u00e4higkeit und minimieren Haarverlust. Das Serum erh\u00f6ht die Widerstandsf\u00e4higkeit des Haares Tag f\u00fcr Tag.<\/p>\n<p><strong>Inhaltsstoffe:<\/strong><\/p>\n<p>Ein hochwirksamer St\u00e4rke-aktivierender Anti-Haarverlust Komplex:<\/p>\n<p><strong>Aminexil 1.5%<\/strong> verhilft dem Haar, sich in der Kopfhaut besser zu verankern und verhindert, dass sich Kollagen rundum die Haarfolikel verh\u00e4rtet.<br \/>\n<strong>Ingwerwurzel<\/strong> sch\u00fctzt das Haar vor t\u00e4glichen, \u00e4u\u00dferen Einfl\u00fcssen.<br \/>\n<strong>Koffein<\/strong> wirkt stimulierend und anregend auf die Kopfhaut.<\/p>\n<p><strong>Anwendung:<\/strong><\/p>\n<p>Verwenden Sie dieses kr\u00e4ftigende Anti-Haarverlust Serum einmal t\u00e4glich, um Haarverlust zu minimieren.<\/p>\n<p>Nach der Haarw\u00e4sche mit einem BAIN GENESIS (Shampoo) 3-4 Pipetten auf die trockene oder handtuchtrockene Kopfhaut auftragen, sanft einmassieren und nicht aussp\u00fclen. Zur t\u00e4glichen Anwendung, mindestens 6 Wochen.<\/p>\n<p><strong>Inhalt:<\/strong> 90 ml<\/p>\n","protected":false},"excerpt":{"rendered":"<p>Das S\u00e9rum Anti-Chute Fortifiant ist ein Anti-Haarverlust Serum zur t\u00e4glichen Anwendung f\u00fcr Haar, das zu Haarverlust von der Kopfhaut her neigt.<\/p>\n","protected":false},"featured_media":13119,"comment_status":"closed","ping_status":"closed","template":"","meta":{"_exactmetrics_skip_tracking":false,"_exactmetrics_sitenote_active":false,"_exactmetrics_sitenote_note":"","_exactmetrics_sitenote_category":0,"_monsterinsights_skip_tracking":false,"_monsterinsights_sitenote_active":false,"_monsterinsights_sitenote_note":"","_monsterinsights_sitenote_category":0},"pwb-brand":[],"product_brand":[],"product_cat":[491,550,693],"product_tag":[660,698,694],"class_list":{"0":"post-13118","1":"product","2":"type-product","3":"status-publish","4":"has-post-thumbnail","6":"product_cat-kerastase","7":"product_cat-kerastase-haarausfall","8":"product_cat-genesis","9":"product_tag-haarausfall","10":"product_tag-haarbruch","11":"product_tag-haarverlust","13":"first","14":"instock","15":"taxable","16":"shipping-taxable","17":"purchasable","18":"product-type-simple"},"yoast_head":"<!-- This site is optimized with the Yoast SEO plugin v24.6 - https:\/\/yoast.com\/wordpress\/plugins\/seo\/ -->\n<title>K\u00e9rastase Genesis S\u00e9rum Anti-Chute Fortifiant (Kopfwasser\/Fluide) 90 ml - Friseur Hopmann Hairstyling<\/title>\n<meta name=\"robots\" content=\"index, follow, max-snippet:-1, max-image-preview:large, max-video-preview:-1\" \/>\n<link rel=\"canonical\" href=\"https:\/\/www.friseur-hopmann.de\/?product=kerastase-genesis-serum-anti-chute-fortifiant-kopfwasser-fluide-90-ml\" \/>\n<meta property=\"og:locale\" content=\"de_DE\" \/>\n<meta property=\"og:type\" content=\"article\" \/>\n<meta property=\"og:title\" content=\"K\u00e9rastase Genesis S\u00e9rum Anti-Chute Fortifiant (Kopfwasser\/Fluide) 90 ml - Friseur Hopmann Hairstyling\" \/>\n<meta property=\"og:description\" content=\"Das S\u00e9rum Anti-Chute Fortifiant ist ein Anti-Haarverlust Serum zur t\u00e4glichen Anwendung f\u00fcr Haar, das zu Haarverlust von der Kopfhaut her neigt.\" \/>\n<meta property=\"og:url\" content=\"https:\/\/www.friseur-hopmann.de\/?product=kerastase-genesis-serum-anti-chute-fortifiant-kopfwasser-fluide-90-ml\" \/>\n<meta property=\"og:site_name\" content=\"Friseur Hopmann Hairstyling\" \/>\n<meta property=\"article:modified_time\" content=\"2026-02-06T20:44:47+00:00\" \/>\n<meta property=\"og:image\" content=\"http:\/\/www.friseur-hopmann.de\/wp-content\/uploads\/2020\/01\/Genesis-serum-90ml.jpg\" \/>\n\t<meta property=\"og:image:width\" content=\"500\" \/>\n\t<meta property=\"og:image:height\" content=\"500\" \/>\n\t<meta property=\"og:image:type\" content=\"image\/jpeg\" \/>\n<meta name=\"twitter:card\" content=\"summary_large_image\" \/>\n<meta name=\"twitter:label1\" content=\"Gesch\u00e4tzte Lesezeit\" \/>\n\t<meta name=\"twitter:data1\" content=\"1\u00a0Minute\" \/>\n<script type=\"application\/ld+json\" class=\"yoast-schema-graph\">{\"@context\":\"https:\/\/schema.org\",\"@graph\":[{\"@type\":\"WebPage\",\"@id\":\"https:\/\/www.friseur-hopmann.de\/?product=kerastase-genesis-serum-anti-chute-fortifiant-kopfwasser-fluide-90-ml\",\"url\":\"https:\/\/www.friseur-hopmann.de\/?product=kerastase-genesis-serum-anti-chute-fortifiant-kopfwasser-fluide-90-ml\",\"name\":\"K\u00e9rastase Genesis S\u00e9rum Anti-Chute Fortifiant (Kopfwasser\/Fluide) 90 ml - Friseur Hopmann Hairstyling\",\"isPartOf\":{\"@id\":\"https:\/\/www.friseur-hopmann.de\/#website\"},\"primaryImageOfPage\":{\"@id\":\"https:\/\/www.friseur-hopmann.de\/?product=kerastase-genesis-serum-anti-chute-fortifiant-kopfwasser-fluide-90-ml#primaryimage\"},\"image\":{\"@id\":\"https:\/\/www.friseur-hopmann.de\/?product=kerastase-genesis-serum-anti-chute-fortifiant-kopfwasser-fluide-90-ml#primaryimage\"},\"thumbnailUrl\":\"https:\/\/www.friseur-hopmann.de\/wp-content\/uploads\/2020\/01\/Genesis-serum-90ml.jpg\",\"datePublished\":\"2020-01-27T19:47:34+00:00\",\"dateModified\":\"2026-02-06T20:44:47+00:00\",\"breadcrumb\":{\"@id\":\"https:\/\/www.friseur-hopmann.de\/?product=kerastase-genesis-serum-anti-chute-fortifiant-kopfwasser-fluide-90-ml#breadcrumb\"},\"inLanguage\":\"de\",\"potentialAction\":[{\"@type\":\"ReadAction\",\"target\":[\"https:\/\/www.friseur-hopmann.de\/?product=kerastase-genesis-serum-anti-chute-fortifiant-kopfwasser-fluide-90-ml\"]}]},{\"@type\":\"ImageObject\",\"inLanguage\":\"de\",\"@id\":\"https:\/\/www.friseur-hopmann.de\/?product=kerastase-genesis-serum-anti-chute-fortifiant-kopfwasser-fluide-90-ml#primaryimage\",\"url\":\"https:\/\/www.friseur-hopmann.de\/wp-content\/uploads\/2020\/01\/Genesis-serum-90ml.jpg\",\"contentUrl\":\"https:\/\/www.friseur-hopmann.de\/wp-content\/uploads\/2020\/01\/Genesis-serum-90ml.jpg\",\"width\":500,\"height\":500},{\"@type\":\"BreadcrumbList\",\"@id\":\"https:\/\/www.friseur-hopmann.de\/?product=kerastase-genesis-serum-anti-chute-fortifiant-kopfwasser-fluide-90-ml#breadcrumb\",\"itemListElement\":[{\"@type\":\"ListItem\",\"position\":1,\"name\":\"Startseite\",\"item\":\"https:\/\/www.friseur-hopmann.de\/\"},{\"@type\":\"ListItem\",\"position\":2,\"name\":\"Produkte\",\"item\":\"https:\/\/www.friseur-hopmann.de\/?post_type=product\"},{\"@type\":\"ListItem\",\"position\":3,\"name\":\"K\u00e9rastase Genesis S\u00e9rum Anti-Chute Fortifiant (Kopfwasser\/Fluide) 90 ml\"}]},{\"@type\":\"WebSite\",\"@id\":\"https:\/\/www.friseur-hopmann.de\/#website\",\"url\":\"https:\/\/www.friseur-hopmann.de\/\",\"name\":\"Friseur Hopmann Hairstyling\",\"description\":\"Ihr Friseur in Nordhorn\",\"potentialAction\":[{\"@type\":\"SearchAction\",\"target\":{\"@type\":\"EntryPoint\",\"urlTemplate\":\"https:\/\/www.friseur-hopmann.de\/?s={search_term_string}\"},\"query-input\":{\"@type\":\"PropertyValueSpecification\",\"valueRequired\":true,\"valueName\":\"search_term_string\"}}],\"inLanguage\":\"de\"}]}<\/script>\n<!-- \/ Yoast SEO plugin. -->","yoast_head_json":{"title":"K\u00e9rastase Genesis S\u00e9rum Anti-Chute Fortifiant (Kopfwasser\/Fluide) 90 ml - Friseur Hopmann Hairstyling","robots":{"index":"index","follow":"follow","max-snippet":"max-snippet:-1","max-image-preview":"max-image-preview:large","max-video-preview":"max-video-preview:-1"},"canonical":"https:\/\/www.friseur-hopmann.de\/?product=kerastase-genesis-serum-anti-chute-fortifiant-kopfwasser-fluide-90-ml","og_locale":"de_DE","og_type":"article","og_title":"K\u00e9rastase Genesis S\u00e9rum Anti-Chute Fortifiant (Kopfwasser\/Fluide) 90 ml - Friseur Hopmann Hairstyling","og_description":"Das S\u00e9rum Anti-Chute Fortifiant ist ein Anti-Haarverlust Serum zur t\u00e4glichen Anwendung f\u00fcr Haar, das zu Haarverlust von der Kopfhaut her neigt.","og_url":"https:\/\/www.friseur-hopmann.de\/?product=kerastase-genesis-serum-anti-chute-fortifiant-kopfwasser-fluide-90-ml","og_site_name":"Friseur Hopmann Hairstyling","article_modified_time":"2026-02-06T20:44:47+00:00","og_image":[{"width":500,"height":500,"url":"http:\/\/www.friseur-hopmann.de\/wp-content\/uploads\/2020\/01\/Genesis-serum-90ml.jpg","type":"image\/jpeg"}],"twitter_card":"summary_large_image","twitter_misc":{"Gesch\u00e4tzte Lesezeit":"1\u00a0Minute"},"schema":{"@context":"https:\/\/schema.org","@graph":[{"@type":"WebPage","@id":"https:\/\/www.friseur-hopmann.de\/?product=kerastase-genesis-serum-anti-chute-fortifiant-kopfwasser-fluide-90-ml","url":"https:\/\/www.friseur-hopmann.de\/?product=kerastase-genesis-serum-anti-chute-fortifiant-kopfwasser-fluide-90-ml","name":"K\u00e9rastase Genesis S\u00e9rum Anti-Chute Fortifiant (Kopfwasser\/Fluide) 90 ml - Friseur Hopmann Hairstyling","isPartOf":{"@id":"https:\/\/www.friseur-hopmann.de\/#website"},"primaryImageOfPage":{"@id":"https:\/\/www.friseur-hopmann.de\/?product=kerastase-genesis-serum-anti-chute-fortifiant-kopfwasser-fluide-90-ml#primaryimage"},"image":{"@id":"https:\/\/www.friseur-hopmann.de\/?product=kerastase-genesis-serum-anti-chute-fortifiant-kopfwasser-fluide-90-ml#primaryimage"},"thumbnailUrl":"https:\/\/www.friseur-hopmann.de\/wp-content\/uploads\/2020\/01\/Genesis-serum-90ml.jpg","datePublished":"2020-01-27T19:47:34+00:00","dateModified":"2026-02-06T20:44:47+00:00","breadcrumb":{"@id":"https:\/\/www.friseur-hopmann.de\/?product=kerastase-genesis-serum-anti-chute-fortifiant-kopfwasser-fluide-90-ml#breadcrumb"},"inLanguage":"de","potentialAction":[{"@type":"ReadAction","target":["https:\/\/www.friseur-hopmann.de\/?product=kerastase-genesis-serum-anti-chute-fortifiant-kopfwasser-fluide-90-ml"]}]},{"@type":"ImageObject","inLanguage":"de","@id":"https:\/\/www.friseur-hopmann.de\/?product=kerastase-genesis-serum-anti-chute-fortifiant-kopfwasser-fluide-90-ml#primaryimage","url":"https:\/\/www.friseur-hopmann.de\/wp-content\/uploads\/2020\/01\/Genesis-serum-90ml.jpg","contentUrl":"https:\/\/www.friseur-hopmann.de\/wp-content\/uploads\/2020\/01\/Genesis-serum-90ml.jpg","width":500,"height":500},{"@type":"BreadcrumbList","@id":"https:\/\/www.friseur-hopmann.de\/?product=kerastase-genesis-serum-anti-chute-fortifiant-kopfwasser-fluide-90-ml#breadcrumb","itemListElement":[{"@type":"ListItem","position":1,"name":"Startseite","item":"https:\/\/www.friseur-hopmann.de\/"},{"@type":"ListItem","position":2,"name":"Produkte","item":"https:\/\/www.friseur-hopmann.de\/?post_type=product"},{"@type":"ListItem","position":3,"name":"K\u00e9rastase Genesis S\u00e9rum Anti-Chute Fortifiant (Kopfwasser\/Fluide) 90 ml"}]},{"@type":"WebSite","@id":"https:\/\/www.friseur-hopmann.de\/#website","url":"https:\/\/www.friseur-hopmann.de\/","name":"Friseur Hopmann Hairstyling","description":"Ihr Friseur in Nordhorn","potentialAction":[{"@type":"SearchAction","target":{"@type":"EntryPoint","urlTemplate":"https:\/\/www.friseur-hopmann.de\/?s={search_term_string}"},"query-input":{"@type":"PropertyValueSpecification","valueRequired":true,"valueName":"search_term_string"}}],"inLanguage":"de"}]}},"brands":[],"_links":{"self":[{"href":"https:\/\/www.friseur-hopmann.de\/index.php?rest_route=\/wp\/v2\/product\/13118","targetHints":{"allow":["GET"]}}],"collection":[{"href":"https:\/\/www.friseur-hopmann.de\/index.php?rest_route=\/wp\/v2\/product"}],"about":[{"href":"https:\/\/www.friseur-hopmann.de\/index.php?rest_route=\/wp\/v2\/types\/product"}],"replies":[{"embeddable":true,"href":"https:\/\/www.friseur-hopmann.de\/index.php?rest_route=%2Fwp%2Fv2%2Fcomments&post=13118"}],"wp:featuredmedia":[{"embeddable":true,"href":"https:\/\/www.friseur-hopmann.de\/index.php?rest_route=\/wp\/v2\/media\/13119"}],"wp:attachment":[{"href":"https:\/\/www.friseur-hopmann.de\/index.php?rest_route=%2Fwp%2Fv2%2Fmedia&parent=13118"}],"wp:term":[{"taxonomy":"pwb-brand","embeddable":true,"href":"https:\/\/www.friseur-hopmann.de\/index.php?rest_route=%2Fwp%2Fv2%2Fpwb-brand&post=13118"},{"taxonomy":"product_brand","embeddable":true,"href":"https:\/\/www.friseur-hopmann.de\/index.php?rest_route=%2Fwp%2Fv2%2Fproduct_brand&post=13118"},{"taxonomy":"product_cat","embeddable":true,"href":"https:\/\/www.friseur-hopmann.de\/index.php?rest_route=%2Fwp%2Fv2%2Fproduct_cat&post=13118"},{"taxonomy":"product_tag","embeddable":true,"href":"https:\/\/www.friseur-hopmann.de\/index.php?rest_route=%2Fwp%2Fv2%2Fproduct_tag&post=13118"}],"curies":[{"name":"wp","href":"https:\/\/api.w.org\/{rel}","templated":true}]}}