{"id":12576,"date":"2019-06-10T11:32:29","date_gmt":"2019-06-10T09:32:29","guid":{"rendered":"https:\/\/friseur-hopmann.de\/?post_type=product&#038;p=12576"},"modified":"2026-01-18T15:32:03","modified_gmt":"2026-01-18T13:32:03","slug":"12576","status":"publish","type":"product","link":"https:\/\/www.friseur-hopmann.de\/?product=12576","title":{"rendered":"Kerastase Resistance Extentioniste Thermique 150 ml"},"content":{"rendered":"<div class=\"std col-lg-8 col-lg-offset-2 col-md-10 col-md-offset-1\">\n<h2>Kerastase Resistance Extentioniste Thermique 150 ml<\/h2>\n<p>Die <strong>Kerastase Resistance Extentioniste Thermique<\/strong> ist eine thermoaktive F\u00f6hnlotion, die f\u00fcr gesunde L\u00e4ngen und Spitzen sorgt, indem sie das Haar vor den Einwirkungen des F\u00f6hnens sch\u00fctzt. Die leave-in Pflege-Creme, angereichert mit Creatine R und Taurin, sch\u00fctzt das Haar vor Temperaturen von bis zu 230\u00b0 und st\u00e4rkt die Haarfaser. Die L\u00e4ngen und Spitzen werden mit einem Schutzfilm versiegelt. Die F\u00f6hnlotion sch\u00fctzt strapaziertes Haar vor Haarbruch, ohne zu beschweren.<\/p>\n<h3>Anwendung der\u00a0Kerastase Resistance Extentioniste Thermique<\/h3>\n<p>Auf das gewaschene und handtuchtrockene Haar auftragen. In die L\u00e4ngen und Spitzen einarbeiten. Wie gewohnt stylen. Nicht aussp\u00fclen.<\/p>\n<p><strong>Inhalt: 150 ml<\/strong><\/p>\n<p>&nbsp;<\/p>\n<\/div>\n<p>&nbsp;<\/p>\n","protected":false},"excerpt":{"rendered":"<p>Die <strong>Kerastase Resistance Extentioniste Thermique<\/strong> ist eine thermoaktive F\u00f6hnlotion,<\/p>\n<p>sch\u00fctzt das Haar vor Temperaturen von bis zu 230\u00b0 und st\u00e4rkt die Haarfaser.<\/p>\n","protected":false},"featured_media":12577,"comment_status":"closed","ping_status":"closed","template":"","meta":{"_exactmetrics_skip_tracking":false,"_exactmetrics_sitenote_active":false,"_exactmetrics_sitenote_note":"","_exactmetrics_sitenote_category":0,"_monsterinsights_skip_tracking":false,"_monsterinsights_sitenote_active":false,"_monsterinsights_sitenote_note":"","_monsterinsights_sitenote_category":0},"pwb-brand":[],"product_brand":[],"product_cat":[491,544,516,661],"product_tag":[688,801],"class_list":{"0":"post-12576","1":"product","2":"type-product","3":"status-publish","4":"has-post-thumbnail","6":"product_cat-kerastase","7":"product_cat-kerastase-haarpflege","8":"product_cat-r-sistance","9":"product_cat-resistance-extentioniste","10":"product_tag-hitzschutz","11":"product_tag-schuetzt-die-haarstruktur-vor-hitze","13":"first","14":"instock","15":"taxable","16":"shipping-taxable","17":"purchasable","18":"product-type-simple"},"yoast_head":"<!-- This site is optimized with the Yoast SEO plugin v24.6 - https:\/\/yoast.com\/wordpress\/plugins\/seo\/ -->\n<title>Kerastase Resistance Extentioniste Thermique 150 ml - Friseur Hopmann Hairstyling<\/title>\n<meta name=\"robots\" content=\"index, follow, max-snippet:-1, max-image-preview:large, max-video-preview:-1\" \/>\n<link rel=\"canonical\" href=\"https:\/\/www.friseur-hopmann.de\/?product=12576\" \/>\n<meta property=\"og:locale\" content=\"de_DE\" \/>\n<meta property=\"og:type\" content=\"article\" \/>\n<meta property=\"og:title\" content=\"Kerastase Resistance Extentioniste Thermique 150 ml - Friseur Hopmann Hairstyling\" \/>\n<meta property=\"og:description\" content=\"Die Kerastase Resistance Extentioniste Thermique ist eine thermoaktive F\u00f6hnlotion,  sch\u00fctzt das Haar vor Temperaturen von bis zu 230\u00b0 und st\u00e4rkt die Haarfaser.\" \/>\n<meta property=\"og:url\" content=\"https:\/\/www.friseur-hopmann.de\/?product=12576\" \/>\n<meta property=\"og:site_name\" content=\"Friseur Hopmann Hairstyling\" \/>\n<meta property=\"article:modified_time\" content=\"2026-01-18T13:32:03+00:00\" \/>\n<meta property=\"og:image\" content=\"http:\/\/www.friseur-hopmann.de\/wp-content\/uploads\/2019\/06\/Extentioniste-thermique-150ml.jpg\" \/>\n\t<meta property=\"og:image:width\" content=\"500\" \/>\n\t<meta property=\"og:image:height\" content=\"500\" \/>\n\t<meta property=\"og:image:type\" content=\"image\/jpeg\" \/>\n<meta name=\"twitter:card\" content=\"summary_large_image\" \/>\n<meta name=\"twitter:label1\" content=\"Gesch\u00e4tzte Lesezeit\" \/>\n\t<meta name=\"twitter:data1\" content=\"1\u00a0Minute\" \/>\n<script type=\"application\/ld+json\" class=\"yoast-schema-graph\">{\"@context\":\"https:\/\/schema.org\",\"@graph\":[{\"@type\":\"WebPage\",\"@id\":\"https:\/\/www.friseur-hopmann.de\/?product=12576\",\"url\":\"https:\/\/www.friseur-hopmann.de\/?product=12576\",\"name\":\"Kerastase Resistance Extentioniste Thermique 150 ml - Friseur Hopmann Hairstyling\",\"isPartOf\":{\"@id\":\"https:\/\/www.friseur-hopmann.de\/#website\"},\"primaryImageOfPage\":{\"@id\":\"https:\/\/www.friseur-hopmann.de\/?product=12576#primaryimage\"},\"image\":{\"@id\":\"https:\/\/www.friseur-hopmann.de\/?product=12576#primaryimage\"},\"thumbnailUrl\":\"https:\/\/www.friseur-hopmann.de\/wp-content\/uploads\/2019\/06\/Extentioniste-thermique-150ml.jpg\",\"datePublished\":\"2019-06-10T09:32:29+00:00\",\"dateModified\":\"2026-01-18T13:32:03+00:00\",\"breadcrumb\":{\"@id\":\"https:\/\/www.friseur-hopmann.de\/?product=12576#breadcrumb\"},\"inLanguage\":\"de\",\"potentialAction\":[{\"@type\":\"ReadAction\",\"target\":[\"https:\/\/www.friseur-hopmann.de\/?product=12576\"]}]},{\"@type\":\"ImageObject\",\"inLanguage\":\"de\",\"@id\":\"https:\/\/www.friseur-hopmann.de\/?product=12576#primaryimage\",\"url\":\"https:\/\/www.friseur-hopmann.de\/wp-content\/uploads\/2019\/06\/Extentioniste-thermique-150ml.jpg\",\"contentUrl\":\"https:\/\/www.friseur-hopmann.de\/wp-content\/uploads\/2019\/06\/Extentioniste-thermique-150ml.jpg\",\"width\":500,\"height\":500},{\"@type\":\"BreadcrumbList\",\"@id\":\"https:\/\/www.friseur-hopmann.de\/?product=12576#breadcrumb\",\"itemListElement\":[{\"@type\":\"ListItem\",\"position\":1,\"name\":\"Startseite\",\"item\":\"https:\/\/www.friseur-hopmann.de\/\"},{\"@type\":\"ListItem\",\"position\":2,\"name\":\"Produkte\",\"item\":\"https:\/\/www.friseur-hopmann.de\/?post_type=product\"},{\"@type\":\"ListItem\",\"position\":3,\"name\":\"Kerastase Resistance Extentioniste Thermique 150 ml\"}]},{\"@type\":\"WebSite\",\"@id\":\"https:\/\/www.friseur-hopmann.de\/#website\",\"url\":\"https:\/\/www.friseur-hopmann.de\/\",\"name\":\"Friseur Hopmann Hairstyling\",\"description\":\"Ihr Friseur in Nordhorn\",\"potentialAction\":[{\"@type\":\"SearchAction\",\"target\":{\"@type\":\"EntryPoint\",\"urlTemplate\":\"https:\/\/www.friseur-hopmann.de\/?s={search_term_string}\"},\"query-input\":{\"@type\":\"PropertyValueSpecification\",\"valueRequired\":true,\"valueName\":\"search_term_string\"}}],\"inLanguage\":\"de\"}]}<\/script>\n<!-- \/ Yoast SEO plugin. -->","yoast_head_json":{"title":"Kerastase Resistance Extentioniste Thermique 150 ml - Friseur Hopmann Hairstyling","robots":{"index":"index","follow":"follow","max-snippet":"max-snippet:-1","max-image-preview":"max-image-preview:large","max-video-preview":"max-video-preview:-1"},"canonical":"https:\/\/www.friseur-hopmann.de\/?product=12576","og_locale":"de_DE","og_type":"article","og_title":"Kerastase Resistance Extentioniste Thermique 150 ml - Friseur Hopmann Hairstyling","og_description":"Die Kerastase Resistance Extentioniste Thermique ist eine thermoaktive F\u00f6hnlotion,  sch\u00fctzt das Haar vor Temperaturen von bis zu 230\u00b0 und st\u00e4rkt die Haarfaser.","og_url":"https:\/\/www.friseur-hopmann.de\/?product=12576","og_site_name":"Friseur Hopmann Hairstyling","article_modified_time":"2026-01-18T13:32:03+00:00","og_image":[{"width":500,"height":500,"url":"http:\/\/www.friseur-hopmann.de\/wp-content\/uploads\/2019\/06\/Extentioniste-thermique-150ml.jpg","type":"image\/jpeg"}],"twitter_card":"summary_large_image","twitter_misc":{"Gesch\u00e4tzte Lesezeit":"1\u00a0Minute"},"schema":{"@context":"https:\/\/schema.org","@graph":[{"@type":"WebPage","@id":"https:\/\/www.friseur-hopmann.de\/?product=12576","url":"https:\/\/www.friseur-hopmann.de\/?product=12576","name":"Kerastase Resistance Extentioniste Thermique 150 ml - Friseur Hopmann Hairstyling","isPartOf":{"@id":"https:\/\/www.friseur-hopmann.de\/#website"},"primaryImageOfPage":{"@id":"https:\/\/www.friseur-hopmann.de\/?product=12576#primaryimage"},"image":{"@id":"https:\/\/www.friseur-hopmann.de\/?product=12576#primaryimage"},"thumbnailUrl":"https:\/\/www.friseur-hopmann.de\/wp-content\/uploads\/2019\/06\/Extentioniste-thermique-150ml.jpg","datePublished":"2019-06-10T09:32:29+00:00","dateModified":"2026-01-18T13:32:03+00:00","breadcrumb":{"@id":"https:\/\/www.friseur-hopmann.de\/?product=12576#breadcrumb"},"inLanguage":"de","potentialAction":[{"@type":"ReadAction","target":["https:\/\/www.friseur-hopmann.de\/?product=12576"]}]},{"@type":"ImageObject","inLanguage":"de","@id":"https:\/\/www.friseur-hopmann.de\/?product=12576#primaryimage","url":"https:\/\/www.friseur-hopmann.de\/wp-content\/uploads\/2019\/06\/Extentioniste-thermique-150ml.jpg","contentUrl":"https:\/\/www.friseur-hopmann.de\/wp-content\/uploads\/2019\/06\/Extentioniste-thermique-150ml.jpg","width":500,"height":500},{"@type":"BreadcrumbList","@id":"https:\/\/www.friseur-hopmann.de\/?product=12576#breadcrumb","itemListElement":[{"@type":"ListItem","position":1,"name":"Startseite","item":"https:\/\/www.friseur-hopmann.de\/"},{"@type":"ListItem","position":2,"name":"Produkte","item":"https:\/\/www.friseur-hopmann.de\/?post_type=product"},{"@type":"ListItem","position":3,"name":"Kerastase Resistance Extentioniste Thermique 150 ml"}]},{"@type":"WebSite","@id":"https:\/\/www.friseur-hopmann.de\/#website","url":"https:\/\/www.friseur-hopmann.de\/","name":"Friseur Hopmann Hairstyling","description":"Ihr Friseur in Nordhorn","potentialAction":[{"@type":"SearchAction","target":{"@type":"EntryPoint","urlTemplate":"https:\/\/www.friseur-hopmann.de\/?s={search_term_string}"},"query-input":{"@type":"PropertyValueSpecification","valueRequired":true,"valueName":"search_term_string"}}],"inLanguage":"de"}]}},"brands":[],"_links":{"self":[{"href":"https:\/\/www.friseur-hopmann.de\/index.php?rest_route=\/wp\/v2\/product\/12576","targetHints":{"allow":["GET"]}}],"collection":[{"href":"https:\/\/www.friseur-hopmann.de\/index.php?rest_route=\/wp\/v2\/product"}],"about":[{"href":"https:\/\/www.friseur-hopmann.de\/index.php?rest_route=\/wp\/v2\/types\/product"}],"replies":[{"embeddable":true,"href":"https:\/\/www.friseur-hopmann.de\/index.php?rest_route=%2Fwp%2Fv2%2Fcomments&post=12576"}],"wp:featuredmedia":[{"embeddable":true,"href":"https:\/\/www.friseur-hopmann.de\/index.php?rest_route=\/wp\/v2\/media\/12577"}],"wp:attachment":[{"href":"https:\/\/www.friseur-hopmann.de\/index.php?rest_route=%2Fwp%2Fv2%2Fmedia&parent=12576"}],"wp:term":[{"taxonomy":"pwb-brand","embeddable":true,"href":"https:\/\/www.friseur-hopmann.de\/index.php?rest_route=%2Fwp%2Fv2%2Fpwb-brand&post=12576"},{"taxonomy":"product_brand","embeddable":true,"href":"https:\/\/www.friseur-hopmann.de\/index.php?rest_route=%2Fwp%2Fv2%2Fproduct_brand&post=12576"},{"taxonomy":"product_cat","embeddable":true,"href":"https:\/\/www.friseur-hopmann.de\/index.php?rest_route=%2Fwp%2Fv2%2Fproduct_cat&post=12576"},{"taxonomy":"product_tag","embeddable":true,"href":"https:\/\/www.friseur-hopmann.de\/index.php?rest_route=%2Fwp%2Fv2%2Fproduct_tag&post=12576"}],"curies":[{"name":"wp","href":"https:\/\/api.w.org\/{rel}","templated":true}]}}