{"id":12395,"date":"2019-03-14T20:20:08","date_gmt":"2019-03-14T18:20:08","guid":{"rendered":"https:\/\/friseur-hopmann.de\/?post_type=product&#038;p=12395"},"modified":"2025-01-04T23:31:21","modified_gmt":"2025-01-04T21:31:21","slug":"nuritive-8h-magic-night-serum-90-ml","status":"publish","type":"product","link":"https:\/\/www.friseur-hopmann.de\/?product=nuritive-8h-magic-night-serum-90-ml","title":{"rendered":"K\u00c9RASTASE NURITIVE 8H MAGIC NIGHT SERUM (Nachtpflege)90 ml"},"content":{"rendered":"<div class=\"std col-lg-8 col-lg-offset-2 col-md-10 col-md-offset-1\">\n<h2>K\u00e9rastase Nutritive 8H Magic Night Serum 90 ml<\/h2>\n<p>Das<strong> K\u00e9rastase Nutritive 8H Magic Night Serum<\/strong> ist ein regenerierendes Overnight-Serum f\u00fcr intensive Feuchtigkeit. Es versorgt das Haar \u00fcber Nacht optimal mit Feuchtigkeit. F\u00fcr gepflegtes, geschmeidiges und leicht zu stylendes Haar.<\/p>\n<h3>Anwendung des K\u00e9rastase Nutritive 8H Magic Night Serums<\/h3>\n<p>Vor dem Schlafengehen auf das trockene oder feuchte Haar auftragen. Dazu 2-4 Pumpst\u00f6\u00dfe in die Handfl\u00e4chen geben und gleichm\u00e4\u00dfig in L\u00e4ngen und Spitzen verteilen. Kein Aussp\u00fclen am Abend oder Morgen notwendig.<\/p>\n<\/div>\n","protected":false},"excerpt":{"rendered":"<p>Das<strong> K\u00e9rastase Nutritive 8H Magic Night Serum<\/strong> ist ein regenerierendes Overnight-Serum f\u00fcr intensive Feuchtigkeit. Es versorgt das Haar \u00fcber Nacht optimal mit Feuchtigkeit. F\u00fcr gepflegtes, geschmeidiges und leicht zu stylendes Haar.<\/p>\n","protected":false},"featured_media":22329,"comment_status":"open","ping_status":"closed","template":"","meta":{"_exactmetrics_skip_tracking":false,"_exactmetrics_sitenote_active":false,"_exactmetrics_sitenote_note":"","_exactmetrics_sitenote_category":0,"_monsterinsights_skip_tracking":false,"_monsterinsights_sitenote_active":false,"_monsterinsights_sitenote_note":"","_monsterinsights_sitenote_category":0},"pwb-brand":[],"product_brand":[],"product_cat":[491,544,547,489],"product_tag":[833,832,737,713],"class_list":{"0":"post-12395","1":"product","2":"type-product","3":"status-publish","4":"has-post-thumbnail","6":"product_cat-kerastase","7":"product_cat-kerastase-haarpflege","8":"product_cat-kerastase-pflegelotion","9":"product_cat-nutritive","10":"product_tag-intensiv-feuchtigkeitserum","11":"product_tag-nachtpflege","12":"product_tag-serum","13":"product_tag-trockenes-haar","15":"first","16":"instock","17":"taxable","18":"shipping-taxable","19":"purchasable","20":"product-type-simple"},"yoast_head":"<!-- This site is optimized with the Yoast SEO plugin v24.6 - https:\/\/yoast.com\/wordpress\/plugins\/seo\/ -->\n<title>K\u00c9RASTASE NURITIVE 8H MAGIC NIGHT SERUM (Nachtpflege)90 ml - Friseur Hopmann Hairstyling<\/title>\n<meta name=\"robots\" content=\"index, follow, max-snippet:-1, max-image-preview:large, max-video-preview:-1\" \/>\n<link rel=\"canonical\" href=\"https:\/\/www.friseur-hopmann.de\/?product=nuritive-8h-magic-night-serum-90-ml\" \/>\n<meta property=\"og:locale\" content=\"de_DE\" \/>\n<meta property=\"og:type\" content=\"article\" \/>\n<meta property=\"og:title\" content=\"K\u00c9RASTASE NURITIVE 8H MAGIC NIGHT SERUM (Nachtpflege)90 ml - Friseur Hopmann Hairstyling\" \/>\n<meta property=\"og:description\" content=\"Das K\u00e9rastase Nutritive 8H Magic Night Serum ist ein regenerierendes Overnight-Serum f\u00fcr intensive Feuchtigkeit. Es versorgt das Haar \u00fcber Nacht optimal mit Feuchtigkeit. F\u00fcr gepflegtes, geschmeidiges und leicht zu stylendes Haar.\" \/>\n<meta property=\"og:url\" content=\"https:\/\/www.friseur-hopmann.de\/?product=nuritive-8h-magic-night-serum-90-ml\" \/>\n<meta property=\"og:site_name\" content=\"Friseur Hopmann Hairstyling\" \/>\n<meta property=\"article:modified_time\" content=\"2025-01-04T21:31:21+00:00\" \/>\n<meta property=\"og:image\" content=\"http:\/\/www.friseur-hopmann.de\/wp-content\/uploads\/2019\/03\/8magic-Night-Serum-Neu.jpg\" \/>\n\t<meta property=\"og:image:width\" content=\"992\" \/>\n\t<meta property=\"og:image:height\" content=\"756\" \/>\n\t<meta property=\"og:image:type\" content=\"image\/jpeg\" \/>\n<meta name=\"twitter:card\" content=\"summary_large_image\" \/>\n<script type=\"application\/ld+json\" class=\"yoast-schema-graph\">{\"@context\":\"https:\/\/schema.org\",\"@graph\":[{\"@type\":\"WebPage\",\"@id\":\"https:\/\/www.friseur-hopmann.de\/?product=nuritive-8h-magic-night-serum-90-ml\",\"url\":\"https:\/\/www.friseur-hopmann.de\/?product=nuritive-8h-magic-night-serum-90-ml\",\"name\":\"K\u00c9RASTASE NURITIVE 8H MAGIC NIGHT SERUM (Nachtpflege)90 ml - Friseur Hopmann Hairstyling\",\"isPartOf\":{\"@id\":\"https:\/\/www.friseur-hopmann.de\/#website\"},\"primaryImageOfPage\":{\"@id\":\"https:\/\/www.friseur-hopmann.de\/?product=nuritive-8h-magic-night-serum-90-ml#primaryimage\"},\"image\":{\"@id\":\"https:\/\/www.friseur-hopmann.de\/?product=nuritive-8h-magic-night-serum-90-ml#primaryimage\"},\"thumbnailUrl\":\"https:\/\/www.friseur-hopmann.de\/wp-content\/uploads\/2019\/03\/8magic-Night-Serum-Neu.jpg\",\"datePublished\":\"2019-03-14T18:20:08+00:00\",\"dateModified\":\"2025-01-04T21:31:21+00:00\",\"breadcrumb\":{\"@id\":\"https:\/\/www.friseur-hopmann.de\/?product=nuritive-8h-magic-night-serum-90-ml#breadcrumb\"},\"inLanguage\":\"de\",\"potentialAction\":[{\"@type\":\"ReadAction\",\"target\":[\"https:\/\/www.friseur-hopmann.de\/?product=nuritive-8h-magic-night-serum-90-ml\"]}]},{\"@type\":\"ImageObject\",\"inLanguage\":\"de\",\"@id\":\"https:\/\/www.friseur-hopmann.de\/?product=nuritive-8h-magic-night-serum-90-ml#primaryimage\",\"url\":\"https:\/\/www.friseur-hopmann.de\/wp-content\/uploads\/2019\/03\/8magic-Night-Serum-Neu.jpg\",\"contentUrl\":\"https:\/\/www.friseur-hopmann.de\/wp-content\/uploads\/2019\/03\/8magic-Night-Serum-Neu.jpg\",\"width\":992,\"height\":756},{\"@type\":\"BreadcrumbList\",\"@id\":\"https:\/\/www.friseur-hopmann.de\/?product=nuritive-8h-magic-night-serum-90-ml#breadcrumb\",\"itemListElement\":[{\"@type\":\"ListItem\",\"position\":1,\"name\":\"Startseite\",\"item\":\"https:\/\/www.friseur-hopmann.de\/\"},{\"@type\":\"ListItem\",\"position\":2,\"name\":\"Produkte\",\"item\":\"https:\/\/www.friseur-hopmann.de\/?post_type=product\"},{\"@type\":\"ListItem\",\"position\":3,\"name\":\"K\u00c9RASTASE NURITIVE 8H MAGIC NIGHT SERUM (Nachtpflege)90 ml\"}]},{\"@type\":\"WebSite\",\"@id\":\"https:\/\/www.friseur-hopmann.de\/#website\",\"url\":\"https:\/\/www.friseur-hopmann.de\/\",\"name\":\"Friseur Hopmann Hairstyling\",\"description\":\"Ihr Friseur in Nordhorn\",\"potentialAction\":[{\"@type\":\"SearchAction\",\"target\":{\"@type\":\"EntryPoint\",\"urlTemplate\":\"https:\/\/www.friseur-hopmann.de\/?s={search_term_string}\"},\"query-input\":{\"@type\":\"PropertyValueSpecification\",\"valueRequired\":true,\"valueName\":\"search_term_string\"}}],\"inLanguage\":\"de\"}]}<\/script>\n<!-- \/ Yoast SEO plugin. -->","yoast_head_json":{"title":"K\u00c9RASTASE NURITIVE 8H MAGIC NIGHT SERUM (Nachtpflege)90 ml - Friseur Hopmann Hairstyling","robots":{"index":"index","follow":"follow","max-snippet":"max-snippet:-1","max-image-preview":"max-image-preview:large","max-video-preview":"max-video-preview:-1"},"canonical":"https:\/\/www.friseur-hopmann.de\/?product=nuritive-8h-magic-night-serum-90-ml","og_locale":"de_DE","og_type":"article","og_title":"K\u00c9RASTASE NURITIVE 8H MAGIC NIGHT SERUM (Nachtpflege)90 ml - Friseur Hopmann Hairstyling","og_description":"Das K\u00e9rastase Nutritive 8H Magic Night Serum ist ein regenerierendes Overnight-Serum f\u00fcr intensive Feuchtigkeit. Es versorgt das Haar \u00fcber Nacht optimal mit Feuchtigkeit. F\u00fcr gepflegtes, geschmeidiges und leicht zu stylendes Haar.","og_url":"https:\/\/www.friseur-hopmann.de\/?product=nuritive-8h-magic-night-serum-90-ml","og_site_name":"Friseur Hopmann Hairstyling","article_modified_time":"2025-01-04T21:31:21+00:00","og_image":[{"width":992,"height":756,"url":"http:\/\/www.friseur-hopmann.de\/wp-content\/uploads\/2019\/03\/8magic-Night-Serum-Neu.jpg","type":"image\/jpeg"}],"twitter_card":"summary_large_image","schema":{"@context":"https:\/\/schema.org","@graph":[{"@type":"WebPage","@id":"https:\/\/www.friseur-hopmann.de\/?product=nuritive-8h-magic-night-serum-90-ml","url":"https:\/\/www.friseur-hopmann.de\/?product=nuritive-8h-magic-night-serum-90-ml","name":"K\u00c9RASTASE NURITIVE 8H MAGIC NIGHT SERUM (Nachtpflege)90 ml - Friseur Hopmann Hairstyling","isPartOf":{"@id":"https:\/\/www.friseur-hopmann.de\/#website"},"primaryImageOfPage":{"@id":"https:\/\/www.friseur-hopmann.de\/?product=nuritive-8h-magic-night-serum-90-ml#primaryimage"},"image":{"@id":"https:\/\/www.friseur-hopmann.de\/?product=nuritive-8h-magic-night-serum-90-ml#primaryimage"},"thumbnailUrl":"https:\/\/www.friseur-hopmann.de\/wp-content\/uploads\/2019\/03\/8magic-Night-Serum-Neu.jpg","datePublished":"2019-03-14T18:20:08+00:00","dateModified":"2025-01-04T21:31:21+00:00","breadcrumb":{"@id":"https:\/\/www.friseur-hopmann.de\/?product=nuritive-8h-magic-night-serum-90-ml#breadcrumb"},"inLanguage":"de","potentialAction":[{"@type":"ReadAction","target":["https:\/\/www.friseur-hopmann.de\/?product=nuritive-8h-magic-night-serum-90-ml"]}]},{"@type":"ImageObject","inLanguage":"de","@id":"https:\/\/www.friseur-hopmann.de\/?product=nuritive-8h-magic-night-serum-90-ml#primaryimage","url":"https:\/\/www.friseur-hopmann.de\/wp-content\/uploads\/2019\/03\/8magic-Night-Serum-Neu.jpg","contentUrl":"https:\/\/www.friseur-hopmann.de\/wp-content\/uploads\/2019\/03\/8magic-Night-Serum-Neu.jpg","width":992,"height":756},{"@type":"BreadcrumbList","@id":"https:\/\/www.friseur-hopmann.de\/?product=nuritive-8h-magic-night-serum-90-ml#breadcrumb","itemListElement":[{"@type":"ListItem","position":1,"name":"Startseite","item":"https:\/\/www.friseur-hopmann.de\/"},{"@type":"ListItem","position":2,"name":"Produkte","item":"https:\/\/www.friseur-hopmann.de\/?post_type=product"},{"@type":"ListItem","position":3,"name":"K\u00c9RASTASE NURITIVE 8H MAGIC NIGHT SERUM (Nachtpflege)90 ml"}]},{"@type":"WebSite","@id":"https:\/\/www.friseur-hopmann.de\/#website","url":"https:\/\/www.friseur-hopmann.de\/","name":"Friseur Hopmann Hairstyling","description":"Ihr Friseur in Nordhorn","potentialAction":[{"@type":"SearchAction","target":{"@type":"EntryPoint","urlTemplate":"https:\/\/www.friseur-hopmann.de\/?s={search_term_string}"},"query-input":{"@type":"PropertyValueSpecification","valueRequired":true,"valueName":"search_term_string"}}],"inLanguage":"de"}]}},"brands":[],"_links":{"self":[{"href":"https:\/\/www.friseur-hopmann.de\/index.php?rest_route=\/wp\/v2\/product\/12395","targetHints":{"allow":["GET"]}}],"collection":[{"href":"https:\/\/www.friseur-hopmann.de\/index.php?rest_route=\/wp\/v2\/product"}],"about":[{"href":"https:\/\/www.friseur-hopmann.de\/index.php?rest_route=\/wp\/v2\/types\/product"}],"replies":[{"embeddable":true,"href":"https:\/\/www.friseur-hopmann.de\/index.php?rest_route=%2Fwp%2Fv2%2Fcomments&post=12395"}],"wp:featuredmedia":[{"embeddable":true,"href":"https:\/\/www.friseur-hopmann.de\/index.php?rest_route=\/wp\/v2\/media\/22329"}],"wp:attachment":[{"href":"https:\/\/www.friseur-hopmann.de\/index.php?rest_route=%2Fwp%2Fv2%2Fmedia&parent=12395"}],"wp:term":[{"taxonomy":"pwb-brand","embeddable":true,"href":"https:\/\/www.friseur-hopmann.de\/index.php?rest_route=%2Fwp%2Fv2%2Fpwb-brand&post=12395"},{"taxonomy":"product_brand","embeddable":true,"href":"https:\/\/www.friseur-hopmann.de\/index.php?rest_route=%2Fwp%2Fv2%2Fproduct_brand&post=12395"},{"taxonomy":"product_cat","embeddable":true,"href":"https:\/\/www.friseur-hopmann.de\/index.php?rest_route=%2Fwp%2Fv2%2Fproduct_cat&post=12395"},{"taxonomy":"product_tag","embeddable":true,"href":"https:\/\/www.friseur-hopmann.de\/index.php?rest_route=%2Fwp%2Fv2%2Fproduct_tag&post=12395"}],"curies":[{"name":"wp","href":"https:\/\/api.w.org\/{rel}","templated":true}]}}