{"id":12392,"date":"2019-03-14T20:08:51","date_gmt":"2019-03-14T18:08:51","guid":{"rendered":"https:\/\/friseur-hopmann.de\/?post_type=product&#038;p=12392"},"modified":"2025-05-25T16:17:09","modified_gmt":"2025-05-25T14:17:09","slug":"blond-absolu-masque-ultra-violet-haarkur","status":"publish","type":"product","link":"https:\/\/www.friseur-hopmann.de\/?product=blond-absolu-masque-ultra-violet-haarkur","title":{"rendered":"K\u00c9RASTASE BLOND ABSOLU MASQUE ULTRA-VIOLET (Haarkur) 200 ml"},"content":{"rendered":"<h2>K\u00e9rastase Blond Absolu Masque Ultra-Violet 200 ml<\/h2>\n<p>Das <strong>K\u00e9rastase Blond Absolu Masque Ultra-Violet <\/strong>ist ein luxuri\u00f6se Haarmaske speziell konzipiert f\u00fcr blondiertes, gestr\u00e4hntes oder nat\u00fcrlich blondes Haar. Es neutralisiert den Gelbstich, sch\u00fctzt aktiv vor t\u00e4glicher Oxidation, verleiht dem Haar seidigen Glanz und Geschmeidigkeit und sorgt f\u00fcr eine intensive, langanhaltende Pflege.<\/p>\n<h2>Eigenschaften von K\u00e9rastase Blond Absolu Masque Ultra-Violet<\/h2>\n<ul>\n<li>Ultra-Violette Pigmente zur Neutralisierung von unerw\u00fcnschten, warmen Farbreflexen (gelb bis orange)<\/li>\n<li>F\u00fcr strahlend k\u00fchle Blondt\u00f6ne mit langanhaltender Brillianz<\/li>\n<li>F\u00fcr ein dauerhaft seidiges Haargef\u00fchl<\/li>\n<li>Sofortige Regenerierung der Haarfaser: intensiv pflegende, anti-oxidative Eigenschaften<\/li>\n<\/ul>\n","protected":false},"excerpt":{"rendered":"<p>Das <strong>K\u00e9rastase Blond Absolu Masque Ultra-Violet <\/strong>ist ein luxuri\u00f6se Haarmaske speziell konzipiert f\u00fcr blondiertes, gestr\u00e4hntes oder nat\u00fcrlich blondes Haar. Es neutralisiert den Gelbstich, sch\u00fctzt aktiv vor t\u00e4glicher Oxidation, verleiht dem Haar seidigen Glanz und Geschmeidigkeit und sorgt f\u00fcr eine intensive, langanhaltende Pflege.<\/p>\n<div class=\"se-field se-switch field flex se-field--fluid\">\n<div class=\"se-field__label-container\">\n<div class=\"se-field__label-section fixed-width\">\n<p><strong><label class=\"field__label\" for=\"s0-0-0-24-8-REGULATORY_COMPLIANCE-0-34-6[3]-1-se-switch\">I<em>nformationen zur Produktsicherheit (GPSR-Richtlinien)<\/em><\/label><\/strong><\/p>\n<p><em>Enth\u00e4lt Inhaltsstoffe, die Allergien ausl\u00f6sen k\u00f6nnen.<\/em><\/p>\n<p><em>Bei Kontakt mit den Augen, diese gr\u00fcndlich aussp\u00fclen.<\/em><\/p>\n<p>Verantwortlicher Hersteller: L<em>oreal Professionnel,\u00a0 14, rue Royale 75008 Paris\u00b4<\/em><\/p>\n<\/div>\n<\/div>\n<\/div>\n<div class=\"summary__hazmat-gridview-section\">\n<div class=\"summary__regulatory--section hazmat-statements\">\n<div class=\"se-field se-expand-button se-filter-menu-button field se-field--fluid\">\n<div class=\"se-field--fluid\">\n<div><em>fragen@loreal-group. com<\/em><\/div>\n<\/div>\n<\/div>\n<\/div>\n<\/div>\n","protected":false},"featured_media":12393,"comment_status":"closed","ping_status":"closed","template":"","meta":{"_exactmetrics_skip_tracking":false,"_exactmetrics_sitenote_active":false,"_exactmetrics_sitenote_note":"","_exactmetrics_sitenote_category":0,"_monsterinsights_skip_tracking":false,"_monsterinsights_sitenote_active":false,"_monsterinsights_sitenote_note":"","_monsterinsights_sitenote_category":0},"pwb-brand":[],"product_brand":[],"product_cat":[491,544,685],"product_tag":[756,697,669,758],"class_list":{"0":"post-12392","1":"product","2":"type-product","3":"status-publish","4":"has-post-thumbnail","6":"product_cat-kerastase","7":"product_cat-kerastase-haarpflege","8":"product_cat-blond-absolu","9":"product_tag-anti-gelb-gold-effekt","10":"product_tag-haarkur","11":"product_tag-intensiv-haarpflege","12":"product_tag-silbermaske","14":"first","15":"instock","16":"taxable","17":"shipping-taxable","18":"purchasable","19":"product-type-simple"},"yoast_head":"<!-- This site is optimized with the Yoast SEO plugin v24.6 - https:\/\/yoast.com\/wordpress\/plugins\/seo\/ -->\n<title>K\u00c9RASTASE BLOND ABSOLU MASQUE ULTRA-VIOLET (Haarkur) 200 ml - Friseur Hopmann Hairstyling<\/title>\n<meta name=\"robots\" content=\"index, follow, max-snippet:-1, max-image-preview:large, max-video-preview:-1\" \/>\n<link rel=\"canonical\" href=\"https:\/\/www.friseur-hopmann.de\/?product=blond-absolu-masque-ultra-violet-haarkur\" \/>\n<meta property=\"og:locale\" content=\"de_DE\" \/>\n<meta property=\"og:type\" content=\"article\" \/>\n<meta property=\"og:title\" content=\"K\u00c9RASTASE BLOND ABSOLU MASQUE ULTRA-VIOLET (Haarkur) 200 ml - Friseur Hopmann Hairstyling\" \/>\n<meta property=\"og:description\" content=\"Das K\u00e9rastase Blond Absolu Masque Ultra-Violet ist ein luxuri\u00f6se Haarmaske speziell konzipiert f\u00fcr blondiertes, gestr\u00e4hntes oder nat\u00fcrlich blondes Haar. Es neutralisiert den Gelbstich, sch\u00fctzt aktiv vor t\u00e4glicher Oxidation, verleiht dem Haar seidigen Glanz und Geschmeidigkeit und sorgt f\u00fcr eine intensive, langanhaltende Pflege.     Informationen zur Produktsicherheit (GPSR-Richtlinien)  Enth\u00e4lt Inhaltsstoffe, die Allergien ausl\u00f6sen k\u00f6nnen.  Bei Kontakt mit den Augen, diese gr\u00fcndlich aussp\u00fclen.  Verantwortlicher Hersteller: Loreal Professionnel,\u00a0 14, rue Royale 75008 Paris\u00b4         fragen@loreal-group. com\" \/>\n<meta property=\"og:url\" content=\"https:\/\/www.friseur-hopmann.de\/?product=blond-absolu-masque-ultra-violet-haarkur\" \/>\n<meta property=\"og:site_name\" content=\"Friseur Hopmann Hairstyling\" \/>\n<meta property=\"article:modified_time\" content=\"2025-05-25T14:17:09+00:00\" \/>\n<meta property=\"og:image\" content=\"http:\/\/www.friseur-hopmann.de\/wp-content\/uploads\/2019\/03\/Blond-Absolu-Masque-ultra-violet-200ml.jpg\" \/>\n\t<meta property=\"og:image:width\" content=\"500\" \/>\n\t<meta property=\"og:image:height\" content=\"500\" \/>\n\t<meta property=\"og:image:type\" content=\"image\/jpeg\" \/>\n<meta name=\"twitter:card\" content=\"summary_large_image\" \/>\n<meta name=\"twitter:label1\" content=\"Gesch\u00e4tzte Lesezeit\" \/>\n\t<meta name=\"twitter:data1\" content=\"1\u00a0Minute\" \/>\n<script type=\"application\/ld+json\" class=\"yoast-schema-graph\">{\"@context\":\"https:\/\/schema.org\",\"@graph\":[{\"@type\":\"WebPage\",\"@id\":\"https:\/\/www.friseur-hopmann.de\/?product=blond-absolu-masque-ultra-violet-haarkur\",\"url\":\"https:\/\/www.friseur-hopmann.de\/?product=blond-absolu-masque-ultra-violet-haarkur\",\"name\":\"K\u00c9RASTASE BLOND ABSOLU MASQUE ULTRA-VIOLET (Haarkur) 200 ml - Friseur Hopmann Hairstyling\",\"isPartOf\":{\"@id\":\"https:\/\/www.friseur-hopmann.de\/#website\"},\"primaryImageOfPage\":{\"@id\":\"https:\/\/www.friseur-hopmann.de\/?product=blond-absolu-masque-ultra-violet-haarkur#primaryimage\"},\"image\":{\"@id\":\"https:\/\/www.friseur-hopmann.de\/?product=blond-absolu-masque-ultra-violet-haarkur#primaryimage\"},\"thumbnailUrl\":\"https:\/\/www.friseur-hopmann.de\/wp-content\/uploads\/2019\/03\/Blond-Absolu-Masque-ultra-violet-200ml.jpg\",\"datePublished\":\"2019-03-14T18:08:51+00:00\",\"dateModified\":\"2025-05-25T14:17:09+00:00\",\"breadcrumb\":{\"@id\":\"https:\/\/www.friseur-hopmann.de\/?product=blond-absolu-masque-ultra-violet-haarkur#breadcrumb\"},\"inLanguage\":\"de\",\"potentialAction\":[{\"@type\":\"ReadAction\",\"target\":[\"https:\/\/www.friseur-hopmann.de\/?product=blond-absolu-masque-ultra-violet-haarkur\"]}]},{\"@type\":\"ImageObject\",\"inLanguage\":\"de\",\"@id\":\"https:\/\/www.friseur-hopmann.de\/?product=blond-absolu-masque-ultra-violet-haarkur#primaryimage\",\"url\":\"https:\/\/www.friseur-hopmann.de\/wp-content\/uploads\/2019\/03\/Blond-Absolu-Masque-ultra-violet-200ml.jpg\",\"contentUrl\":\"https:\/\/www.friseur-hopmann.de\/wp-content\/uploads\/2019\/03\/Blond-Absolu-Masque-ultra-violet-200ml.jpg\",\"width\":500,\"height\":500},{\"@type\":\"BreadcrumbList\",\"@id\":\"https:\/\/www.friseur-hopmann.de\/?product=blond-absolu-masque-ultra-violet-haarkur#breadcrumb\",\"itemListElement\":[{\"@type\":\"ListItem\",\"position\":1,\"name\":\"Startseite\",\"item\":\"https:\/\/www.friseur-hopmann.de\/\"},{\"@type\":\"ListItem\",\"position\":2,\"name\":\"Produkte\",\"item\":\"https:\/\/www.friseur-hopmann.de\/?post_type=product\"},{\"@type\":\"ListItem\",\"position\":3,\"name\":\"K\u00c9RASTASE BLOND ABSOLU MASQUE ULTRA-VIOLET (Haarkur) 200 ml\"}]},{\"@type\":\"WebSite\",\"@id\":\"https:\/\/www.friseur-hopmann.de\/#website\",\"url\":\"https:\/\/www.friseur-hopmann.de\/\",\"name\":\"Friseur Hopmann Hairstyling\",\"description\":\"Ihr Friseur in Nordhorn\",\"potentialAction\":[{\"@type\":\"SearchAction\",\"target\":{\"@type\":\"EntryPoint\",\"urlTemplate\":\"https:\/\/www.friseur-hopmann.de\/?s={search_term_string}\"},\"query-input\":{\"@type\":\"PropertyValueSpecification\",\"valueRequired\":true,\"valueName\":\"search_term_string\"}}],\"inLanguage\":\"de\"}]}<\/script>\n<!-- \/ Yoast SEO plugin. -->","yoast_head_json":{"title":"K\u00c9RASTASE BLOND ABSOLU MASQUE ULTRA-VIOLET (Haarkur) 200 ml - Friseur Hopmann Hairstyling","robots":{"index":"index","follow":"follow","max-snippet":"max-snippet:-1","max-image-preview":"max-image-preview:large","max-video-preview":"max-video-preview:-1"},"canonical":"https:\/\/www.friseur-hopmann.de\/?product=blond-absolu-masque-ultra-violet-haarkur","og_locale":"de_DE","og_type":"article","og_title":"K\u00c9RASTASE BLOND ABSOLU MASQUE ULTRA-VIOLET (Haarkur) 200 ml - Friseur Hopmann Hairstyling","og_description":"Das K\u00e9rastase Blond Absolu Masque Ultra-Violet ist ein luxuri\u00f6se Haarmaske speziell konzipiert f\u00fcr blondiertes, gestr\u00e4hntes oder nat\u00fcrlich blondes Haar. Es neutralisiert den Gelbstich, sch\u00fctzt aktiv vor t\u00e4glicher Oxidation, verleiht dem Haar seidigen Glanz und Geschmeidigkeit und sorgt f\u00fcr eine intensive, langanhaltende Pflege.     Informationen zur Produktsicherheit (GPSR-Richtlinien)  Enth\u00e4lt Inhaltsstoffe, die Allergien ausl\u00f6sen k\u00f6nnen.  Bei Kontakt mit den Augen, diese gr\u00fcndlich aussp\u00fclen.  Verantwortlicher Hersteller: Loreal Professionnel,\u00a0 14, rue Royale 75008 Paris\u00b4         fragen@loreal-group. com","og_url":"https:\/\/www.friseur-hopmann.de\/?product=blond-absolu-masque-ultra-violet-haarkur","og_site_name":"Friseur Hopmann Hairstyling","article_modified_time":"2025-05-25T14:17:09+00:00","og_image":[{"width":500,"height":500,"url":"http:\/\/www.friseur-hopmann.de\/wp-content\/uploads\/2019\/03\/Blond-Absolu-Masque-ultra-violet-200ml.jpg","type":"image\/jpeg"}],"twitter_card":"summary_large_image","twitter_misc":{"Gesch\u00e4tzte Lesezeit":"1\u00a0Minute"},"schema":{"@context":"https:\/\/schema.org","@graph":[{"@type":"WebPage","@id":"https:\/\/www.friseur-hopmann.de\/?product=blond-absolu-masque-ultra-violet-haarkur","url":"https:\/\/www.friseur-hopmann.de\/?product=blond-absolu-masque-ultra-violet-haarkur","name":"K\u00c9RASTASE BLOND ABSOLU MASQUE ULTRA-VIOLET (Haarkur) 200 ml - Friseur Hopmann Hairstyling","isPartOf":{"@id":"https:\/\/www.friseur-hopmann.de\/#website"},"primaryImageOfPage":{"@id":"https:\/\/www.friseur-hopmann.de\/?product=blond-absolu-masque-ultra-violet-haarkur#primaryimage"},"image":{"@id":"https:\/\/www.friseur-hopmann.de\/?product=blond-absolu-masque-ultra-violet-haarkur#primaryimage"},"thumbnailUrl":"https:\/\/www.friseur-hopmann.de\/wp-content\/uploads\/2019\/03\/Blond-Absolu-Masque-ultra-violet-200ml.jpg","datePublished":"2019-03-14T18:08:51+00:00","dateModified":"2025-05-25T14:17:09+00:00","breadcrumb":{"@id":"https:\/\/www.friseur-hopmann.de\/?product=blond-absolu-masque-ultra-violet-haarkur#breadcrumb"},"inLanguage":"de","potentialAction":[{"@type":"ReadAction","target":["https:\/\/www.friseur-hopmann.de\/?product=blond-absolu-masque-ultra-violet-haarkur"]}]},{"@type":"ImageObject","inLanguage":"de","@id":"https:\/\/www.friseur-hopmann.de\/?product=blond-absolu-masque-ultra-violet-haarkur#primaryimage","url":"https:\/\/www.friseur-hopmann.de\/wp-content\/uploads\/2019\/03\/Blond-Absolu-Masque-ultra-violet-200ml.jpg","contentUrl":"https:\/\/www.friseur-hopmann.de\/wp-content\/uploads\/2019\/03\/Blond-Absolu-Masque-ultra-violet-200ml.jpg","width":500,"height":500},{"@type":"BreadcrumbList","@id":"https:\/\/www.friseur-hopmann.de\/?product=blond-absolu-masque-ultra-violet-haarkur#breadcrumb","itemListElement":[{"@type":"ListItem","position":1,"name":"Startseite","item":"https:\/\/www.friseur-hopmann.de\/"},{"@type":"ListItem","position":2,"name":"Produkte","item":"https:\/\/www.friseur-hopmann.de\/?post_type=product"},{"@type":"ListItem","position":3,"name":"K\u00c9RASTASE BLOND ABSOLU MASQUE ULTRA-VIOLET (Haarkur) 200 ml"}]},{"@type":"WebSite","@id":"https:\/\/www.friseur-hopmann.de\/#website","url":"https:\/\/www.friseur-hopmann.de\/","name":"Friseur Hopmann Hairstyling","description":"Ihr Friseur in Nordhorn","potentialAction":[{"@type":"SearchAction","target":{"@type":"EntryPoint","urlTemplate":"https:\/\/www.friseur-hopmann.de\/?s={search_term_string}"},"query-input":{"@type":"PropertyValueSpecification","valueRequired":true,"valueName":"search_term_string"}}],"inLanguage":"de"}]}},"brands":[],"_links":{"self":[{"href":"https:\/\/www.friseur-hopmann.de\/index.php?rest_route=\/wp\/v2\/product\/12392","targetHints":{"allow":["GET"]}}],"collection":[{"href":"https:\/\/www.friseur-hopmann.de\/index.php?rest_route=\/wp\/v2\/product"}],"about":[{"href":"https:\/\/www.friseur-hopmann.de\/index.php?rest_route=\/wp\/v2\/types\/product"}],"replies":[{"embeddable":true,"href":"https:\/\/www.friseur-hopmann.de\/index.php?rest_route=%2Fwp%2Fv2%2Fcomments&post=12392"}],"wp:featuredmedia":[{"embeddable":true,"href":"https:\/\/www.friseur-hopmann.de\/index.php?rest_route=\/wp\/v2\/media\/12393"}],"wp:attachment":[{"href":"https:\/\/www.friseur-hopmann.de\/index.php?rest_route=%2Fwp%2Fv2%2Fmedia&parent=12392"}],"wp:term":[{"taxonomy":"pwb-brand","embeddable":true,"href":"https:\/\/www.friseur-hopmann.de\/index.php?rest_route=%2Fwp%2Fv2%2Fpwb-brand&post=12392"},{"taxonomy":"product_brand","embeddable":true,"href":"https:\/\/www.friseur-hopmann.de\/index.php?rest_route=%2Fwp%2Fv2%2Fproduct_brand&post=12392"},{"taxonomy":"product_cat","embeddable":true,"href":"https:\/\/www.friseur-hopmann.de\/index.php?rest_route=%2Fwp%2Fv2%2Fproduct_cat&post=12392"},{"taxonomy":"product_tag","embeddable":true,"href":"https:\/\/www.friseur-hopmann.de\/index.php?rest_route=%2Fwp%2Fv2%2Fproduct_tag&post=12392"}],"curies":[{"name":"wp","href":"https:\/\/api.w.org\/{rel}","templated":true}]}}