{"id":12370,"date":"2019-03-05T17:32:54","date_gmt":"2019-03-05T15:32:54","guid":{"rendered":"https:\/\/friseur-hopmann.de\/?post_type=product&#038;p=12370"},"modified":"2026-01-03T09:13:35","modified_gmt":"2026-01-03T07:13:35","slug":"mason-pearson-b4-10-reihig-reine-wildschweinborsten","status":"publish","type":"product","link":"https:\/\/www.friseur-hopmann.de\/?product=mason-pearson-b4-10-reihig-reine-wildschweinborsten","title":{"rendered":"Mason Pearson B4   10- reihig reine Wildschweinborsten"},"content":{"rendered":"<div class=\"std col-lg-8 col-lg-offset-2 col-md-10 col-md-offset-1\">\n<h2>Mason Pearson Pocket Bristle B4 10- reihig reine Wildschweinborsten<\/h2>\n<p><strong><span class=\"style9\"><br \/>\nMason Pearson<br \/>\nPocket Bristle B4 10- reihig reine Wildschweinborsten<br \/>\n<\/span><\/strong><\/p>\n<div class=\"style1\">\n<p>Produktbeschreibung:<\/p>\n<p>Serie Schwarzrubin Die Top-Marke f\u00fcr die allerfeinsten Haarb\u00fcrsten weltweit,<br \/>\nvom Erfinder der Pneumatikb\u00fcrste MASON PEARSON im Jahre 1885.<br \/>\nHandwerkliche Herstellung, Verwendung nur der allerbesten Materialien und reiner,<br \/>\nhandverlesener Wildschweinborsten kennzeichnen diese einzigartigen Haarb\u00fcrsten.<br \/>\nT\u00e4gliches b\u00fcrsten spielt eine grosse Rolle f\u00fcr gesundes und gl\u00e4nzendes Haar.<br \/>\nDie Mason Pearson Haarb\u00fcrste reinigt das Haar und stimuliert die Kopfhaut,<br \/>\nwobei die Haarwurzeln besser durchblutet werden.<br \/>\nEin nat\u00fcrliches und pflegendes Sebum wird abgesondert.<br \/>\nDas Haar zu b\u00fcrsten hilft dieses Sebum bis in die L\u00e4ngen und Spitzen zu verteilen.<br \/>\nDies gibt dem Haar Kraft und sorgt f\u00fcr einen nat\u00fcrlichen und sch\u00f6nen Glanz<\/p>\n<\/div>\n<\/div>\n","protected":false},"excerpt":{"rendered":"<p><strong><span class=\"style9\">Mason Pearson<br \/>\nPocket Bristle B4 10- reihig reine Wildschweinborsten,<\/span><\/strong><\/p>\n<p>gibt dem Haar Kraft und sorgt f\u00fcr einen nat\u00fcrlichen und sch\u00f6nen Glanz<\/p>\n","protected":false},"featured_media":12371,"comment_status":"closed","ping_status":"closed","template":"","meta":{"_exactmetrics_skip_tracking":false,"_exactmetrics_sitenote_active":false,"_exactmetrics_sitenote_note":"","_exactmetrics_sitenote_category":0,"_monsterinsights_skip_tracking":false,"_monsterinsights_sitenote_active":false,"_monsterinsights_sitenote_note":"","_monsterinsights_sitenote_category":0},"pwb-brand":[],"product_brand":[],"product_cat":[505,671],"product_tag":[683,682],"class_list":{"0":"post-12370","1":"product","2":"type-product","3":"status-publish","4":"has-post-thumbnail","6":"product_cat-bursten-kamme","7":"product_cat-unkategorisiert","8":"product_tag-haarbuerste","9":"product_tag-mason-pearson","11":"first","12":"instock","13":"taxable","14":"shipping-taxable","15":"purchasable","16":"product-type-simple"},"yoast_head":"<!-- This site is optimized with the Yoast SEO plugin v24.6 - https:\/\/yoast.com\/wordpress\/plugins\/seo\/ -->\n<title>Mason Pearson B4  10- reihig reine Wildschweinborsten - Friseur Hopmann Hairstyling<\/title>\n<meta name=\"robots\" content=\"index, follow, max-snippet:-1, max-image-preview:large, max-video-preview:-1\" \/>\n<link rel=\"canonical\" href=\"https:\/\/www.friseur-hopmann.de\/?product=mason-pearson-b4-10-reihig-reine-wildschweinborsten\" \/>\n<meta property=\"og:locale\" content=\"de_DE\" \/>\n<meta property=\"og:type\" content=\"article\" \/>\n<meta property=\"og:title\" content=\"Mason Pearson B4  10- reihig reine Wildschweinborsten - Friseur Hopmann Hairstyling\" \/>\n<meta property=\"og:description\" content=\"Mason Pearson Pocket Bristle B4 10- reihig reine Wildschweinborsten,  gibt dem Haar Kraft und sorgt f\u00fcr einen nat\u00fcrlichen und sch\u00f6nen Glanz\" \/>\n<meta property=\"og:url\" content=\"https:\/\/www.friseur-hopmann.de\/?product=mason-pearson-b4-10-reihig-reine-wildschweinborsten\" \/>\n<meta property=\"og:site_name\" content=\"Friseur Hopmann Hairstyling\" \/>\n<meta property=\"article:modified_time\" content=\"2026-01-03T07:13:35+00:00\" \/>\n<meta property=\"og:image\" content=\"http:\/\/www.friseur-hopmann.de\/wp-content\/uploads\/2019\/03\/Mason-Person-B4.jpg\" \/>\n\t<meta property=\"og:image:width\" content=\"1600\" \/>\n\t<meta property=\"og:image:height\" content=\"1600\" \/>\n\t<meta property=\"og:image:type\" content=\"image\/jpeg\" \/>\n<meta name=\"twitter:card\" content=\"summary_large_image\" \/>\n<meta name=\"twitter:label1\" content=\"Gesch\u00e4tzte Lesezeit\" \/>\n\t<meta name=\"twitter:data1\" content=\"1\u00a0Minute\" \/>\n<script type=\"application\/ld+json\" class=\"yoast-schema-graph\">{\"@context\":\"https:\/\/schema.org\",\"@graph\":[{\"@type\":\"WebPage\",\"@id\":\"https:\/\/www.friseur-hopmann.de\/?product=mason-pearson-b4-10-reihig-reine-wildschweinborsten\",\"url\":\"https:\/\/www.friseur-hopmann.de\/?product=mason-pearson-b4-10-reihig-reine-wildschweinborsten\",\"name\":\"Mason Pearson B4 10- reihig reine Wildschweinborsten - Friseur Hopmann Hairstyling\",\"isPartOf\":{\"@id\":\"https:\/\/www.friseur-hopmann.de\/#website\"},\"primaryImageOfPage\":{\"@id\":\"https:\/\/www.friseur-hopmann.de\/?product=mason-pearson-b4-10-reihig-reine-wildschweinborsten#primaryimage\"},\"image\":{\"@id\":\"https:\/\/www.friseur-hopmann.de\/?product=mason-pearson-b4-10-reihig-reine-wildschweinborsten#primaryimage\"},\"thumbnailUrl\":\"https:\/\/www.friseur-hopmann.de\/wp-content\/uploads\/2019\/03\/Mason-Person-B4.jpg\",\"datePublished\":\"2019-03-05T15:32:54+00:00\",\"dateModified\":\"2026-01-03T07:13:35+00:00\",\"breadcrumb\":{\"@id\":\"https:\/\/www.friseur-hopmann.de\/?product=mason-pearson-b4-10-reihig-reine-wildschweinborsten#breadcrumb\"},\"inLanguage\":\"de\",\"potentialAction\":[{\"@type\":\"ReadAction\",\"target\":[\"https:\/\/www.friseur-hopmann.de\/?product=mason-pearson-b4-10-reihig-reine-wildschweinborsten\"]}]},{\"@type\":\"ImageObject\",\"inLanguage\":\"de\",\"@id\":\"https:\/\/www.friseur-hopmann.de\/?product=mason-pearson-b4-10-reihig-reine-wildschweinborsten#primaryimage\",\"url\":\"https:\/\/www.friseur-hopmann.de\/wp-content\/uploads\/2019\/03\/Mason-Person-B4.jpg\",\"contentUrl\":\"https:\/\/www.friseur-hopmann.de\/wp-content\/uploads\/2019\/03\/Mason-Person-B4.jpg\",\"width\":1600,\"height\":1600},{\"@type\":\"BreadcrumbList\",\"@id\":\"https:\/\/www.friseur-hopmann.de\/?product=mason-pearson-b4-10-reihig-reine-wildschweinborsten#breadcrumb\",\"itemListElement\":[{\"@type\":\"ListItem\",\"position\":1,\"name\":\"Startseite\",\"item\":\"https:\/\/www.friseur-hopmann.de\/\"},{\"@type\":\"ListItem\",\"position\":2,\"name\":\"Produkte\",\"item\":\"https:\/\/www.friseur-hopmann.de\/?post_type=product\"},{\"@type\":\"ListItem\",\"position\":3,\"name\":\"Mason Pearson B4 10- reihig reine Wildschweinborsten\"}]},{\"@type\":\"WebSite\",\"@id\":\"https:\/\/www.friseur-hopmann.de\/#website\",\"url\":\"https:\/\/www.friseur-hopmann.de\/\",\"name\":\"Friseur Hopmann Hairstyling\",\"description\":\"Ihr Friseur in Nordhorn\",\"potentialAction\":[{\"@type\":\"SearchAction\",\"target\":{\"@type\":\"EntryPoint\",\"urlTemplate\":\"https:\/\/www.friseur-hopmann.de\/?s={search_term_string}\"},\"query-input\":{\"@type\":\"PropertyValueSpecification\",\"valueRequired\":true,\"valueName\":\"search_term_string\"}}],\"inLanguage\":\"de\"}]}<\/script>\n<!-- \/ Yoast SEO plugin. -->","yoast_head_json":{"title":"Mason Pearson B4  10- reihig reine Wildschweinborsten - Friseur Hopmann Hairstyling","robots":{"index":"index","follow":"follow","max-snippet":"max-snippet:-1","max-image-preview":"max-image-preview:large","max-video-preview":"max-video-preview:-1"},"canonical":"https:\/\/www.friseur-hopmann.de\/?product=mason-pearson-b4-10-reihig-reine-wildschweinborsten","og_locale":"de_DE","og_type":"article","og_title":"Mason Pearson B4  10- reihig reine Wildschweinborsten - Friseur Hopmann Hairstyling","og_description":"Mason Pearson Pocket Bristle B4 10- reihig reine Wildschweinborsten,  gibt dem Haar Kraft und sorgt f\u00fcr einen nat\u00fcrlichen und sch\u00f6nen Glanz","og_url":"https:\/\/www.friseur-hopmann.de\/?product=mason-pearson-b4-10-reihig-reine-wildschweinborsten","og_site_name":"Friseur Hopmann Hairstyling","article_modified_time":"2026-01-03T07:13:35+00:00","og_image":[{"width":1600,"height":1600,"url":"http:\/\/www.friseur-hopmann.de\/wp-content\/uploads\/2019\/03\/Mason-Person-B4.jpg","type":"image\/jpeg"}],"twitter_card":"summary_large_image","twitter_misc":{"Gesch\u00e4tzte Lesezeit":"1\u00a0Minute"},"schema":{"@context":"https:\/\/schema.org","@graph":[{"@type":"WebPage","@id":"https:\/\/www.friseur-hopmann.de\/?product=mason-pearson-b4-10-reihig-reine-wildschweinborsten","url":"https:\/\/www.friseur-hopmann.de\/?product=mason-pearson-b4-10-reihig-reine-wildschweinborsten","name":"Mason Pearson B4 10- reihig reine Wildschweinborsten - Friseur Hopmann Hairstyling","isPartOf":{"@id":"https:\/\/www.friseur-hopmann.de\/#website"},"primaryImageOfPage":{"@id":"https:\/\/www.friseur-hopmann.de\/?product=mason-pearson-b4-10-reihig-reine-wildschweinborsten#primaryimage"},"image":{"@id":"https:\/\/www.friseur-hopmann.de\/?product=mason-pearson-b4-10-reihig-reine-wildschweinborsten#primaryimage"},"thumbnailUrl":"https:\/\/www.friseur-hopmann.de\/wp-content\/uploads\/2019\/03\/Mason-Person-B4.jpg","datePublished":"2019-03-05T15:32:54+00:00","dateModified":"2026-01-03T07:13:35+00:00","breadcrumb":{"@id":"https:\/\/www.friseur-hopmann.de\/?product=mason-pearson-b4-10-reihig-reine-wildschweinborsten#breadcrumb"},"inLanguage":"de","potentialAction":[{"@type":"ReadAction","target":["https:\/\/www.friseur-hopmann.de\/?product=mason-pearson-b4-10-reihig-reine-wildschweinborsten"]}]},{"@type":"ImageObject","inLanguage":"de","@id":"https:\/\/www.friseur-hopmann.de\/?product=mason-pearson-b4-10-reihig-reine-wildschweinborsten#primaryimage","url":"https:\/\/www.friseur-hopmann.de\/wp-content\/uploads\/2019\/03\/Mason-Person-B4.jpg","contentUrl":"https:\/\/www.friseur-hopmann.de\/wp-content\/uploads\/2019\/03\/Mason-Person-B4.jpg","width":1600,"height":1600},{"@type":"BreadcrumbList","@id":"https:\/\/www.friseur-hopmann.de\/?product=mason-pearson-b4-10-reihig-reine-wildschweinborsten#breadcrumb","itemListElement":[{"@type":"ListItem","position":1,"name":"Startseite","item":"https:\/\/www.friseur-hopmann.de\/"},{"@type":"ListItem","position":2,"name":"Produkte","item":"https:\/\/www.friseur-hopmann.de\/?post_type=product"},{"@type":"ListItem","position":3,"name":"Mason Pearson B4 10- reihig reine Wildschweinborsten"}]},{"@type":"WebSite","@id":"https:\/\/www.friseur-hopmann.de\/#website","url":"https:\/\/www.friseur-hopmann.de\/","name":"Friseur Hopmann Hairstyling","description":"Ihr Friseur in Nordhorn","potentialAction":[{"@type":"SearchAction","target":{"@type":"EntryPoint","urlTemplate":"https:\/\/www.friseur-hopmann.de\/?s={search_term_string}"},"query-input":{"@type":"PropertyValueSpecification","valueRequired":true,"valueName":"search_term_string"}}],"inLanguage":"de"}]}},"brands":[],"_links":{"self":[{"href":"https:\/\/www.friseur-hopmann.de\/index.php?rest_route=\/wp\/v2\/product\/12370","targetHints":{"allow":["GET"]}}],"collection":[{"href":"https:\/\/www.friseur-hopmann.de\/index.php?rest_route=\/wp\/v2\/product"}],"about":[{"href":"https:\/\/www.friseur-hopmann.de\/index.php?rest_route=\/wp\/v2\/types\/product"}],"replies":[{"embeddable":true,"href":"https:\/\/www.friseur-hopmann.de\/index.php?rest_route=%2Fwp%2Fv2%2Fcomments&post=12370"}],"wp:featuredmedia":[{"embeddable":true,"href":"https:\/\/www.friseur-hopmann.de\/index.php?rest_route=\/wp\/v2\/media\/12371"}],"wp:attachment":[{"href":"https:\/\/www.friseur-hopmann.de\/index.php?rest_route=%2Fwp%2Fv2%2Fmedia&parent=12370"}],"wp:term":[{"taxonomy":"pwb-brand","embeddable":true,"href":"https:\/\/www.friseur-hopmann.de\/index.php?rest_route=%2Fwp%2Fv2%2Fpwb-brand&post=12370"},{"taxonomy":"product_brand","embeddable":true,"href":"https:\/\/www.friseur-hopmann.de\/index.php?rest_route=%2Fwp%2Fv2%2Fproduct_brand&post=12370"},{"taxonomy":"product_cat","embeddable":true,"href":"https:\/\/www.friseur-hopmann.de\/index.php?rest_route=%2Fwp%2Fv2%2Fproduct_cat&post=12370"},{"taxonomy":"product_tag","embeddable":true,"href":"https:\/\/www.friseur-hopmann.de\/index.php?rest_route=%2Fwp%2Fv2%2Fproduct_tag&post=12370"}],"curies":[{"name":"wp","href":"https:\/\/api.w.org\/{rel}","templated":true}]}}