{"id":12176,"date":"2018-10-15T22:04:51","date_gmt":"2018-10-15T20:04:51","guid":{"rendered":"http:\/\/friseur-hopmann.de\/?post_type=product&#038;p=12176"},"modified":"2026-02-28T22:55:27","modified_gmt":"2026-02-28T20:55:27","slug":"kerastase-resistance-fondante-extentioniste-1000ml","status":"publish","type":"product","link":"https:\/\/www.friseur-hopmann.de\/?product=kerastase-resistance-fondante-extentioniste-1000ml","title":{"rendered":"K\u00e9rastase R\u00e9sistance Fondante Extentioniste 1000ml"},"content":{"rendered":"<h2>Kerastase Resistance Fondant Extentioniste 1000 ml<\/h2>\n<p>Das <strong>Kerastase Resistance Fondant Extentioniste<\/strong> ist eine\u00a0Pflege-Cr\u00e8me zur St\u00e4rkung der Haarfaser und Reduzierung von Haarbruch. Sie eignet sich ideal f\u00fcr l\u00e4ngeres Haar, welches anf\u00e4lliger f\u00fcr Haarbruch und Spliss ist.<\/p>\n<h3>Inhaltsstoffe von\u00a0Kerastase Resistance Fondant Extentioniste<\/h3>\n<ul>\n<li>Kreatin regeneriert und st\u00e4rkt die empfindlichen Spitzen, wodurch das Haar mehr Stabilit\u00e4t und Vitalit\u00e4t erh\u00e4lt.<\/li>\n<li>Maleins\u00e4ure st\u00e4rkt und versiegelt die sensiblen Haarl\u00e4ngen. Dadurch wird Haarbruch und Spliss vermieden.<\/li>\n<\/ul>\n<p><strong>Inhalt: 1000 ml<\/strong><\/p>\n","protected":false},"excerpt":{"rendered":"<h4><em><strong>HINWEIS: Abbildung zeigt Produkt mit 200 ml Inhalt<\/strong><\/em><\/h4>\n<p>Das <strong>Kerastase Resistance Fondant Extentioniste<\/strong> ist eine\u00a0Pflege-Cr\u00e8me zur St\u00e4rkung der Haarfaser und Reduzierung von Haarbruch. Sie eignet sich ideal f\u00fcr l\u00e4ngeres Haar, welches anf\u00e4lliger f\u00fcr Haarbruch und Spliss ist.<\/p>\n","protected":false},"featured_media":17629,"comment_status":"closed","ping_status":"closed","template":"","meta":{"_exactmetrics_skip_tracking":false,"_exactmetrics_sitenote_active":false,"_exactmetrics_sitenote_note":"","_exactmetrics_sitenote_category":0,"_monsterinsights_skip_tracking":false,"_monsterinsights_sitenote_active":false,"_monsterinsights_sitenote_note":"","_monsterinsights_sitenote_category":0},"pwb-brand":[],"product_brand":[],"product_cat":[491,542,544,516,941,661],"product_tag":[695,696,687],"class_list":{"0":"post-12176","1":"product","2":"type-product","3":"status-publish","4":"has-post-thumbnail","6":"product_cat-kerastase","7":"product_cat-kerastase-conditioner","8":"product_cat-kerastase-haarpflege","9":"product_cat-r-sistance","10":"product_cat-1000ml","11":"product_cat-resistance-extentioniste","12":"product_tag-conditioner","13":"product_tag-schnellpflege","14":"product_tag-staerkt-die-haarfaser","16":"first","17":"outofstock","18":"taxable","19":"shipping-taxable","20":"purchasable","21":"product-type-simple"},"yoast_head":"<!-- This site is optimized with the Yoast SEO plugin v24.6 - https:\/\/yoast.com\/wordpress\/plugins\/seo\/ -->\n<title>K\u00e9rastase R\u00e9sistance Fondante Extentioniste 1000ml - Friseur Hopmann Hairstyling<\/title>\n<meta name=\"robots\" content=\"index, follow, max-snippet:-1, max-image-preview:large, max-video-preview:-1\" \/>\n<link rel=\"canonical\" href=\"https:\/\/www.friseur-hopmann.de\/?product=kerastase-resistance-fondante-extentioniste-1000ml\" \/>\n<meta property=\"og:locale\" content=\"de_DE\" \/>\n<meta property=\"og:type\" content=\"article\" \/>\n<meta property=\"og:title\" content=\"K\u00e9rastase R\u00e9sistance Fondante Extentioniste 1000ml - Friseur Hopmann Hairstyling\" \/>\n<meta property=\"og:description\" content=\"HINWEIS: Abbildung zeigt Produkt mit 200 ml Inhalt Das Kerastase Resistance Fondant Extentioniste ist eine\u00a0Pflege-Cr\u00e8me zur St\u00e4rkung der Haarfaser und Reduzierung von Haarbruch. Sie eignet sich ideal f\u00fcr l\u00e4ngeres Haar, welches anf\u00e4lliger f\u00fcr Haarbruch und Spliss ist.\" \/>\n<meta property=\"og:url\" content=\"https:\/\/www.friseur-hopmann.de\/?product=kerastase-resistance-fondante-extentioniste-1000ml\" \/>\n<meta property=\"og:site_name\" content=\"Friseur Hopmann Hairstyling\" \/>\n<meta property=\"article:modified_time\" content=\"2026-02-28T20:55:27+00:00\" \/>\n<meta property=\"og:image\" content=\"http:\/\/www.friseur-hopmann.de\/wp-content\/uploads\/2018\/10\/Fondante-Extentioniste.jpg\" \/>\n\t<meta property=\"og:image:width\" content=\"500\" \/>\n\t<meta property=\"og:image:height\" content=\"500\" \/>\n\t<meta property=\"og:image:type\" content=\"image\/jpeg\" \/>\n<meta name=\"twitter:card\" content=\"summary_large_image\" \/>\n<meta name=\"twitter:label1\" content=\"Gesch\u00e4tzte Lesezeit\" \/>\n\t<meta name=\"twitter:data1\" content=\"1\u00a0Minute\" \/>\n<script type=\"application\/ld+json\" class=\"yoast-schema-graph\">{\"@context\":\"https:\/\/schema.org\",\"@graph\":[{\"@type\":\"WebPage\",\"@id\":\"https:\/\/www.friseur-hopmann.de\/?product=kerastase-resistance-fondante-extentioniste-1000ml\",\"url\":\"https:\/\/www.friseur-hopmann.de\/?product=kerastase-resistance-fondante-extentioniste-1000ml\",\"name\":\"K\u00e9rastase R\u00e9sistance Fondante Extentioniste 1000ml - Friseur Hopmann Hairstyling\",\"isPartOf\":{\"@id\":\"https:\/\/www.friseur-hopmann.de\/#website\"},\"primaryImageOfPage\":{\"@id\":\"https:\/\/www.friseur-hopmann.de\/?product=kerastase-resistance-fondante-extentioniste-1000ml#primaryimage\"},\"image\":{\"@id\":\"https:\/\/www.friseur-hopmann.de\/?product=kerastase-resistance-fondante-extentioniste-1000ml#primaryimage\"},\"thumbnailUrl\":\"https:\/\/www.friseur-hopmann.de\/wp-content\/uploads\/2018\/10\/Fondante-Extentioniste.jpg\",\"datePublished\":\"2018-10-15T20:04:51+00:00\",\"dateModified\":\"2026-02-28T20:55:27+00:00\",\"breadcrumb\":{\"@id\":\"https:\/\/www.friseur-hopmann.de\/?product=kerastase-resistance-fondante-extentioniste-1000ml#breadcrumb\"},\"inLanguage\":\"de\",\"potentialAction\":[{\"@type\":\"ReadAction\",\"target\":[\"https:\/\/www.friseur-hopmann.de\/?product=kerastase-resistance-fondante-extentioniste-1000ml\"]}]},{\"@type\":\"ImageObject\",\"inLanguage\":\"de\",\"@id\":\"https:\/\/www.friseur-hopmann.de\/?product=kerastase-resistance-fondante-extentioniste-1000ml#primaryimage\",\"url\":\"https:\/\/www.friseur-hopmann.de\/wp-content\/uploads\/2018\/10\/Fondante-Extentioniste.jpg\",\"contentUrl\":\"https:\/\/www.friseur-hopmann.de\/wp-content\/uploads\/2018\/10\/Fondante-Extentioniste.jpg\",\"width\":500,\"height\":500},{\"@type\":\"BreadcrumbList\",\"@id\":\"https:\/\/www.friseur-hopmann.de\/?product=kerastase-resistance-fondante-extentioniste-1000ml#breadcrumb\",\"itemListElement\":[{\"@type\":\"ListItem\",\"position\":1,\"name\":\"Startseite\",\"item\":\"https:\/\/www.friseur-hopmann.de\/\"},{\"@type\":\"ListItem\",\"position\":2,\"name\":\"Produkte\",\"item\":\"https:\/\/www.friseur-hopmann.de\/?post_type=product\"},{\"@type\":\"ListItem\",\"position\":3,\"name\":\"K\u00e9rastase R\u00e9sistance Fondante Extentioniste 1000ml\"}]},{\"@type\":\"WebSite\",\"@id\":\"https:\/\/www.friseur-hopmann.de\/#website\",\"url\":\"https:\/\/www.friseur-hopmann.de\/\",\"name\":\"Friseur Hopmann Hairstyling\",\"description\":\"Ihr Friseur in Nordhorn\",\"potentialAction\":[{\"@type\":\"SearchAction\",\"target\":{\"@type\":\"EntryPoint\",\"urlTemplate\":\"https:\/\/www.friseur-hopmann.de\/?s={search_term_string}\"},\"query-input\":{\"@type\":\"PropertyValueSpecification\",\"valueRequired\":true,\"valueName\":\"search_term_string\"}}],\"inLanguage\":\"de\"}]}<\/script>\n<!-- \/ Yoast SEO plugin. -->","yoast_head_json":{"title":"K\u00e9rastase R\u00e9sistance Fondante Extentioniste 1000ml - Friseur Hopmann Hairstyling","robots":{"index":"index","follow":"follow","max-snippet":"max-snippet:-1","max-image-preview":"max-image-preview:large","max-video-preview":"max-video-preview:-1"},"canonical":"https:\/\/www.friseur-hopmann.de\/?product=kerastase-resistance-fondante-extentioniste-1000ml","og_locale":"de_DE","og_type":"article","og_title":"K\u00e9rastase R\u00e9sistance Fondante Extentioniste 1000ml - Friseur Hopmann Hairstyling","og_description":"HINWEIS: Abbildung zeigt Produkt mit 200 ml Inhalt Das Kerastase Resistance Fondant Extentioniste ist eine\u00a0Pflege-Cr\u00e8me zur St\u00e4rkung der Haarfaser und Reduzierung von Haarbruch. Sie eignet sich ideal f\u00fcr l\u00e4ngeres Haar, welches anf\u00e4lliger f\u00fcr Haarbruch und Spliss ist.","og_url":"https:\/\/www.friseur-hopmann.de\/?product=kerastase-resistance-fondante-extentioniste-1000ml","og_site_name":"Friseur Hopmann Hairstyling","article_modified_time":"2026-02-28T20:55:27+00:00","og_image":[{"width":500,"height":500,"url":"http:\/\/www.friseur-hopmann.de\/wp-content\/uploads\/2018\/10\/Fondante-Extentioniste.jpg","type":"image\/jpeg"}],"twitter_card":"summary_large_image","twitter_misc":{"Gesch\u00e4tzte Lesezeit":"1\u00a0Minute"},"schema":{"@context":"https:\/\/schema.org","@graph":[{"@type":"WebPage","@id":"https:\/\/www.friseur-hopmann.de\/?product=kerastase-resistance-fondante-extentioniste-1000ml","url":"https:\/\/www.friseur-hopmann.de\/?product=kerastase-resistance-fondante-extentioniste-1000ml","name":"K\u00e9rastase R\u00e9sistance Fondante Extentioniste 1000ml - Friseur Hopmann Hairstyling","isPartOf":{"@id":"https:\/\/www.friseur-hopmann.de\/#website"},"primaryImageOfPage":{"@id":"https:\/\/www.friseur-hopmann.de\/?product=kerastase-resistance-fondante-extentioniste-1000ml#primaryimage"},"image":{"@id":"https:\/\/www.friseur-hopmann.de\/?product=kerastase-resistance-fondante-extentioniste-1000ml#primaryimage"},"thumbnailUrl":"https:\/\/www.friseur-hopmann.de\/wp-content\/uploads\/2018\/10\/Fondante-Extentioniste.jpg","datePublished":"2018-10-15T20:04:51+00:00","dateModified":"2026-02-28T20:55:27+00:00","breadcrumb":{"@id":"https:\/\/www.friseur-hopmann.de\/?product=kerastase-resistance-fondante-extentioniste-1000ml#breadcrumb"},"inLanguage":"de","potentialAction":[{"@type":"ReadAction","target":["https:\/\/www.friseur-hopmann.de\/?product=kerastase-resistance-fondante-extentioniste-1000ml"]}]},{"@type":"ImageObject","inLanguage":"de","@id":"https:\/\/www.friseur-hopmann.de\/?product=kerastase-resistance-fondante-extentioniste-1000ml#primaryimage","url":"https:\/\/www.friseur-hopmann.de\/wp-content\/uploads\/2018\/10\/Fondante-Extentioniste.jpg","contentUrl":"https:\/\/www.friseur-hopmann.de\/wp-content\/uploads\/2018\/10\/Fondante-Extentioniste.jpg","width":500,"height":500},{"@type":"BreadcrumbList","@id":"https:\/\/www.friseur-hopmann.de\/?product=kerastase-resistance-fondante-extentioniste-1000ml#breadcrumb","itemListElement":[{"@type":"ListItem","position":1,"name":"Startseite","item":"https:\/\/www.friseur-hopmann.de\/"},{"@type":"ListItem","position":2,"name":"Produkte","item":"https:\/\/www.friseur-hopmann.de\/?post_type=product"},{"@type":"ListItem","position":3,"name":"K\u00e9rastase R\u00e9sistance Fondante Extentioniste 1000ml"}]},{"@type":"WebSite","@id":"https:\/\/www.friseur-hopmann.de\/#website","url":"https:\/\/www.friseur-hopmann.de\/","name":"Friseur Hopmann Hairstyling","description":"Ihr Friseur in Nordhorn","potentialAction":[{"@type":"SearchAction","target":{"@type":"EntryPoint","urlTemplate":"https:\/\/www.friseur-hopmann.de\/?s={search_term_string}"},"query-input":{"@type":"PropertyValueSpecification","valueRequired":true,"valueName":"search_term_string"}}],"inLanguage":"de"}]}},"brands":[],"_links":{"self":[{"href":"https:\/\/www.friseur-hopmann.de\/index.php?rest_route=\/wp\/v2\/product\/12176","targetHints":{"allow":["GET"]}}],"collection":[{"href":"https:\/\/www.friseur-hopmann.de\/index.php?rest_route=\/wp\/v2\/product"}],"about":[{"href":"https:\/\/www.friseur-hopmann.de\/index.php?rest_route=\/wp\/v2\/types\/product"}],"replies":[{"embeddable":true,"href":"https:\/\/www.friseur-hopmann.de\/index.php?rest_route=%2Fwp%2Fv2%2Fcomments&post=12176"}],"wp:featuredmedia":[{"embeddable":true,"href":"https:\/\/www.friseur-hopmann.de\/index.php?rest_route=\/wp\/v2\/media\/17629"}],"wp:attachment":[{"href":"https:\/\/www.friseur-hopmann.de\/index.php?rest_route=%2Fwp%2Fv2%2Fmedia&parent=12176"}],"wp:term":[{"taxonomy":"pwb-brand","embeddable":true,"href":"https:\/\/www.friseur-hopmann.de\/index.php?rest_route=%2Fwp%2Fv2%2Fpwb-brand&post=12176"},{"taxonomy":"product_brand","embeddable":true,"href":"https:\/\/www.friseur-hopmann.de\/index.php?rest_route=%2Fwp%2Fv2%2Fproduct_brand&post=12176"},{"taxonomy":"product_cat","embeddable":true,"href":"https:\/\/www.friseur-hopmann.de\/index.php?rest_route=%2Fwp%2Fv2%2Fproduct_cat&post=12176"},{"taxonomy":"product_tag","embeddable":true,"href":"https:\/\/www.friseur-hopmann.de\/index.php?rest_route=%2Fwp%2Fv2%2Fproduct_tag&post=12176"}],"curies":[{"name":"wp","href":"https:\/\/api.w.org\/{rel}","templated":true}]}}