{"id":12172,"date":"2018-10-15T21:40:07","date_gmt":"2018-10-15T19:40:07","guid":{"rendered":"http:\/\/friseur-hopmann.de\/?post_type=product&#038;p=12172"},"modified":"2026-01-07T22:09:32","modified_gmt":"2026-01-07T20:09:32","slug":"kerastase-resistance-bain-extensioniste-1000-ml-shampoo","status":"publish","type":"product","link":"https:\/\/www.friseur-hopmann.de\/?product=kerastase-resistance-bain-extensioniste-1000-ml-shampoo","title":{"rendered":"K\u00e9rastase Resistance Bain Extentioniste 1000 ml (Shampoo)"},"content":{"rendered":"<h2>Kerastase Resistance Bain Extentioniste 1000 ml<\/h2>\n<p>Das\u00a0<strong>Kerastase Resistance Bain Extentioniste<\/strong> ist ein Pflegendes Haarbad zur St\u00e4rkung der Haarfaser und Reduzierung von Haarbruch f\u00fcr strukturver\u00e4ndertes Haar. Es eignet sich ideal f\u00fcr l\u00e4ngere Haare, welches anf\u00e4llig f\u00fcr Haarbruch und Spliss ist.<\/p>\n<h3>Inhaltsstoffe von\u00a0Kerastase Resistance Bain Extentioniste<\/h3>\n<ul>\n<li>Kreatin regeneriert und st\u00e4rkt die empfindlichen Spitzen, wodurch das Haar mehr Stabilit\u00e4t und Vitalit\u00e4t erh\u00e4lt.<\/li>\n<li>Taurin belebt die Kopfhaut und st\u00e4rkt die Haare f\u00fcr einen verbesserten Widerstand der Haarfaser<\/li>\n<\/ul>\n<p><strong>Inhalt: 1000 ml<\/strong><\/p>\n","protected":false},"excerpt":{"rendered":"<h4><em><strong>HINWEIS: Abbildung zeigt Produkt mit 250 ml Inhalt<\/strong><\/em><\/h4>\n<p>Das\u00a0<strong>Kerastase Resistance Bain Extentioniste<\/strong> ist ein Pflegendes Haarbad zur St\u00e4rkung der Haarfaser und Reduzierung von Haarbruch f\u00fcr strukturver\u00e4ndertes Haar. Es eignet sich ideal f\u00fcr l\u00e4ngere Haare, welches anf\u00e4llig f\u00fcr Haarbruch und Spliss ist.<\/p>\n","protected":false},"featured_media":17628,"comment_status":"open","ping_status":"closed","template":"","meta":{"_exactmetrics_skip_tracking":false,"_exactmetrics_sitenote_active":false,"_exactmetrics_sitenote_note":"","_exactmetrics_sitenote_category":0,"_monsterinsights_skip_tracking":false,"_monsterinsights_sitenote_active":false,"_monsterinsights_sitenote_note":"","_monsterinsights_sitenote_category":0},"pwb-brand":[],"product_brand":[],"product_cat":[491,544,548,516,941,661],"product_tag":[772,777],"class_list":{"0":"post-12172","1":"product","2":"type-product","3":"status-publish","4":"has-post-thumbnail","6":"product_cat-kerastase","7":"product_cat-kerastase-haarpflege","8":"product_cat-kerastase-shampoo","9":"product_cat-r-sistance","10":"product_cat-1000ml","11":"product_cat-resistance-extentioniste","12":"product_tag-intensiv-pflegeshampoo","13":"product_tag-shampoo-fuer-langes-haar","15":"first","16":"instock","17":"sold-individually","18":"taxable","19":"shipping-taxable","20":"purchasable","21":"product-type-simple"},"yoast_head":"<!-- This site is optimized with the Yoast SEO plugin v24.6 - https:\/\/yoast.com\/wordpress\/plugins\/seo\/ -->\n<title>K\u00e9rastase Resistance Bain Extentioniste 1000 ml (Shampoo) - Friseur Hopmann Hairstyling<\/title>\n<meta name=\"robots\" content=\"index, follow, max-snippet:-1, max-image-preview:large, max-video-preview:-1\" \/>\n<link rel=\"canonical\" href=\"https:\/\/www.friseur-hopmann.de\/?product=kerastase-resistance-bain-extensioniste-1000-ml-shampoo\" \/>\n<meta property=\"og:locale\" content=\"de_DE\" \/>\n<meta property=\"og:type\" content=\"article\" \/>\n<meta property=\"og:title\" content=\"K\u00e9rastase Resistance Bain Extentioniste 1000 ml (Shampoo) - Friseur Hopmann Hairstyling\" \/>\n<meta property=\"og:description\" content=\"HINWEIS: Abbildung zeigt Produkt mit 250 ml Inhalt Das\u00a0Kerastase Resistance Bain Extentioniste ist ein Pflegendes Haarbad zur St\u00e4rkung der Haarfaser und Reduzierung von Haarbruch f\u00fcr strukturver\u00e4ndertes Haar. Es eignet sich ideal f\u00fcr l\u00e4ngere Haare, welches anf\u00e4llig f\u00fcr Haarbruch und Spliss ist.\" \/>\n<meta property=\"og:url\" content=\"https:\/\/www.friseur-hopmann.de\/?product=kerastase-resistance-bain-extensioniste-1000-ml-shampoo\" \/>\n<meta property=\"og:site_name\" content=\"Friseur Hopmann Hairstyling\" \/>\n<meta property=\"article:modified_time\" content=\"2026-01-07T20:09:32+00:00\" \/>\n<meta property=\"og:image\" content=\"http:\/\/www.friseur-hopmann.de\/wp-content\/uploads\/2018\/10\/Bain-Extentioniste.jpg\" \/>\n\t<meta property=\"og:image:width\" content=\"500\" \/>\n\t<meta property=\"og:image:height\" content=\"500\" \/>\n\t<meta property=\"og:image:type\" content=\"image\/jpeg\" \/>\n<meta name=\"twitter:card\" content=\"summary_large_image\" \/>\n<meta name=\"twitter:label1\" content=\"Gesch\u00e4tzte Lesezeit\" \/>\n\t<meta name=\"twitter:data1\" content=\"1\u00a0Minute\" \/>\n<script type=\"application\/ld+json\" class=\"yoast-schema-graph\">{\"@context\":\"https:\/\/schema.org\",\"@graph\":[{\"@type\":\"WebPage\",\"@id\":\"https:\/\/www.friseur-hopmann.de\/?product=kerastase-resistance-bain-extensioniste-1000-ml-shampoo\",\"url\":\"https:\/\/www.friseur-hopmann.de\/?product=kerastase-resistance-bain-extensioniste-1000-ml-shampoo\",\"name\":\"K\u00e9rastase Resistance Bain Extentioniste 1000 ml (Shampoo) - Friseur Hopmann Hairstyling\",\"isPartOf\":{\"@id\":\"https:\/\/www.friseur-hopmann.de\/#website\"},\"primaryImageOfPage\":{\"@id\":\"https:\/\/www.friseur-hopmann.de\/?product=kerastase-resistance-bain-extensioniste-1000-ml-shampoo#primaryimage\"},\"image\":{\"@id\":\"https:\/\/www.friseur-hopmann.de\/?product=kerastase-resistance-bain-extensioniste-1000-ml-shampoo#primaryimage\"},\"thumbnailUrl\":\"https:\/\/www.friseur-hopmann.de\/wp-content\/uploads\/2018\/10\/Bain-Extentioniste.jpg\",\"datePublished\":\"2018-10-15T19:40:07+00:00\",\"dateModified\":\"2026-01-07T20:09:32+00:00\",\"breadcrumb\":{\"@id\":\"https:\/\/www.friseur-hopmann.de\/?product=kerastase-resistance-bain-extensioniste-1000-ml-shampoo#breadcrumb\"},\"inLanguage\":\"de\",\"potentialAction\":[{\"@type\":\"ReadAction\",\"target\":[\"https:\/\/www.friseur-hopmann.de\/?product=kerastase-resistance-bain-extensioniste-1000-ml-shampoo\"]}]},{\"@type\":\"ImageObject\",\"inLanguage\":\"de\",\"@id\":\"https:\/\/www.friseur-hopmann.de\/?product=kerastase-resistance-bain-extensioniste-1000-ml-shampoo#primaryimage\",\"url\":\"https:\/\/www.friseur-hopmann.de\/wp-content\/uploads\/2018\/10\/Bain-Extentioniste.jpg\",\"contentUrl\":\"https:\/\/www.friseur-hopmann.de\/wp-content\/uploads\/2018\/10\/Bain-Extentioniste.jpg\",\"width\":500,\"height\":500},{\"@type\":\"BreadcrumbList\",\"@id\":\"https:\/\/www.friseur-hopmann.de\/?product=kerastase-resistance-bain-extensioniste-1000-ml-shampoo#breadcrumb\",\"itemListElement\":[{\"@type\":\"ListItem\",\"position\":1,\"name\":\"Startseite\",\"item\":\"https:\/\/www.friseur-hopmann.de\/\"},{\"@type\":\"ListItem\",\"position\":2,\"name\":\"Produkte\",\"item\":\"https:\/\/www.friseur-hopmann.de\/?post_type=product\"},{\"@type\":\"ListItem\",\"position\":3,\"name\":\"K\u00e9rastase Resistance Bain Extentioniste 1000 ml (Shampoo)\"}]},{\"@type\":\"WebSite\",\"@id\":\"https:\/\/www.friseur-hopmann.de\/#website\",\"url\":\"https:\/\/www.friseur-hopmann.de\/\",\"name\":\"Friseur Hopmann Hairstyling\",\"description\":\"Ihr Friseur in Nordhorn\",\"potentialAction\":[{\"@type\":\"SearchAction\",\"target\":{\"@type\":\"EntryPoint\",\"urlTemplate\":\"https:\/\/www.friseur-hopmann.de\/?s={search_term_string}\"},\"query-input\":{\"@type\":\"PropertyValueSpecification\",\"valueRequired\":true,\"valueName\":\"search_term_string\"}}],\"inLanguage\":\"de\"}]}<\/script>\n<!-- \/ Yoast SEO plugin. -->","yoast_head_json":{"title":"K\u00e9rastase Resistance Bain Extentioniste 1000 ml (Shampoo) - Friseur Hopmann Hairstyling","robots":{"index":"index","follow":"follow","max-snippet":"max-snippet:-1","max-image-preview":"max-image-preview:large","max-video-preview":"max-video-preview:-1"},"canonical":"https:\/\/www.friseur-hopmann.de\/?product=kerastase-resistance-bain-extensioniste-1000-ml-shampoo","og_locale":"de_DE","og_type":"article","og_title":"K\u00e9rastase Resistance Bain Extentioniste 1000 ml (Shampoo) - Friseur Hopmann Hairstyling","og_description":"HINWEIS: Abbildung zeigt Produkt mit 250 ml Inhalt Das\u00a0Kerastase Resistance Bain Extentioniste ist ein Pflegendes Haarbad zur St\u00e4rkung der Haarfaser und Reduzierung von Haarbruch f\u00fcr strukturver\u00e4ndertes Haar. Es eignet sich ideal f\u00fcr l\u00e4ngere Haare, welches anf\u00e4llig f\u00fcr Haarbruch und Spliss ist.","og_url":"https:\/\/www.friseur-hopmann.de\/?product=kerastase-resistance-bain-extensioniste-1000-ml-shampoo","og_site_name":"Friseur Hopmann Hairstyling","article_modified_time":"2026-01-07T20:09:32+00:00","og_image":[{"width":500,"height":500,"url":"http:\/\/www.friseur-hopmann.de\/wp-content\/uploads\/2018\/10\/Bain-Extentioniste.jpg","type":"image\/jpeg"}],"twitter_card":"summary_large_image","twitter_misc":{"Gesch\u00e4tzte Lesezeit":"1\u00a0Minute"},"schema":{"@context":"https:\/\/schema.org","@graph":[{"@type":"WebPage","@id":"https:\/\/www.friseur-hopmann.de\/?product=kerastase-resistance-bain-extensioniste-1000-ml-shampoo","url":"https:\/\/www.friseur-hopmann.de\/?product=kerastase-resistance-bain-extensioniste-1000-ml-shampoo","name":"K\u00e9rastase Resistance Bain Extentioniste 1000 ml (Shampoo) - Friseur Hopmann Hairstyling","isPartOf":{"@id":"https:\/\/www.friseur-hopmann.de\/#website"},"primaryImageOfPage":{"@id":"https:\/\/www.friseur-hopmann.de\/?product=kerastase-resistance-bain-extensioniste-1000-ml-shampoo#primaryimage"},"image":{"@id":"https:\/\/www.friseur-hopmann.de\/?product=kerastase-resistance-bain-extensioniste-1000-ml-shampoo#primaryimage"},"thumbnailUrl":"https:\/\/www.friseur-hopmann.de\/wp-content\/uploads\/2018\/10\/Bain-Extentioniste.jpg","datePublished":"2018-10-15T19:40:07+00:00","dateModified":"2026-01-07T20:09:32+00:00","breadcrumb":{"@id":"https:\/\/www.friseur-hopmann.de\/?product=kerastase-resistance-bain-extensioniste-1000-ml-shampoo#breadcrumb"},"inLanguage":"de","potentialAction":[{"@type":"ReadAction","target":["https:\/\/www.friseur-hopmann.de\/?product=kerastase-resistance-bain-extensioniste-1000-ml-shampoo"]}]},{"@type":"ImageObject","inLanguage":"de","@id":"https:\/\/www.friseur-hopmann.de\/?product=kerastase-resistance-bain-extensioniste-1000-ml-shampoo#primaryimage","url":"https:\/\/www.friseur-hopmann.de\/wp-content\/uploads\/2018\/10\/Bain-Extentioniste.jpg","contentUrl":"https:\/\/www.friseur-hopmann.de\/wp-content\/uploads\/2018\/10\/Bain-Extentioniste.jpg","width":500,"height":500},{"@type":"BreadcrumbList","@id":"https:\/\/www.friseur-hopmann.de\/?product=kerastase-resistance-bain-extensioniste-1000-ml-shampoo#breadcrumb","itemListElement":[{"@type":"ListItem","position":1,"name":"Startseite","item":"https:\/\/www.friseur-hopmann.de\/"},{"@type":"ListItem","position":2,"name":"Produkte","item":"https:\/\/www.friseur-hopmann.de\/?post_type=product"},{"@type":"ListItem","position":3,"name":"K\u00e9rastase Resistance Bain Extentioniste 1000 ml (Shampoo)"}]},{"@type":"WebSite","@id":"https:\/\/www.friseur-hopmann.de\/#website","url":"https:\/\/www.friseur-hopmann.de\/","name":"Friseur Hopmann Hairstyling","description":"Ihr Friseur in Nordhorn","potentialAction":[{"@type":"SearchAction","target":{"@type":"EntryPoint","urlTemplate":"https:\/\/www.friseur-hopmann.de\/?s={search_term_string}"},"query-input":{"@type":"PropertyValueSpecification","valueRequired":true,"valueName":"search_term_string"}}],"inLanguage":"de"}]}},"brands":[],"_links":{"self":[{"href":"https:\/\/www.friseur-hopmann.de\/index.php?rest_route=\/wp\/v2\/product\/12172","targetHints":{"allow":["GET"]}}],"collection":[{"href":"https:\/\/www.friseur-hopmann.de\/index.php?rest_route=\/wp\/v2\/product"}],"about":[{"href":"https:\/\/www.friseur-hopmann.de\/index.php?rest_route=\/wp\/v2\/types\/product"}],"replies":[{"embeddable":true,"href":"https:\/\/www.friseur-hopmann.de\/index.php?rest_route=%2Fwp%2Fv2%2Fcomments&post=12172"}],"wp:featuredmedia":[{"embeddable":true,"href":"https:\/\/www.friseur-hopmann.de\/index.php?rest_route=\/wp\/v2\/media\/17628"}],"wp:attachment":[{"href":"https:\/\/www.friseur-hopmann.de\/index.php?rest_route=%2Fwp%2Fv2%2Fmedia&parent=12172"}],"wp:term":[{"taxonomy":"pwb-brand","embeddable":true,"href":"https:\/\/www.friseur-hopmann.de\/index.php?rest_route=%2Fwp%2Fv2%2Fpwb-brand&post=12172"},{"taxonomy":"product_brand","embeddable":true,"href":"https:\/\/www.friseur-hopmann.de\/index.php?rest_route=%2Fwp%2Fv2%2Fproduct_brand&post=12172"},{"taxonomy":"product_cat","embeddable":true,"href":"https:\/\/www.friseur-hopmann.de\/index.php?rest_route=%2Fwp%2Fv2%2Fproduct_cat&post=12172"},{"taxonomy":"product_tag","embeddable":true,"href":"https:\/\/www.friseur-hopmann.de\/index.php?rest_route=%2Fwp%2Fv2%2Fproduct_tag&post=12172"}],"curies":[{"name":"wp","href":"https:\/\/api.w.org\/{rel}","templated":true}]}}