{"id":11913,"date":"2018-05-24T14:45:08","date_gmt":"2018-05-24T12:45:08","guid":{"rendered":"http:\/\/friseur-hopmann.de\/?post_type=product&#038;p=11913"},"modified":"2025-01-05T00:08:03","modified_gmt":"2025-01-04T22:08:03","slug":"kersatase-resistance-serum-extentioniste-50-ml","status":"publish","type":"product","link":"https:\/\/www.friseur-hopmann.de\/?product=kersatase-resistance-serum-extentioniste-50-ml","title":{"rendered":"K\u00c9RSATASE R\u00c9SISTANCE S\u00c9RUM EXTENTIONISTE 50 ml"},"content":{"rendered":"<div class=\"std col-md-7\">\n<h2>Kerastase Resistance Serum Extentioniste 50 ml<\/h2>\n<p>Das\u00a0<strong>Kerastase Resistance Serum Extentioniste<\/strong> ist ein\u00a0Kopfhautserum zur St\u00e4rkung der Haarfaser und Reduzierung von Haarbruch. Es eignet sich ideal f\u00fcr l\u00e4ngere Haare, welche anf\u00e4lliger f\u00fcr Haarbruch und Spliss sind.<\/p>\n<h3>Inhaltsstoffe von\u00a0Kerastase Resistance Serum Extentioniste<\/h3>\n<ul>\n<li>Ceramide st\u00e4rken die Haare im Inneren und stellen die Schutzschicht der Haarfaser wieder her, sodass die Wurzel von Beginn an gesch\u00fctzt ist w\u00e4hrend das Haar w\u00e4chst.<\/li>\n<\/ul>\n<p>Kerastase Resistance Serum Extentioniste 50 ml<\/p>\n<\/div>\n","protected":false},"excerpt":{"rendered":"<div class=\"std col-md-7\">\n<h2>Kerastase Resistance Serum Extentioniste 50 ml<\/h2>\n<p>Das\u00a0<strong>Kerastase Resistance Serum Extentioniste<\/strong> ist ein\u00a0Kopfhautserum zur St\u00e4rkung der Haarfaser und Reduzierung von Haarbruch. Es eignet sich ideal f\u00fcr l\u00e4ngere Haare, welche anf\u00e4lliger f\u00fcr Haarbruch und Spliss sind.<\/p>\n<p>&nbsp;<\/p>\n<\/div>\n","protected":false},"featured_media":11914,"comment_status":"closed","ping_status":"closed","template":"","meta":{"_exactmetrics_skip_tracking":false,"_exactmetrics_sitenote_active":false,"_exactmetrics_sitenote_note":"","_exactmetrics_sitenote_category":0,"_monsterinsights_skip_tracking":false,"_monsterinsights_sitenote_active":false,"_monsterinsights_sitenote_note":"","_monsterinsights_sitenote_category":0},"pwb-brand":[],"product_brand":[],"product_cat":[491,544,547,516,661],"product_tag":[802,803],"class_list":{"0":"post-11913","1":"product","2":"type-product","3":"status-publish","4":"has-post-thumbnail","6":"product_cat-kerastase","7":"product_cat-kerastase-haarpflege","8":"product_cat-kerastase-pflegelotion","9":"product_cat-r-sistance","10":"product_cat-resistance-extentioniste","11":"product_tag-intensiv-kopfhautpflegeserum","12":"product_tag-schuetzt-die-kopfhaut","14":"first","15":"instock","16":"taxable","17":"shipping-taxable","18":"purchasable","19":"product-type-simple"},"yoast_head":"<!-- This site is optimized with the Yoast SEO plugin v24.6 - https:\/\/yoast.com\/wordpress\/plugins\/seo\/ -->\n<title>K\u00c9RSATASE R\u00c9SISTANCE S\u00c9RUM EXTENTIONISTE 50 ml - Friseur Hopmann Hairstyling<\/title>\n<meta name=\"robots\" content=\"index, follow, max-snippet:-1, max-image-preview:large, max-video-preview:-1\" \/>\n<link rel=\"canonical\" href=\"https:\/\/www.friseur-hopmann.de\/?product=kersatase-resistance-serum-extentioniste-50-ml\" \/>\n<meta property=\"og:locale\" content=\"de_DE\" \/>\n<meta property=\"og:type\" content=\"article\" \/>\n<meta property=\"og:title\" content=\"K\u00c9RSATASE R\u00c9SISTANCE S\u00c9RUM EXTENTIONISTE 50 ml - Friseur Hopmann Hairstyling\" \/>\n<meta property=\"og:description\" content=\"Kerastase Resistance Serum Extentioniste 50 ml Das\u00a0Kerastase Resistance Serum Extentioniste ist ein\u00a0Kopfhautserum zur St\u00e4rkung der Haarfaser und Reduzierung von Haarbruch. Es eignet sich ideal f\u00fcr l\u00e4ngere Haare, welche anf\u00e4lliger f\u00fcr Haarbruch und Spliss sind.  &nbsp;\" \/>\n<meta property=\"og:url\" content=\"https:\/\/www.friseur-hopmann.de\/?product=kersatase-resistance-serum-extentioniste-50-ml\" \/>\n<meta property=\"og:site_name\" content=\"Friseur Hopmann Hairstyling\" \/>\n<meta property=\"article:modified_time\" content=\"2025-01-04T22:08:03+00:00\" \/>\n<meta property=\"og:image\" content=\"http:\/\/www.friseur-hopmann.de\/wp-content\/uploads\/2018\/05\/Serum-Extentioniste.jpg\" \/>\n\t<meta property=\"og:image:width\" content=\"500\" \/>\n\t<meta property=\"og:image:height\" content=\"500\" \/>\n\t<meta property=\"og:image:type\" content=\"image\/jpeg\" \/>\n<meta name=\"twitter:card\" content=\"summary_large_image\" \/>\n<script type=\"application\/ld+json\" class=\"yoast-schema-graph\">{\"@context\":\"https:\/\/schema.org\",\"@graph\":[{\"@type\":\"WebPage\",\"@id\":\"https:\/\/www.friseur-hopmann.de\/?product=kersatase-resistance-serum-extentioniste-50-ml\",\"url\":\"https:\/\/www.friseur-hopmann.de\/?product=kersatase-resistance-serum-extentioniste-50-ml\",\"name\":\"K\u00c9RSATASE R\u00c9SISTANCE S\u00c9RUM EXTENTIONISTE 50 ml - Friseur Hopmann Hairstyling\",\"isPartOf\":{\"@id\":\"https:\/\/www.friseur-hopmann.de\/#website\"},\"primaryImageOfPage\":{\"@id\":\"https:\/\/www.friseur-hopmann.de\/?product=kersatase-resistance-serum-extentioniste-50-ml#primaryimage\"},\"image\":{\"@id\":\"https:\/\/www.friseur-hopmann.de\/?product=kersatase-resistance-serum-extentioniste-50-ml#primaryimage\"},\"thumbnailUrl\":\"https:\/\/www.friseur-hopmann.de\/wp-content\/uploads\/2018\/05\/Serum-Extentioniste.jpg\",\"datePublished\":\"2018-05-24T12:45:08+00:00\",\"dateModified\":\"2025-01-04T22:08:03+00:00\",\"breadcrumb\":{\"@id\":\"https:\/\/www.friseur-hopmann.de\/?product=kersatase-resistance-serum-extentioniste-50-ml#breadcrumb\"},\"inLanguage\":\"de\",\"potentialAction\":[{\"@type\":\"ReadAction\",\"target\":[\"https:\/\/www.friseur-hopmann.de\/?product=kersatase-resistance-serum-extentioniste-50-ml\"]}]},{\"@type\":\"ImageObject\",\"inLanguage\":\"de\",\"@id\":\"https:\/\/www.friseur-hopmann.de\/?product=kersatase-resistance-serum-extentioniste-50-ml#primaryimage\",\"url\":\"https:\/\/www.friseur-hopmann.de\/wp-content\/uploads\/2018\/05\/Serum-Extentioniste.jpg\",\"contentUrl\":\"https:\/\/www.friseur-hopmann.de\/wp-content\/uploads\/2018\/05\/Serum-Extentioniste.jpg\",\"width\":500,\"height\":500},{\"@type\":\"BreadcrumbList\",\"@id\":\"https:\/\/www.friseur-hopmann.de\/?product=kersatase-resistance-serum-extentioniste-50-ml#breadcrumb\",\"itemListElement\":[{\"@type\":\"ListItem\",\"position\":1,\"name\":\"Startseite\",\"item\":\"https:\/\/www.friseur-hopmann.de\/\"},{\"@type\":\"ListItem\",\"position\":2,\"name\":\"Produkte\",\"item\":\"https:\/\/www.friseur-hopmann.de\/?post_type=product\"},{\"@type\":\"ListItem\",\"position\":3,\"name\":\"K\u00c9RSATASE R\u00c9SISTANCE S\u00c9RUM EXTENTIONISTE 50 ml\"}]},{\"@type\":\"WebSite\",\"@id\":\"https:\/\/www.friseur-hopmann.de\/#website\",\"url\":\"https:\/\/www.friseur-hopmann.de\/\",\"name\":\"Friseur Hopmann Hairstyling\",\"description\":\"Ihr Friseur in Nordhorn\",\"potentialAction\":[{\"@type\":\"SearchAction\",\"target\":{\"@type\":\"EntryPoint\",\"urlTemplate\":\"https:\/\/www.friseur-hopmann.de\/?s={search_term_string}\"},\"query-input\":{\"@type\":\"PropertyValueSpecification\",\"valueRequired\":true,\"valueName\":\"search_term_string\"}}],\"inLanguage\":\"de\"}]}<\/script>\n<!-- \/ Yoast SEO plugin. -->","yoast_head_json":{"title":"K\u00c9RSATASE R\u00c9SISTANCE S\u00c9RUM EXTENTIONISTE 50 ml - Friseur Hopmann Hairstyling","robots":{"index":"index","follow":"follow","max-snippet":"max-snippet:-1","max-image-preview":"max-image-preview:large","max-video-preview":"max-video-preview:-1"},"canonical":"https:\/\/www.friseur-hopmann.de\/?product=kersatase-resistance-serum-extentioniste-50-ml","og_locale":"de_DE","og_type":"article","og_title":"K\u00c9RSATASE R\u00c9SISTANCE S\u00c9RUM EXTENTIONISTE 50 ml - Friseur Hopmann Hairstyling","og_description":"Kerastase Resistance Serum Extentioniste 50 ml Das\u00a0Kerastase Resistance Serum Extentioniste ist ein\u00a0Kopfhautserum zur St\u00e4rkung der Haarfaser und Reduzierung von Haarbruch. Es eignet sich ideal f\u00fcr l\u00e4ngere Haare, welche anf\u00e4lliger f\u00fcr Haarbruch und Spliss sind.  &nbsp;","og_url":"https:\/\/www.friseur-hopmann.de\/?product=kersatase-resistance-serum-extentioniste-50-ml","og_site_name":"Friseur Hopmann Hairstyling","article_modified_time":"2025-01-04T22:08:03+00:00","og_image":[{"width":500,"height":500,"url":"http:\/\/www.friseur-hopmann.de\/wp-content\/uploads\/2018\/05\/Serum-Extentioniste.jpg","type":"image\/jpeg"}],"twitter_card":"summary_large_image","schema":{"@context":"https:\/\/schema.org","@graph":[{"@type":"WebPage","@id":"https:\/\/www.friseur-hopmann.de\/?product=kersatase-resistance-serum-extentioniste-50-ml","url":"https:\/\/www.friseur-hopmann.de\/?product=kersatase-resistance-serum-extentioniste-50-ml","name":"K\u00c9RSATASE R\u00c9SISTANCE S\u00c9RUM EXTENTIONISTE 50 ml - Friseur Hopmann Hairstyling","isPartOf":{"@id":"https:\/\/www.friseur-hopmann.de\/#website"},"primaryImageOfPage":{"@id":"https:\/\/www.friseur-hopmann.de\/?product=kersatase-resistance-serum-extentioniste-50-ml#primaryimage"},"image":{"@id":"https:\/\/www.friseur-hopmann.de\/?product=kersatase-resistance-serum-extentioniste-50-ml#primaryimage"},"thumbnailUrl":"https:\/\/www.friseur-hopmann.de\/wp-content\/uploads\/2018\/05\/Serum-Extentioniste.jpg","datePublished":"2018-05-24T12:45:08+00:00","dateModified":"2025-01-04T22:08:03+00:00","breadcrumb":{"@id":"https:\/\/www.friseur-hopmann.de\/?product=kersatase-resistance-serum-extentioniste-50-ml#breadcrumb"},"inLanguage":"de","potentialAction":[{"@type":"ReadAction","target":["https:\/\/www.friseur-hopmann.de\/?product=kersatase-resistance-serum-extentioniste-50-ml"]}]},{"@type":"ImageObject","inLanguage":"de","@id":"https:\/\/www.friseur-hopmann.de\/?product=kersatase-resistance-serum-extentioniste-50-ml#primaryimage","url":"https:\/\/www.friseur-hopmann.de\/wp-content\/uploads\/2018\/05\/Serum-Extentioniste.jpg","contentUrl":"https:\/\/www.friseur-hopmann.de\/wp-content\/uploads\/2018\/05\/Serum-Extentioniste.jpg","width":500,"height":500},{"@type":"BreadcrumbList","@id":"https:\/\/www.friseur-hopmann.de\/?product=kersatase-resistance-serum-extentioniste-50-ml#breadcrumb","itemListElement":[{"@type":"ListItem","position":1,"name":"Startseite","item":"https:\/\/www.friseur-hopmann.de\/"},{"@type":"ListItem","position":2,"name":"Produkte","item":"https:\/\/www.friseur-hopmann.de\/?post_type=product"},{"@type":"ListItem","position":3,"name":"K\u00c9RSATASE R\u00c9SISTANCE S\u00c9RUM EXTENTIONISTE 50 ml"}]},{"@type":"WebSite","@id":"https:\/\/www.friseur-hopmann.de\/#website","url":"https:\/\/www.friseur-hopmann.de\/","name":"Friseur Hopmann Hairstyling","description":"Ihr Friseur in Nordhorn","potentialAction":[{"@type":"SearchAction","target":{"@type":"EntryPoint","urlTemplate":"https:\/\/www.friseur-hopmann.de\/?s={search_term_string}"},"query-input":{"@type":"PropertyValueSpecification","valueRequired":true,"valueName":"search_term_string"}}],"inLanguage":"de"}]}},"brands":[],"_links":{"self":[{"href":"https:\/\/www.friseur-hopmann.de\/index.php?rest_route=\/wp\/v2\/product\/11913","targetHints":{"allow":["GET"]}}],"collection":[{"href":"https:\/\/www.friseur-hopmann.de\/index.php?rest_route=\/wp\/v2\/product"}],"about":[{"href":"https:\/\/www.friseur-hopmann.de\/index.php?rest_route=\/wp\/v2\/types\/product"}],"replies":[{"embeddable":true,"href":"https:\/\/www.friseur-hopmann.de\/index.php?rest_route=%2Fwp%2Fv2%2Fcomments&post=11913"}],"wp:featuredmedia":[{"embeddable":true,"href":"https:\/\/www.friseur-hopmann.de\/index.php?rest_route=\/wp\/v2\/media\/11914"}],"wp:attachment":[{"href":"https:\/\/www.friseur-hopmann.de\/index.php?rest_route=%2Fwp%2Fv2%2Fmedia&parent=11913"}],"wp:term":[{"taxonomy":"pwb-brand","embeddable":true,"href":"https:\/\/www.friseur-hopmann.de\/index.php?rest_route=%2Fwp%2Fv2%2Fpwb-brand&post=11913"},{"taxonomy":"product_brand","embeddable":true,"href":"https:\/\/www.friseur-hopmann.de\/index.php?rest_route=%2Fwp%2Fv2%2Fproduct_brand&post=11913"},{"taxonomy":"product_cat","embeddable":true,"href":"https:\/\/www.friseur-hopmann.de\/index.php?rest_route=%2Fwp%2Fv2%2Fproduct_cat&post=11913"},{"taxonomy":"product_tag","embeddable":true,"href":"https:\/\/www.friseur-hopmann.de\/index.php?rest_route=%2Fwp%2Fv2%2Fproduct_tag&post=11913"}],"curies":[{"name":"wp","href":"https:\/\/api.w.org\/{rel}","templated":true}]}}