{"id":8002,"date":"2017-07-02T22:46:56","date_gmt":"2017-07-02T20:46:56","guid":{"rendered":"http:\/\/www.friseur-hopmann.de\/?page_id=8002"},"modified":"2019-10-13T15:02:58","modified_gmt":"2019-10-13T13:02:58","slug":"hairlaser","status":"publish","type":"page","link":"https:\/\/www.friseur-hopmann.de\/?page_id=8002","title":{"rendered":"Hairlaser"},"content":{"rendered":"<div class=\"row row-collapse align-middle row-dashed\"  id=\"row-444943427\">\n\n\t<div id=\"col-609709940\" class=\"col small-12 large-12\"  >\n\t\t\t\t<div class=\"col-inner\" style=\"background-color:#264796;\" >\n\t\t\t\n\t\t\t\n\n  <div class=\"banner has-hover\" id=\"banner-1795772853\">\n          <div class=\"banner-inner fill\">\n        <div class=\"banner-bg fill\" >\n                                    <div class=\"overlay\"><\/div>            \n                    <\/div>\n\t\t\n        <div class=\"banner-layers container\">\n            <div class=\"fill banner-link\"><\/div>            \n   <div id=\"text-box-125526045\" class=\"text-box banner-layer x50 md-x50 lg-x50 y50 md-y50 lg-y50 res-text\">\n              <div data-parallax=\"2\" data-parallax-fade=\"true\">                  <div class=\"text-box-content text dark\">\n              \n              <div class=\"text-inner text-center\">\n                  \n<div class=\"container_12\">\n<div class=\"grid_12\">\n<h1 class=\"big\">VITAHAIRLIGHT<\/h1>\n<\/div>\n<\/div>\n<h3>&#8222;F\u00fcr Ihr sch\u00f6nstes Haar!&#8220;<\/h3>\n<p>Brilliante Haarfarbe &#8211; Perfekter Glanz &#8211; Nat\u00fcrliche Sprungkraft &#8211; Vitale Kopfhaut &#8211; Nat\u00fcrliche Haarverdichtung<\/p>\n              <\/div>\n           <\/div>\n              <\/div>              \n<style>\n#text-box-125526045 {\n  width: 100%;\n}\n#text-box-125526045 .text-box-content {\n  font-size: 100%;\n}\n<\/style>\n    <\/div>\n \n        <\/div>\n      <\/div>\n\n            \n<style>\n#banner-1795772853 {\n  padding-top: 200px;\n}\n#banner-1795772853 .overlay {\n  background-color: rgba(38,71,150,0.15);\n}\n<\/style>\n  <\/div>\n\n\n\t\t<\/div>\n\t\t\t\t\t<\/div>\n\n\t\n\n<style>\n#row-444943427 > .col > .col-inner {\n  padding: 1p 0px 0px 0px;\n}\n<\/style>\n<\/div>\n<div class=\"container section-title-container\" ><h3 class=\"section-title section-title-center\"><b><\/b><span class=\"section-title-main\" >EINZIGARTIGE BIO-PHOTONEN-ENERGIE DES VITAHAIRLIGHT<\/span><b><\/b><\/h3><\/div>\n<h2>Was bewirkt VITAHAIRLIGHT?<\/h2>\n<p><strong>Beauty Haaranwendungen<\/strong><br \/>Mit jeder weiteren Anwendung zeigt sich, sichtbar und sp\u00fcrbar, die regenerative Wirkung auf die Haarstruktur.<br \/><strong>Gesunde Kopfhaut<\/strong><br \/>Die regenerierende Wirkung der VitaHairLight<strong>\u00ae<\/strong> Behandlung auf die Kopfhaut ist ebenso intensiv und effektiv wie auf die Haarstruktur.<br \/><strong>Nat\u00fcrliche Haarverdichtung mit VitaHairLight<\/strong><br \/>Nahezu jede Frau ist in den Wechseljahren und mit zunehmendem Alter, von hormonellem Haarausfall, insbesondere sch\u00fctterem und feinem Haar betroffen.<\/p>\n<p>Durch die Behandlung mit VitaHairLight legen erschlaffte Schuppenschichten sich wieder eng an den Haarschaft an. <strong>Die Haarzellen werden zu ges\u00fcnderem und kr\u00e4ftigem Haarwuchs angeregt, das Haar erh\u00e4lt mehr Glanz, Geschmeidigkeit und eine bessere K\u00e4mmbarkeit.<\/strong> VitaHairLight<strong>\u00ae<\/strong> intensiviert zudem Colorationen und Dauerwellen. Die <strong>Farben halten l\u00e4nger und strahlen intensiver, Locken haben mehr Spannkraft und eine sch\u00f6nere F\u00fclle.<\/strong><\/p>\n<p><strong>Die Vorteile auf den Punkt gebracht:<\/strong><\/p>\n<ul>\n<li>VitaHairLight<strong>\u00ae<\/strong> stimuliert die Haarzellen zu ges\u00fcnderem und kr\u00e4ftigem Wuchs<\/li>\n<li>Das Haar wird w\u00e4hrend der Behandlung geschont<\/li>\n<li>Das Haar wird geschmeidiger, gl\u00e4nzender und wirkt insgesamt sch\u00f6ner<\/li>\n<li>VitaHairLight<strong>\u00ae<\/strong> verst\u00e4rkt die positive Wirkung hochwertiger Haarpflegeprodukte.<\/li>\n<li>Haarfarben, Str\u00e4hnen und Dauerwellen bleiben l\u00e4nger erhalten<\/li>\n<li>Das Haar erh\u00e4lt eine verbesserte K\u00e4mmbarkeit<\/li>\n<li>VitaHairLigh<strong>\u00ae<\/strong>t ist voll im Trend und erzielt bei regelm\u00e4\u00dfiger Anwendung belegbare Erfolge<\/li>\n<li>Die Anwendungen sind zu 100 % nat\u00fcrlich und frei von Nebenwirkungen \u00a0<\/li>\n<\/ul>\n<p>\u00a0<\/p>\n<h2 style=\"text-align: center;\">Profitieren Sie JETZT<\/h2>\n<p style=\"text-align: center;\">10%-Rabatt auf die Erstbehandlung <br \/>W\u00fcnsche Sie einen Termin in Ihrem Salon.<br \/>Testen Sie Vitahairlight und lassen Sie sich in Ihrem Salon pers\u00f6nlich beraten.<\/p>\n<h3 style=\"text-align: center;\">Anrufen und Termin vereinbaren &#8211; <strong>05921 5281<\/strong><\/h3>\n","protected":false},"excerpt":{"rendered":"<p>Was bewirkt VITAHAIRLIGHT? Beauty HaaranwendungenMit jeder weiteren Anwendung zeigt sich, sichtbar und sp\u00fcrbar, die regenerative Wirkung auf die Haarstruktur.Gesunde KopfhautDie regenerierende Wirkung der VitaHairLight\u00ae Behandlung auf die Kopfhaut ist ebenso intensiv und effektiv wie auf die Haarstruktur.Nat\u00fcrliche Haarverdichtung mit VitaHairLightNahezu jede Frau ist in den Wechseljahren und mit zunehmendem Alter, von hormonellem Haarausfall, insbesondere sch\u00fctterem [&#8230;]\n","protected":false},"author":1,"featured_media":0,"parent":0,"menu_order":0,"comment_status":"closed","ping_status":"closed","template":"","meta":{"_exactmetrics_skip_tracking":false,"_exactmetrics_sitenote_active":false,"_exactmetrics_sitenote_note":"","_exactmetrics_sitenote_category":0,"_monsterinsights_skip_tracking":false,"_monsterinsights_sitenote_active":false,"_monsterinsights_sitenote_note":"","_monsterinsights_sitenote_category":0,"footnotes":""},"class_list":["post-8002","page","type-page","status-publish","hentry"],"yoast_head":"<!-- This site is optimized with the Yoast SEO plugin v24.6 - https:\/\/yoast.com\/wordpress\/plugins\/seo\/ -->\n<title>Hairlaser - Friseur Hopmann Hairstyling<\/title>\n<meta name=\"robots\" content=\"index, follow, max-snippet:-1, max-image-preview:large, max-video-preview:-1\" \/>\n<link rel=\"canonical\" href=\"https:\/\/www.friseur-hopmann.de\/?page_id=8002\" \/>\n<meta property=\"og:locale\" content=\"de_DE\" \/>\n<meta property=\"og:type\" content=\"article\" \/>\n<meta property=\"og:title\" content=\"Hairlaser - Friseur Hopmann Hairstyling\" \/>\n<meta property=\"og:description\" content=\"Was bewirkt VITAHAIRLIGHT? Beauty HaaranwendungenMit jeder weiteren Anwendung zeigt sich, sichtbar und sp\u00fcrbar, die regenerative Wirkung auf die Haarstruktur.Gesunde KopfhautDie regenerierende Wirkung der VitaHairLight\u00ae Behandlung auf die Kopfhaut ist ebenso intensiv und effektiv wie auf die Haarstruktur.Nat\u00fcrliche Haarverdichtung mit VitaHairLightNahezu jede Frau ist in den Wechseljahren und mit zunehmendem Alter, von hormonellem Haarausfall, insbesondere sch\u00fctterem [...]\" \/>\n<meta property=\"og:url\" content=\"https:\/\/www.friseur-hopmann.de\/?page_id=8002\" \/>\n<meta property=\"og:site_name\" content=\"Friseur Hopmann Hairstyling\" \/>\n<meta property=\"article:modified_time\" content=\"2019-10-13T13:02:58+00:00\" \/>\n<meta name=\"twitter:card\" content=\"summary_large_image\" \/>\n<meta name=\"twitter:label1\" content=\"Gesch\u00e4tzte Lesezeit\" \/>\n\t<meta name=\"twitter:data1\" content=\"2\u00a0Minuten\" \/>\n<script type=\"application\/ld+json\" class=\"yoast-schema-graph\">{\"@context\":\"https:\/\/schema.org\",\"@graph\":[{\"@type\":\"WebPage\",\"@id\":\"https:\/\/www.friseur-hopmann.de\/?page_id=8002\",\"url\":\"https:\/\/www.friseur-hopmann.de\/?page_id=8002\",\"name\":\"Hairlaser - Friseur Hopmann Hairstyling\",\"isPartOf\":{\"@id\":\"https:\/\/www.friseur-hopmann.de\/#website\"},\"datePublished\":\"2017-07-02T20:46:56+00:00\",\"dateModified\":\"2019-10-13T13:02:58+00:00\",\"breadcrumb\":{\"@id\":\"https:\/\/www.friseur-hopmann.de\/?page_id=8002#breadcrumb\"},\"inLanguage\":\"de\",\"potentialAction\":[{\"@type\":\"ReadAction\",\"target\":[\"https:\/\/www.friseur-hopmann.de\/?page_id=8002\"]}]},{\"@type\":\"BreadcrumbList\",\"@id\":\"https:\/\/www.friseur-hopmann.de\/?page_id=8002#breadcrumb\",\"itemListElement\":[{\"@type\":\"ListItem\",\"position\":1,\"name\":\"Startseite\",\"item\":\"https:\/\/www.friseur-hopmann.de\/\"},{\"@type\":\"ListItem\",\"position\":2,\"name\":\"Hairlaser\"}]},{\"@type\":\"WebSite\",\"@id\":\"https:\/\/www.friseur-hopmann.de\/#website\",\"url\":\"https:\/\/www.friseur-hopmann.de\/\",\"name\":\"Friseur Hopmann Hairstyling\",\"description\":\"Ihr Friseur in Nordhorn\",\"potentialAction\":[{\"@type\":\"SearchAction\",\"target\":{\"@type\":\"EntryPoint\",\"urlTemplate\":\"https:\/\/www.friseur-hopmann.de\/?s={search_term_string}\"},\"query-input\":{\"@type\":\"PropertyValueSpecification\",\"valueRequired\":true,\"valueName\":\"search_term_string\"}}],\"inLanguage\":\"de\"}]}<\/script>\n<!-- \/ Yoast SEO plugin. -->","yoast_head_json":{"title":"Hairlaser - Friseur Hopmann Hairstyling","robots":{"index":"index","follow":"follow","max-snippet":"max-snippet:-1","max-image-preview":"max-image-preview:large","max-video-preview":"max-video-preview:-1"},"canonical":"https:\/\/www.friseur-hopmann.de\/?page_id=8002","og_locale":"de_DE","og_type":"article","og_title":"Hairlaser - Friseur Hopmann Hairstyling","og_description":"Was bewirkt VITAHAIRLIGHT? Beauty HaaranwendungenMit jeder weiteren Anwendung zeigt sich, sichtbar und sp\u00fcrbar, die regenerative Wirkung auf die Haarstruktur.Gesunde KopfhautDie regenerierende Wirkung der VitaHairLight\u00ae Behandlung auf die Kopfhaut ist ebenso intensiv und effektiv wie auf die Haarstruktur.Nat\u00fcrliche Haarverdichtung mit VitaHairLightNahezu jede Frau ist in den Wechseljahren und mit zunehmendem Alter, von hormonellem Haarausfall, insbesondere sch\u00fctterem [...]","og_url":"https:\/\/www.friseur-hopmann.de\/?page_id=8002","og_site_name":"Friseur Hopmann Hairstyling","article_modified_time":"2019-10-13T13:02:58+00:00","twitter_card":"summary_large_image","twitter_misc":{"Gesch\u00e4tzte Lesezeit":"2\u00a0Minuten"},"schema":{"@context":"https:\/\/schema.org","@graph":[{"@type":"WebPage","@id":"https:\/\/www.friseur-hopmann.de\/?page_id=8002","url":"https:\/\/www.friseur-hopmann.de\/?page_id=8002","name":"Hairlaser - Friseur Hopmann Hairstyling","isPartOf":{"@id":"https:\/\/www.friseur-hopmann.de\/#website"},"datePublished":"2017-07-02T20:46:56+00:00","dateModified":"2019-10-13T13:02:58+00:00","breadcrumb":{"@id":"https:\/\/www.friseur-hopmann.de\/?page_id=8002#breadcrumb"},"inLanguage":"de","potentialAction":[{"@type":"ReadAction","target":["https:\/\/www.friseur-hopmann.de\/?page_id=8002"]}]},{"@type":"BreadcrumbList","@id":"https:\/\/www.friseur-hopmann.de\/?page_id=8002#breadcrumb","itemListElement":[{"@type":"ListItem","position":1,"name":"Startseite","item":"https:\/\/www.friseur-hopmann.de\/"},{"@type":"ListItem","position":2,"name":"Hairlaser"}]},{"@type":"WebSite","@id":"https:\/\/www.friseur-hopmann.de\/#website","url":"https:\/\/www.friseur-hopmann.de\/","name":"Friseur Hopmann Hairstyling","description":"Ihr Friseur in Nordhorn","potentialAction":[{"@type":"SearchAction","target":{"@type":"EntryPoint","urlTemplate":"https:\/\/www.friseur-hopmann.de\/?s={search_term_string}"},"query-input":{"@type":"PropertyValueSpecification","valueRequired":true,"valueName":"search_term_string"}}],"inLanguage":"de"}]}},"_links":{"self":[{"href":"https:\/\/www.friseur-hopmann.de\/index.php?rest_route=\/wp\/v2\/pages\/8002","targetHints":{"allow":["GET"]}}],"collection":[{"href":"https:\/\/www.friseur-hopmann.de\/index.php?rest_route=\/wp\/v2\/pages"}],"about":[{"href":"https:\/\/www.friseur-hopmann.de\/index.php?rest_route=\/wp\/v2\/types\/page"}],"author":[{"embeddable":true,"href":"https:\/\/www.friseur-hopmann.de\/index.php?rest_route=\/wp\/v2\/users\/1"}],"replies":[{"embeddable":true,"href":"https:\/\/www.friseur-hopmann.de\/index.php?rest_route=%2Fwp%2Fv2%2Fcomments&post=8002"}],"version-history":[{"count":3,"href":"https:\/\/www.friseur-hopmann.de\/index.php?rest_route=\/wp\/v2\/pages\/8002\/revisions"}],"predecessor-version":[{"id":12862,"href":"https:\/\/www.friseur-hopmann.de\/index.php?rest_route=\/wp\/v2\/pages\/8002\/revisions\/12862"}],"wp:attachment":[{"href":"https:\/\/www.friseur-hopmann.de\/index.php?rest_route=%2Fwp%2Fv2%2Fmedia&parent=8002"}],"curies":[{"name":"wp","href":"https:\/\/api.w.org\/{rel}","templated":true}]}}