{"id":7992,"date":"2017-07-02T22:41:47","date_gmt":"2017-07-02T20:41:47","guid":{"rendered":"http:\/\/www.friseur-hopmann.de\/?page_id=7992"},"modified":"2017-07-02T22:44:19","modified_gmt":"2017-07-02T20:44:19","slug":"beautycard","status":"publish","type":"page","link":"https:\/\/www.friseur-hopmann.de\/?page_id=7992","title":{"rendered":"BeautyCard"},"content":{"rendered":"<div class=\"row row-collapse align-middle row-dashed\"  id=\"row-989926869\">\n\n\t<div id=\"col-77665921\" class=\"col small-12 large-12\"  >\n\t\t\t\t<div class=\"col-inner\" style=\"background-color:#264796;\" >\n\t\t\t\n\t\t\t\n\n  <div class=\"banner has-hover\" id=\"banner-2000799098\">\n          <div class=\"banner-inner fill\">\n        <div class=\"banner-bg fill\" >\n                                    <div class=\"overlay\"><\/div>            \n                    <\/div>\n\t\t\n        <div class=\"banner-layers container\">\n            <div class=\"fill banner-link\"><\/div>            \n   <div id=\"text-box-235424619\" class=\"text-box banner-layer x50 md-x50 lg-x50 y50 md-y50 lg-y50 res-text\">\n                                <div class=\"text-box-content text dark\">\n              \n              <div class=\"text-inner text-center\">\n                  \n<h1 class=\"big\">BeautyCard<\/h1>\n<p>Sie sind noch nicht im Besitz unserer Beautycard? Kein Problem. Einfach Card bei Ihrer Stylstin ordern und schon k\u00f6nnen Sie die unten beschriebenen Vorz\u00fcge Ihrer pers\u00f6nlichen Friseur Hopmann Beauty-Card nutzen.<\/p>\n              <\/div>\n           <\/div>\n                            \n<style>\n#text-box-235424619 {\n  width: 60%;\n}\n#text-box-235424619 .text-box-content {\n  font-size: 100%;\n}\n<\/style>\n    <\/div>\n \n        <\/div>\n      <\/div>\n\n            \n<style>\n#banner-2000799098 {\n  padding-top: 200px;\n}\n#banner-2000799098 .overlay {\n  background-color: rgba(38,71,150,0.15);\n}\n<\/style>\n  <\/div>\n\n\n\t\t<\/div>\n\t\t\t\t\t<\/div>\n\n\t\n\n<style>\n#row-989926869 > .col > .col-inner {\n  padding: 1p 0px 0px 0px;\n}\n<\/style>\n<\/div>\n<div class=\"container section-title-container\" ><h3 class=\"section-title section-title-center\"><b><\/b><span class=\"section-title-main\" >Sammeln und profitieren<\/span><b><\/b><\/h3><\/div>\n<div class=\"row\"  id=\"row-933411109\">\n\n\t<div id=\"col-1320090817\" class=\"col medium-8 small-12 large-8\"  >\n\t\t\t\t<div class=\"col-inner\"  >\n\t\t\t\n\t\t\t\n<p><em>Sammeln Sie Bonuspunkte bei jedem Besuch &#8211; Sie erhalten 5% Bonus auf alle Dienstleistungen und Produkte (gilt nicht f\u00fcr Angebote), z.B. bei 5% Bonus und einer Rechnung von 50,00 Euro werden Ihnen 250 Punkte gutgeschrieben, dies entspricht 2,50 Euro.<\/em><\/p>\n<ul>\n<li>Ab 1.500 Punkten k\u00f6nnen Sie Ihre Bonuspunkte in Handelsware eintauschen.<\/li>\n<li>Sie erhalten Einladungen zu Events und Veranstaltungen.<\/li>\n<li>Genie\u00dfen Sie weitere Vorz\u00fcge, zum Beispiel Preisvorteile bei Handelsware.<\/li>\n<li>Genie\u00dfen Sie besondere Dienstleistungen und Aktionen.<\/li>\n<li>Sie erhalten exklusive Brancheninformationen per E-Mail.<\/li>\n<li>Genie\u00dfen Sie interessante Preisvorteile bei unseren zuk\u00fcnftigen Partnern.<\/li>\n<li>Nutzen Sie die BeautyCard auch als Geldkarte uns sparen so bares Geld.<\/li>\n<\/ul>\n<p>Kartenpfand: 5,00 Euro.<\/p>\n\t\t<\/div>\n\t\t\t\t\t<\/div>\n\n\t\n\n\t<div id=\"col-972551956\" class=\"col medium-4 small-12 large-4\"  >\n\t\t\t\t<div class=\"col-inner\"  >\n\t\t\t\n\t\t\t\n\t<div class=\"img has-hover x md-x lg-x y md-y lg-y\" id=\"image_783936903\">\n\t\t\t\t\t\t\t\t<div class=\"img-inner dark\" >\n\t\t\t<img loading=\"lazy\" decoding=\"async\" width=\"288\" height=\"160\" src=\"https:\/\/www.friseur-hopmann.de\/wp-content\/uploads\/2017\/07\/beautycard.jpg\" class=\"attachment-large size-large\" alt=\"\" \/>\t\t\t\t\t\t\n\t\t\t\t\t<\/div>\n\t\t\t\t\t\t\t\t\n<style>\n#image_783936903 {\n  width: 100%;\n}\n<\/style>\n\t<\/div>\n\t\n\t\t<\/div>\n\t\t\t\t\t<\/div>\n\n\t\n<\/div>\n","protected":false},"excerpt":{"rendered":"","protected":false},"author":1,"featured_media":0,"parent":0,"menu_order":0,"comment_status":"closed","ping_status":"closed","template":"","meta":{"_exactmetrics_skip_tracking":false,"_exactmetrics_sitenote_active":false,"_exactmetrics_sitenote_note":"","_exactmetrics_sitenote_category":0,"_monsterinsights_skip_tracking":false,"_monsterinsights_sitenote_active":false,"_monsterinsights_sitenote_note":"","_monsterinsights_sitenote_category":0,"footnotes":""},"class_list":["post-7992","page","type-page","status-publish","hentry"],"yoast_head":"<!-- This site is optimized with the Yoast SEO plugin v24.6 - https:\/\/yoast.com\/wordpress\/plugins\/seo\/ -->\n<title>BeautyCard - Friseur Hopmann Hairstyling<\/title>\n<meta name=\"robots\" content=\"index, follow, max-snippet:-1, max-image-preview:large, max-video-preview:-1\" \/>\n<link rel=\"canonical\" href=\"https:\/\/www.friseur-hopmann.de\/?page_id=7992\" \/>\n<meta property=\"og:locale\" content=\"de_DE\" \/>\n<meta property=\"og:type\" content=\"article\" \/>\n<meta property=\"og:title\" content=\"BeautyCard - Friseur Hopmann Hairstyling\" \/>\n<meta property=\"og:url\" content=\"https:\/\/www.friseur-hopmann.de\/?page_id=7992\" \/>\n<meta property=\"og:site_name\" content=\"Friseur Hopmann Hairstyling\" \/>\n<meta property=\"article:modified_time\" content=\"2017-07-02T20:44:19+00:00\" \/>\n<meta name=\"twitter:card\" content=\"summary_large_image\" \/>\n<meta name=\"twitter:label1\" content=\"Gesch\u00e4tzte Lesezeit\" \/>\n\t<meta name=\"twitter:data1\" content=\"1\u00a0Minute\" \/>\n<script type=\"application\/ld+json\" class=\"yoast-schema-graph\">{\"@context\":\"https:\/\/schema.org\",\"@graph\":[{\"@type\":\"WebPage\",\"@id\":\"https:\/\/www.friseur-hopmann.de\/?page_id=7992\",\"url\":\"https:\/\/www.friseur-hopmann.de\/?page_id=7992\",\"name\":\"BeautyCard - Friseur Hopmann Hairstyling\",\"isPartOf\":{\"@id\":\"https:\/\/www.friseur-hopmann.de\/#website\"},\"datePublished\":\"2017-07-02T20:41:47+00:00\",\"dateModified\":\"2017-07-02T20:44:19+00:00\",\"breadcrumb\":{\"@id\":\"https:\/\/www.friseur-hopmann.de\/?page_id=7992#breadcrumb\"},\"inLanguage\":\"de\",\"potentialAction\":[{\"@type\":\"ReadAction\",\"target\":[\"https:\/\/www.friseur-hopmann.de\/?page_id=7992\"]}]},{\"@type\":\"BreadcrumbList\",\"@id\":\"https:\/\/www.friseur-hopmann.de\/?page_id=7992#breadcrumb\",\"itemListElement\":[{\"@type\":\"ListItem\",\"position\":1,\"name\":\"Startseite\",\"item\":\"https:\/\/www.friseur-hopmann.de\/\"},{\"@type\":\"ListItem\",\"position\":2,\"name\":\"BeautyCard\"}]},{\"@type\":\"WebSite\",\"@id\":\"https:\/\/www.friseur-hopmann.de\/#website\",\"url\":\"https:\/\/www.friseur-hopmann.de\/\",\"name\":\"Friseur Hopmann Hairstyling\",\"description\":\"Ihr Friseur in Nordhorn\",\"potentialAction\":[{\"@type\":\"SearchAction\",\"target\":{\"@type\":\"EntryPoint\",\"urlTemplate\":\"https:\/\/www.friseur-hopmann.de\/?s={search_term_string}\"},\"query-input\":{\"@type\":\"PropertyValueSpecification\",\"valueRequired\":true,\"valueName\":\"search_term_string\"}}],\"inLanguage\":\"de\"}]}<\/script>\n<!-- \/ Yoast SEO plugin. -->","yoast_head_json":{"title":"BeautyCard - Friseur Hopmann Hairstyling","robots":{"index":"index","follow":"follow","max-snippet":"max-snippet:-1","max-image-preview":"max-image-preview:large","max-video-preview":"max-video-preview:-1"},"canonical":"https:\/\/www.friseur-hopmann.de\/?page_id=7992","og_locale":"de_DE","og_type":"article","og_title":"BeautyCard - Friseur Hopmann Hairstyling","og_url":"https:\/\/www.friseur-hopmann.de\/?page_id=7992","og_site_name":"Friseur Hopmann Hairstyling","article_modified_time":"2017-07-02T20:44:19+00:00","twitter_card":"summary_large_image","twitter_misc":{"Gesch\u00e4tzte Lesezeit":"1\u00a0Minute"},"schema":{"@context":"https:\/\/schema.org","@graph":[{"@type":"WebPage","@id":"https:\/\/www.friseur-hopmann.de\/?page_id=7992","url":"https:\/\/www.friseur-hopmann.de\/?page_id=7992","name":"BeautyCard - Friseur Hopmann Hairstyling","isPartOf":{"@id":"https:\/\/www.friseur-hopmann.de\/#website"},"datePublished":"2017-07-02T20:41:47+00:00","dateModified":"2017-07-02T20:44:19+00:00","breadcrumb":{"@id":"https:\/\/www.friseur-hopmann.de\/?page_id=7992#breadcrumb"},"inLanguage":"de","potentialAction":[{"@type":"ReadAction","target":["https:\/\/www.friseur-hopmann.de\/?page_id=7992"]}]},{"@type":"BreadcrumbList","@id":"https:\/\/www.friseur-hopmann.de\/?page_id=7992#breadcrumb","itemListElement":[{"@type":"ListItem","position":1,"name":"Startseite","item":"https:\/\/www.friseur-hopmann.de\/"},{"@type":"ListItem","position":2,"name":"BeautyCard"}]},{"@type":"WebSite","@id":"https:\/\/www.friseur-hopmann.de\/#website","url":"https:\/\/www.friseur-hopmann.de\/","name":"Friseur Hopmann Hairstyling","description":"Ihr Friseur in Nordhorn","potentialAction":[{"@type":"SearchAction","target":{"@type":"EntryPoint","urlTemplate":"https:\/\/www.friseur-hopmann.de\/?s={search_term_string}"},"query-input":{"@type":"PropertyValueSpecification","valueRequired":true,"valueName":"search_term_string"}}],"inLanguage":"de"}]}},"_links":{"self":[{"href":"https:\/\/www.friseur-hopmann.de\/index.php?rest_route=\/wp\/v2\/pages\/7992","targetHints":{"allow":["GET"]}}],"collection":[{"href":"https:\/\/www.friseur-hopmann.de\/index.php?rest_route=\/wp\/v2\/pages"}],"about":[{"href":"https:\/\/www.friseur-hopmann.de\/index.php?rest_route=\/wp\/v2\/types\/page"}],"author":[{"embeddable":true,"href":"https:\/\/www.friseur-hopmann.de\/index.php?rest_route=\/wp\/v2\/users\/1"}],"replies":[{"embeddable":true,"href":"https:\/\/www.friseur-hopmann.de\/index.php?rest_route=%2Fwp%2Fv2%2Fcomments&post=7992"}],"version-history":[{"count":2,"href":"https:\/\/www.friseur-hopmann.de\/index.php?rest_route=\/wp\/v2\/pages\/7992\/revisions"}],"predecessor-version":[{"id":7996,"href":"https:\/\/www.friseur-hopmann.de\/index.php?rest_route=\/wp\/v2\/pages\/7992\/revisions\/7996"}],"wp:attachment":[{"href":"https:\/\/www.friseur-hopmann.de\/index.php?rest_route=%2Fwp%2Fv2%2Fmedia&parent=7992"}],"curies":[{"name":"wp","href":"https:\/\/api.w.org\/{rel}","templated":true}]}}