{"id":7988,"date":"2017-07-02T22:39:14","date_gmt":"2017-07-02T20:39:14","guid":{"rendered":"http:\/\/www.friseur-hopmann.de\/?page_id=7988"},"modified":"2017-12-27T15:47:25","modified_gmt":"2017-12-27T13:47:25","slug":"serviceleistungen","status":"publish","type":"page","link":"https:\/\/www.friseur-hopmann.de\/?page_id=7988","title":{"rendered":"Serviceleistungen"},"content":{"rendered":"<div class=\"row row-collapse align-middle row-dashed\"  id=\"row-1504462875\">\n\n\t<div id=\"col-268378087\" class=\"col small-12 large-12\"  >\n\t\t\t\t<div class=\"col-inner\" style=\"background-color:#264796;\" >\n\t\t\t\n\t\t\t\n\n  <div class=\"banner has-hover\" id=\"banner-494402663\">\n          <div class=\"banner-inner fill\">\n        <div class=\"banner-bg fill\" >\n                                    <div class=\"overlay\"><\/div>            \n                    <\/div>\n\t\t\n        <div class=\"banner-layers container\">\n            <div class=\"fill banner-link\"><\/div>            \n   <div id=\"text-box-1745851299\" class=\"text-box banner-layer x50 md-x50 lg-x50 y50 md-y50 lg-y50 res-text\">\n                                <div class=\"text-box-content text dark\">\n              \n              <div class=\"text-inner text-center\">\n                  \n<h1 class=\"big\">Serviceleistungen<\/h1>\n<p>Wir sorgen daf\u00fcr, dass Ihr Besuch bei uns zu einem Erlebnis wird: Zahlreiche Serviceangebote, Rabattm\u00f6glichkeiten und Getr\u00e4nke warten auf Sie!<\/p>\n              <\/div>\n           <\/div>\n                            \n<style>\n#text-box-1745851299 {\n  width: 60%;\n}\n#text-box-1745851299 .text-box-content {\n  font-size: 100%;\n}\n<\/style>\n    <\/div>\n \n        <\/div>\n      <\/div>\n\n            \n<style>\n#banner-494402663 {\n  padding-top: 200px;\n}\n#banner-494402663 .overlay {\n  background-color: rgba(38,71,150,0.15);\n}\n<\/style>\n  <\/div>\n\n\n\t\t<\/div>\n\t\t\t\t\t<\/div>\n\n\t\n\n<style>\n#row-1504462875 > .col > .col-inner {\n  padding: 1p 0px 0px 0px;\n}\n<\/style>\n<\/div>\n<div class=\"container section-title-container\" ><h3 class=\"section-title section-title-center\"><b><\/b><span class=\"section-title-main\" >Service<\/span><b><\/b><\/h3><\/div>\n<p>W\u00e4hrend Ihres Aufenthaltes bei uns k\u00f6nnen Sie aus folgenden Getr\u00e4nken w\u00e4hlen:<\/p>\n<ul>\n<li>Kaffee, Milchkaffee, Cappuccino, Espresso<\/li>\n<li>Tee<\/li>\n<li>Mineralwasser<\/li>\n<li>Coca Cola, Fanta, Sprite<\/li>\n<li>Orangen- und Apfelsaft<\/li>\n<li>Sekt \/ Piccolo<\/li>\n<\/ul>\n<div class=\"container section-title-container\" ><h3 class=\"section-title section-title-center\"><b><\/b><span class=\"section-title-main\" >Getr\u00e4nke-Service<\/span><b><\/b><\/h3><\/div>\n<ul>\n<li>Hopmann Beauty-Card<\/li>\n<li>Dauerwell-Garantiepass<\/li>\n<li>Typcheck<\/li>\n<li>Laser-Therapiepass<\/li>\n<li>Dankesch\u00f6n-Gutschein f\u00fcr Weiterempfehlung<\/li>\n<li>Dankesch\u00f6n-Gutschein f\u00fcr Teilnahme an Neukundenbefragung<\/li>\n<\/ul>\n","protected":false},"excerpt":{"rendered":"<p>W\u00e4hrend Ihres Aufenthaltes bei uns k\u00f6nnen Sie aus folgenden Getr\u00e4nken w\u00e4hlen: Kaffee, Milchkaffee, Cappuccino, Espresso Tee Mineralwasser Coca Cola, Fanta, Sprite Orangen- und Apfelsaft Sekt \/ Piccolo Hopmann Beauty-Card Dauerwell-Garantiepass Typcheck Laser-Therapiepass Dankesch\u00f6n-Gutschein f\u00fcr Weiterempfehlung Dankesch\u00f6n-Gutschein f\u00fcr Teilnahme an Neukundenbefragung<\/p>\n","protected":false},"author":1,"featured_media":0,"parent":0,"menu_order":0,"comment_status":"closed","ping_status":"closed","template":"","meta":{"_exactmetrics_skip_tracking":false,"_exactmetrics_sitenote_active":false,"_exactmetrics_sitenote_note":"","_exactmetrics_sitenote_category":0,"_monsterinsights_skip_tracking":false,"_monsterinsights_sitenote_active":false,"_monsterinsights_sitenote_note":"","_monsterinsights_sitenote_category":0,"footnotes":""},"class_list":["post-7988","page","type-page","status-publish","hentry"],"yoast_head":"<!-- This site is optimized with the Yoast SEO plugin v24.6 - https:\/\/yoast.com\/wordpress\/plugins\/seo\/ -->\n<title>Serviceleistungen - Friseur Hopmann Hairstyling<\/title>\n<meta name=\"robots\" content=\"index, follow, max-snippet:-1, max-image-preview:large, max-video-preview:-1\" \/>\n<link rel=\"canonical\" href=\"https:\/\/www.friseur-hopmann.de\/?page_id=7988\" \/>\n<meta property=\"og:locale\" content=\"de_DE\" \/>\n<meta property=\"og:type\" content=\"article\" \/>\n<meta property=\"og:title\" content=\"Serviceleistungen - Friseur Hopmann Hairstyling\" \/>\n<meta property=\"og:description\" content=\"W\u00e4hrend Ihres Aufenthaltes bei uns k\u00f6nnen Sie aus folgenden Getr\u00e4nken w\u00e4hlen: Kaffee, Milchkaffee, Cappuccino, Espresso Tee Mineralwasser Coca Cola, Fanta, Sprite Orangen- und Apfelsaft Sekt \/ Piccolo Hopmann Beauty-Card Dauerwell-Garantiepass Typcheck Laser-Therapiepass Dankesch\u00f6n-Gutschein f\u00fcr Weiterempfehlung Dankesch\u00f6n-Gutschein f\u00fcr Teilnahme an Neukundenbefragung\" \/>\n<meta property=\"og:url\" content=\"https:\/\/www.friseur-hopmann.de\/?page_id=7988\" \/>\n<meta property=\"og:site_name\" content=\"Friseur Hopmann Hairstyling\" \/>\n<meta property=\"article:modified_time\" content=\"2017-12-27T13:47:25+00:00\" \/>\n<meta name=\"twitter:card\" content=\"summary_large_image\" \/>\n<meta name=\"twitter:label1\" content=\"Gesch\u00e4tzte Lesezeit\" \/>\n\t<meta name=\"twitter:data1\" content=\"1\u00a0Minute\" \/>\n<script type=\"application\/ld+json\" class=\"yoast-schema-graph\">{\"@context\":\"https:\/\/schema.org\",\"@graph\":[{\"@type\":\"WebPage\",\"@id\":\"https:\/\/www.friseur-hopmann.de\/?page_id=7988\",\"url\":\"https:\/\/www.friseur-hopmann.de\/?page_id=7988\",\"name\":\"Serviceleistungen - Friseur Hopmann Hairstyling\",\"isPartOf\":{\"@id\":\"https:\/\/www.friseur-hopmann.de\/#website\"},\"datePublished\":\"2017-07-02T20:39:14+00:00\",\"dateModified\":\"2017-12-27T13:47:25+00:00\",\"breadcrumb\":{\"@id\":\"https:\/\/www.friseur-hopmann.de\/?page_id=7988#breadcrumb\"},\"inLanguage\":\"de\",\"potentialAction\":[{\"@type\":\"ReadAction\",\"target\":[\"https:\/\/www.friseur-hopmann.de\/?page_id=7988\"]}]},{\"@type\":\"BreadcrumbList\",\"@id\":\"https:\/\/www.friseur-hopmann.de\/?page_id=7988#breadcrumb\",\"itemListElement\":[{\"@type\":\"ListItem\",\"position\":1,\"name\":\"Startseite\",\"item\":\"https:\/\/www.friseur-hopmann.de\/\"},{\"@type\":\"ListItem\",\"position\":2,\"name\":\"Serviceleistungen\"}]},{\"@type\":\"WebSite\",\"@id\":\"https:\/\/www.friseur-hopmann.de\/#website\",\"url\":\"https:\/\/www.friseur-hopmann.de\/\",\"name\":\"Friseur Hopmann Hairstyling\",\"description\":\"Ihr Friseur in Nordhorn\",\"potentialAction\":[{\"@type\":\"SearchAction\",\"target\":{\"@type\":\"EntryPoint\",\"urlTemplate\":\"https:\/\/www.friseur-hopmann.de\/?s={search_term_string}\"},\"query-input\":{\"@type\":\"PropertyValueSpecification\",\"valueRequired\":true,\"valueName\":\"search_term_string\"}}],\"inLanguage\":\"de\"}]}<\/script>\n<!-- \/ Yoast SEO plugin. -->","yoast_head_json":{"title":"Serviceleistungen - Friseur Hopmann Hairstyling","robots":{"index":"index","follow":"follow","max-snippet":"max-snippet:-1","max-image-preview":"max-image-preview:large","max-video-preview":"max-video-preview:-1"},"canonical":"https:\/\/www.friseur-hopmann.de\/?page_id=7988","og_locale":"de_DE","og_type":"article","og_title":"Serviceleistungen - Friseur Hopmann Hairstyling","og_description":"W\u00e4hrend Ihres Aufenthaltes bei uns k\u00f6nnen Sie aus folgenden Getr\u00e4nken w\u00e4hlen: Kaffee, Milchkaffee, Cappuccino, Espresso Tee Mineralwasser Coca Cola, Fanta, Sprite Orangen- und Apfelsaft Sekt \/ Piccolo Hopmann Beauty-Card Dauerwell-Garantiepass Typcheck Laser-Therapiepass Dankesch\u00f6n-Gutschein f\u00fcr Weiterempfehlung Dankesch\u00f6n-Gutschein f\u00fcr Teilnahme an Neukundenbefragung","og_url":"https:\/\/www.friseur-hopmann.de\/?page_id=7988","og_site_name":"Friseur Hopmann Hairstyling","article_modified_time":"2017-12-27T13:47:25+00:00","twitter_card":"summary_large_image","twitter_misc":{"Gesch\u00e4tzte Lesezeit":"1\u00a0Minute"},"schema":{"@context":"https:\/\/schema.org","@graph":[{"@type":"WebPage","@id":"https:\/\/www.friseur-hopmann.de\/?page_id=7988","url":"https:\/\/www.friseur-hopmann.de\/?page_id=7988","name":"Serviceleistungen - Friseur Hopmann Hairstyling","isPartOf":{"@id":"https:\/\/www.friseur-hopmann.de\/#website"},"datePublished":"2017-07-02T20:39:14+00:00","dateModified":"2017-12-27T13:47:25+00:00","breadcrumb":{"@id":"https:\/\/www.friseur-hopmann.de\/?page_id=7988#breadcrumb"},"inLanguage":"de","potentialAction":[{"@type":"ReadAction","target":["https:\/\/www.friseur-hopmann.de\/?page_id=7988"]}]},{"@type":"BreadcrumbList","@id":"https:\/\/www.friseur-hopmann.de\/?page_id=7988#breadcrumb","itemListElement":[{"@type":"ListItem","position":1,"name":"Startseite","item":"https:\/\/www.friseur-hopmann.de\/"},{"@type":"ListItem","position":2,"name":"Serviceleistungen"}]},{"@type":"WebSite","@id":"https:\/\/www.friseur-hopmann.de\/#website","url":"https:\/\/www.friseur-hopmann.de\/","name":"Friseur Hopmann Hairstyling","description":"Ihr Friseur in Nordhorn","potentialAction":[{"@type":"SearchAction","target":{"@type":"EntryPoint","urlTemplate":"https:\/\/www.friseur-hopmann.de\/?s={search_term_string}"},"query-input":{"@type":"PropertyValueSpecification","valueRequired":true,"valueName":"search_term_string"}}],"inLanguage":"de"}]}},"_links":{"self":[{"href":"https:\/\/www.friseur-hopmann.de\/index.php?rest_route=\/wp\/v2\/pages\/7988","targetHints":{"allow":["GET"]}}],"collection":[{"href":"https:\/\/www.friseur-hopmann.de\/index.php?rest_route=\/wp\/v2\/pages"}],"about":[{"href":"https:\/\/www.friseur-hopmann.de\/index.php?rest_route=\/wp\/v2\/types\/page"}],"author":[{"embeddable":true,"href":"https:\/\/www.friseur-hopmann.de\/index.php?rest_route=\/wp\/v2\/users\/1"}],"replies":[{"embeddable":true,"href":"https:\/\/www.friseur-hopmann.de\/index.php?rest_route=%2Fwp%2Fv2%2Fcomments&post=7988"}],"version-history":[{"count":3,"href":"https:\/\/www.friseur-hopmann.de\/index.php?rest_route=\/wp\/v2\/pages\/7988\/revisions"}],"predecessor-version":[{"id":11575,"href":"https:\/\/www.friseur-hopmann.de\/index.php?rest_route=\/wp\/v2\/pages\/7988\/revisions\/11575"}],"wp:attachment":[{"href":"https:\/\/www.friseur-hopmann.de\/index.php?rest_route=%2Fwp%2Fv2%2Fmedia&parent=7988"}],"curies":[{"name":"wp","href":"https:\/\/api.w.org\/{rel}","templated":true}]}}